{"id":989,"date":"2020-10-15T14:40:21","date_gmt":"2020-10-15T12:40:21","guid":{"rendered":"http:\/\/www.comenia-script.com\/vyjadreni-odborniku\/"},"modified":"2021-04-19T21:51:16","modified_gmt":"2021-04-19T19:51:16","slug":"vyjadreni-odborniku","status":"publish","type":"page","link":"https:\/\/www.comenia-script.com\/sk\/vyjadreni-odborniku\/","title":{"rendered":"Vyjadrenia odborn\u00edkov"},"content":{"rendered":"\n<div class=\"wp-block-cover alignfull has-background-dim-10 has-background-dim\" style=\"background-image:url(https:\/\/www.comenia-script.com\/wp-content\/uploads\/2020\/10\/DSC_0071_u-scaled.jpg);background-position:53% 73%\"><div class=\"wp-block-cover__inner-container is-layout-flow wp-block-cover-is-layout-flow\">\n<p class=\"has-text-align-center has-3-xl-font-size\">Pre\u010d\u00edtajte si vyjadrenia odborn\u00edkov z odborov detsk\u00e1 psychol\u00f3gia a typografia<\/p>\n<\/div><\/div>\n\n\n\n<p><\/p>\n\n\n\n<div style=\"height:28px\" aria-hidden=\"true\" class=\"wp-block-spacer\"><\/div>\n\n\n\n<p>P\u00edsanie je skuto\u010dne s\u00fa\u010das\u0165 trivia, die\u0165a sa mus\u00ed nau\u010di\u0165 p\u00edsa\u0165, preto\u017ee vedie\u0165 vyjadri\u0165 my\u0161lienku p\u00edsan\u00edm je ve\u013emi d\u00f4le\u017eit\u00e9. Nikde v\u0161ak nie je povedan\u00e9, \u017ee die\u0165a sa mus\u00ed nau\u010di\u0165 krasopisne \u0161tyri varianty p\u00edsma, ani ako m\u00e1 p\u00edsmo vyzera\u0165. Posta\u010dilo by, keby jeden typ p\u00edsma (napr\u00edklad pali\u010dkov\u00e9) die\u0165a zvl\u00e1dlo dobre a tie \u010fal\u0161ie obstojne. Ak vo F\u00ednsku a&nbsp;domnievam sa, \u017ee aj vo \u0160v\u00e9dsku preferuj\u00fa p\u00edsanie v\u0161etk\u00fdmi desiatimi na kl\u00e1vesnici po\u010d\u00edta\u010da, tak to nie je n\u00e1hrada, ale plnohodnotn\u00e1 cesta na vyjadrenie my\u0161lienok.<br>Tvrdi\u0165, \u017ee \u201enespojit\u00e9 p\u00edsmo m\u00e1 negat\u00edvny vplyv na detsk\u00fa psychiku\u201c je r\u00fddza \u0161pekul\u00e1cia, a teda aj odborn\u00fd nezmysel. Grafol\u00f3govia nemaj\u00fa \u00fadaje zalo\u017een\u00e9 na d\u00f4kazoch, iba neust\u00e1le opakuj\u00fa 80 rokov star\u00e9 nepodlo\u017een\u00e9 n\u00e1zory. Neexistuj\u00fa lep\u0161ie \u00fadaje ne\u017e v\u00fdsledky experiment\u00e1lneho overovania \u2013 mali by sme ich bra\u0165 aspo\u0148 trochu v\u00e1\u017ene.<\/p>\n\n\n\n<p class=\"has-md-font-size\"><strong><span class=\"has-inline-color has-dark-color\">PhDr. V\u00e1clav Mertin<\/span><\/strong><br>Filozofick\u00e1 fakulta UK v Prahe<br>Katedra psychol\u00f3gie<\/p>\n\n\n\n<hr class=\"wp-block-separator\"\/>\n\n\n\n<div style=\"height:23px\" aria-hidden=\"true\" class=\"wp-block-spacer\"><\/div>\n\n\n\n<p>Prepojenie p\u00edsmen malej abecedy v\u00a0slov\u00e1ch v Comenia Script ove\u013ea lep\u0161ie zodpoved\u00e1 prirodzen\u00e9mu gestu p\u00ed\u0161ucej ruky, ne\u017e pri \u201eslu\u010dkovom\u201c p\u00edsme. V\u00fdsledok, z\u00e1znam, je ove\u013ea \u010ditate\u013enej\u0161\u00ed \u2013 a k \u010domu in\u00e9mu by malo rukopisn\u00e9 p\u00edsmo sl\u00fa\u017ei\u0165? Preru\u0161enie stopy p\u00ed\u0161uceho n\u00e1stroja tam, kde spojenie p\u00edsmen nezodpoved\u00e1 logike gesta ruky, nie je preru\u0161en\u00edm procesu p\u00edsania; len pom\u00e1ha dobrej \u010ditate\u013enosti.<\/p>\n\n\n\n<p>Ak sa uv\u00e1dza ako odstra\u0161uj\u00faci pr\u00edklad odklon \u0160v\u00e9dska od jednoduch\u0161ieho rukopisn\u00e9ho p\u00edsma, bolo by dobr\u00e9 v z\u00e1ujme objektivity tie\u017e uvies\u0165, \u017ee ve\u013ek\u00e9 anglosask\u00e9 oblasti u\u017e d\u00e1vno a \u00faspe\u0161ne pou\u017e\u00edvaj\u00fa podobn\u00e9 rukopisn\u00e9 p\u00edsma, ako je Comenia Script. Ur\u010dite sa ned\u00e1 poveda\u0165, \u017ee by sa to nejako negat\u00edvne na t\u00fdchto \u013eu\u010foch prejavilo.<\/p>\n\n\n\n<p>\u010ealej, a \u010dasto vlastenecky, je proti Comenia Scriptu zd\u00f4raz\u0148ovan\u00e9, \u017ee len \u201eslu\u010dkov\u00e9\u201c p\u00edsmo zodpoved\u00e1 \u010deskej trad\u00edcii. Pravda je tak\u00e1, \u017ee forma t\u00fdchto p\u00edsmen sa dostala do \u010ciech v 19. storo\u010d\u00ed cez nemeck\u00fd kurent. Vtedy \u201eslu\u010dkov\u00e9\u201c p\u00edsmo zodpovedalo ako \u0161t\u00fdlu, tak aj rytmu doby a tie\u017e ostr\u00e9mu peru, ktor\u00fdm bolo nap\u00edsan\u00e9. Pri pou\u017e\u00edvan\u00ed na\u0161ich p\u00edsac\u00edch pom\u00f4cok, ktor\u00e9 neumo\u017e\u0148uj\u00fa striedanie slab\u00e9ho a siln\u00e9ho \u0165ahu, sa jeho \u010ditate\u013enos\u0165 podstatne zni\u017euje.<br>Rukopis je bezpochyby seizmografick\u00fdm z\u00e1znamom stavu \u013eudskej du\u0161e. Celkom ch\u00e1peme v\u00fdhrady grafol\u00f3gov, Comenia Script im podstatne zamie\u0161ava ich nau\u010den\u00e9 stereotypy. Ale dobr\u00fd grafol\u00f3g posudzuje, ako sa p\u00ed\u0161e, a neprikazuje, ako sa m\u00e1 p\u00edsa\u0165, aby mohol rukopis posudzova\u0165. Aj s podpisom, ktor\u00fd sa d\u00e1 dobre pre\u010d\u00edta\u0165, si mus\u00ed vedie\u0165 poradi\u0165.<\/p>\n\n\n\n<p>Ke\u010f po\u010dujem alebo \u010d\u00edtam argument, \u017ee \u201eslu\u010dkov\u00e9\u201c p\u00edsmo pom\u00e1ha rozv\u00edja\u0165 jemn\u00fa motoriku detskej ruky, rozm\u00fd\u0161\u013eam, do akej miery ide naozaj o rozv\u00edjanie detskej osobnosti alebo o tr\u00e1penie det\u00ed. Najlep\u0161ia odpove\u010f na t\u00fato ot\u00e1zku sa d\u00e1 n\u00e1js\u0165 len a len u \u0161kol\u00e1kov. V\u00e4\u010d\u0161ina z nich u\u017e mnoho rokov ve\u013emi skoro op\u00fa\u0161\u0165a nau\u010den\u00e9 \u0161kolsk\u00e9 p\u00edsmo a nielen z frajeriny, ale z nutnosti, aby po sebe p\u00edsan\u00fd text pre\u010d\u00edtala, za\u010d\u00edna p\u00edsa\u0165 svoj\u00edm vlastn\u00fdm tla\u010den\u00fdm p\u00edsmom. To je ten najsilnej\u0161\u00ed argument, \u017ee p\u00edsmo Comenia Script by malo by\u0165 v na\u0161ich \u0161kol\u00e1ch zaveden\u00e9. Je to bezpochyby t\u00e1 najliber\u00e1lnej\u0161ia predloha pre v\u00fdu\u010dbu p\u00edsma, ak\u00e1 bola u n\u00e1s navrhnut\u00e1. Z\u00e1le\u017e\u00ed len na \u00farovni pedag\u00f3gov, ako s\u00fa ju schopn\u00ed pou\u017e\u00edva\u0165. Mo\u017eno, a r\u00e1d by som sa m\u00fdlil, je to posledn\u00e1 \u0161anca, ako zachova\u0165 v\u00f4bec schopnos\u0165 p\u00edsania.<\/p>\n\n\n\n<p class=\"has-md-font-size\"><strong><span class=\"has-inline-color has-dark-color\">Prof. akad. mal. Jan Solpera<\/span><\/strong><br>typograf a pedag\u00f3g na V\u0160UP v Prahe<br>\u010clen medzin\u00e1rodn\u00fdch profesijn\u00fdch organiz\u00e1ci\u00ed<br>Type Directors Club v New Yorku; Double Crown Club v Cambridge<\/p>\n\n\n\n<hr class=\"wp-block-separator\"\/>\n\n\n\n<p><\/p>\n","protected":false},"excerpt":{"rendered":"<p>P\u00edsanie je skuto\u010dne s\u00fa\u010das\u0165 trivia, die\u0165a sa mus\u00ed nau\u010di\u0165 p\u00edsa\u0165, preto\u017ee vedie\u0165 vyjadri\u0165 my\u0161lienku p\u00edsan\u00edm je ve\u013emi d\u00f4le\u017eit\u00e9. Nikde v\u0161ak nie je povedan\u00e9, \u017ee die\u0165a sa mus\u00ed nau\u010di\u0165 krasopisne \u0161tyri varianty p\u00edsma, ani ako m\u00e1 p\u00edsmo vyzera\u0165. Posta\u010dilo by, keby jeden typ p\u00edsma (napr\u00edklad pali\u010dkov\u00e9) die\u0165a zvl\u00e1dlo dobre a tie \u010fal\u0161ie obstojne. Ak vo F\u00ednsku&hellip;<\/p>\n<p class=\"more\"><a class=\"more-link\" href=\"https:\/\/www.comenia-script.com\/sk\/vyjadreni-odborniku\/\">Continue reading <span class=\"screen-reader-text\">Vyjadrenia odborn\u00edkov<\/span><\/a><\/p>\n","protected":false},"author":2,"featured_media":0,"parent":0,"menu_order":0,"comment_status":"closed","ping_status":"closed","template":"","meta":{"footnotes":""},"class_list":["post-989","page","type-page","status-publish","hentry","entry"],"yoast_head":"<!-- This site is optimized with the Yoast SEO plugin v27.5 - https:\/\/yoast.com\/product\/yoast-seo-wordpress\/ -->\n<title>Vyjadrenia odborn\u00edkov - Comenia Script\u00ae<\/title>\n<meta name=\"robots\" content=\"index, follow, max-snippet:-1, max-image-preview:large, max-video-preview:-1\" \/>\n<link rel=\"canonical\" href=\"https:\/\/www.comenia-script.com\/sk\/vyjadreni-odborniku\/\" \/>\n<meta property=\"og:locale\" content=\"sk_SK\" \/>\n<meta property=\"og:type\" content=\"article\" \/>\n<meta property=\"og:title\" content=\"Vyjadrenia odborn\u00edkov - Comenia Script\u00ae\" \/>\n<meta property=\"og:description\" content=\"P\u00edsanie je skuto\u010dne s\u00fa\u010das\u0165 trivia, die\u0165a sa mus\u00ed nau\u010di\u0165 p\u00edsa\u0165, preto\u017ee vedie\u0165 vyjadri\u0165 my\u0161lienku p\u00edsan\u00edm je ve\u013emi d\u00f4le\u017eit\u00e9. Nikde v\u0161ak nie je povedan\u00e9, \u017ee die\u0165a sa mus\u00ed nau\u010di\u0165 krasopisne \u0161tyri varianty p\u00edsma, ani ako m\u00e1 p\u00edsmo vyzera\u0165. Posta\u010dilo by, keby jeden typ p\u00edsma (napr\u00edklad pali\u010dkov\u00e9) die\u0165a zvl\u00e1dlo dobre a tie \u010fal\u0161ie obstojne. Ak vo F\u00ednsku&hellip;Continue reading Vyjadrenia odborn\u00edkov\" \/>\n<meta property=\"og:url\" content=\"https:\/\/www.comenia-script.com\/sk\/vyjadreni-odborniku\/\" \/>\n<meta property=\"og:site_name\" content=\"Comenia Script\u00ae\" \/>\n<meta property=\"article:modified_time\" content=\"2021-04-19T19:51:16+00:00\" \/>\n<meta property=\"og:image\" content=\"https:\/\/www.comenia-script.com\/wp-content\/uploads\/2020\/08\/cs_radost_psat.jpg\" \/>\n\t<meta property=\"og:image:width\" content=\"375\" \/>\n\t<meta property=\"og:image:height\" content=\"271\" \/>\n\t<meta property=\"og:image:type\" content=\"image\/jpeg\" \/>\n<meta name=\"twitter:card\" content=\"summary_large_image\" \/>\n<meta name=\"twitter:label1\" content=\"Predpokladan\u00fd \u010das \u010d\u00edtania\" \/>\n\t<meta name=\"twitter:data1\" content=\"3 min\u00faty\" \/>\n<script type=\"application\/ld+json\" class=\"yoast-schema-graph\">{\"@context\":\"https:\\\/\\\/schema.org\",\"@graph\":[{\"@type\":\"WebPage\",\"@id\":\"https:\\\/\\\/www.comenia-script.com\\\/sk\\\/vyjadreni-odborniku\\\/\",\"url\":\"https:\\\/\\\/www.comenia-script.com\\\/sk\\\/vyjadreni-odborniku\\\/\",\"name\":\"Vyjadrenia odborn\u00edkov - Comenia Script\u00ae\",\"isPartOf\":{\"@id\":\"https:\\\/\\\/www.comenia-script.com\\\/#website\"},\"datePublished\":\"2020-10-15T12:40:21+00:00\",\"dateModified\":\"2021-04-19T19:51:16+00:00\",\"breadcrumb\":{\"@id\":\"https:\\\/\\\/www.comenia-script.com\\\/sk\\\/vyjadreni-odborniku\\\/#breadcrumb\"},\"inLanguage\":\"sk-SK\",\"potentialAction\":[{\"@type\":\"ReadAction\",\"target\":[\"https:\\\/\\\/www.comenia-script.com\\\/sk\\\/vyjadreni-odborniku\\\/\"]}]},{\"@type\":\"BreadcrumbList\",\"@id\":\"https:\\\/\\\/www.comenia-script.com\\\/sk\\\/vyjadreni-odborniku\\\/#breadcrumb\",\"itemListElement\":[{\"@type\":\"ListItem\",\"position\":1,\"name\":\"Dom\u016f\",\"item\":\"https:\\\/\\\/www.comenia-script.com\\\/sk\\\/\"},{\"@type\":\"ListItem\",\"position\":2,\"name\":\"Vyjadrenia odborn\u00edkov\"}]},{\"@type\":\"WebSite\",\"@id\":\"https:\\\/\\\/www.comenia-script.com\\\/#website\",\"url\":\"https:\\\/\\\/www.comenia-script.com\\\/\",\"name\":\"Comenia Script\u00ae\",\"description\":\"psac\u00ed p\u00edsmo pro d\u011bti\",\"publisher\":{\"@id\":\"https:\\\/\\\/www.comenia-script.com\\\/#organization\"},\"potentialAction\":[{\"@type\":\"SearchAction\",\"target\":{\"@type\":\"EntryPoint\",\"urlTemplate\":\"https:\\\/\\\/www.comenia-script.com\\\/?s={search_term_string}\"},\"query-input\":{\"@type\":\"PropertyValueSpecification\",\"valueRequired\":true,\"valueName\":\"search_term_string\"}}],\"inLanguage\":\"sk-SK\"},{\"@type\":\"Organization\",\"@id\":\"https:\\\/\\\/www.comenia-script.com\\\/#organization\",\"name\":\"Comenia Script\u00ae\",\"url\":\"https:\\\/\\\/www.comenia-script.com\\\/\",\"logo\":{\"@type\":\"ImageObject\",\"inLanguage\":\"sk-SK\",\"@id\":\"https:\\\/\\\/www.comenia-script.com\\\/#\\\/schema\\\/logo\\\/image\\\/\",\"url\":\"https:\\\/\\\/www.comenia-script.com\\\/wp-content\\\/uploads\\\/2020\\\/11\\\/cropped-logo_CS_napis_03_54pxl_240.jpg\",\"contentUrl\":\"https:\\\/\\\/www.comenia-script.com\\\/wp-content\\\/uploads\\\/2020\\\/11\\\/cropped-logo_CS_napis_03_54pxl_240.jpg\",\"width\":275,\"height\":54,\"caption\":\"Comenia Script\u00ae\"},\"image\":{\"@id\":\"https:\\\/\\\/www.comenia-script.com\\\/#\\\/schema\\\/logo\\\/image\\\/\"},\"sameAs\":[\"https:\\\/\\\/cs.wikipedia.org\\\/wiki\\\/Comenia_Script\"]}]}<\/script>\n<!-- \/ Yoast SEO plugin. -->","yoast_head_json":{"title":"Vyjadrenia odborn\u00edkov - Comenia Script\u00ae","robots":{"index":"index","follow":"follow","max-snippet":"max-snippet:-1","max-image-preview":"max-image-preview:large","max-video-preview":"max-video-preview:-1"},"canonical":"https:\/\/www.comenia-script.com\/sk\/vyjadreni-odborniku\/","og_locale":"sk_SK","og_type":"article","og_title":"Vyjadrenia odborn\u00edkov - Comenia Script\u00ae","og_description":"P\u00edsanie je skuto\u010dne s\u00fa\u010das\u0165 trivia, die\u0165a sa mus\u00ed nau\u010di\u0165 p\u00edsa\u0165, preto\u017ee vedie\u0165 vyjadri\u0165 my\u0161lienku p\u00edsan\u00edm je ve\u013emi d\u00f4le\u017eit\u00e9. Nikde v\u0161ak nie je povedan\u00e9, \u017ee die\u0165a sa mus\u00ed nau\u010di\u0165 krasopisne \u0161tyri varianty p\u00edsma, ani ako m\u00e1 p\u00edsmo vyzera\u0165. Posta\u010dilo by, keby jeden typ p\u00edsma (napr\u00edklad pali\u010dkov\u00e9) die\u0165a zvl\u00e1dlo dobre a tie \u010fal\u0161ie obstojne. Ak vo F\u00ednsku&hellip;Continue reading Vyjadrenia odborn\u00edkov","og_url":"https:\/\/www.comenia-script.com\/sk\/vyjadreni-odborniku\/","og_site_name":"Comenia Script\u00ae","article_modified_time":"2021-04-19T19:51:16+00:00","og_image":[{"width":375,"height":271,"url":"https:\/\/www.comenia-script.com\/wp-content\/uploads\/2020\/08\/cs_radost_psat.jpg","type":"image\/jpeg"}],"twitter_card":"summary_large_image","twitter_misc":{"Predpokladan\u00fd \u010das \u010d\u00edtania":"3 min\u00faty"},"schema":{"@context":"https:\/\/schema.org","@graph":[{"@type":"WebPage","@id":"https:\/\/www.comenia-script.com\/sk\/vyjadreni-odborniku\/","url":"https:\/\/www.comenia-script.com\/sk\/vyjadreni-odborniku\/","name":"Vyjadrenia odborn\u00edkov - Comenia Script\u00ae","isPartOf":{"@id":"https:\/\/www.comenia-script.com\/#website"},"datePublished":"2020-10-15T12:40:21+00:00","dateModified":"2021-04-19T19:51:16+00:00","breadcrumb":{"@id":"https:\/\/www.comenia-script.com\/sk\/vyjadreni-odborniku\/#breadcrumb"},"inLanguage":"sk-SK","potentialAction":[{"@type":"ReadAction","target":["https:\/\/www.comenia-script.com\/sk\/vyjadreni-odborniku\/"]}]},{"@type":"BreadcrumbList","@id":"https:\/\/www.comenia-script.com\/sk\/vyjadreni-odborniku\/#breadcrumb","itemListElement":[{"@type":"ListItem","position":1,"name":"Dom\u016f","item":"https:\/\/www.comenia-script.com\/sk\/"},{"@type":"ListItem","position":2,"name":"Vyjadrenia odborn\u00edkov"}]},{"@type":"WebSite","@id":"https:\/\/www.comenia-script.com\/#website","url":"https:\/\/www.comenia-script.com\/","name":"Comenia Script\u00ae","description":"psac\u00ed p\u00edsmo pro d\u011bti","publisher":{"@id":"https:\/\/www.comenia-script.com\/#organization"},"potentialAction":[{"@type":"SearchAction","target":{"@type":"EntryPoint","urlTemplate":"https:\/\/www.comenia-script.com\/?s={search_term_string}"},"query-input":{"@type":"PropertyValueSpecification","valueRequired":true,"valueName":"search_term_string"}}],"inLanguage":"sk-SK"},{"@type":"Organization","@id":"https:\/\/www.comenia-script.com\/#organization","name":"Comenia Script\u00ae","url":"https:\/\/www.comenia-script.com\/","logo":{"@type":"ImageObject","inLanguage":"sk-SK","@id":"https:\/\/www.comenia-script.com\/#\/schema\/logo\/image\/","url":"https:\/\/www.comenia-script.com\/wp-content\/uploads\/2020\/11\/cropped-logo_CS_napis_03_54pxl_240.jpg","contentUrl":"https:\/\/www.comenia-script.com\/wp-content\/uploads\/2020\/11\/cropped-logo_CS_napis_03_54pxl_240.jpg","width":275,"height":54,"caption":"Comenia Script\u00ae"},"image":{"@id":"https:\/\/www.comenia-script.com\/#\/schema\/logo\/image\/"},"sameAs":["https:\/\/cs.wikipedia.org\/wiki\/Comenia_Script"]}]}},"jetpack_sharing_enabled":true,"_links":{"self":[{"href":"https:\/\/www.comenia-script.com\/sk\/wp-json\/wp\/v2\/pages\/989","targetHints":{"allow":["GET"]}}],"collection":[{"href":"https:\/\/www.comenia-script.com\/sk\/wp-json\/wp\/v2\/pages"}],"about":[{"href":"https:\/\/www.comenia-script.com\/sk\/wp-json\/wp\/v2\/types\/page"}],"author":[{"embeddable":true,"href":"https:\/\/www.comenia-script.com\/sk\/wp-json\/wp\/v2\/users\/2"}],"replies":[{"embeddable":true,"href":"https:\/\/www.comenia-script.com\/sk\/wp-json\/wp\/v2\/comments?post=989"}],"version-history":[{"count":9,"href":"https:\/\/www.comenia-script.com\/sk\/wp-json\/wp\/v2\/pages\/989\/revisions"}],"predecessor-version":[{"id":2318,"href":"https:\/\/www.comenia-script.com\/sk\/wp-json\/wp\/v2\/pages\/989\/revisions\/2318"}],"wp:attachment":[{"href":"https:\/\/www.comenia-script.com\/sk\/wp-json\/wp\/v2\/media?parent=989"}],"curies":[{"name":"wp","href":"https:\/\/api.w.org\/{rel}","templated":true}]}}