{"id":978,"date":"2020-10-15T17:45:08","date_gmt":"2020-10-15T15:45:08","guid":{"rendered":"http:\/\/www.comenia-script.com\/nejcastejsi-dotazy\/"},"modified":"2021-04-21T11:00:22","modified_gmt":"2021-04-21T09:00:22","slug":"nejcastejsi-dotazy","status":"publish","type":"page","link":"https:\/\/www.comenia-script.com\/sk\/nejcastejsi-dotazy\/","title":{"rendered":"Naj\u010dastej\u0161ie ot\u00e1zky"},"content":{"rendered":"\n<div class=\"wp-block-cover alignfull has-background-dim-20 has-background-dim\" style=\"background-image:url(https:\/\/www.comenia-script.com\/wp-content\/uploads\/2020\/11\/DSC_0090_u_240pxl.jpg);background-position:53% 55%\"><div class=\"wp-block-cover__inner-container is-layout-flow wp-block-cover-is-layout-flow\">\n<p class=\"has-text-align-center has-3-xl-font-size\">Ak m\u00e1te nejak\u00e9 ot\u00e1zky, nev\u00e1hajte mi nap\u00edsa\u0165<\/p>\n<\/div><\/div>\n\n\n\n<div style=\"height:33px\" aria-hidden=\"true\" class=\"wp-block-spacer\"><\/div>\n\n\n\n<p><strong><span class=\"has-inline-color has-dark-color\"><strong>Ak\u00e9 s\u00fa tendencie dne\u0161n\u00fdch pis\u00e1rov?<\/strong><\/span><\/strong><br>Pripad\u00e1 n\u00e1m, a potvrdilo sa to aj v na\u0161ich v\u00fdskumoch, \u017ee dne\u0161n\u00e9 deti a dospel\u00ed rad\u0161ej pou\u017e\u00edvaj\u00fa zjednodu\u0161en\u00e9 formy p\u00edsania a komunik\u00e1cie v\u00f4bec. Teda in\u00e9 ako tie, ktor\u00e9 sa u\u010dili povinne v \u0161kole. Deti na z\u00e1kladn\u00fdch \u0161kol\u00e1ch ve\u013emi skoro opustia zlo\u017eit\u00e9 a sp\u00e1jan\u00e9 p\u00edsmo, aby ho nahradili svojou zjednodu\u0161enou formou, ktor\u00e1 sa ve\u013emi bl\u00ed\u017ei skriptu (tzn. naklonen\u00e9 nespojen\u00e9 p\u00edsmo, kde sa rozli\u0161uje mal\u00e1 a ve\u013ek\u00e1 abeceda). <\/p>\n\n\n\n<blockquote class=\"wp-block-quote is-layout-flow wp-block-quote-is-layout-flow\"><p><em><span class=\"has-inline-color has-base-color\"><em>Mnoho dospel\u00fdch \u2013 a dokonca u\u017e aj det\u00ed \u2013 nepou\u017e\u00edva mal\u00fa abecedu v\u00f4bec a p\u00ed\u0161u len ve\u013ek\u00fdmi tla\u010den\u00fdmi p\u00edsmenami.<\/em><\/span><\/em><\/p><\/blockquote>\n\n\n\n<p><strong><span class=\"has-inline-color has-dark-color\"><strong>Ak\u00e9 vid\u00edte rie\u0161enie v tejto situ\u00e1cii?<\/strong><\/span><\/strong><br>Situ\u00e1cia by sa dala zlep\u0161i\u0165 tak, \u017ee by sme de\u0165om na z\u00e1kladn\u00fdch \u0161kol\u00e1ch pon\u00fakli jednoduch\u0161ie p\u00edsacie p\u00edsmo ne\u017e to s\u00fa\u010dasn\u00e9, a to tak\u00e9, ktor\u00e9 by si mohli lep\u0161ie prisp\u00f4sobi\u0165 svojim potreb\u00e1m a s\u00fa\u010dasne by rozv\u00edjalo ich individualitu. A samozrejme \u2013 aby toto p\u00edsmo podporovalo \u010ditate\u013enos\u0165 (obzvl\u00e1\u0161\u0165 pri r\u00fdchlom p\u00edsan\u00ed), na rozdiel od s\u00fa\u010dasn\u00e9ho predlohov\u00e9ho p\u00edsma, ktor\u00e9 u v\u00e4\u010d\u0161iny pis\u00e1rov \u010ditate\u013enos\u0165 nepodporuje. Comenia Script<sup>\u00ae<\/sup> tak\u00fdm p\u00edsmom je, m\u00e1 mnoho pod\u00f4b a vari\u00e1ci\u00ed: Umo\u017e\u0148uje p\u00edsa\u0165 ve\u013emi zjednodu\u0161en\u00fa formu podobn\u00fa tla\u010dov\u00e9mu p\u00edsme, ktor\u00fa ocenia najm\u00e4 deti s dysgrafiou (Comenia Script<sup>\u00ae<\/sup> B), ale aj be\u017en\u00fa rukopisn\u00fa formu s \u010diasto\u010dn\u00fdm napojovan\u00edm, a\u017e po \u00faplne v\u00fdtvarn\u00fa renesan\u010dn\u00fa kaligrafick\u00fa formu, kde sa pracuje so zrezan\u00fdm ploch\u00fdm perom.<\/p>\n\n\n\n<p><strong><span class=\"has-inline-color has-dark-color\"><strong>Pre\u010do si mysl\u00edte, \u017ee deti u\u017e nemusia vedie\u0165 p\u00edsa\u0165 krasopisn\u00fdm p\u00edsmom?<\/strong><\/span><\/strong><br>Je d\u00f4le\u017eit\u00e9, aby sa deti nau\u010dili p\u00edsa\u0165 takou formou p\u00edsma, ktor\u00e1 im bude v be\u017enej p\u00edsomnej komunik\u00e1cii dobre fungova\u0165, tzn. prakticky a \u010ditate\u013ene.<\/p>\n\n\n\n<blockquote class=\"wp-block-quote is-layout-flow wp-block-quote-is-layout-flow\"><p><em><span class=\"has-inline-color has-base-color\"><em>M\u00e1me bohu\u017eia\u013e sk\u00fasenos\u0165, \u017ee tzv. \u201ekr\u00e1sna\u201c p\u00edsacia predloha vych\u00e1dzaj\u00faca z krasopisn\u00fdch tvarov (sam\u00e1 slu\u010dka a ku\u010dierky), potom v praktickom \u017eivote ako \u010ditate\u013en\u00e9 p\u00edsmo a\u017e nato\u013eko nefunguje.<\/em><\/span><\/em><\/p><\/blockquote>\n\n\n\n<p>Obzvl\u00e1\u0161\u0165 pri r\u00fdchlom p\u00edsan\u00ed, a n\u00e1sledkom toho si musia deti sk\u00f4r \u010di nesk\u00f4r svoje p\u00edsmo zmeni\u0165. Predov\u0161etk\u00fdm zjednodu\u0161i\u0165 tvary a prisp\u00f4sobi\u0165 p\u00edsmo celkovo sami sebe \u2013 svojim individu\u00e1lnym potreb\u00e1m.<\/p>\n\n\n\n<div class=\"wp-block-image\"><figure class=\"aligncenter size-large is-resized\"><img loading=\"lazy\" decoding=\"async\" src=\"https:\/\/www.comenia-script.com\/wp-content\/uploads\/2020\/11\/DSC_0086_u-1024x680.jpg\" alt=\"\" class=\"wp-image-1395\" width=\"447\" height=\"297\" srcset=\"https:\/\/www.comenia-script.com\/wp-content\/uploads\/2020\/11\/DSC_0086_u-1024x680.jpg 1024w, https:\/\/www.comenia-script.com\/wp-content\/uploads\/2020\/11\/DSC_0086_u-300x199.jpg 300w, https:\/\/www.comenia-script.com\/wp-content\/uploads\/2020\/11\/DSC_0086_u-768x510.jpg 768w, https:\/\/www.comenia-script.com\/wp-content\/uploads\/2020\/11\/DSC_0086_u-1536x1021.jpg 1536w, https:\/\/www.comenia-script.com\/wp-content\/uploads\/2020\/11\/DSC_0086_u.jpg 1890w\" sizes=\"auto, (max-width: 447px) 100vw, 447px\" \/><\/figure><\/div>\n\n\n\n<p><strong><span class=\"has-inline-color has-dark-color\"><strong>P\u00edsmo Comenia Script<sup>\u00ae<\/sup> je zjednodu\u0161en\u00e9 a ka\u017ed\u00fd si k nemu m\u00f4\u017ee prida\u0165 nie\u010do svoje. Nebude v\u0161ak potom ka\u017ed\u00e9 p\u00edsmo osobit\u00e9 a\u017e do tej miery, \u017ee bude pre ostatn\u00fdch ne\u010ditate\u013en\u00e9?<\/strong><\/span><\/strong><br>Ak\u00fdko\u013evek rukopis m\u00f4\u017ee by\u0165 \u010ditate\u013en\u00fd aj ne\u010ditate\u013en\u00fd \u2013 z\u00e1le\u017e\u00ed na tom, ak\u00fd m\u00e1 tvarov\u00fd z\u00e1klad, a ako sa mu venujeme. Ak je to p\u00edsac\u00ed vzor, \u200b\u200bktor\u00fd k zachovaniu \u010ditate\u013enosti vy\u017eaduje presn\u00e9 napodobenie a my ho v be\u017enom alebo r\u00fdchlom p\u00edsan\u00ed zab\u00fadame, tak s n\u00edm v osobitom rukopise ve\u013emi neuspejeme\u2026 Pr\u00e1ve preto je z\u00e1kladn\u00fd tvar p\u00edsacieho p\u00edsma Comenia Script<sup>\u00ae<\/sup> navrhnut\u00fd tak, aby sa jeho \u010ditate\u013en\u00fd k\u00f3d zachoval aj pri 1) r\u00fdchlom p\u00edsan\u00ed, 2) individu\u00e1lnom sklone p\u00edsma, 3) tvarov\u00fdch obmen\u00e1ch nieko\u013ek\u00fdch p\u00edsmen, 4) \u0161t\u00fdle prira\u010fovania p\u00edsmen, at\u010f.<\/p>\n\n\n\n<p><strong><span class=\"has-inline-color has-dark-color\"><strong>Kto sa pod\u013ea p\u00edsma Comenia Script<sup>\u00ae<\/sup> u\u010d\u00ed p\u00edsa\u0165?<\/strong><\/span><\/strong><br>P\u00edsmo bolo pripraven\u00e9 predov\u0161etk\u00fdm pre deti na 1. stupni Z\u0160, ale m\u00f4\u017eu sa ho nau\u010di\u0165 p\u00edsa\u0165 aj dospel\u00ed, ktor\u00ed chc\u00fa ma\u0165 \u010ditate\u013enej\u0161\u00ed rukopis. Navy\u0161e zo z\u00e1kladnej formy Comenia Script<sup>\u00ae<\/sup> A mo\u017eno dospie\u0165 a\u017e k v\u00fdtvarne zauj\u00edmavej renesan\u010dnej kaligrafickej forme. Z\u00e1rove\u0148 p\u00edsmo odpor\u00fa\u010dame t\u00fdm u\u010dite\u013eom, ktor\u00ed chc\u00fa p\u00edsanie Comenia Script<strong><sup>\u00ae<\/sup><\/strong> vyu\u010dova\u0165. U\u017eito\u010dn\u00e9 ur\u010dite je, ke\u010f sa s de\u0165mi u\u010dia p\u00edsa\u0165 z\u00e1rove\u0148 aj rodi\u010dia, ako sa to deje napr\u00edklad vo Waldorfskej \u0161kole. Okrem in\u00e9ho preto, \u017ee de\u0165om pripravuj\u00fa rukou p\u00edsan\u00e9 \u010d\u00edtanky\u2026<\/p>\n\n\n\n<p><strong><span class=\"has-inline-color has-dark-color\"><strong>V \u010dom je p\u00edsmo Comenia Script<sup>\u00ae<\/sup> \u0161peci\u00e1lne?<\/strong><\/span><\/strong><br>Na tomto p\u00edsme ni\u010d \u0161peci\u00e1lneho nie je, sledujeme len prirodzen\u00e9 grafick\u00e9 tendencie det\u00ed i dospel\u00fdch\u2026 P\u00edsmo Comenia Script<sup>\u00ae<\/sup> je jednoduch\u00e9, a t\u00fdm vlastne oby\u010dajn\u00e9, vych\u00e1dzame napr\u00edklad z toho, \u010do sa deti nau\u010dia sami pred vstupom do \u0161koly (ve\u013ek\u00e9 tla\u010den\u00e9 p\u00edsmen\u00e1), a na t\u00fato schopnos\u0165 \u010falej nadv\u00e4zuj\u00fa. Pracuj\u00fa potom s malou abecedou, tvarov\u00fdmi variantmi p\u00edsmen, individu\u00e1lnym sklonom at\u010f.<\/p>\n\n\n\n<hr class=\"wp-block-separator has-text-color has-background has-light-background-color has-light-color\"\/>\n\n\n\n<p><\/p>\n","protected":false},"excerpt":{"rendered":"<p>Ak\u00e9 s\u00fa tendencie dne\u0161n\u00fdch pis\u00e1rov?Pripad\u00e1 n\u00e1m, a potvrdilo sa to aj v na\u0161ich v\u00fdskumoch, \u017ee dne\u0161n\u00e9 deti a dospel\u00ed rad\u0161ej pou\u017e\u00edvaj\u00fa zjednodu\u0161en\u00e9 formy p\u00edsania a komunik\u00e1cie v\u00f4bec. Teda in\u00e9 ako tie, ktor\u00e9 sa u\u010dili povinne v \u0161kole. Deti na z\u00e1kladn\u00fdch \u0161kol\u00e1ch ve\u013emi skoro opustia zlo\u017eit\u00e9 a sp\u00e1jan\u00e9 p\u00edsmo, aby ho nahradili svojou zjednodu\u0161enou formou, ktor\u00e1&hellip;<\/p>\n<p class=\"more\"><a class=\"more-link\" href=\"https:\/\/www.comenia-script.com\/sk\/nejcastejsi-dotazy\/\">Continue reading <span class=\"screen-reader-text\">Naj\u010dastej\u0161ie ot\u00e1zky<\/span><\/a><\/p>\n","protected":false},"author":2,"featured_media":0,"parent":0,"menu_order":0,"comment_status":"closed","ping_status":"closed","template":"","meta":{"footnotes":""},"class_list":["post-978","page","type-page","status-publish","hentry","entry"],"yoast_head":"<!-- This site is optimized with the Yoast SEO plugin v27.4 - https:\/\/yoast.com\/product\/yoast-seo-wordpress\/ -->\n<title>Naj\u010dastej\u0161ie ot\u00e1zky - Comenia Script\u00ae<\/title>\n<meta name=\"description\" content=\"Nej\u010dast\u011bj\u0161\u00ed dotazy k p\u00edsmu Comenia Script\u00ae. Jak\u00e9 jsou tendence dne\u0161n\u00edch p\u00edsa\u0159\u016f? Jak\u00e9 vid\u00edte \u0159e\u0161en\u00ed v t\u00e9to situaci? Pro\u010d si mysl\u00edte, \u017ee d\u011bti u\u017e nemus\u00ed um\u011bt ps\u00e1t krasopisn\u00fdm p\u00edsmem? P\u00edsmo Comenia Script\u00ae je zjednodu\u0161en\u00e9 a ka\u017ed\u00fd si k n\u011bmu m\u016f\u017ee p\u0159idat n\u011bco sv\u00e9ho. Nebude pak ale ka\u017ed\u00e9 p\u00edsmo osobit\u00e9 a\u017e do t\u00e9 m\u00edry, \u017ee bude pro ostatn\u00ed ne\u010diteln\u00e9?\" \/>\n<meta name=\"robots\" content=\"index, follow, max-snippet:-1, max-image-preview:large, max-video-preview:-1\" \/>\n<link rel=\"canonical\" href=\"https:\/\/www.comenia-script.com\/sk\/nejcastejsi-dotazy\/\" \/>\n<meta property=\"og:locale\" content=\"sk_SK\" \/>\n<meta property=\"og:type\" content=\"article\" \/>\n<meta property=\"og:title\" content=\"Naj\u010dastej\u0161ie ot\u00e1zky - Comenia Script\u00ae\" \/>\n<meta property=\"og:description\" content=\"Nej\u010dast\u011bj\u0161\u00ed dotazy k p\u00edsmu Comenia Script\u00ae. Jak\u00e9 jsou tendence dne\u0161n\u00edch p\u00edsa\u0159\u016f? Jak\u00e9 vid\u00edte \u0159e\u0161en\u00ed v t\u00e9to situaci? Pro\u010d si mysl\u00edte, \u017ee d\u011bti u\u017e nemus\u00ed um\u011bt ps\u00e1t krasopisn\u00fdm p\u00edsmem? P\u00edsmo Comenia Script\u00ae je zjednodu\u0161en\u00e9 a ka\u017ed\u00fd si k n\u011bmu m\u016f\u017ee p\u0159idat n\u011bco sv\u00e9ho. Nebude pak ale ka\u017ed\u00e9 p\u00edsmo osobit\u00e9 a\u017e do t\u00e9 m\u00edry, \u017ee bude pro ostatn\u00ed ne\u010diteln\u00e9?\" \/>\n<meta property=\"og:url\" content=\"https:\/\/www.comenia-script.com\/sk\/nejcastejsi-dotazy\/\" \/>\n<meta property=\"og:site_name\" content=\"Comenia Script\u00ae\" \/>\n<meta property=\"article:modified_time\" content=\"2021-04-21T09:00:22+00:00\" \/>\n<meta property=\"og:image\" content=\"https:\/\/www.comenia-script.com\/wp-content\/uploads\/2020\/11\/DSC_0086_u-1024x680.jpg\" \/>\n<meta name=\"twitter:card\" content=\"summary_large_image\" \/>\n<meta name=\"twitter:label1\" content=\"Predpokladan\u00fd \u010das \u010d\u00edtania\" \/>\n\t<meta name=\"twitter:data1\" content=\"3 min\u00faty\" \/>\n<script type=\"application\/ld+json\" class=\"yoast-schema-graph\">{\"@context\":\"https:\\\/\\\/schema.org\",\"@graph\":[{\"@type\":\"WebPage\",\"@id\":\"https:\\\/\\\/www.comenia-script.com\\\/sk\\\/nejcastejsi-dotazy\\\/\",\"url\":\"https:\\\/\\\/www.comenia-script.com\\\/sk\\\/nejcastejsi-dotazy\\\/\",\"name\":\"Naj\u010dastej\u0161ie ot\u00e1zky - Comenia Script\u00ae\",\"isPartOf\":{\"@id\":\"https:\\\/\\\/www.comenia-script.com\\\/#website\"},\"primaryImageOfPage\":{\"@id\":\"https:\\\/\\\/www.comenia-script.com\\\/sk\\\/nejcastejsi-dotazy\\\/#primaryimage\"},\"image\":{\"@id\":\"https:\\\/\\\/www.comenia-script.com\\\/sk\\\/nejcastejsi-dotazy\\\/#primaryimage\"},\"thumbnailUrl\":\"https:\\\/\\\/www.comenia-script.com\\\/wp-content\\\/uploads\\\/2020\\\/11\\\/DSC_0086_u-1024x680.jpg\",\"datePublished\":\"2020-10-15T15:45:08+00:00\",\"dateModified\":\"2021-04-21T09:00:22+00:00\",\"description\":\"Nej\u010dast\u011bj\u0161\u00ed dotazy k p\u00edsmu Comenia Script\u00ae. Jak\u00e9 jsou tendence dne\u0161n\u00edch p\u00edsa\u0159\u016f? Jak\u00e9 vid\u00edte \u0159e\u0161en\u00ed v t\u00e9to situaci? Pro\u010d si mysl\u00edte, \u017ee d\u011bti u\u017e nemus\u00ed um\u011bt ps\u00e1t krasopisn\u00fdm p\u00edsmem? P\u00edsmo Comenia Script\u00ae je zjednodu\u0161en\u00e9 a ka\u017ed\u00fd si k n\u011bmu m\u016f\u017ee p\u0159idat n\u011bco sv\u00e9ho. Nebude pak ale ka\u017ed\u00e9 p\u00edsmo osobit\u00e9 a\u017e do t\u00e9 m\u00edry, \u017ee bude pro ostatn\u00ed ne\u010diteln\u00e9?\",\"breadcrumb\":{\"@id\":\"https:\\\/\\\/www.comenia-script.com\\\/sk\\\/nejcastejsi-dotazy\\\/#breadcrumb\"},\"inLanguage\":\"sk-SK\",\"potentialAction\":[{\"@type\":\"ReadAction\",\"target\":[\"https:\\\/\\\/www.comenia-script.com\\\/sk\\\/nejcastejsi-dotazy\\\/\"]}]},{\"@type\":\"ImageObject\",\"inLanguage\":\"sk-SK\",\"@id\":\"https:\\\/\\\/www.comenia-script.com\\\/sk\\\/nejcastejsi-dotazy\\\/#primaryimage\",\"url\":\"https:\\\/\\\/www.comenia-script.com\\\/wp-content\\\/uploads\\\/2020\\\/11\\\/DSC_0086_u-1024x680.jpg\",\"contentUrl\":\"https:\\\/\\\/www.comenia-script.com\\\/wp-content\\\/uploads\\\/2020\\\/11\\\/DSC_0086_u-1024x680.jpg\"},{\"@type\":\"BreadcrumbList\",\"@id\":\"https:\\\/\\\/www.comenia-script.com\\\/sk\\\/nejcastejsi-dotazy\\\/#breadcrumb\",\"itemListElement\":[{\"@type\":\"ListItem\",\"position\":1,\"name\":\"Dom\u016f\",\"item\":\"https:\\\/\\\/www.comenia-script.com\\\/sk\\\/\"},{\"@type\":\"ListItem\",\"position\":2,\"name\":\"Naj\u010dastej\u0161ie ot\u00e1zky\"}]},{\"@type\":\"WebSite\",\"@id\":\"https:\\\/\\\/www.comenia-script.com\\\/#website\",\"url\":\"https:\\\/\\\/www.comenia-script.com\\\/\",\"name\":\"Comenia Script\u00ae\",\"description\":\"psac\u00ed p\u00edsmo pro d\u011bti\",\"publisher\":{\"@id\":\"https:\\\/\\\/www.comenia-script.com\\\/#organization\"},\"potentialAction\":[{\"@type\":\"SearchAction\",\"target\":{\"@type\":\"EntryPoint\",\"urlTemplate\":\"https:\\\/\\\/www.comenia-script.com\\\/?s={search_term_string}\"},\"query-input\":{\"@type\":\"PropertyValueSpecification\",\"valueRequired\":true,\"valueName\":\"search_term_string\"}}],\"inLanguage\":\"sk-SK\"},{\"@type\":\"Organization\",\"@id\":\"https:\\\/\\\/www.comenia-script.com\\\/#organization\",\"name\":\"Comenia Script\u00ae\",\"url\":\"https:\\\/\\\/www.comenia-script.com\\\/\",\"logo\":{\"@type\":\"ImageObject\",\"inLanguage\":\"sk-SK\",\"@id\":\"https:\\\/\\\/www.comenia-script.com\\\/#\\\/schema\\\/logo\\\/image\\\/\",\"url\":\"https:\\\/\\\/www.comenia-script.com\\\/wp-content\\\/uploads\\\/2020\\\/11\\\/cropped-logo_CS_napis_03_54pxl_240.jpg\",\"contentUrl\":\"https:\\\/\\\/www.comenia-script.com\\\/wp-content\\\/uploads\\\/2020\\\/11\\\/cropped-logo_CS_napis_03_54pxl_240.jpg\",\"width\":275,\"height\":54,\"caption\":\"Comenia Script\u00ae\"},\"image\":{\"@id\":\"https:\\\/\\\/www.comenia-script.com\\\/#\\\/schema\\\/logo\\\/image\\\/\"},\"sameAs\":[\"https:\\\/\\\/cs.wikipedia.org\\\/wiki\\\/Comenia_Script\"]}]}<\/script>\n<!-- \/ Yoast SEO plugin. -->","yoast_head_json":{"title":"Naj\u010dastej\u0161ie ot\u00e1zky - Comenia Script\u00ae","description":"Nej\u010dast\u011bj\u0161\u00ed dotazy k p\u00edsmu Comenia Script\u00ae. Jak\u00e9 jsou tendence dne\u0161n\u00edch p\u00edsa\u0159\u016f? Jak\u00e9 vid\u00edte \u0159e\u0161en\u00ed v t\u00e9to situaci? Pro\u010d si mysl\u00edte, \u017ee d\u011bti u\u017e nemus\u00ed um\u011bt ps\u00e1t krasopisn\u00fdm p\u00edsmem? P\u00edsmo Comenia Script\u00ae je zjednodu\u0161en\u00e9 a ka\u017ed\u00fd si k n\u011bmu m\u016f\u017ee p\u0159idat n\u011bco sv\u00e9ho. Nebude pak ale ka\u017ed\u00e9 p\u00edsmo osobit\u00e9 a\u017e do t\u00e9 m\u00edry, \u017ee bude pro ostatn\u00ed ne\u010diteln\u00e9?","robots":{"index":"index","follow":"follow","max-snippet":"max-snippet:-1","max-image-preview":"max-image-preview:large","max-video-preview":"max-video-preview:-1"},"canonical":"https:\/\/www.comenia-script.com\/sk\/nejcastejsi-dotazy\/","og_locale":"sk_SK","og_type":"article","og_title":"Naj\u010dastej\u0161ie ot\u00e1zky - Comenia Script\u00ae","og_description":"Nej\u010dast\u011bj\u0161\u00ed dotazy k p\u00edsmu Comenia Script\u00ae. Jak\u00e9 jsou tendence dne\u0161n\u00edch p\u00edsa\u0159\u016f? Jak\u00e9 vid\u00edte \u0159e\u0161en\u00ed v t\u00e9to situaci? Pro\u010d si mysl\u00edte, \u017ee d\u011bti u\u017e nemus\u00ed um\u011bt ps\u00e1t krasopisn\u00fdm p\u00edsmem? P\u00edsmo Comenia Script\u00ae je zjednodu\u0161en\u00e9 a ka\u017ed\u00fd si k n\u011bmu m\u016f\u017ee p\u0159idat n\u011bco sv\u00e9ho. Nebude pak ale ka\u017ed\u00e9 p\u00edsmo osobit\u00e9 a\u017e do t\u00e9 m\u00edry, \u017ee bude pro ostatn\u00ed ne\u010diteln\u00e9?","og_url":"https:\/\/www.comenia-script.com\/sk\/nejcastejsi-dotazy\/","og_site_name":"Comenia Script\u00ae","article_modified_time":"2021-04-21T09:00:22+00:00","og_image":[{"url":"https:\/\/www.comenia-script.com\/wp-content\/uploads\/2020\/11\/DSC_0086_u-1024x680.jpg","type":"","width":"","height":""}],"twitter_card":"summary_large_image","twitter_misc":{"Predpokladan\u00fd \u010das \u010d\u00edtania":"3 min\u00faty"},"schema":{"@context":"https:\/\/schema.org","@graph":[{"@type":"WebPage","@id":"https:\/\/www.comenia-script.com\/sk\/nejcastejsi-dotazy\/","url":"https:\/\/www.comenia-script.com\/sk\/nejcastejsi-dotazy\/","name":"Naj\u010dastej\u0161ie ot\u00e1zky - Comenia Script\u00ae","isPartOf":{"@id":"https:\/\/www.comenia-script.com\/#website"},"primaryImageOfPage":{"@id":"https:\/\/www.comenia-script.com\/sk\/nejcastejsi-dotazy\/#primaryimage"},"image":{"@id":"https:\/\/www.comenia-script.com\/sk\/nejcastejsi-dotazy\/#primaryimage"},"thumbnailUrl":"https:\/\/www.comenia-script.com\/wp-content\/uploads\/2020\/11\/DSC_0086_u-1024x680.jpg","datePublished":"2020-10-15T15:45:08+00:00","dateModified":"2021-04-21T09:00:22+00:00","description":"Nej\u010dast\u011bj\u0161\u00ed dotazy k p\u00edsmu Comenia Script\u00ae. Jak\u00e9 jsou tendence dne\u0161n\u00edch p\u00edsa\u0159\u016f? Jak\u00e9 vid\u00edte \u0159e\u0161en\u00ed v t\u00e9to situaci? Pro\u010d si mysl\u00edte, \u017ee d\u011bti u\u017e nemus\u00ed um\u011bt ps\u00e1t krasopisn\u00fdm p\u00edsmem? P\u00edsmo Comenia Script\u00ae je zjednodu\u0161en\u00e9 a ka\u017ed\u00fd si k n\u011bmu m\u016f\u017ee p\u0159idat n\u011bco sv\u00e9ho. Nebude pak ale ka\u017ed\u00e9 p\u00edsmo osobit\u00e9 a\u017e do t\u00e9 m\u00edry, \u017ee bude pro ostatn\u00ed ne\u010diteln\u00e9?","breadcrumb":{"@id":"https:\/\/www.comenia-script.com\/sk\/nejcastejsi-dotazy\/#breadcrumb"},"inLanguage":"sk-SK","potentialAction":[{"@type":"ReadAction","target":["https:\/\/www.comenia-script.com\/sk\/nejcastejsi-dotazy\/"]}]},{"@type":"ImageObject","inLanguage":"sk-SK","@id":"https:\/\/www.comenia-script.com\/sk\/nejcastejsi-dotazy\/#primaryimage","url":"https:\/\/www.comenia-script.com\/wp-content\/uploads\/2020\/11\/DSC_0086_u-1024x680.jpg","contentUrl":"https:\/\/www.comenia-script.com\/wp-content\/uploads\/2020\/11\/DSC_0086_u-1024x680.jpg"},{"@type":"BreadcrumbList","@id":"https:\/\/www.comenia-script.com\/sk\/nejcastejsi-dotazy\/#breadcrumb","itemListElement":[{"@type":"ListItem","position":1,"name":"Dom\u016f","item":"https:\/\/www.comenia-script.com\/sk\/"},{"@type":"ListItem","position":2,"name":"Naj\u010dastej\u0161ie ot\u00e1zky"}]},{"@type":"WebSite","@id":"https:\/\/www.comenia-script.com\/#website","url":"https:\/\/www.comenia-script.com\/","name":"Comenia Script\u00ae","description":"psac\u00ed p\u00edsmo pro d\u011bti","publisher":{"@id":"https:\/\/www.comenia-script.com\/#organization"},"potentialAction":[{"@type":"SearchAction","target":{"@type":"EntryPoint","urlTemplate":"https:\/\/www.comenia-script.com\/?s={search_term_string}"},"query-input":{"@type":"PropertyValueSpecification","valueRequired":true,"valueName":"search_term_string"}}],"inLanguage":"sk-SK"},{"@type":"Organization","@id":"https:\/\/www.comenia-script.com\/#organization","name":"Comenia Script\u00ae","url":"https:\/\/www.comenia-script.com\/","logo":{"@type":"ImageObject","inLanguage":"sk-SK","@id":"https:\/\/www.comenia-script.com\/#\/schema\/logo\/image\/","url":"https:\/\/www.comenia-script.com\/wp-content\/uploads\/2020\/11\/cropped-logo_CS_napis_03_54pxl_240.jpg","contentUrl":"https:\/\/www.comenia-script.com\/wp-content\/uploads\/2020\/11\/cropped-logo_CS_napis_03_54pxl_240.jpg","width":275,"height":54,"caption":"Comenia Script\u00ae"},"image":{"@id":"https:\/\/www.comenia-script.com\/#\/schema\/logo\/image\/"},"sameAs":["https:\/\/cs.wikipedia.org\/wiki\/Comenia_Script"]}]}},"jetpack_sharing_enabled":true,"_links":{"self":[{"href":"https:\/\/www.comenia-script.com\/sk\/wp-json\/wp\/v2\/pages\/978","targetHints":{"allow":["GET"]}}],"collection":[{"href":"https:\/\/www.comenia-script.com\/sk\/wp-json\/wp\/v2\/pages"}],"about":[{"href":"https:\/\/www.comenia-script.com\/sk\/wp-json\/wp\/v2\/types\/page"}],"author":[{"embeddable":true,"href":"https:\/\/www.comenia-script.com\/sk\/wp-json\/wp\/v2\/users\/2"}],"replies":[{"embeddable":true,"href":"https:\/\/www.comenia-script.com\/sk\/wp-json\/wp\/v2\/comments?post=978"}],"version-history":[{"count":14,"href":"https:\/\/www.comenia-script.com\/sk\/wp-json\/wp\/v2\/pages\/978\/revisions"}],"predecessor-version":[{"id":2368,"href":"https:\/\/www.comenia-script.com\/sk\/wp-json\/wp\/v2\/pages\/978\/revisions\/2368"}],"wp:attachment":[{"href":"https:\/\/www.comenia-script.com\/sk\/wp-json\/wp\/v2\/media?parent=978"}],"curies":[{"name":"wp","href":"https:\/\/api.w.org\/{rel}","templated":true}]}}