{"id":970,"date":"2020-10-15T17:58:59","date_gmt":"2020-10-15T15:58:59","guid":{"rendered":"http:\/\/www.comenia-script.com\/seminare-a-skoleni-on-line-webinar-comenia-script\/"},"modified":"2026-02-05T01:22:04","modified_gmt":"2026-02-05T00:22:04","slug":"seminare-a-skoleni-on-line-webinar-comenia-script","status":"publish","type":"page","link":"https:\/\/www.comenia-script.com\/sk\/seminare-a-skoleni-on-line-webinar-comenia-script\/","title":{"rendered":"Semin\u00e1re a \u0161kolenia"},"content":{"rendered":"\n<div class=\"wp-block-cover alignfull is-light\"><img loading=\"lazy\" decoding=\"async\" width=\"9568\" height=\"6656\" class=\"wp-block-cover__image-background wp-image-262\" alt=\"\" src=\"https:\/\/www.comenia-script.com\/wp-content\/uploads\/2020\/10\/Depositphotos_175046970_ds.jpg\" data-object-fit=\"cover\" srcset=\"https:\/\/www.comenia-script.com\/wp-content\/uploads\/2020\/10\/Depositphotos_175046970_ds.jpg 9568w, https:\/\/www.comenia-script.com\/wp-content\/uploads\/2020\/10\/Depositphotos_175046970_ds-300x209.jpg 300w, https:\/\/www.comenia-script.com\/wp-content\/uploads\/2020\/10\/Depositphotos_175046970_ds-768x534.jpg 768w\" sizes=\"auto, (max-width: 9568px) 100vw, 9568px\" \/><span aria-hidden=\"true\" class=\"wp-block-cover__background has-background-dim-30 has-background-dim\"><\/span><div class=\"wp-block-cover__inner-container is-layout-flow wp-block-cover-is-layout-flow\">\n<p class=\"has-text-align-center has-white-color has-text-color has-3-xl-font-size\">M\u00e1te chu\u0165 absolvova\u0165 on-line webin\u00e1r Comenia Script<sup>\u00ae<\/sup> z pohodlia domova?<\/p>\n<\/div><\/div>\n\n\n\n<div style=\"height:34px\" aria-hidden=\"true\" class=\"wp-block-spacer\"><\/div>\n\n\n\n<p class=\"has-xl-font-size\"><strong><mark style=\"background-color:rgba(0, 0, 0, 0)\" class=\"has-inline-color has-dark-color\">P\u00edsmo Comenia Script<sup>\u00ae<\/sup> v praxi<br><\/mark><\/strong><mark style=\"background-color:rgba(0, 0, 0, 0)\" class=\"has-inline-color has-dark-color\">\/ Certifikovan\u00e9 metodick\u00e9 \u0161kolenie k nespojit\u00e9mu p\u00edsmu<\/mark><\/p>\n\n\n\n<hr class=\"wp-block-separator has-alpha-channel-opacity\"\/>\n\n\n\n<p><strong>On-line webin\u00e1r &#8211; Comenia Script\u00ae pre Z\u0160<\/strong><br>Term\u00edn: 03.\u201304. marec 2026, 14:00\u201317:00<br>Forma: online cez ZOOM<br><a href=\"https:\/\/www.indicia.sk\/aktivity\/comenia-script\/comenia-script-pre-zs-032026-online\" target=\"_blank\" rel=\"noreferrer noopener\">Viac info a prihl\u00e1\u0161ka<\/a><\/p>\n\n\n\n<hr class=\"wp-block-separator has-alpha-channel-opacity\"\/>\n\n\n\n<p><strong>On-line webin\u00e1r &#8211; Kde kon\u010d\u00ed kresba a za\u010d\u00edna p\u00edsmo?<\/strong><br>Term\u00edn: 10. marec 2026, 15:00\u201318:00<br>Forma: online cez ZOOM<br><a href=\"https:\/\/www.indicia.sk\/aktivity\/comenia-script\/kde-konci-kresba-a-zacina-pismo-032026-online\" target=\"_blank\" rel=\"noreferrer noopener\">Viac info a prihl\u00e1\u0161ka<\/a><\/p>\n\n\n\n<hr class=\"wp-block-separator has-alpha-channel-opacity\"\/>\n\n\n\n<p><strong>On-line webin\u00e1r &#8211; Comenia Script\u00ae doma i v \u0161kole<\/strong><br>Term\u00edn: 27. apr\u00edl 2026, 15:00\u201316:00<br>Forma: online cez ZOOM<br><a href=\"https:\/\/www.indicia.sk\/aktivity\/comenia-script\/comenia-script-doma-i-v-skole-042026-informacny-webinar\" target=\"_blank\" rel=\"noreferrer noopener\">Viac info a prihl\u00e1\u0161ka<\/a><\/p>\n\n\n\n<hr class=\"wp-block-separator has-alpha-channel-opacity\"\/>\n\n\n\n<p>Webin\u00e1re a \u0161kolenia organizovan\u00e9 na Slovensku vedie slovensk\u00e1 lektorka v sloven\u010dine.<br>Mgr. Andrea Cinegov\u00e1<br>Kontakt: Ind\u00edcia, n.o.<br><a href=\"https:\/\/www.indicia.sk\/aktivity\/comenia-script\">indicia@indicia.sk<\/a><br><a href=\"https:\/\/www.indicia.sk\/aktivity\/comenia-script\" target=\"_blank\" rel=\"noreferrer noopener\">indicia.sk\/aktivity\/comenia-script<\/a><\/p>\n\n\n\n<blockquote class=\"wp-block-quote is-layout-flow wp-block-quote-is-layout-flow\">\n<p><em>TIP:<em> Ak je na va\u0161ej \u0161kole viac pedag\u00f3gov, ktor\u00ed by chceli by\u0165 pre\u0161kolen\u00ed, je mo\u017en\u00e9 dohodn\u00fa\u0165 praktick\u00fd semin\u00e1r priamo na va\u0161ej \u0161kole.<\/em><\/em><\/p>\n<\/blockquote>\n","protected":false},"excerpt":{"rendered":"<p>P\u00edsmo Comenia Script\u00ae v praxi\/ Certifikovan\u00e9 metodick\u00e9 \u0161kolenie k nespojit\u00e9mu p\u00edsmu On-line webin\u00e1r &#8211; Comenia Script\u00ae pre Z\u0160Term\u00edn: 03.\u201304. marec 2026, 14:00\u201317:00Forma: online cez ZOOMViac info a prihl\u00e1\u0161ka On-line webin\u00e1r &#8211; Kde kon\u010d\u00ed kresba a za\u010d\u00edna p\u00edsmo?Term\u00edn: 10. marec 2026, 15:00\u201318:00Forma: online cez ZOOMViac info a prihl\u00e1\u0161ka On-line webin\u00e1r &#8211; Comenia Script\u00ae doma i v&hellip;<\/p>\n<p class=\"more\"><a class=\"more-link\" href=\"https:\/\/www.comenia-script.com\/sk\/seminare-a-skoleni-on-line-webinar-comenia-script\/\">Continue reading <span class=\"screen-reader-text\">Semin\u00e1re a \u0161kolenia<\/span><\/a><\/p>\n","protected":false},"author":2,"featured_media":0,"parent":0,"menu_order":0,"comment_status":"closed","ping_status":"closed","template":"","meta":{"footnotes":""},"class_list":["post-970","page","type-page","status-publish","hentry","entry"],"yoast_head":"<!-- This site is optimized with the Yoast SEO plugin v27.5 - https:\/\/yoast.com\/product\/yoast-seo-wordpress\/ -->\n<title>Semin\u00e1re a \u0161kolenia - Comenia Script\u00ae<\/title>\n<meta name=\"description\" content=\"M\u00e1te chu\u0165 absolvovat on-line webin\u00e1\u0159 Comenia Script\u00ae z pohodl\u00ed domova? Pokud je na va\u0161\u00ed \u0161kole v\u00edce pedagog\u016f, kte\u0159\u00ed by cht\u011bli b\u00fdt pro\u0161koleni, je mo\u017en\u00e9 domluvit praktick\u00fd semin\u00e1\u0159 p\u0159\u00edmo na va\u0161\u00ed \u0161kole. Webin\u00e1\u0159e a \u0161kolen\u00ed po\u0159\u00e1dan\u00e9 na Slovensku vede slovensk\u00e1 lektorka ve sloven\u0161tin\u011b.\" \/>\n<meta name=\"robots\" content=\"index, follow, max-snippet:-1, max-image-preview:large, max-video-preview:-1\" \/>\n<link rel=\"canonical\" href=\"https:\/\/www.comenia-script.com\/sk\/seminare-a-skoleni-on-line-webinar-comenia-script\/\" \/>\n<meta property=\"og:locale\" content=\"sk_SK\" \/>\n<meta property=\"og:type\" content=\"article\" \/>\n<meta property=\"og:title\" content=\"Comenia Script Semin\u00e1re a \u0161kolenia\" \/>\n<meta property=\"og:description\" content=\"M\u00e1te chu\u0165 absolvovat on-line webin\u00e1\u0159 Comenia Script\u00ae z pohodl\u00ed domova? Pokud je na va\u0161\u00ed \u0161kole v\u00edce pedagog\u016f, kte\u0159\u00ed by cht\u011bli b\u00fdt pro\u0161koleni, je mo\u017en\u00e9 domluvit praktick\u00fd semin\u00e1\u0159 p\u0159\u00edmo na va\u0161\u00ed \u0161kole. Webin\u00e1\u0159e a \u0161kolen\u00ed po\u0159\u00e1dan\u00e9 na Slovensku vede slovensk\u00e1 lektorka ve sloven\u0161tin\u011b.\" \/>\n<meta property=\"og:url\" content=\"https:\/\/www.comenia-script.com\/sk\/seminare-a-skoleni-on-line-webinar-comenia-script\/\" \/>\n<meta property=\"og:site_name\" content=\"Comenia Script\u00ae\" \/>\n<meta property=\"article:modified_time\" content=\"2026-02-05T00:22:04+00:00\" \/>\n<meta property=\"og:image\" content=\"http:\/\/www.comenia-script.com\/wp-content\/uploads\/2020\/11\/profil_obrazek_01-scaled.jpg\" \/>\n\t<meta property=\"og:image:width\" content=\"2560\" \/>\n\t<meta property=\"og:image:height\" content=\"974\" \/>\n\t<meta property=\"og:image:type\" content=\"image\/jpeg\" \/>\n<meta name=\"twitter:card\" content=\"summary_large_image\" \/>\n<meta name=\"twitter:label1\" content=\"Predpokladan\u00fd \u010das \u010d\u00edtania\" \/>\n\t<meta name=\"twitter:data1\" content=\"1 min\u00fata\" \/>\n<script type=\"application\/ld+json\" class=\"yoast-schema-graph\">{\"@context\":\"https:\\\/\\\/schema.org\",\"@graph\":[{\"@type\":\"WebPage\",\"@id\":\"https:\\\/\\\/www.comenia-script.com\\\/sk\\\/seminare-a-skoleni-on-line-webinar-comenia-script\\\/\",\"url\":\"https:\\\/\\\/www.comenia-script.com\\\/sk\\\/seminare-a-skoleni-on-line-webinar-comenia-script\\\/\",\"name\":\"Semin\u00e1re a \u0161kolenia - Comenia Script\u00ae\",\"isPartOf\":{\"@id\":\"https:\\\/\\\/www.comenia-script.com\\\/#website\"},\"primaryImageOfPage\":{\"@id\":\"https:\\\/\\\/www.comenia-script.com\\\/sk\\\/seminare-a-skoleni-on-line-webinar-comenia-script\\\/#primaryimage\"},\"image\":{\"@id\":\"https:\\\/\\\/www.comenia-script.com\\\/sk\\\/seminare-a-skoleni-on-line-webinar-comenia-script\\\/#primaryimage\"},\"thumbnailUrl\":\"https:\\\/\\\/www.comenia-script.com\\\/wp-content\\\/uploads\\\/2020\\\/10\\\/Depositphotos_175046970_ds.jpg\",\"datePublished\":\"2020-10-15T15:58:59+00:00\",\"dateModified\":\"2026-02-05T00:22:04+00:00\",\"description\":\"M\u00e1te chu\u0165 absolvovat on-line webin\u00e1\u0159 Comenia Script\u00ae z pohodl\u00ed domova? Pokud je na va\u0161\u00ed \u0161kole v\u00edce pedagog\u016f, kte\u0159\u00ed by cht\u011bli b\u00fdt pro\u0161koleni, je mo\u017en\u00e9 domluvit praktick\u00fd semin\u00e1\u0159 p\u0159\u00edmo na va\u0161\u00ed \u0161kole. Webin\u00e1\u0159e a \u0161kolen\u00ed po\u0159\u00e1dan\u00e9 na Slovensku vede slovensk\u00e1 lektorka ve sloven\u0161tin\u011b.\",\"breadcrumb\":{\"@id\":\"https:\\\/\\\/www.comenia-script.com\\\/sk\\\/seminare-a-skoleni-on-line-webinar-comenia-script\\\/#breadcrumb\"},\"inLanguage\":\"sk-SK\",\"potentialAction\":[{\"@type\":\"ReadAction\",\"target\":[\"https:\\\/\\\/www.comenia-script.com\\\/sk\\\/seminare-a-skoleni-on-line-webinar-comenia-script\\\/\"]}]},{\"@type\":\"ImageObject\",\"inLanguage\":\"sk-SK\",\"@id\":\"https:\\\/\\\/www.comenia-script.com\\\/sk\\\/seminare-a-skoleni-on-line-webinar-comenia-script\\\/#primaryimage\",\"url\":\"https:\\\/\\\/www.comenia-script.com\\\/wp-content\\\/uploads\\\/2020\\\/10\\\/Depositphotos_175046970_ds.jpg\",\"contentUrl\":\"https:\\\/\\\/www.comenia-script.com\\\/wp-content\\\/uploads\\\/2020\\\/10\\\/Depositphotos_175046970_ds.jpg\"},{\"@type\":\"BreadcrumbList\",\"@id\":\"https:\\\/\\\/www.comenia-script.com\\\/sk\\\/seminare-a-skoleni-on-line-webinar-comenia-script\\\/#breadcrumb\",\"itemListElement\":[{\"@type\":\"ListItem\",\"position\":1,\"name\":\"Dom\u016f\",\"item\":\"https:\\\/\\\/www.comenia-script.com\\\/sk\\\/\"},{\"@type\":\"ListItem\",\"position\":2,\"name\":\"Semin\u00e1re a \u0161kolenia\"}]},{\"@type\":\"WebSite\",\"@id\":\"https:\\\/\\\/www.comenia-script.com\\\/#website\",\"url\":\"https:\\\/\\\/www.comenia-script.com\\\/\",\"name\":\"Comenia Script\u00ae\",\"description\":\"psac\u00ed p\u00edsmo pro d\u011bti\",\"publisher\":{\"@id\":\"https:\\\/\\\/www.comenia-script.com\\\/#organization\"},\"potentialAction\":[{\"@type\":\"SearchAction\",\"target\":{\"@type\":\"EntryPoint\",\"urlTemplate\":\"https:\\\/\\\/www.comenia-script.com\\\/?s={search_term_string}\"},\"query-input\":{\"@type\":\"PropertyValueSpecification\",\"valueRequired\":true,\"valueName\":\"search_term_string\"}}],\"inLanguage\":\"sk-SK\"},{\"@type\":\"Organization\",\"@id\":\"https:\\\/\\\/www.comenia-script.com\\\/#organization\",\"name\":\"Comenia Script\u00ae\",\"url\":\"https:\\\/\\\/www.comenia-script.com\\\/\",\"logo\":{\"@type\":\"ImageObject\",\"inLanguage\":\"sk-SK\",\"@id\":\"https:\\\/\\\/www.comenia-script.com\\\/#\\\/schema\\\/logo\\\/image\\\/\",\"url\":\"https:\\\/\\\/www.comenia-script.com\\\/wp-content\\\/uploads\\\/2020\\\/11\\\/cropped-logo_CS_napis_03_54pxl_240.jpg\",\"contentUrl\":\"https:\\\/\\\/www.comenia-script.com\\\/wp-content\\\/uploads\\\/2020\\\/11\\\/cropped-logo_CS_napis_03_54pxl_240.jpg\",\"width\":275,\"height\":54,\"caption\":\"Comenia Script\u00ae\"},\"image\":{\"@id\":\"https:\\\/\\\/www.comenia-script.com\\\/#\\\/schema\\\/logo\\\/image\\\/\"},\"sameAs\":[\"https:\\\/\\\/cs.wikipedia.org\\\/wiki\\\/Comenia_Script\"]}]}<\/script>\n<!-- \/ Yoast SEO plugin. -->","yoast_head_json":{"title":"Semin\u00e1re a \u0161kolenia - Comenia Script\u00ae","description":"M\u00e1te chu\u0165 absolvovat on-line webin\u00e1\u0159 Comenia Script\u00ae z pohodl\u00ed domova? Pokud je na va\u0161\u00ed \u0161kole v\u00edce pedagog\u016f, kte\u0159\u00ed by cht\u011bli b\u00fdt pro\u0161koleni, je mo\u017en\u00e9 domluvit praktick\u00fd semin\u00e1\u0159 p\u0159\u00edmo na va\u0161\u00ed \u0161kole. Webin\u00e1\u0159e a \u0161kolen\u00ed po\u0159\u00e1dan\u00e9 na Slovensku vede slovensk\u00e1 lektorka ve sloven\u0161tin\u011b.","robots":{"index":"index","follow":"follow","max-snippet":"max-snippet:-1","max-image-preview":"max-image-preview:large","max-video-preview":"max-video-preview:-1"},"canonical":"https:\/\/www.comenia-script.com\/sk\/seminare-a-skoleni-on-line-webinar-comenia-script\/","og_locale":"sk_SK","og_type":"article","og_title":"Comenia Script Semin\u00e1re a \u0161kolenia","og_description":"M\u00e1te chu\u0165 absolvovat on-line webin\u00e1\u0159 Comenia Script\u00ae z pohodl\u00ed domova? Pokud je na va\u0161\u00ed \u0161kole v\u00edce pedagog\u016f, kte\u0159\u00ed by cht\u011bli b\u00fdt pro\u0161koleni, je mo\u017en\u00e9 domluvit praktick\u00fd semin\u00e1\u0159 p\u0159\u00edmo na va\u0161\u00ed \u0161kole. Webin\u00e1\u0159e a \u0161kolen\u00ed po\u0159\u00e1dan\u00e9 na Slovensku vede slovensk\u00e1 lektorka ve sloven\u0161tin\u011b.","og_url":"https:\/\/www.comenia-script.com\/sk\/seminare-a-skoleni-on-line-webinar-comenia-script\/","og_site_name":"Comenia Script\u00ae","article_modified_time":"2026-02-05T00:22:04+00:00","og_image":[{"width":2560,"height":974,"url":"http:\/\/www.comenia-script.com\/wp-content\/uploads\/2020\/11\/profil_obrazek_01-scaled.jpg","type":"image\/jpeg"}],"twitter_card":"summary_large_image","twitter_misc":{"Predpokladan\u00fd \u010das \u010d\u00edtania":"1 min\u00fata"},"schema":{"@context":"https:\/\/schema.org","@graph":[{"@type":"WebPage","@id":"https:\/\/www.comenia-script.com\/sk\/seminare-a-skoleni-on-line-webinar-comenia-script\/","url":"https:\/\/www.comenia-script.com\/sk\/seminare-a-skoleni-on-line-webinar-comenia-script\/","name":"Semin\u00e1re a \u0161kolenia - Comenia Script\u00ae","isPartOf":{"@id":"https:\/\/www.comenia-script.com\/#website"},"primaryImageOfPage":{"@id":"https:\/\/www.comenia-script.com\/sk\/seminare-a-skoleni-on-line-webinar-comenia-script\/#primaryimage"},"image":{"@id":"https:\/\/www.comenia-script.com\/sk\/seminare-a-skoleni-on-line-webinar-comenia-script\/#primaryimage"},"thumbnailUrl":"https:\/\/www.comenia-script.com\/wp-content\/uploads\/2020\/10\/Depositphotos_175046970_ds.jpg","datePublished":"2020-10-15T15:58:59+00:00","dateModified":"2026-02-05T00:22:04+00:00","description":"M\u00e1te chu\u0165 absolvovat on-line webin\u00e1\u0159 Comenia Script\u00ae z pohodl\u00ed domova? Pokud je na va\u0161\u00ed \u0161kole v\u00edce pedagog\u016f, kte\u0159\u00ed by cht\u011bli b\u00fdt pro\u0161koleni, je mo\u017en\u00e9 domluvit praktick\u00fd semin\u00e1\u0159 p\u0159\u00edmo na va\u0161\u00ed \u0161kole. Webin\u00e1\u0159e a \u0161kolen\u00ed po\u0159\u00e1dan\u00e9 na Slovensku vede slovensk\u00e1 lektorka ve sloven\u0161tin\u011b.","breadcrumb":{"@id":"https:\/\/www.comenia-script.com\/sk\/seminare-a-skoleni-on-line-webinar-comenia-script\/#breadcrumb"},"inLanguage":"sk-SK","potentialAction":[{"@type":"ReadAction","target":["https:\/\/www.comenia-script.com\/sk\/seminare-a-skoleni-on-line-webinar-comenia-script\/"]}]},{"@type":"ImageObject","inLanguage":"sk-SK","@id":"https:\/\/www.comenia-script.com\/sk\/seminare-a-skoleni-on-line-webinar-comenia-script\/#primaryimage","url":"https:\/\/www.comenia-script.com\/wp-content\/uploads\/2020\/10\/Depositphotos_175046970_ds.jpg","contentUrl":"https:\/\/www.comenia-script.com\/wp-content\/uploads\/2020\/10\/Depositphotos_175046970_ds.jpg"},{"@type":"BreadcrumbList","@id":"https:\/\/www.comenia-script.com\/sk\/seminare-a-skoleni-on-line-webinar-comenia-script\/#breadcrumb","itemListElement":[{"@type":"ListItem","position":1,"name":"Dom\u016f","item":"https:\/\/www.comenia-script.com\/sk\/"},{"@type":"ListItem","position":2,"name":"Semin\u00e1re a \u0161kolenia"}]},{"@type":"WebSite","@id":"https:\/\/www.comenia-script.com\/#website","url":"https:\/\/www.comenia-script.com\/","name":"Comenia Script\u00ae","description":"psac\u00ed p\u00edsmo pro d\u011bti","publisher":{"@id":"https:\/\/www.comenia-script.com\/#organization"},"potentialAction":[{"@type":"SearchAction","target":{"@type":"EntryPoint","urlTemplate":"https:\/\/www.comenia-script.com\/?s={search_term_string}"},"query-input":{"@type":"PropertyValueSpecification","valueRequired":true,"valueName":"search_term_string"}}],"inLanguage":"sk-SK"},{"@type":"Organization","@id":"https:\/\/www.comenia-script.com\/#organization","name":"Comenia Script\u00ae","url":"https:\/\/www.comenia-script.com\/","logo":{"@type":"ImageObject","inLanguage":"sk-SK","@id":"https:\/\/www.comenia-script.com\/#\/schema\/logo\/image\/","url":"https:\/\/www.comenia-script.com\/wp-content\/uploads\/2020\/11\/cropped-logo_CS_napis_03_54pxl_240.jpg","contentUrl":"https:\/\/www.comenia-script.com\/wp-content\/uploads\/2020\/11\/cropped-logo_CS_napis_03_54pxl_240.jpg","width":275,"height":54,"caption":"Comenia Script\u00ae"},"image":{"@id":"https:\/\/www.comenia-script.com\/#\/schema\/logo\/image\/"},"sameAs":["https:\/\/cs.wikipedia.org\/wiki\/Comenia_Script"]}]}},"jetpack_sharing_enabled":true,"_links":{"self":[{"href":"https:\/\/www.comenia-script.com\/sk\/wp-json\/wp\/v2\/pages\/970","targetHints":{"allow":["GET"]}}],"collection":[{"href":"https:\/\/www.comenia-script.com\/sk\/wp-json\/wp\/v2\/pages"}],"about":[{"href":"https:\/\/www.comenia-script.com\/sk\/wp-json\/wp\/v2\/types\/page"}],"author":[{"embeddable":true,"href":"https:\/\/www.comenia-script.com\/sk\/wp-json\/wp\/v2\/users\/2"}],"replies":[{"embeddable":true,"href":"https:\/\/www.comenia-script.com\/sk\/wp-json\/wp\/v2\/comments?post=970"}],"version-history":[{"count":82,"href":"https:\/\/www.comenia-script.com\/sk\/wp-json\/wp\/v2\/pages\/970\/revisions"}],"predecessor-version":[{"id":3593,"href":"https:\/\/www.comenia-script.com\/sk\/wp-json\/wp\/v2\/pages\/970\/revisions\/3593"}],"wp:attachment":[{"href":"https:\/\/www.comenia-script.com\/sk\/wp-json\/wp\/v2\/media?parent=970"}],"curies":[{"name":"wp","href":"https:\/\/api.w.org\/{rel}","templated":true}]}}