{"id":963,"date":"2020-11-08T20:16:20","date_gmt":"2020-11-08T19:16:20","guid":{"rendered":"http:\/\/www.comenia-script.com\/informace-pro-skoly\/"},"modified":"2021-04-21T10:57:46","modified_gmt":"2021-04-21T08:57:46","slug":"informace-pro-skoly","status":"publish","type":"page","link":"https:\/\/www.comenia-script.com\/sk\/informace-pro-skoly\/","title":{"rendered":"Inform\u00e1cie pre \u0161koly"},"content":{"rendered":"\n<div class=\"wp-block-cover alignfull has-background-dim-30 has-background-dim\" style=\"background-image:url(https:\/\/www.comenia-script.com\/wp-content\/uploads\/2020\/11\/P1180381-u.jpg);background-position:50% 41%\"><div class=\"wp-block-cover__inner-container is-layout-flow wp-block-cover-is-layout-flow\">\n<p class=\"has-text-align-center has-3-xl-font-size\">Ste rozhodnut\u00ed vyu\u010dova\u0165 na va\u0161ej \u0161kole p\u00edsmo Comenia Script<sup>\u00ae<\/sup> alebo o tom uva\u017eujete?<\/p>\n<\/div><\/div>\n\n\n\n<p><\/p>\n\n\n\n<p><strong><span class=\"has-inline-color has-dark-color\"><strong>Je v\u00fdu\u010dba p\u00edsma Comenia Script<sup>\u00ae<\/sup> podmienen\u00e1 s\u00fahlasom rodi\u010dov?<\/strong><\/span><\/strong><br>\u0160kola mus\u00ed Comenia Script<sup>\u00ae<\/sup> zapracova\u0165 do \u0161kolsk\u00e9ho vzdel\u00e1vacieho programu (\u0160kVP). Pokia\u013e m\u00e1 preuk\u00e1zate\u013en\u00fd doklad na to, \u017ee v\u0161etci rodi\u010dia boli so \u0160kVP obozn\u00e1men\u00ed a upozornen\u00ed na t\u00fato skuto\u010dnos\u0165 v \u0148om, nemus\u00ed u\u017e vy\u017eadova\u0165 \u010fal\u0161\u00ed podpis rodi\u010dov. Ak v\u0161ak \u0161kola bude chcie\u0165 e\u0161te podpis rodi\u010dov zvl\u00e1\u0161\u0165, m\u00f4\u017ee ho vy\u017eadova\u0165. V\u0161etko z\u00e1le\u017e\u00ed na rozhodnut\u00ed riadite\u013ea \u0161koly.<\/p>\n\n\n\n<p><strong><span class=\"has-inline-color has-dark-color\">J<strong>e nutn\u00e9, aby vyu\u010duj\u00faci pre\u0161iel nejak\u00fdm \u0161kolen\u00edm?<\/strong><\/span><br><\/strong>Vyu\u010duj\u00faci, ktor\u00fd by chcel u\u010di\u0165 p\u00edsacie p\u00edsmo Comenia Script<sup>\u00ae<\/sup>, by mal prejs\u0165 \u0161kolen\u00edm \u2013 Praktick\u00fdm semin\u00e1rom Comenia Script<sup>\u00ae<\/sup>, ktor\u00e9ho s\u00fa\u010das\u0165ou je aj testovanie. Po \u00faspe\u0161nom testovan\u00ed dostan\u00fa u\u010ditelia od organiz\u00e1tora \u0161kolenia osved\u010denie.<\/p>\n\n\n\n<p><strong><span class=\"has-inline-color has-dark-color\"><strong>Kedy sa bud\u00fa semin\u00e1re kona\u0165?<\/strong><\/span><\/strong><br>Na rok 2020\/2021 sa pl\u00e1nuje nieko\u013eko Praktick\u00fdch semin\u00e1rov Comenia Script<sup>\u00ae<\/sup> alebo webin\u00e1rov. Praktick\u00e9 semin\u00e1re na Slovensku usporad\u00fava vzdel\u00e1vacia organiz\u00e1cia Ind\u00edcia n.o. (<a href=\"http:\/\/www.indicia.sk\">www.indicia.sk<\/a>).<\/p>\n\n\n\n<p>V tomto roku sa zameriame aj na dvojd\u0148ov\u00e9 on-line webin\u00e1re, ktor\u00e9 bud\u00fa ma\u0165 rovnak\u00fd rozsah ako predch\u00e1dzaj\u00face jednod\u0148ov\u00e9 semin\u00e1re. Aktu\u00e1lnu ponuku semin\u00e1rov n\u00e1jdete na \u00favodnej str\u00e1nke alebo v sekcii <a href=\"https:\/\/www.comenia-script.com\/sk\/seminare-a-skoleni-on-line-webinar-comenia-script\/\">,,Semin\u00e1re a \u0161kolenia\u201d<\/a>. Ak je na va\u0161ej \u0161kole viac pedag\u00f3gov, ktor\u00ed by chceli by\u0165 pre\u0161kolen\u00ed, je mo\u017en\u00e9 dohodn\u00fa\u0165 praktick\u00fd semin\u00e1r priamo na va\u0161ej \u0161kole.<\/p>\n\n\n\n<div class=\"wp-block-image\"><figure class=\"aligncenter size-large is-resized\"><img loading=\"lazy\" decoding=\"async\" src=\"https:\/\/www.comenia-script.com\/wp-content\/uploads\/2020\/11\/P1160938_u-1024x466.jpg\" alt=\"\" class=\"wp-image-1389\" width=\"624\" height=\"283\" srcset=\"https:\/\/www.comenia-script.com\/wp-content\/uploads\/2020\/11\/P1160938_u-1024x466.jpg 1024w, https:\/\/www.comenia-script.com\/wp-content\/uploads\/2020\/11\/P1160938_u-300x136.jpg 300w, https:\/\/www.comenia-script.com\/wp-content\/uploads\/2020\/11\/P1160938_u-768x349.jpg 768w, https:\/\/www.comenia-script.com\/wp-content\/uploads\/2020\/11\/P1160938_u-1536x699.jpg 1536w, https:\/\/www.comenia-script.com\/wp-content\/uploads\/2020\/11\/P1160938_u.jpg 1822w\" sizes=\"auto, (max-width: 624px) 100vw, 624px\" \/><\/figure><\/div>\n\n\n\n<p><strong><span class=\"has-inline-color has-dark-color\"><strong>Ako je to pri tomto p\u00edsme s u\u010debnicami? Nem\u00e4tie to nejako deti, ke\u010f sa v nich objavuje star\u00e9 p\u00edsacie p\u00edsmo, alebo sta\u010d\u00ed len upozorni\u0165, \u017ee my sa u\u010d\u00edme p\u00edsa\u0165 inak?<\/strong><\/span><\/strong><br>Spolo\u010dne s v\u00fdu\u010dbou p\u00edsma Comenia Script<sup>\u00ae<\/sup> mo\u017eno pou\u017e\u00edva\u0165 aj \u0161labik\u00e1r, ktor\u00fd obsahuje star\u0161ie viazan\u00e9 p\u00edsmo. Pou\u017e\u00edval sa aj po\u010das pilotn\u00e9ho overovania. \u017diakov je potrebn\u00e9 upozorni\u0165, \u017ee sa jedn\u00e1 o\u00a0p\u00edsmo, ktor\u00e9 sa u\u010dia ich spolu\u017eiaci alebo sa ho u\u010dili rodi\u010dia, a \u017ee sa st\u00e1le pou\u017e\u00edva. To, \u017ee sa s p\u00edsmom takto zozn\u00e1mia, m\u00e1 aj svoje v\u00fdhody \u2013 postupne sa ho nau\u010dia pre\u010d\u00edta\u0165. Toto je samozrejme aj n\u00e1pl\u0148ou v\u00fdu\u010dby p\u00edsma Comenia Script<sup>\u00ae<\/sup>, ale a\u017e nesk\u00f4r, ke\u010f si \u017eiaci plne osvoja p\u00edsanie p\u00edsmom Comenia Script<sup>\u00ae<\/sup>. V tejto \u00falohe sa v\u0161ak postupuje individu\u00e1lne, pod\u013ea schopnost\u00ed \u017eiaka.<\/p>\n\n\n\n<p><strong><span class=\"has-inline-color has-dark-color\"><strong>Ako kona\u0165 pri prestupe \u017eiaka na in\u00fa \u0161kolu, kde sa neu\u010dia Comenia Script<sup>\u00ae<\/sup>?<\/strong><\/span><\/strong><br>\u017diaci, ktor\u00ed sa u\u010dili p\u00edsa\u0165 Comenia Script<sup>\u00ae<\/sup> by mali pokra\u010dova\u0165 v p\u00edsme, ktor\u00e9 sa nau\u010dili \u2013 teda v p\u00edsme Comenia Script<sup>\u00ae<\/sup>. Do in\u00e9ho p\u00edsma ich nem\u00f4\u017ee nikto n\u00fati\u0165, a u\u017e v\u00f4bec nie preu\u010di\u0165! Rodi\u010dia by mali t\u00fato skuto\u010dnos\u0165 ozn\u00e1mi\u0165 v novej \u0161kole e\u0161te pred prestupom a zaisti\u0165 tak \u017eiakovi pokra\u010dovanie v tomto p\u00edsme.<\/p>\n\n\n\n<p><strong><span class=\"has-inline-color has-dark-color\"><strong>Podpisovanie det\u00ed na \u00faradoch \u2013 m\u00f4\u017eu pou\u017e\u00edva\u0165 podpis v p\u00edsme Comenia Script<sup>\u00ae<\/sup>, ktor\u00fd sa nau\u010dili?<\/strong><\/span><\/strong><br>Pr\u00e1vne predpisy neupravuj\u00fa, \u010do treba rozumie\u0165 podpisom, ani nestanovuje jeho form\u00e1lne n\u00e1le\u017eitosti. Podpis je spravidla s\u00fa\u010das\u0165ou pr\u00e1vneho \u00fakonu vykonan\u00e9ho v p\u00edsomnej forme a je podmienkou jeho platnosti \u2013 pod\u013ea \u00a7 40 ods. 3 z\u00e1kona \u010d. 40\/1964 Zb. Ob\u010diansky z\u00e1konn\u00edk, v znen\u00ed neskor\u0161\u00edch predpisov, plat\u00ed, \u017ee p\u00edsomn\u00fd pr\u00e1vny \u00fakon je platn\u00fd, ak je podp\u00edsan\u00fd konaj\u00facou osobou.<\/p>\n\n\n\n<blockquote class=\"wp-block-quote is-layout-flow wp-block-quote-is-layout-flow\"><p>Ak nie je pojem \u201epodpis\u201c v pr\u00e1vnych predpisoch definovan\u00fd, treba mu priradi\u0165 v\u0161eobecne uzn\u00e1van\u00fd v\u00fdznam. <\/p><\/blockquote>\n\n\n\n<p>Podpisom preto treba rozumie\u0165 najm\u00e4 ru\u010dne p\u00edsan\u00e9 meno a priezvisko, pr\u00edpadne iba priezvisko (za podpis v\u0161ak m\u00f4\u017ee by\u0165 pova\u017eovan\u00e9 aj ru\u010dne p\u00edsan\u00e9 meno \u010di ru\u010dne p\u00edsan\u00fd pseudonym, pod\u013ea konkr\u00e9tnych okolnost\u00ed). Podpis m\u00e1 okrem in\u00e9ho zaru\u010di\u0165 identifik\u00e1ciu podpisuj\u00facej sa osoby, preto\u017ee sa vych\u00e1dza z predpokladu, \u017ee ka\u017ed\u00fd \u010dlovek sa podpisuje \u0161pecifick\u00fdm, sebe vlastn\u00fdm sp\u00f4sobom. T\u00fdm je s\u00fa\u010dasne zaru\u010den\u00e1 aj pravos\u0165 podpisovan\u00e9ho dokumentu. Z toho v\u0161ak vypl\u00fdva, \u017ee podoba listu nem\u00f4\u017ee by\u0165 podpisuj\u00facemu sa vn\u00faten\u00e1 \u201ezvonku\u201c, ale je potrebn\u00e9 re\u0161pektova\u0165 jeho osobit\u00fa formu, sklon p\u00edsma, ve\u013ekos\u0165 p\u00edsma aj vo\u013ebu \u0161t\u00fdlu p\u00edsma. <\/p>\n\n\n\n<blockquote class=\"wp-block-quote is-layout-flow wp-block-quote-is-layout-flow\"><p>Podpis tak m\u00f4\u017ee by\u0165 uroben\u00fd <em>\u0161tandardn\u00fdm p\u00edsan\u00fdm p\u00edsmom, tla\u010den\u00fdm p\u00edsmom, p\u00edsmom Comenia Script<sup>\u00ae<\/sup> alebo in\u00fdm (v\u0161eobecne nedefinovan\u00fdm) \u0161t\u00fdlom p\u00edsma<\/em>, podpis m\u00f4\u017ee by\u0165 aj ne\u010ditate\u013en\u00fd, ak vykazuje aspo\u0148 minim\u00e1lne znaky podpisu (z celkovej podoby \u0165ahov by malo by\u0165 zrejm\u00e9, \u017ee sa jedn\u00e1 o podpis).<\/p><\/blockquote>\n\n\n\n<p>Ak platia uveden\u00e9 pravidl\u00e1 pre podpis ako n\u00e1le\u017eitos\u0165 pr\u00e1vneho \u00fakonu, t\u00fdm sk\u00f4r musia by\u0165 akceptovate\u013en\u00e9 pri tak\u00fdch podpisoch, ktor\u00e9 s\u00edce nie s\u00fa s\u00fa\u010das\u0165ou pr\u00e1vneho \u00fakonu, z najr\u00f4znej\u0161\u00edch d\u00f4vodov sa v\u0161ak vy\u017eaduj\u00fa, napr\u00edklad na identifik\u00e1ciu konkr\u00e9tnej osoby (\u010do je aj pr\u00edpad podpisu \u201edr\u017eite\u013ea cestovn\u00e9ho pasu\u201c, ak ide o malolet\u00e9 die\u0165a, ktor\u00e9 u\u017e vie p\u00edsa\u0165).<\/p>\n\n\n\n<hr class=\"wp-block-separator has-text-color has-background has-light-background-color has-light-color\"\/>\n\n\n\n<p><\/p>\n","protected":false},"excerpt":{"rendered":"<p>Je v\u00fdu\u010dba p\u00edsma Comenia Script\u00ae podmienen\u00e1 s\u00fahlasom rodi\u010dov?\u0160kola mus\u00ed Comenia Script\u00ae zapracova\u0165 do \u0161kolsk\u00e9ho vzdel\u00e1vacieho programu (\u0160kVP). Pokia\u013e m\u00e1 preuk\u00e1zate\u013en\u00fd doklad na to, \u017ee v\u0161etci rodi\u010dia boli so \u0160kVP obozn\u00e1men\u00ed a upozornen\u00ed na t\u00fato skuto\u010dnos\u0165 v \u0148om, nemus\u00ed u\u017e vy\u017eadova\u0165 \u010fal\u0161\u00ed podpis rodi\u010dov. Ak v\u0161ak \u0161kola bude chcie\u0165 e\u0161te podpis rodi\u010dov zvl\u00e1\u0161\u0165, m\u00f4\u017ee ho vy\u017eadova\u0165.&hellip;<\/p>\n<p class=\"more\"><a class=\"more-link\" href=\"https:\/\/www.comenia-script.com\/sk\/informace-pro-skoly\/\">Continue reading <span class=\"screen-reader-text\">Inform\u00e1cie pre \u0161koly<\/span><\/a><\/p>\n","protected":false},"author":2,"featured_media":0,"parent":0,"menu_order":0,"comment_status":"closed","ping_status":"closed","template":"","meta":{"footnotes":""},"class_list":["post-963","page","type-page","status-publish","hentry","entry"],"yoast_head":"<!-- This site is optimized with the Yoast SEO plugin v27.4 - https:\/\/yoast.com\/product\/yoast-seo-wordpress\/ -->\n<title>Inform\u00e1cie pre \u0161koly - Comenia Script\u00ae<\/title>\n<meta name=\"robots\" content=\"index, follow, max-snippet:-1, max-image-preview:large, max-video-preview:-1\" \/>\n<link rel=\"canonical\" href=\"https:\/\/www.comenia-script.com\/sk\/informace-pro-skoly\/\" \/>\n<meta property=\"og:locale\" content=\"sk_SK\" \/>\n<meta property=\"og:type\" content=\"article\" \/>\n<meta property=\"og:title\" content=\"Inform\u00e1cie pre \u0161koly - Comenia Script\u00ae\" \/>\n<meta property=\"og:description\" content=\"Je v\u00fdu\u010dba p\u00edsma Comenia Script\u00ae podmienen\u00e1 s\u00fahlasom rodi\u010dov?\u0160kola mus\u00ed Comenia Script\u00ae zapracova\u0165 do \u0161kolsk\u00e9ho vzdel\u00e1vacieho programu (\u0160kVP). Pokia\u013e m\u00e1 preuk\u00e1zate\u013en\u00fd doklad na to, \u017ee v\u0161etci rodi\u010dia boli so \u0160kVP obozn\u00e1men\u00ed a upozornen\u00ed na t\u00fato skuto\u010dnos\u0165 v \u0148om, nemus\u00ed u\u017e vy\u017eadova\u0165 \u010fal\u0161\u00ed podpis rodi\u010dov. Ak v\u0161ak \u0161kola bude chcie\u0165 e\u0161te podpis rodi\u010dov zvl\u00e1\u0161\u0165, m\u00f4\u017ee ho vy\u017eadova\u0165.&hellip;Continue reading Inform\u00e1cie pre \u0161koly\" \/>\n<meta property=\"og:url\" content=\"https:\/\/www.comenia-script.com\/sk\/informace-pro-skoly\/\" \/>\n<meta property=\"og:site_name\" content=\"Comenia Script\u00ae\" \/>\n<meta property=\"article:modified_time\" content=\"2021-04-21T08:57:46+00:00\" \/>\n<meta property=\"og:image\" content=\"https:\/\/www.comenia-script.com\/wp-content\/uploads\/2020\/11\/P1160938_u-1024x466.jpg\" \/>\n<meta name=\"twitter:card\" content=\"summary_large_image\" \/>\n<meta name=\"twitter:label1\" content=\"Predpokladan\u00fd \u010das \u010d\u00edtania\" \/>\n\t<meta name=\"twitter:data1\" content=\"4 min\u00faty\" \/>\n<script type=\"application\/ld+json\" class=\"yoast-schema-graph\">{\"@context\":\"https:\\\/\\\/schema.org\",\"@graph\":[{\"@type\":\"WebPage\",\"@id\":\"https:\\\/\\\/www.comenia-script.com\\\/sk\\\/informace-pro-skoly\\\/\",\"url\":\"https:\\\/\\\/www.comenia-script.com\\\/sk\\\/informace-pro-skoly\\\/\",\"name\":\"Inform\u00e1cie pre \u0161koly - Comenia Script\u00ae\",\"isPartOf\":{\"@id\":\"https:\\\/\\\/www.comenia-script.com\\\/#website\"},\"primaryImageOfPage\":{\"@id\":\"https:\\\/\\\/www.comenia-script.com\\\/sk\\\/informace-pro-skoly\\\/#primaryimage\"},\"image\":{\"@id\":\"https:\\\/\\\/www.comenia-script.com\\\/sk\\\/informace-pro-skoly\\\/#primaryimage\"},\"thumbnailUrl\":\"https:\\\/\\\/www.comenia-script.com\\\/wp-content\\\/uploads\\\/2020\\\/11\\\/P1160938_u-1024x466.jpg\",\"datePublished\":\"2020-11-08T19:16:20+00:00\",\"dateModified\":\"2021-04-21T08:57:46+00:00\",\"breadcrumb\":{\"@id\":\"https:\\\/\\\/www.comenia-script.com\\\/sk\\\/informace-pro-skoly\\\/#breadcrumb\"},\"inLanguage\":\"sk-SK\",\"potentialAction\":[{\"@type\":\"ReadAction\",\"target\":[\"https:\\\/\\\/www.comenia-script.com\\\/sk\\\/informace-pro-skoly\\\/\"]}]},{\"@type\":\"ImageObject\",\"inLanguage\":\"sk-SK\",\"@id\":\"https:\\\/\\\/www.comenia-script.com\\\/sk\\\/informace-pro-skoly\\\/#primaryimage\",\"url\":\"https:\\\/\\\/www.comenia-script.com\\\/wp-content\\\/uploads\\\/2020\\\/11\\\/P1160938_u-1024x466.jpg\",\"contentUrl\":\"https:\\\/\\\/www.comenia-script.com\\\/wp-content\\\/uploads\\\/2020\\\/11\\\/P1160938_u-1024x466.jpg\"},{\"@type\":\"BreadcrumbList\",\"@id\":\"https:\\\/\\\/www.comenia-script.com\\\/sk\\\/informace-pro-skoly\\\/#breadcrumb\",\"itemListElement\":[{\"@type\":\"ListItem\",\"position\":1,\"name\":\"Dom\u016f\",\"item\":\"https:\\\/\\\/www.comenia-script.com\\\/sk\\\/\"},{\"@type\":\"ListItem\",\"position\":2,\"name\":\"Inform\u00e1cie pre \u0161koly\"}]},{\"@type\":\"WebSite\",\"@id\":\"https:\\\/\\\/www.comenia-script.com\\\/#website\",\"url\":\"https:\\\/\\\/www.comenia-script.com\\\/\",\"name\":\"Comenia Script\u00ae\",\"description\":\"psac\u00ed p\u00edsmo pro d\u011bti\",\"publisher\":{\"@id\":\"https:\\\/\\\/www.comenia-script.com\\\/#organization\"},\"potentialAction\":[{\"@type\":\"SearchAction\",\"target\":{\"@type\":\"EntryPoint\",\"urlTemplate\":\"https:\\\/\\\/www.comenia-script.com\\\/?s={search_term_string}\"},\"query-input\":{\"@type\":\"PropertyValueSpecification\",\"valueRequired\":true,\"valueName\":\"search_term_string\"}}],\"inLanguage\":\"sk-SK\"},{\"@type\":\"Organization\",\"@id\":\"https:\\\/\\\/www.comenia-script.com\\\/#organization\",\"name\":\"Comenia Script\u00ae\",\"url\":\"https:\\\/\\\/www.comenia-script.com\\\/\",\"logo\":{\"@type\":\"ImageObject\",\"inLanguage\":\"sk-SK\",\"@id\":\"https:\\\/\\\/www.comenia-script.com\\\/#\\\/schema\\\/logo\\\/image\\\/\",\"url\":\"https:\\\/\\\/www.comenia-script.com\\\/wp-content\\\/uploads\\\/2020\\\/11\\\/cropped-logo_CS_napis_03_54pxl_240.jpg\",\"contentUrl\":\"https:\\\/\\\/www.comenia-script.com\\\/wp-content\\\/uploads\\\/2020\\\/11\\\/cropped-logo_CS_napis_03_54pxl_240.jpg\",\"width\":275,\"height\":54,\"caption\":\"Comenia Script\u00ae\"},\"image\":{\"@id\":\"https:\\\/\\\/www.comenia-script.com\\\/#\\\/schema\\\/logo\\\/image\\\/\"},\"sameAs\":[\"https:\\\/\\\/cs.wikipedia.org\\\/wiki\\\/Comenia_Script\"]}]}<\/script>\n<!-- \/ Yoast SEO plugin. -->","yoast_head_json":{"title":"Inform\u00e1cie pre \u0161koly - Comenia Script\u00ae","robots":{"index":"index","follow":"follow","max-snippet":"max-snippet:-1","max-image-preview":"max-image-preview:large","max-video-preview":"max-video-preview:-1"},"canonical":"https:\/\/www.comenia-script.com\/sk\/informace-pro-skoly\/","og_locale":"sk_SK","og_type":"article","og_title":"Inform\u00e1cie pre \u0161koly - Comenia Script\u00ae","og_description":"Je v\u00fdu\u010dba p\u00edsma Comenia Script\u00ae podmienen\u00e1 s\u00fahlasom rodi\u010dov?\u0160kola mus\u00ed Comenia Script\u00ae zapracova\u0165 do \u0161kolsk\u00e9ho vzdel\u00e1vacieho programu (\u0160kVP). Pokia\u013e m\u00e1 preuk\u00e1zate\u013en\u00fd doklad na to, \u017ee v\u0161etci rodi\u010dia boli so \u0160kVP obozn\u00e1men\u00ed a upozornen\u00ed na t\u00fato skuto\u010dnos\u0165 v \u0148om, nemus\u00ed u\u017e vy\u017eadova\u0165 \u010fal\u0161\u00ed podpis rodi\u010dov. Ak v\u0161ak \u0161kola bude chcie\u0165 e\u0161te podpis rodi\u010dov zvl\u00e1\u0161\u0165, m\u00f4\u017ee ho vy\u017eadova\u0165.&hellip;Continue reading Inform\u00e1cie pre \u0161koly","og_url":"https:\/\/www.comenia-script.com\/sk\/informace-pro-skoly\/","og_site_name":"Comenia Script\u00ae","article_modified_time":"2021-04-21T08:57:46+00:00","og_image":[{"url":"https:\/\/www.comenia-script.com\/wp-content\/uploads\/2020\/11\/P1160938_u-1024x466.jpg","type":"","width":"","height":""}],"twitter_card":"summary_large_image","twitter_misc":{"Predpokladan\u00fd \u010das \u010d\u00edtania":"4 min\u00faty"},"schema":{"@context":"https:\/\/schema.org","@graph":[{"@type":"WebPage","@id":"https:\/\/www.comenia-script.com\/sk\/informace-pro-skoly\/","url":"https:\/\/www.comenia-script.com\/sk\/informace-pro-skoly\/","name":"Inform\u00e1cie pre \u0161koly - Comenia Script\u00ae","isPartOf":{"@id":"https:\/\/www.comenia-script.com\/#website"},"primaryImageOfPage":{"@id":"https:\/\/www.comenia-script.com\/sk\/informace-pro-skoly\/#primaryimage"},"image":{"@id":"https:\/\/www.comenia-script.com\/sk\/informace-pro-skoly\/#primaryimage"},"thumbnailUrl":"https:\/\/www.comenia-script.com\/wp-content\/uploads\/2020\/11\/P1160938_u-1024x466.jpg","datePublished":"2020-11-08T19:16:20+00:00","dateModified":"2021-04-21T08:57:46+00:00","breadcrumb":{"@id":"https:\/\/www.comenia-script.com\/sk\/informace-pro-skoly\/#breadcrumb"},"inLanguage":"sk-SK","potentialAction":[{"@type":"ReadAction","target":["https:\/\/www.comenia-script.com\/sk\/informace-pro-skoly\/"]}]},{"@type":"ImageObject","inLanguage":"sk-SK","@id":"https:\/\/www.comenia-script.com\/sk\/informace-pro-skoly\/#primaryimage","url":"https:\/\/www.comenia-script.com\/wp-content\/uploads\/2020\/11\/P1160938_u-1024x466.jpg","contentUrl":"https:\/\/www.comenia-script.com\/wp-content\/uploads\/2020\/11\/P1160938_u-1024x466.jpg"},{"@type":"BreadcrumbList","@id":"https:\/\/www.comenia-script.com\/sk\/informace-pro-skoly\/#breadcrumb","itemListElement":[{"@type":"ListItem","position":1,"name":"Dom\u016f","item":"https:\/\/www.comenia-script.com\/sk\/"},{"@type":"ListItem","position":2,"name":"Inform\u00e1cie pre \u0161koly"}]},{"@type":"WebSite","@id":"https:\/\/www.comenia-script.com\/#website","url":"https:\/\/www.comenia-script.com\/","name":"Comenia Script\u00ae","description":"psac\u00ed p\u00edsmo pro d\u011bti","publisher":{"@id":"https:\/\/www.comenia-script.com\/#organization"},"potentialAction":[{"@type":"SearchAction","target":{"@type":"EntryPoint","urlTemplate":"https:\/\/www.comenia-script.com\/?s={search_term_string}"},"query-input":{"@type":"PropertyValueSpecification","valueRequired":true,"valueName":"search_term_string"}}],"inLanguage":"sk-SK"},{"@type":"Organization","@id":"https:\/\/www.comenia-script.com\/#organization","name":"Comenia Script\u00ae","url":"https:\/\/www.comenia-script.com\/","logo":{"@type":"ImageObject","inLanguage":"sk-SK","@id":"https:\/\/www.comenia-script.com\/#\/schema\/logo\/image\/","url":"https:\/\/www.comenia-script.com\/wp-content\/uploads\/2020\/11\/cropped-logo_CS_napis_03_54pxl_240.jpg","contentUrl":"https:\/\/www.comenia-script.com\/wp-content\/uploads\/2020\/11\/cropped-logo_CS_napis_03_54pxl_240.jpg","width":275,"height":54,"caption":"Comenia Script\u00ae"},"image":{"@id":"https:\/\/www.comenia-script.com\/#\/schema\/logo\/image\/"},"sameAs":["https:\/\/cs.wikipedia.org\/wiki\/Comenia_Script"]}]}},"jetpack_sharing_enabled":true,"_links":{"self":[{"href":"https:\/\/www.comenia-script.com\/sk\/wp-json\/wp\/v2\/pages\/963","targetHints":{"allow":["GET"]}}],"collection":[{"href":"https:\/\/www.comenia-script.com\/sk\/wp-json\/wp\/v2\/pages"}],"about":[{"href":"https:\/\/www.comenia-script.com\/sk\/wp-json\/wp\/v2\/types\/page"}],"author":[{"embeddable":true,"href":"https:\/\/www.comenia-script.com\/sk\/wp-json\/wp\/v2\/users\/2"}],"replies":[{"embeddable":true,"href":"https:\/\/www.comenia-script.com\/sk\/wp-json\/wp\/v2\/comments?post=963"}],"version-history":[{"count":8,"href":"https:\/\/www.comenia-script.com\/sk\/wp-json\/wp\/v2\/pages\/963\/revisions"}],"predecessor-version":[{"id":2365,"href":"https:\/\/www.comenia-script.com\/sk\/wp-json\/wp\/v2\/pages\/963\/revisions\/2365"}],"wp:attachment":[{"href":"https:\/\/www.comenia-script.com\/sk\/wp-json\/wp\/v2\/media?parent=963"}],"curies":[{"name":"wp","href":"https:\/\/api.w.org\/{rel}","templated":true}]}}