{"id":949,"date":"2020-08-06T11:42:44","date_gmt":"2020-08-06T09:42:44","guid":{"rendered":"http:\/\/www.comenia-script.com\/informace-o-pismu\/"},"modified":"2021-04-21T10:54:32","modified_gmt":"2021-04-21T08:54:32","slug":"informace-o-pismu","status":"publish","type":"page","link":"https:\/\/www.comenia-script.com\/sk\/informace-o-pismu\/","title":{"rendered":"Inform\u00e1cie o p\u00edsme"},"content":{"rendered":"\n<div class=\"wp-block-cover alignfull has-background-dim-30 has-background-dim\" style=\"background-image:url(https:\/\/www.comenia-script.com\/wp-content\/uploads\/2020\/10\/DSC_0059_upr-scaled.jpg)\"><div class=\"wp-block-cover__inner-container is-layout-flow wp-block-cover-is-layout-flow\">\n<p class=\"has-text-align-center has-3-xl-font-size\">Z\u00e1kladn\u00e9 inform\u00e1cie o p\u00edsme Comenia Script<sup>\u00ae<\/sup> a jeho charakteristika<\/p>\n<\/div><\/div>\n\n\n\n<p><\/p>\n\n\n\n<p><strong><span class=\"has-inline-color has-dark-color\">Comenia Script<sup>\u00ae<\/sup><\/span><\/strong><span class=\"has-inline-color has-base-color\"> je praktick\u00e9 p\u00edsacie p\u00edsmo pre deti, ktor\u00e9 je jednoduch\u00e9, modern\u00e9 a s\u00fa\u010dasn\u00e9. Cie\u013eom projektu Comenia Script<sup>\u00ae<\/sup> je rados\u0165 z p\u00edsania a bezprobl\u00e9mov\u00e1 \u010ditate\u013en\u00e1 komunik\u00e1cia latinkou na medzin\u00e1rodnej \u00farovni.<\/span><\/p>\n\n\n\n<p>P\u00edsmo Comenia Script<sup>\u00ae<\/sup> zoh\u013ead\u0148uje p\u00edsanie aj dysgrafikom a \u013eav\u00e1kom. K n\u00e1cviku p\u00edsma s\u00fa pripraven\u00e9 r\u00f4zne didaktick\u00e9 materi\u00e1ly a <a href=\"http:\/\/www.comeniascriptapp.cz\">v\u00fdukov\u00e9 aplik\u00e1cie p\u00edsania<\/a>, ktor\u00e9 s\u00fa s\u00fa\u010das\u0165ou ucelen\u00e9ho didaktick\u00e9ho syst\u00e9mu. Autorkou p\u00edsma a sprievodn\u00fdch didaktick\u00fdch materi\u00e1lov Comenia Script<sup>\u00ae<\/sup> je <a href=\"http:\/\/lencova.eu\/cs\/uvod\">MgA. Radana Lencov\u00e1, Ph.D.<\/a><\/p>\n\n\n\n<p><strong><span class=\"has-inline-color has-dark-color\">Overovanie M\u0160MT \u010cR<\/span><\/strong><\/p>\n\n\n\n<p>V rokoch 2010\u20132012 bolo p\u00edsmo Comenia Script<sup>\u00ae<\/sup> pilotne overovan\u00e9 Ministerstvom \u0161kolstva \u010cR na 33 z\u00e1kladn\u00fdch \u0161kol\u00e1ch v celej \u010ceskej republike. V\u00fdstup z pilotn\u00e9ho projektu (<em>Z\u00e1v\u011bre\u010dn\u00e1 zpr\u00e1va o pokusn\u00e9m ov\u011b\u0159ov\u00e1n\u00ed M\u0160MT \u010cR<\/em>) n\u00e1jdete v sekcii <a href=\"https:\/\/www.comenia-script.com\/sk\/ke-stazeni\/\">\u201eVysk\u00fa\u0161ajte si\u201c &gt; Na stiahnutie.<\/a><\/p>\n\n\n\n<div class=\"wp-block-image\"><figure class=\"alignleft size-large is-resized\"><img loading=\"lazy\" decoding=\"async\" src=\"https:\/\/www.comenia-script.com\/wp-content\/uploads\/2020\/12\/Abeceda_psaciho_pisma_CS_SK-1024x267.jpg\" alt=\"\" class=\"wp-image-1931\" width=\"754\" height=\"197\" srcset=\"https:\/\/www.comenia-script.com\/wp-content\/uploads\/2020\/12\/Abeceda_psaciho_pisma_CS_SK-1024x267.jpg 1024w, https:\/\/www.comenia-script.com\/wp-content\/uploads\/2020\/12\/Abeceda_psaciho_pisma_CS_SK-300x78.jpg 300w, https:\/\/www.comenia-script.com\/wp-content\/uploads\/2020\/12\/Abeceda_psaciho_pisma_CS_SK-768x200.jpg 768w, https:\/\/www.comenia-script.com\/wp-content\/uploads\/2020\/12\/Abeceda_psaciho_pisma_CS_SK-1536x400.jpg 1536w, https:\/\/www.comenia-script.com\/wp-content\/uploads\/2020\/12\/Abeceda_psaciho_pisma_CS_SK-2048x534.jpg 2048w\" sizes=\"auto, (max-width: 754px) 100vw, 754px\" \/><figcaption>Slovensk\u00e1 abeceda p\u00edsan\u00e9ho p\u00edsma Comenia Script<sup>\u00ae<\/sup><\/figcaption><\/figure><\/div>\n\n\n\n<p><\/p>\n\n\n\n<div style=\"height:30px\" aria-hidden=\"true\" class=\"wp-block-spacer\"><\/div>\n\n\n\n<p><span class=\"has-inline-color has-dark-color\"><strong><strong>Charakteristika a v\u00fdhody p\u00edsma<\/strong> <strong>Comenia Script<sup>\u00ae<\/sup><\/strong><\/strong><\/span><\/p>\n\n\n\n<ol class=\"wp-block-list\"><li>Jednoduch\u00e1 ve\u013ek\u00e1 abeceda, na rozdiel od zlo\u017eit\u00fdch barokov\u00fdch \u0165ahov s\u00fa\u010dasnej \u0161kolskej normy, ktor\u00e9 v praktickom \u017eivote takmer nepou\u017e\u00edvame.<\/li><li>P\u00edsmo m\u00e1 volite\u013en\u00fd sklon. Deti sa s n\u00edm zoznamuj\u00fa a\u017e v 2. ro\u010dn\u00edku Z\u0160.<\/li><li>Napojovanie p\u00edsmen je tie\u017e volite\u013en\u00e9, nemus\u00ed by\u0165 v\u00f4bec. T\u00fdm sa eliminuje ne\u010ditate\u013enos\u0165 p\u00edsma, ktor\u00e1 vznik\u00e1 okrem in\u00e9ho z nepreru\u0161ovan\u00e9ho p\u00edsacieho \u0165ahu. Napojovanie \u0161t\u00fdlom prira\u010fovanie je praktick\u00e9 aj z h\u013eadiska p\u00edsania diakritick\u00fdch znamienok \u2013 deti ich nap\u00ed\u0161u ihne\u010f nad p\u00edsmenom, nie a\u017e po nap\u00edsan\u00ed cel\u00e9ho slova, ako sa to deje pri p\u00edsme na princ\u00edpe jedn\u00fdm \u0165ahom.<\/li><li>P\u00edsmo vych\u00e1dza v \u00fastrety s\u00fa\u010dasn\u00fdm potreb\u00e1m det\u00ed, ktor\u00e9 u\u017e pred pubertou p\u00edsmo jedn\u00fdm \u0165ahom op\u00fa\u0161\u0165aj\u00fa. To sa t\u00fdka u\u017e aj det\u00ed na 1. stupni Z\u0160.<\/li><li>Jednoduch\u0161ie p\u00edsmo m\u00f4\u017ee by\u0165 \u010ditate\u013enej\u0161ie v zahrani\u010d\u00ed, a naopak, cudzinci prich\u00e1dzaj\u00faci na Slovensko n\u00e1\u0161mu p\u00edsmu lep\u0161ie porozumej\u00fa a u\u013eah\u010d\u00ed sa im komunik\u00e1cia.<\/li><li>T\u00fdm, \u017ee s\u00fa tvary p\u00edsma bli\u017e\u0161ie tla\u010dov\u00e9mu p\u00edsmu, umo\u017e\u0148uje zjednodu\u0161i\u0165 syst\u00e9m \u010d\u00edtania a p\u00edsania. Deti sa nemusia u\u010di\u0165 p\u00edsmen\u00e1 \u0161tyri, ale len jedno alebo dve.<\/li><li>Jednoduch\u0161ie p\u00edsmo pom\u00e1ha viac porozumie\u0165 textu, ne\u017e p\u00edsmo zlo\u017eitej\u0161ie, ktor\u00e9 m\u00f4\u017ee odv\u00e1dza\u0165 pozornos\u0165 od obsahu.<\/li><li>Comenia Script<sup>\u00ae<\/sup> m\u00e1 vypracovan\u00e9 \u0165ahy pre prav\u00e1kov aj \u013eav\u00e1kov, \u010do princ\u00edp existuj\u00faceho p\u00edsma neumo\u017e\u0148uje.<\/li><li>V abecede je nieko\u013eko p\u00edsmen a \u010d\u00edslic, ktor\u00e9 maj\u00fa viac tvarov\u00fdch variantov. Die\u0165a si tak samo zvol\u00ed, ktor\u00e9 tvary preferuje. S tvarov\u00fdmi variantmi sa deti zoznamuj\u00fa a\u017e v 2. ro\u010dn\u00edku Z\u0160.<\/li><\/ol>\n\n\n\n<p><\/p>\n\n\n\n<p><strong><span class=\"has-inline-color has-dark-color\">Ve\u013ek\u00e1 abeceda<\/span><\/strong><br>Abeceda tvarovo vych\u00e1dza predov\u0161etk\u00fdm z renesan\u010dnej italiky, ale vzh\u013eadom pripom\u00edna sk\u00f4r tla\u010dov\u00fa kurz\u00edvu. Pre ve\u013ek\u00fa abecedu bol zvolen\u00fd pr\u00edklad z renesancie, ako harmonick\u00e9 spojenie ve\u013ekej a malej abecedy v dokonale \u010ditate\u013en\u00fd a praktick\u00fd celok. Aby bola zachovan\u00e1 presnos\u0165 geometrick\u00fdch proporci\u00ed, tvary ve\u013ekej abecedy vych\u00e1dzaj\u00fa priamo z tvarov r\u00edmskej kapit\u00e1ly a nie z jej renesan\u010dn\u00fdch modifik\u00e1ci\u00ed. V\u00e4\u010d\u0161ina horizont\u00e1lnych \u0165ahov za\u010d\u00edna jemn\u00fdmi prie\u0165ahmi v\u013eavo (B, D, E, F, P, R), ktor\u00e9 vznikaj\u00fa pri norm\u00e1lnom rytme p\u00edsania. Pri r\u00fdchlej\u0161om p\u00edsan\u00ed sa m\u00f4\u017eu e\u0161te viac zv\u00fdrazni\u0165, a t\u00fdm p\u00edsmeno dostane osobit\u00fd v\u00fdraz.<\/p>\n\n\n\n<figure class=\"wp-block-image size-large\"><img loading=\"lazy\" decoding=\"async\" width=\"1024\" height=\"537\" src=\"https:\/\/www.comenia-script.com\/wp-content\/uploads\/2020\/10\/velka_abeceda_rimska_kapitala-1024x537.jpg\" alt=\"\" class=\"wp-image-227\" srcset=\"https:\/\/www.comenia-script.com\/wp-content\/uploads\/2020\/10\/velka_abeceda_rimska_kapitala-1024x537.jpg 1024w, https:\/\/www.comenia-script.com\/wp-content\/uploads\/2020\/10\/velka_abeceda_rimska_kapitala-300x157.jpg 300w, https:\/\/www.comenia-script.com\/wp-content\/uploads\/2020\/10\/velka_abeceda_rimska_kapitala-768x403.jpg 768w, https:\/\/www.comenia-script.com\/wp-content\/uploads\/2020\/10\/velka_abeceda_rimska_kapitala.jpg 1240w\" sizes=\"auto, (max-width: 1024px) 100vw, 1024px\" \/><\/figure>\n\n\n\n<p><\/p>\n\n\n\n<p><strong><span class=\"has-inline-color has-dark-color\">Mal\u00e1 abeceda<\/span><\/strong><br>Nejedn\u00e1 sa priamo o renesan\u010dn\u00fa k\u00f3piu, ale o in\u0161pir\u00e1ciu z\u00e1kladnej kostry malej abecedy a tie\u017e renesan\u010dn\u00fdm p\u00edsac\u00edm postupom, pre ktor\u00fd s\u00fa charakteristick\u00e9 drieky bez slu\u010diek a prira\u010fovanie p\u00edsmen (namiesto napojovania). Z\u00e1kladn\u00e1 kresba malej abecedy je po\u0148at\u00e1 v otvorenej\u0161ej forme, ktor\u00e1 je \u013eah\u0161ie \u010ditate\u013en\u00e1, a z\u00e1rove\u0148 pripraven\u00e1 na individu\u00e1lnu \u0161\u00edrku u ka\u017ed\u00e9ho die\u0165a\u0165a.<\/p>\n\n\n\n<figure class=\"wp-block-image size-large\"><img loading=\"lazy\" decoding=\"async\" width=\"1024\" height=\"537\" src=\"https:\/\/www.comenia-script.com\/wp-content\/uploads\/2020\/10\/mala_abeceda_cancellaresca-1024x537.jpg\" alt=\"\" class=\"wp-image-230\" srcset=\"https:\/\/www.comenia-script.com\/wp-content\/uploads\/2020\/10\/mala_abeceda_cancellaresca-1024x537.jpg 1024w, https:\/\/www.comenia-script.com\/wp-content\/uploads\/2020\/10\/mala_abeceda_cancellaresca-300x157.jpg 300w, https:\/\/www.comenia-script.com\/wp-content\/uploads\/2020\/10\/mala_abeceda_cancellaresca-768x403.jpg 768w, https:\/\/www.comenia-script.com\/wp-content\/uploads\/2020\/10\/mala_abeceda_cancellaresca.jpg 1240w\" sizes=\"auto, (max-width: 1024px) 100vw, 1024px\" \/><\/figure>\n\n\n\n<p><\/p>\n\n\n\n<p><strong><span class=\"has-inline-color has-dark-color\">Comenia Script<sup>\u00ae<\/sup> universal<\/span><\/strong><br>Rez p\u00edsma, ktor\u00fd bol ur\u010den\u00fd vyhl\u00e1\u0161kou M\u0160MT \u010cR pre overovanie v obdob\u00ed 2010\u20132012 je p\u00edsmo Comenia Script<sup>\u00ae<\/sup> universal. Tento typ p\u00edsma bol d\u00f4kladne testovan\u00fd a na z\u00e1klade sk\u00fasenost\u00ed z overovania bol n\u00e1sledne upravovan\u00fd. P\u00edsmo bolo vybran\u00e9 a navrhnut\u00e9 tak, aby bolo spr\u00edstupnen\u00e9 \u010do naj\u0161ir\u0161iemu spektru det\u00ed (vr\u00e1tane \u0161peci\u00e1lnych \u0161k\u00f4l), ktor\u00e9 sa overovania z\u00fa\u010dastnilo. Rez p\u00edsma \u201euniversal\u201c m\u00e1 jednoduch\u00e9 vo\u013en\u00e9 drieky a v\u00fdbehov\u00e9 spojovacie \u0165ahy. Viac inform\u00e1ci\u00ed o n\u00e1cviku p\u00edsma Comenia Script<sup>\u00ae<\/sup> universal a didaktike p\u00edsania n\u00e1jdete v ,,Praktickom manu\u00e1li\u201c Comenia Script<sup>\u00ae<\/sup> universal.<\/p>\n\n\n\n<figure class=\"wp-block-image size-large is-resized\"><img loading=\"lazy\" decoding=\"async\" src=\"https:\/\/www.comenia-script.com\/wp-content\/uploads\/2020\/12\/CS_uni_pismo_overovani_SK-1024x625.jpg\" alt=\"\" class=\"wp-image-1914\" width=\"589\" height=\"359\" srcset=\"https:\/\/www.comenia-script.com\/wp-content\/uploads\/2020\/12\/CS_uni_pismo_overovani_SK-1024x625.jpg 1024w, https:\/\/www.comenia-script.com\/wp-content\/uploads\/2020\/12\/CS_uni_pismo_overovani_SK-300x183.jpg 300w, https:\/\/www.comenia-script.com\/wp-content\/uploads\/2020\/12\/CS_uni_pismo_overovani_SK-768x469.jpg 768w, https:\/\/www.comenia-script.com\/wp-content\/uploads\/2020\/12\/CS_uni_pismo_overovani_SK-1536x937.jpg 1536w, https:\/\/www.comenia-script.com\/wp-content\/uploads\/2020\/12\/CS_uni_pismo_overovani_SK.jpg 1672w\" sizes=\"auto, (max-width: 589px) 100vw, 589px\" \/><figcaption>Comenia Script<sup>\u00ae<\/sup> universal \u2013 p\u00edsmo v pilotnom overovan\u00ed<\/figcaption><\/figure>\n\n\n\n<p><\/p>\n\n\n\n<hr class=\"wp-block-separator\"\/>\n\n\n\n<p><\/p>\n","protected":false},"excerpt":{"rendered":"<p>Comenia Script\u00ae je praktick\u00e9 p\u00edsacie p\u00edsmo pre deti, ktor\u00e9 je jednoduch\u00e9, modern\u00e9 a s\u00fa\u010dasn\u00e9. Cie\u013eom projektu Comenia Script\u00ae je rados\u0165 z p\u00edsania a bezprobl\u00e9mov\u00e1 \u010ditate\u013en\u00e1 komunik\u00e1cia latinkou na medzin\u00e1rodnej \u00farovni. P\u00edsmo Comenia Script\u00ae zoh\u013ead\u0148uje p\u00edsanie aj dysgrafikom a \u013eav\u00e1kom. K n\u00e1cviku p\u00edsma s\u00fa pripraven\u00e9 r\u00f4zne didaktick\u00e9 materi\u00e1ly a v\u00fdukov\u00e9 aplik\u00e1cie p\u00edsania, ktor\u00e9 s\u00fa s\u00fa\u010das\u0165ou ucelen\u00e9ho&hellip;<\/p>\n<p class=\"more\"><a class=\"more-link\" href=\"https:\/\/www.comenia-script.com\/sk\/informace-o-pismu\/\">Continue reading <span class=\"screen-reader-text\">Inform\u00e1cie o p\u00edsme<\/span><\/a><\/p>\n","protected":false},"author":1,"featured_media":0,"parent":0,"menu_order":0,"comment_status":"closed","ping_status":"closed","template":"","meta":{"footnotes":""},"class_list":["post-949","page","type-page","status-publish","hentry","entry"],"yoast_head":"<!-- This site is optimized with the Yoast SEO plugin v27.5 - https:\/\/yoast.com\/product\/yoast-seo-wordpress\/ -->\n<title>Inform\u00e1cie o p\u00edsme - Comenia Script\u00ae<\/title>\n<meta name=\"robots\" content=\"index, follow, max-snippet:-1, max-image-preview:large, max-video-preview:-1\" \/>\n<link rel=\"canonical\" href=\"https:\/\/www.comenia-script.com\/sk\/informace-o-pismu\/\" \/>\n<meta property=\"og:locale\" content=\"sk_SK\" \/>\n<meta property=\"og:type\" content=\"article\" \/>\n<meta property=\"og:title\" content=\"Inform\u00e1cie o p\u00edsme - Comenia Script\u00ae\" \/>\n<meta property=\"og:description\" content=\"Comenia Script\u00ae je praktick\u00e9 p\u00edsacie p\u00edsmo pre deti, ktor\u00e9 je jednoduch\u00e9, modern\u00e9 a s\u00fa\u010dasn\u00e9. Cie\u013eom projektu Comenia Script\u00ae je rados\u0165 z p\u00edsania a bezprobl\u00e9mov\u00e1 \u010ditate\u013en\u00e1 komunik\u00e1cia latinkou na medzin\u00e1rodnej \u00farovni. P\u00edsmo Comenia Script\u00ae zoh\u013ead\u0148uje p\u00edsanie aj dysgrafikom a \u013eav\u00e1kom. K n\u00e1cviku p\u00edsma s\u00fa pripraven\u00e9 r\u00f4zne didaktick\u00e9 materi\u00e1ly a v\u00fdukov\u00e9 aplik\u00e1cie p\u00edsania, ktor\u00e9 s\u00fa s\u00fa\u010das\u0165ou ucelen\u00e9ho&hellip;Continue reading Inform\u00e1cie o p\u00edsme\" \/>\n<meta property=\"og:url\" content=\"https:\/\/www.comenia-script.com\/sk\/informace-o-pismu\/\" \/>\n<meta property=\"og:site_name\" content=\"Comenia Script\u00ae\" \/>\n<meta property=\"article:modified_time\" content=\"2021-04-21T08:54:32+00:00\" \/>\n<meta property=\"og:image\" content=\"https:\/\/www.comenia-script.com\/wp-content\/uploads\/2020\/12\/Abeceda_psaciho_pisma_CS_SK-1024x267.jpg\" \/>\n<meta name=\"twitter:card\" content=\"summary_large_image\" \/>\n<meta name=\"twitter:label1\" content=\"Predpokladan\u00fd \u010das \u010d\u00edtania\" \/>\n\t<meta name=\"twitter:data1\" content=\"4 min\u00faty\" \/>\n<script type=\"application\/ld+json\" class=\"yoast-schema-graph\">{\"@context\":\"https:\\\/\\\/schema.org\",\"@graph\":[{\"@type\":\"WebPage\",\"@id\":\"https:\\\/\\\/www.comenia-script.com\\\/sk\\\/informace-o-pismu\\\/\",\"url\":\"https:\\\/\\\/www.comenia-script.com\\\/sk\\\/informace-o-pismu\\\/\",\"name\":\"Inform\u00e1cie o p\u00edsme - Comenia Script\u00ae\",\"isPartOf\":{\"@id\":\"https:\\\/\\\/www.comenia-script.com\\\/#website\"},\"primaryImageOfPage\":{\"@id\":\"https:\\\/\\\/www.comenia-script.com\\\/sk\\\/informace-o-pismu\\\/#primaryimage\"},\"image\":{\"@id\":\"https:\\\/\\\/www.comenia-script.com\\\/sk\\\/informace-o-pismu\\\/#primaryimage\"},\"thumbnailUrl\":\"https:\\\/\\\/www.comenia-script.com\\\/wp-content\\\/uploads\\\/2020\\\/12\\\/Abeceda_psaciho_pisma_CS_SK-1024x267.jpg\",\"datePublished\":\"2020-08-06T09:42:44+00:00\",\"dateModified\":\"2021-04-21T08:54:32+00:00\",\"breadcrumb\":{\"@id\":\"https:\\\/\\\/www.comenia-script.com\\\/sk\\\/informace-o-pismu\\\/#breadcrumb\"},\"inLanguage\":\"sk-SK\",\"potentialAction\":[{\"@type\":\"ReadAction\",\"target\":[\"https:\\\/\\\/www.comenia-script.com\\\/sk\\\/informace-o-pismu\\\/\"]}]},{\"@type\":\"ImageObject\",\"inLanguage\":\"sk-SK\",\"@id\":\"https:\\\/\\\/www.comenia-script.com\\\/sk\\\/informace-o-pismu\\\/#primaryimage\",\"url\":\"https:\\\/\\\/www.comenia-script.com\\\/wp-content\\\/uploads\\\/2020\\\/12\\\/Abeceda_psaciho_pisma_CS_SK-1024x267.jpg\",\"contentUrl\":\"https:\\\/\\\/www.comenia-script.com\\\/wp-content\\\/uploads\\\/2020\\\/12\\\/Abeceda_psaciho_pisma_CS_SK-1024x267.jpg\"},{\"@type\":\"BreadcrumbList\",\"@id\":\"https:\\\/\\\/www.comenia-script.com\\\/sk\\\/informace-o-pismu\\\/#breadcrumb\",\"itemListElement\":[{\"@type\":\"ListItem\",\"position\":1,\"name\":\"Dom\u016f\",\"item\":\"https:\\\/\\\/www.comenia-script.com\\\/sk\\\/\"},{\"@type\":\"ListItem\",\"position\":2,\"name\":\"Inform\u00e1cie o p\u00edsme\"}]},{\"@type\":\"WebSite\",\"@id\":\"https:\\\/\\\/www.comenia-script.com\\\/#website\",\"url\":\"https:\\\/\\\/www.comenia-script.com\\\/\",\"name\":\"Comenia Script\u00ae\",\"description\":\"psac\u00ed p\u00edsmo pro d\u011bti\",\"publisher\":{\"@id\":\"https:\\\/\\\/www.comenia-script.com\\\/#organization\"},\"potentialAction\":[{\"@type\":\"SearchAction\",\"target\":{\"@type\":\"EntryPoint\",\"urlTemplate\":\"https:\\\/\\\/www.comenia-script.com\\\/?s={search_term_string}\"},\"query-input\":{\"@type\":\"PropertyValueSpecification\",\"valueRequired\":true,\"valueName\":\"search_term_string\"}}],\"inLanguage\":\"sk-SK\"},{\"@type\":\"Organization\",\"@id\":\"https:\\\/\\\/www.comenia-script.com\\\/#organization\",\"name\":\"Comenia Script\u00ae\",\"url\":\"https:\\\/\\\/www.comenia-script.com\\\/\",\"logo\":{\"@type\":\"ImageObject\",\"inLanguage\":\"sk-SK\",\"@id\":\"https:\\\/\\\/www.comenia-script.com\\\/#\\\/schema\\\/logo\\\/image\\\/\",\"url\":\"https:\\\/\\\/www.comenia-script.com\\\/wp-content\\\/uploads\\\/2020\\\/11\\\/cropped-logo_CS_napis_03_54pxl_240.jpg\",\"contentUrl\":\"https:\\\/\\\/www.comenia-script.com\\\/wp-content\\\/uploads\\\/2020\\\/11\\\/cropped-logo_CS_napis_03_54pxl_240.jpg\",\"width\":275,\"height\":54,\"caption\":\"Comenia Script\u00ae\"},\"image\":{\"@id\":\"https:\\\/\\\/www.comenia-script.com\\\/#\\\/schema\\\/logo\\\/image\\\/\"},\"sameAs\":[\"https:\\\/\\\/cs.wikipedia.org\\\/wiki\\\/Comenia_Script\"]}]}<\/script>\n<!-- \/ Yoast SEO plugin. -->","yoast_head_json":{"title":"Inform\u00e1cie o p\u00edsme - Comenia Script\u00ae","robots":{"index":"index","follow":"follow","max-snippet":"max-snippet:-1","max-image-preview":"max-image-preview:large","max-video-preview":"max-video-preview:-1"},"canonical":"https:\/\/www.comenia-script.com\/sk\/informace-o-pismu\/","og_locale":"sk_SK","og_type":"article","og_title":"Inform\u00e1cie o p\u00edsme - Comenia Script\u00ae","og_description":"Comenia Script\u00ae je praktick\u00e9 p\u00edsacie p\u00edsmo pre deti, ktor\u00e9 je jednoduch\u00e9, modern\u00e9 a s\u00fa\u010dasn\u00e9. Cie\u013eom projektu Comenia Script\u00ae je rados\u0165 z p\u00edsania a bezprobl\u00e9mov\u00e1 \u010ditate\u013en\u00e1 komunik\u00e1cia latinkou na medzin\u00e1rodnej \u00farovni. P\u00edsmo Comenia Script\u00ae zoh\u013ead\u0148uje p\u00edsanie aj dysgrafikom a \u013eav\u00e1kom. K n\u00e1cviku p\u00edsma s\u00fa pripraven\u00e9 r\u00f4zne didaktick\u00e9 materi\u00e1ly a v\u00fdukov\u00e9 aplik\u00e1cie p\u00edsania, ktor\u00e9 s\u00fa s\u00fa\u010das\u0165ou ucelen\u00e9ho&hellip;Continue reading Inform\u00e1cie o p\u00edsme","og_url":"https:\/\/www.comenia-script.com\/sk\/informace-o-pismu\/","og_site_name":"Comenia Script\u00ae","article_modified_time":"2021-04-21T08:54:32+00:00","og_image":[{"url":"https:\/\/www.comenia-script.com\/wp-content\/uploads\/2020\/12\/Abeceda_psaciho_pisma_CS_SK-1024x267.jpg","type":"","width":"","height":""}],"twitter_card":"summary_large_image","twitter_misc":{"Predpokladan\u00fd \u010das \u010d\u00edtania":"4 min\u00faty"},"schema":{"@context":"https:\/\/schema.org","@graph":[{"@type":"WebPage","@id":"https:\/\/www.comenia-script.com\/sk\/informace-o-pismu\/","url":"https:\/\/www.comenia-script.com\/sk\/informace-o-pismu\/","name":"Inform\u00e1cie o p\u00edsme - Comenia Script\u00ae","isPartOf":{"@id":"https:\/\/www.comenia-script.com\/#website"},"primaryImageOfPage":{"@id":"https:\/\/www.comenia-script.com\/sk\/informace-o-pismu\/#primaryimage"},"image":{"@id":"https:\/\/www.comenia-script.com\/sk\/informace-o-pismu\/#primaryimage"},"thumbnailUrl":"https:\/\/www.comenia-script.com\/wp-content\/uploads\/2020\/12\/Abeceda_psaciho_pisma_CS_SK-1024x267.jpg","datePublished":"2020-08-06T09:42:44+00:00","dateModified":"2021-04-21T08:54:32+00:00","breadcrumb":{"@id":"https:\/\/www.comenia-script.com\/sk\/informace-o-pismu\/#breadcrumb"},"inLanguage":"sk-SK","potentialAction":[{"@type":"ReadAction","target":["https:\/\/www.comenia-script.com\/sk\/informace-o-pismu\/"]}]},{"@type":"ImageObject","inLanguage":"sk-SK","@id":"https:\/\/www.comenia-script.com\/sk\/informace-o-pismu\/#primaryimage","url":"https:\/\/www.comenia-script.com\/wp-content\/uploads\/2020\/12\/Abeceda_psaciho_pisma_CS_SK-1024x267.jpg","contentUrl":"https:\/\/www.comenia-script.com\/wp-content\/uploads\/2020\/12\/Abeceda_psaciho_pisma_CS_SK-1024x267.jpg"},{"@type":"BreadcrumbList","@id":"https:\/\/www.comenia-script.com\/sk\/informace-o-pismu\/#breadcrumb","itemListElement":[{"@type":"ListItem","position":1,"name":"Dom\u016f","item":"https:\/\/www.comenia-script.com\/sk\/"},{"@type":"ListItem","position":2,"name":"Inform\u00e1cie o p\u00edsme"}]},{"@type":"WebSite","@id":"https:\/\/www.comenia-script.com\/#website","url":"https:\/\/www.comenia-script.com\/","name":"Comenia Script\u00ae","description":"psac\u00ed p\u00edsmo pro d\u011bti","publisher":{"@id":"https:\/\/www.comenia-script.com\/#organization"},"potentialAction":[{"@type":"SearchAction","target":{"@type":"EntryPoint","urlTemplate":"https:\/\/www.comenia-script.com\/?s={search_term_string}"},"query-input":{"@type":"PropertyValueSpecification","valueRequired":true,"valueName":"search_term_string"}}],"inLanguage":"sk-SK"},{"@type":"Organization","@id":"https:\/\/www.comenia-script.com\/#organization","name":"Comenia Script\u00ae","url":"https:\/\/www.comenia-script.com\/","logo":{"@type":"ImageObject","inLanguage":"sk-SK","@id":"https:\/\/www.comenia-script.com\/#\/schema\/logo\/image\/","url":"https:\/\/www.comenia-script.com\/wp-content\/uploads\/2020\/11\/cropped-logo_CS_napis_03_54pxl_240.jpg","contentUrl":"https:\/\/www.comenia-script.com\/wp-content\/uploads\/2020\/11\/cropped-logo_CS_napis_03_54pxl_240.jpg","width":275,"height":54,"caption":"Comenia Script\u00ae"},"image":{"@id":"https:\/\/www.comenia-script.com\/#\/schema\/logo\/image\/"},"sameAs":["https:\/\/cs.wikipedia.org\/wiki\/Comenia_Script"]}]}},"jetpack_sharing_enabled":true,"_links":{"self":[{"href":"https:\/\/www.comenia-script.com\/sk\/wp-json\/wp\/v2\/pages\/949","targetHints":{"allow":["GET"]}}],"collection":[{"href":"https:\/\/www.comenia-script.com\/sk\/wp-json\/wp\/v2\/pages"}],"about":[{"href":"https:\/\/www.comenia-script.com\/sk\/wp-json\/wp\/v2\/types\/page"}],"author":[{"embeddable":true,"href":"https:\/\/www.comenia-script.com\/sk\/wp-json\/wp\/v2\/users\/1"}],"replies":[{"embeddable":true,"href":"https:\/\/www.comenia-script.com\/sk\/wp-json\/wp\/v2\/comments?post=949"}],"version-history":[{"count":9,"href":"https:\/\/www.comenia-script.com\/sk\/wp-json\/wp\/v2\/pages\/949\/revisions"}],"predecessor-version":[{"id":2363,"href":"https:\/\/www.comenia-script.com\/sk\/wp-json\/wp\/v2\/pages\/949\/revisions\/2363"}],"wp:attachment":[{"href":"https:\/\/www.comenia-script.com\/sk\/wp-json\/wp\/v2\/media?parent=949"}],"curies":[{"name":"wp","href":"https:\/\/api.w.org\/{rel}","templated":true}]}}