{"id":939,"date":"2020-11-03T13:16:23","date_gmt":"2020-11-03T12:16:23","guid":{"rendered":"http:\/\/www.comenia-script.com\/5-9-rocnik\/"},"modified":"2020-11-21T14:09:26","modified_gmt":"2020-11-21T13:09:26","slug":"5-9-rocnik","status":"publish","type":"page","link":"https:\/\/www.comenia-script.com\/sk\/5-9-rocnik\/","title":{"rendered":"P\u00edsmo \/ 4. ro\u010dn\u00edk"},"content":{"rendered":"\n<div class=\"wp-block-image\"><figure class=\"aligncenter size-large\"><img loading=\"lazy\" decoding=\"async\" width=\"1024\" height=\"743\" src=\"https:\/\/www.comenia-script.com\/wp-content\/uploads\/2020\/11\/4_ZVO_ses_Sarka-R-1024x743.jpg\" alt=\"\" class=\"wp-image-1542\" srcset=\"https:\/\/www.comenia-script.com\/wp-content\/uploads\/2020\/11\/4_ZVO_ses_Sarka-R-1024x743.jpg 1024w, https:\/\/www.comenia-script.com\/wp-content\/uploads\/2020\/11\/4_ZVO_ses_Sarka-R-300x218.jpg 300w, https:\/\/www.comenia-script.com\/wp-content\/uploads\/2020\/11\/4_ZVO_ses_Sarka-R-768x557.jpg 768w, https:\/\/www.comenia-script.com\/wp-content\/uploads\/2020\/11\/4_ZVO_ses_Sarka-R-1536x1114.jpg 1536w, https:\/\/www.comenia-script.com\/wp-content\/uploads\/2020\/11\/4_ZVO_ses_Sarka-R.jpg 1890w\" sizes=\"auto, (max-width: 1024px) 100vw, 1024px\" \/><figcaption>\u0160\u00e1rka, 4. ro\u010dn\u00edk<\/figcaption><\/figure><\/div>\n\n\n\n<div class=\"wp-block-image\"><figure class=\"aligncenter size-large\"><img loading=\"lazy\" decoding=\"async\" width=\"1024\" height=\"736\" src=\"https:\/\/www.comenia-script.com\/wp-content\/uploads\/2020\/11\/4_CKR_sesit_05-R-1024x736.jpg\" alt=\"\" class=\"wp-image-1530\" srcset=\"https:\/\/www.comenia-script.com\/wp-content\/uploads\/2020\/11\/4_CKR_sesit_05-R-1024x736.jpg 1024w, https:\/\/www.comenia-script.com\/wp-content\/uploads\/2020\/11\/4_CKR_sesit_05-R-300x216.jpg 300w, https:\/\/www.comenia-script.com\/wp-content\/uploads\/2020\/11\/4_CKR_sesit_05-R-768x552.jpg 768w, https:\/\/www.comenia-script.com\/wp-content\/uploads\/2020\/11\/4_CKR_sesit_05-R-1536x1104.jpg 1536w, https:\/\/www.comenia-script.com\/wp-content\/uploads\/2020\/11\/4_CKR_sesit_05-R.jpg 1890w\" sizes=\"auto, (max-width: 1024px) 100vw, 1024px\" \/><figcaption>Andy, 4. ro\u010dn\u00edk<\/figcaption><\/figure><\/div>\n\n\n\n<div class=\"wp-block-image\"><figure class=\"aligncenter size-large\"><img loading=\"lazy\" decoding=\"async\" width=\"1024\" height=\"725\" src=\"https:\/\/www.comenia-script.com\/wp-content\/uploads\/2020\/11\/4_CKR_sesit_08-R-1024x725.jpg\" alt=\"\" class=\"wp-image-1533\" srcset=\"https:\/\/www.comenia-script.com\/wp-content\/uploads\/2020\/11\/4_CKR_sesit_08-R-1024x725.jpg 1024w, https:\/\/www.comenia-script.com\/wp-content\/uploads\/2020\/11\/4_CKR_sesit_08-R-300x213.jpg 300w, https:\/\/www.comenia-script.com\/wp-content\/uploads\/2020\/11\/4_CKR_sesit_08-R-768x544.jpg 768w, https:\/\/www.comenia-script.com\/wp-content\/uploads\/2020\/11\/4_CKR_sesit_08-R-1536x1088.jpg 1536w, https:\/\/www.comenia-script.com\/wp-content\/uploads\/2020\/11\/4_CKR_sesit_08-R.jpg 1890w\" sizes=\"auto, (max-width: 1024px) 100vw, 1024px\" \/><figcaption>Ben, 4. ro\u010dn\u00edk<\/figcaption><\/figure><\/div>\n\n\n\n<div class=\"wp-block-image\"><figure class=\"aligncenter size-large\"><img loading=\"lazy\" decoding=\"async\" width=\"1024\" height=\"730\" src=\"https:\/\/www.comenia-script.com\/wp-content\/uploads\/2020\/11\/4_ZVO_ses_Misa-R-1024x730.jpg\" alt=\"\" class=\"wp-image-1539\" srcset=\"https:\/\/www.comenia-script.com\/wp-content\/uploads\/2020\/11\/4_ZVO_ses_Misa-R-1024x730.jpg 1024w, https:\/\/www.comenia-script.com\/wp-content\/uploads\/2020\/11\/4_ZVO_ses_Misa-R-300x214.jpg 300w, https:\/\/www.comenia-script.com\/wp-content\/uploads\/2020\/11\/4_ZVO_ses_Misa-R-768x547.jpg 768w, https:\/\/www.comenia-script.com\/wp-content\/uploads\/2020\/11\/4_ZVO_ses_Misa-R-1536x1095.jpg 1536w, https:\/\/www.comenia-script.com\/wp-content\/uploads\/2020\/11\/4_ZVO_ses_Misa-R.jpg 1890w\" sizes=\"auto, (max-width: 1024px) 100vw, 1024px\" \/><figcaption>M\u00ed\u0161a, 4. ro\u010dn\u00edk<\/figcaption><\/figure><\/div>\n\n\n\n<div class=\"wp-block-image\"><figure class=\"aligncenter size-large is-resized\"><img loading=\"lazy\" decoding=\"async\" src=\"https:\/\/www.comenia-script.com\/wp-content\/uploads\/2020\/11\/4_ZVO_volne_Natalka-R-948x1024.jpg\" alt=\"\" class=\"wp-image-1545\" width=\"587\" height=\"634\" srcset=\"https:\/\/www.comenia-script.com\/wp-content\/uploads\/2020\/11\/4_ZVO_volne_Natalka-R-948x1024.jpg 948w, https:\/\/www.comenia-script.com\/wp-content\/uploads\/2020\/11\/4_ZVO_volne_Natalka-R-278x300.jpg 278w, https:\/\/www.comenia-script.com\/wp-content\/uploads\/2020\/11\/4_ZVO_volne_Natalka-R-768x830.jpg 768w, https:\/\/www.comenia-script.com\/wp-content\/uploads\/2020\/11\/4_ZVO_volne_Natalka-R-1421x1536.jpg 1421w, https:\/\/www.comenia-script.com\/wp-content\/uploads\/2020\/11\/4_ZVO_volne_Natalka-R.jpg 1749w\" sizes=\"auto, (max-width: 587px) 100vw, 587px\" \/><figcaption>Nat\u00e1lka, 4. ro\u010dn\u00edk<\/figcaption><\/figure><\/div>\n\n\n\n<div class=\"wp-block-image\"><figure class=\"aligncenter size-large is-resized\"><img loading=\"lazy\" decoding=\"async\" src=\"https:\/\/www.comenia-script.com\/wp-content\/uploads\/2020\/11\/4_ZRAK_texty_Tynka-R-1024x793.jpg\" alt=\"\" class=\"wp-image-1536\" width=\"525\" height=\"406\" srcset=\"https:\/\/www.comenia-script.com\/wp-content\/uploads\/2020\/11\/4_ZRAK_texty_Tynka-R-1024x793.jpg 1024w, https:\/\/www.comenia-script.com\/wp-content\/uploads\/2020\/11\/4_ZRAK_texty_Tynka-R-300x232.jpg 300w, https:\/\/www.comenia-script.com\/wp-content\/uploads\/2020\/11\/4_ZRAK_texty_Tynka-R-768x595.jpg 768w, https:\/\/www.comenia-script.com\/wp-content\/uploads\/2020\/11\/4_ZRAK_texty_Tynka-R-1536x1190.jpg 1536w, https:\/\/www.comenia-script.com\/wp-content\/uploads\/2020\/11\/4_ZRAK_texty_Tynka-R.jpg 1890w\" sizes=\"auto, (max-width: 525px) 100vw, 525px\" \/><figcaption>T\u00fdnka, 4. ro\u010dn\u00edk (zrakovo postihnut\u00e1 \u017eia\u010dka)<\/figcaption><\/figure><\/div>\n","protected":false},"excerpt":{"rendered":"","protected":false},"author":2,"featured_media":0,"parent":0,"menu_order":0,"comment_status":"closed","ping_status":"closed","template":"","meta":{"footnotes":""},"class_list":["post-939","page","type-page","status-publish","hentry","entry"],"yoast_head":"<!-- This site is optimized with the Yoast SEO plugin v27.5 - https:\/\/yoast.com\/product\/yoast-seo-wordpress\/ -->\n<title>P\u00edsmo \/ 4. ro\u010dn\u00edk - Comenia Script\u00ae<\/title>\n<meta name=\"robots\" content=\"index, follow, max-snippet:-1, max-image-preview:large, max-video-preview:-1\" \/>\n<link rel=\"canonical\" href=\"https:\/\/www.comenia-script.com\/sk\/5-9-rocnik\/\" \/>\n<meta property=\"og:locale\" content=\"sk_SK\" \/>\n<meta property=\"og:type\" content=\"article\" \/>\n<meta property=\"og:title\" content=\"P\u00edsmo \/ 4. ro\u010dn\u00edk - Comenia Script\u00ae\" \/>\n<meta property=\"og:url\" content=\"https:\/\/www.comenia-script.com\/sk\/5-9-rocnik\/\" \/>\n<meta property=\"og:site_name\" content=\"Comenia Script\u00ae\" \/>\n<meta property=\"article:modified_time\" content=\"2020-11-21T13:09:26+00:00\" \/>\n<meta property=\"og:image\" content=\"https:\/\/www.comenia-script.com\/wp-content\/uploads\/2020\/11\/4_ZVO_ses_Sarka-R-1024x743.jpg\" \/>\n<meta name=\"twitter:card\" content=\"summary_large_image\" \/>\n<script type=\"application\/ld+json\" class=\"yoast-schema-graph\">{\"@context\":\"https:\\\/\\\/schema.org\",\"@graph\":[{\"@type\":\"WebPage\",\"@id\":\"https:\\\/\\\/www.comenia-script.com\\\/sk\\\/5-9-rocnik\\\/\",\"url\":\"https:\\\/\\\/www.comenia-script.com\\\/sk\\\/5-9-rocnik\\\/\",\"name\":\"P\u00edsmo \\\/ 4. ro\u010dn\u00edk - Comenia Script\u00ae\",\"isPartOf\":{\"@id\":\"https:\\\/\\\/www.comenia-script.com\\\/#website\"},\"primaryImageOfPage\":{\"@id\":\"https:\\\/\\\/www.comenia-script.com\\\/sk\\\/5-9-rocnik\\\/#primaryimage\"},\"image\":{\"@id\":\"https:\\\/\\\/www.comenia-script.com\\\/sk\\\/5-9-rocnik\\\/#primaryimage\"},\"thumbnailUrl\":\"https:\\\/\\\/www.comenia-script.com\\\/wp-content\\\/uploads\\\/2020\\\/11\\\/4_ZVO_ses_Sarka-R-1024x743.jpg\",\"datePublished\":\"2020-11-03T12:16:23+00:00\",\"dateModified\":\"2020-11-21T13:09:26+00:00\",\"breadcrumb\":{\"@id\":\"https:\\\/\\\/www.comenia-script.com\\\/sk\\\/5-9-rocnik\\\/#breadcrumb\"},\"inLanguage\":\"sk-SK\",\"potentialAction\":[{\"@type\":\"ReadAction\",\"target\":[\"https:\\\/\\\/www.comenia-script.com\\\/sk\\\/5-9-rocnik\\\/\"]}]},{\"@type\":\"ImageObject\",\"inLanguage\":\"sk-SK\",\"@id\":\"https:\\\/\\\/www.comenia-script.com\\\/sk\\\/5-9-rocnik\\\/#primaryimage\",\"url\":\"https:\\\/\\\/www.comenia-script.com\\\/wp-content\\\/uploads\\\/2020\\\/11\\\/4_ZVO_ses_Sarka-R-1024x743.jpg\",\"contentUrl\":\"https:\\\/\\\/www.comenia-script.com\\\/wp-content\\\/uploads\\\/2020\\\/11\\\/4_ZVO_ses_Sarka-R-1024x743.jpg\"},{\"@type\":\"BreadcrumbList\",\"@id\":\"https:\\\/\\\/www.comenia-script.com\\\/sk\\\/5-9-rocnik\\\/#breadcrumb\",\"itemListElement\":[{\"@type\":\"ListItem\",\"position\":1,\"name\":\"Dom\u016f\",\"item\":\"https:\\\/\\\/www.comenia-script.com\\\/sk\\\/\"},{\"@type\":\"ListItem\",\"position\":2,\"name\":\"P\u00edsmo \\\/ 4. ro\u010dn\u00edk\"}]},{\"@type\":\"WebSite\",\"@id\":\"https:\\\/\\\/www.comenia-script.com\\\/#website\",\"url\":\"https:\\\/\\\/www.comenia-script.com\\\/\",\"name\":\"Comenia Script\u00ae\",\"description\":\"psac\u00ed p\u00edsmo pro d\u011bti\",\"publisher\":{\"@id\":\"https:\\\/\\\/www.comenia-script.com\\\/#organization\"},\"potentialAction\":[{\"@type\":\"SearchAction\",\"target\":{\"@type\":\"EntryPoint\",\"urlTemplate\":\"https:\\\/\\\/www.comenia-script.com\\\/?s={search_term_string}\"},\"query-input\":{\"@type\":\"PropertyValueSpecification\",\"valueRequired\":true,\"valueName\":\"search_term_string\"}}],\"inLanguage\":\"sk-SK\"},{\"@type\":\"Organization\",\"@id\":\"https:\\\/\\\/www.comenia-script.com\\\/#organization\",\"name\":\"Comenia Script\u00ae\",\"url\":\"https:\\\/\\\/www.comenia-script.com\\\/\",\"logo\":{\"@type\":\"ImageObject\",\"inLanguage\":\"sk-SK\",\"@id\":\"https:\\\/\\\/www.comenia-script.com\\\/#\\\/schema\\\/logo\\\/image\\\/\",\"url\":\"https:\\\/\\\/www.comenia-script.com\\\/wp-content\\\/uploads\\\/2020\\\/11\\\/cropped-logo_CS_napis_03_54pxl_240.jpg\",\"contentUrl\":\"https:\\\/\\\/www.comenia-script.com\\\/wp-content\\\/uploads\\\/2020\\\/11\\\/cropped-logo_CS_napis_03_54pxl_240.jpg\",\"width\":275,\"height\":54,\"caption\":\"Comenia Script\u00ae\"},\"image\":{\"@id\":\"https:\\\/\\\/www.comenia-script.com\\\/#\\\/schema\\\/logo\\\/image\\\/\"},\"sameAs\":[\"https:\\\/\\\/cs.wikipedia.org\\\/wiki\\\/Comenia_Script\"]}]}<\/script>\n<!-- \/ Yoast SEO plugin. -->","yoast_head_json":{"title":"P\u00edsmo \/ 4. ro\u010dn\u00edk - Comenia Script\u00ae","robots":{"index":"index","follow":"follow","max-snippet":"max-snippet:-1","max-image-preview":"max-image-preview:large","max-video-preview":"max-video-preview:-1"},"canonical":"https:\/\/www.comenia-script.com\/sk\/5-9-rocnik\/","og_locale":"sk_SK","og_type":"article","og_title":"P\u00edsmo \/ 4. ro\u010dn\u00edk - Comenia Script\u00ae","og_url":"https:\/\/www.comenia-script.com\/sk\/5-9-rocnik\/","og_site_name":"Comenia Script\u00ae","article_modified_time":"2020-11-21T13:09:26+00:00","og_image":[{"url":"https:\/\/www.comenia-script.com\/wp-content\/uploads\/2020\/11\/4_ZVO_ses_Sarka-R-1024x743.jpg","type":"","width":"","height":""}],"twitter_card":"summary_large_image","schema":{"@context":"https:\/\/schema.org","@graph":[{"@type":"WebPage","@id":"https:\/\/www.comenia-script.com\/sk\/5-9-rocnik\/","url":"https:\/\/www.comenia-script.com\/sk\/5-9-rocnik\/","name":"P\u00edsmo \/ 4. ro\u010dn\u00edk - Comenia Script\u00ae","isPartOf":{"@id":"https:\/\/www.comenia-script.com\/#website"},"primaryImageOfPage":{"@id":"https:\/\/www.comenia-script.com\/sk\/5-9-rocnik\/#primaryimage"},"image":{"@id":"https:\/\/www.comenia-script.com\/sk\/5-9-rocnik\/#primaryimage"},"thumbnailUrl":"https:\/\/www.comenia-script.com\/wp-content\/uploads\/2020\/11\/4_ZVO_ses_Sarka-R-1024x743.jpg","datePublished":"2020-11-03T12:16:23+00:00","dateModified":"2020-11-21T13:09:26+00:00","breadcrumb":{"@id":"https:\/\/www.comenia-script.com\/sk\/5-9-rocnik\/#breadcrumb"},"inLanguage":"sk-SK","potentialAction":[{"@type":"ReadAction","target":["https:\/\/www.comenia-script.com\/sk\/5-9-rocnik\/"]}]},{"@type":"ImageObject","inLanguage":"sk-SK","@id":"https:\/\/www.comenia-script.com\/sk\/5-9-rocnik\/#primaryimage","url":"https:\/\/www.comenia-script.com\/wp-content\/uploads\/2020\/11\/4_ZVO_ses_Sarka-R-1024x743.jpg","contentUrl":"https:\/\/www.comenia-script.com\/wp-content\/uploads\/2020\/11\/4_ZVO_ses_Sarka-R-1024x743.jpg"},{"@type":"BreadcrumbList","@id":"https:\/\/www.comenia-script.com\/sk\/5-9-rocnik\/#breadcrumb","itemListElement":[{"@type":"ListItem","position":1,"name":"Dom\u016f","item":"https:\/\/www.comenia-script.com\/sk\/"},{"@type":"ListItem","position":2,"name":"P\u00edsmo \/ 4. ro\u010dn\u00edk"}]},{"@type":"WebSite","@id":"https:\/\/www.comenia-script.com\/#website","url":"https:\/\/www.comenia-script.com\/","name":"Comenia Script\u00ae","description":"psac\u00ed p\u00edsmo pro d\u011bti","publisher":{"@id":"https:\/\/www.comenia-script.com\/#organization"},"potentialAction":[{"@type":"SearchAction","target":{"@type":"EntryPoint","urlTemplate":"https:\/\/www.comenia-script.com\/?s={search_term_string}"},"query-input":{"@type":"PropertyValueSpecification","valueRequired":true,"valueName":"search_term_string"}}],"inLanguage":"sk-SK"},{"@type":"Organization","@id":"https:\/\/www.comenia-script.com\/#organization","name":"Comenia Script\u00ae","url":"https:\/\/www.comenia-script.com\/","logo":{"@type":"ImageObject","inLanguage":"sk-SK","@id":"https:\/\/www.comenia-script.com\/#\/schema\/logo\/image\/","url":"https:\/\/www.comenia-script.com\/wp-content\/uploads\/2020\/11\/cropped-logo_CS_napis_03_54pxl_240.jpg","contentUrl":"https:\/\/www.comenia-script.com\/wp-content\/uploads\/2020\/11\/cropped-logo_CS_napis_03_54pxl_240.jpg","width":275,"height":54,"caption":"Comenia Script\u00ae"},"image":{"@id":"https:\/\/www.comenia-script.com\/#\/schema\/logo\/image\/"},"sameAs":["https:\/\/cs.wikipedia.org\/wiki\/Comenia_Script"]}]}},"jetpack_sharing_enabled":true,"_links":{"self":[{"href":"https:\/\/www.comenia-script.com\/sk\/wp-json\/wp\/v2\/pages\/939","targetHints":{"allow":["GET"]}}],"collection":[{"href":"https:\/\/www.comenia-script.com\/sk\/wp-json\/wp\/v2\/pages"}],"about":[{"href":"https:\/\/www.comenia-script.com\/sk\/wp-json\/wp\/v2\/types\/page"}],"author":[{"embeddable":true,"href":"https:\/\/www.comenia-script.com\/sk\/wp-json\/wp\/v2\/users\/2"}],"replies":[{"embeddable":true,"href":"https:\/\/www.comenia-script.com\/sk\/wp-json\/wp\/v2\/comments?post=939"}],"version-history":[{"count":6,"href":"https:\/\/www.comenia-script.com\/sk\/wp-json\/wp\/v2\/pages\/939\/revisions"}],"predecessor-version":[{"id":1632,"href":"https:\/\/www.comenia-script.com\/sk\/wp-json\/wp\/v2\/pages\/939\/revisions\/1632"}],"wp:attachment":[{"href":"https:\/\/www.comenia-script.com\/sk\/wp-json\/wp\/v2\/media?parent=939"}],"curies":[{"name":"wp","href":"https:\/\/api.w.org\/{rel}","templated":true}]}}