{"id":923,"date":"2020-11-03T13:23:33","date_gmt":"2020-11-03T12:23:33","guid":{"rendered":"http:\/\/www.comenia-script.com\/fonty-comenia-script\/"},"modified":"2021-04-21T10:32:05","modified_gmt":"2021-04-21T08:32:05","slug":"fonty-comenia-script","status":"publish","type":"page","link":"https:\/\/www.comenia-script.com\/sk\/fonty-comenia-script\/","title":{"rendered":"Fonty Comenia Script\u00ae"},"content":{"rendered":"\n<div class=\"wp-block-cover alignfull has-background-dim-50 has-background-dim\" style=\"background-image:url(https:\/\/www.comenia-script.com\/wp-content\/uploads\/2020\/11\/Screen-Shot-2020-11-17-at-14.07.33.png);background-position:52% 8%\"><div class=\"wp-block-cover__inner-container is-layout-flow wp-block-cover-is-layout-flow\">\n<p class=\"has-text-align-center has-3-xl-font-size\">Vytvorte si individu\u00e1lne pracovn\u00e9 listy s fontami Comenia Script<sup>\u00ae<\/sup><\/p>\n<\/div><\/div>\n\n\n\n<p><\/p>\n\n\n\n<p><strong><span class=\"has-inline-color has-dark-color\">V\u00fdhody fontu<\/span><\/strong><br>S <strong>fontom Comenia Script<\/strong><sup>\u00ae<\/sup> si m\u00f4\u017eete pohotovo zhotovi\u0165 napr. svoje vlastn\u00e9 pracovn\u00e9 listy k v\u00fdu\u010dbe, a to aj individu\u00e1lne pre ka\u017ed\u00e9ho \u017eiaka, pod\u013ea toho, \u010do pr\u00e1ve potrebuje precvi\u010di\u0165. Teraz m\u00f4\u017eete vyu\u017e\u00edva\u0165 aj praktick\u00e9 fonty s linkami a nestr\u00e1ca\u0165 \u010das linkovan\u00edm.<br><\/p>\n\n\n\n<p><strong>Font Comenia Script<\/strong><sup>\u00ae<\/sup> je mo\u017en\u00e9 pou\u017e\u00edva\u0165 aj na \u010d\u00edtanie textov, ktor\u00e9 si u\u010dite\u013e vytvor\u00ed a vytla\u010d\u00ed. Tu odpor\u00fa\u010dame pracova\u0165 s v\u00e4\u010d\u0161ou ve\u013ekos\u0165ou fontu, minim\u00e1lne 15b a viac. Fonty Comenia Script<sup>\u00ae<\/sup> maj\u00fa charakter rezu \u201elight\u201c. Ak v triede pracujete s interakt\u00edvnou tabu\u013eou napojenou na po\u010d\u00edta\u010d, m\u00f4\u017ee sa text na \u010d\u00edtanie zobrazova\u0165 priamo na tabuli.<\/p>\n\n\n\n<figure class=\"wp-block-image size-large is-resized\"><img loading=\"lazy\" decoding=\"async\" src=\"https:\/\/www.comenia-script.com\/wp-content\/uploads\/2020\/11\/nazvy_fonty_CS-uni_tabule-1-1024x346.jpg\" alt=\"\" class=\"wp-image-569\" width=\"567\" height=\"192\" srcset=\"https:\/\/www.comenia-script.com\/wp-content\/uploads\/2020\/11\/nazvy_fonty_CS-uni_tabule-1-1024x346.jpg 1024w, https:\/\/www.comenia-script.com\/wp-content\/uploads\/2020\/11\/nazvy_fonty_CS-uni_tabule-1-300x101.jpg 300w, https:\/\/www.comenia-script.com\/wp-content\/uploads\/2020\/11\/nazvy_fonty_CS-uni_tabule-1-768x260.jpg 768w, https:\/\/www.comenia-script.com\/wp-content\/uploads\/2020\/11\/nazvy_fonty_CS-uni_tabule-1-1536x519.jpg 1536w, https:\/\/www.comenia-script.com\/wp-content\/uploads\/2020\/11\/nazvy_fonty_CS-uni_tabule-1.jpg 1748w\" sizes=\"auto, (max-width: 567px) 100vw, 567px\" \/><figcaption>Comenia Script<sup>\u00ae<\/sup> uni 4 Regular \/ Comenia Script<sup>\u00ae<\/sup> uni 3 Italic<\/figcaption><\/figure>\n\n\n\n<p><\/p>\n\n\n\n<p><strong><span class=\"has-inline-color has-dark-color\">Nev\u00fdhody fontu<\/span><\/strong><br><strong>Font Comenia Script<\/strong><sup>\u00ae<\/sup> za v\u00e1s nevytvor\u00ed dojem, \u017ee predlohov\u00e9 p\u00edsmo viete skuto\u010dne nap\u00edsa\u0165, po\u010d\u00edta\u010dov\u00e1 simul\u00e1cia ho nem\u00f4\u017ee nahradi\u0165. Vidie\u0165 svojho u\u010dite\u013ea ako p\u00ed\u0161e, je pre \u017eiakov tou najd\u00f4le\u017eitej\u0161ou in\u0161pir\u00e1ciou a sk\u00fasenos\u0165ou.<\/p>\n\n\n\n<p><span class=\"has-inline-color has-dark-color\"><strong>Preh\u013ead fontov Comenia Script<sup>\u00ae<\/sup> universal:<\/strong><\/span><\/p>\n\n\n\n<p><\/p>\n\n\n\n<figure class=\"wp-block-image size-large\"><img loading=\"lazy\" decoding=\"async\" width=\"575\" height=\"1024\" src=\"https:\/\/www.comenia-script.com\/wp-content\/uploads\/2020\/11\/nazvy_fonty_CS-uni_SK-575x1024.jpg\" alt=\"\" class=\"wp-image-1712\" srcset=\"https:\/\/www.comenia-script.com\/wp-content\/uploads\/2020\/11\/nazvy_fonty_CS-uni_SK-575x1024.jpg 575w, https:\/\/www.comenia-script.com\/wp-content\/uploads\/2020\/11\/nazvy_fonty_CS-uni_SK-168x300.jpg 168w, https:\/\/www.comenia-script.com\/wp-content\/uploads\/2020\/11\/nazvy_fonty_CS-uni_SK-768x1369.jpg 768w, https:\/\/www.comenia-script.com\/wp-content\/uploads\/2020\/11\/nazvy_fonty_CS-uni_SK-862x1536.jpg 862w, https:\/\/www.comenia-script.com\/wp-content\/uploads\/2020\/11\/nazvy_fonty_CS-uni_SK-1149x2048.jpg 1149w, https:\/\/www.comenia-script.com\/wp-content\/uploads\/2020\/11\/nazvy_fonty_CS-uni_SK.jpg 1193w\" sizes=\"auto, (max-width: 575px) 100vw, 575px\" \/><\/figure>\n\n\n\n<blockquote class=\"wp-block-quote is-layout-flow wp-block-quote-is-layout-flow\"><p><strong>Fonty Comenia Script<\/strong><sup>\u00ae <\/sup>s\u00fa ur\u010den\u00e9 predov\u0161etk\u00fdm <em>pre \u0161koly, pedag\u00f3gov a rodi\u010dov v dom\u00e1cej v\u00fdu\u010dbe<\/em>. Fonty s\u00fa poskytovan\u00e9 za poplatok na z\u00e1klade licen\u010dnej zmluvy s autorkou. Pre viac inform\u00e1ci\u00ed n\u00e1m, pros\u00edm, nap\u00ed\u0161te na <a href=\"mailto:info@comenia-script.com\">info@comenia-script.com<\/a><\/p><\/blockquote>\n\n\n\n<div style=\"height:27px\" aria-hidden=\"true\" class=\"wp-block-spacer\"><\/div>\n\n\n\n<figure class=\"wp-block-image size-large is-resized\"><img loading=\"lazy\" decoding=\"async\" src=\"https:\/\/www.comenia-script.com\/wp-content\/uploads\/2020\/11\/2_CKR_cviceni_Kacka-R-1024x694.jpg\" alt=\"\" class=\"wp-image-1695\" width=\"689\" height=\"466\" srcset=\"https:\/\/www.comenia-script.com\/wp-content\/uploads\/2020\/11\/2_CKR_cviceni_Kacka-R-1024x694.jpg 1024w, https:\/\/www.comenia-script.com\/wp-content\/uploads\/2020\/11\/2_CKR_cviceni_Kacka-R-300x203.jpg 300w, https:\/\/www.comenia-script.com\/wp-content\/uploads\/2020\/11\/2_CKR_cviceni_Kacka-R-768x521.jpg 768w, https:\/\/www.comenia-script.com\/wp-content\/uploads\/2020\/11\/2_CKR_cviceni_Kacka-R-1536x1041.jpg 1536w, https:\/\/www.comenia-script.com\/wp-content\/uploads\/2020\/11\/2_CKR_cviceni_Kacka-R.jpg 1890w\" sizes=\"auto, (max-width: 689px) 100vw, 689px\" \/><figcaption>Uk\u00e1\u017eka pracovn\u00e9ho listu vytvoren\u00e9ho u\u010dite\u013eom<\/figcaption><\/figure>\n\n\n\n<hr class=\"wp-block-separator\"\/>\n\n\n\n<p><\/p>\n","protected":false},"excerpt":{"rendered":"<p>V\u00fdhody fontuS fontom Comenia Script\u00ae si m\u00f4\u017eete pohotovo zhotovi\u0165 napr. svoje vlastn\u00e9 pracovn\u00e9 listy k v\u00fdu\u010dbe, a to aj individu\u00e1lne pre ka\u017ed\u00e9ho \u017eiaka, pod\u013ea toho, \u010do pr\u00e1ve potrebuje precvi\u010di\u0165. Teraz m\u00f4\u017eete vyu\u017e\u00edva\u0165 aj praktick\u00e9 fonty s linkami a nestr\u00e1ca\u0165 \u010das linkovan\u00edm. Font Comenia Script\u00ae je mo\u017en\u00e9 pou\u017e\u00edva\u0165 aj na \u010d\u00edtanie textov, ktor\u00e9 si u\u010dite\u013e vytvor\u00ed&hellip;<\/p>\n<p class=\"more\"><a class=\"more-link\" href=\"https:\/\/www.comenia-script.com\/sk\/fonty-comenia-script\/\">Continue reading <span class=\"screen-reader-text\">Fonty Comenia Script\u00ae<\/span><\/a><\/p>\n","protected":false},"author":2,"featured_media":0,"parent":0,"menu_order":0,"comment_status":"closed","ping_status":"closed","template":"","meta":{"footnotes":""},"class_list":["post-923","page","type-page","status-publish","hentry","entry"],"yoast_head":"<!-- This site is optimized with the Yoast SEO plugin v27.5 - https:\/\/yoast.com\/product\/yoast-seo-wordpress\/ -->\n<title>Fonty Comenia Script\u00ae - Comenia Script\u00ae<\/title>\n<meta name=\"robots\" content=\"index, follow, max-snippet:-1, max-image-preview:large, max-video-preview:-1\" \/>\n<link rel=\"canonical\" href=\"https:\/\/www.comenia-script.com\/sk\/fonty-comenia-script\/\" \/>\n<meta property=\"og:locale\" content=\"sk_SK\" \/>\n<meta property=\"og:type\" content=\"article\" \/>\n<meta property=\"og:title\" content=\"Fonty Comenia Script\u00ae - Comenia Script\u00ae\" \/>\n<meta property=\"og:description\" content=\"V\u00fdhody fontuS fontom Comenia Script\u00ae si m\u00f4\u017eete pohotovo zhotovi\u0165 napr. svoje vlastn\u00e9 pracovn\u00e9 listy k v\u00fdu\u010dbe, a to aj individu\u00e1lne pre ka\u017ed\u00e9ho \u017eiaka, pod\u013ea toho, \u010do pr\u00e1ve potrebuje precvi\u010di\u0165. Teraz m\u00f4\u017eete vyu\u017e\u00edva\u0165 aj praktick\u00e9 fonty s linkami a nestr\u00e1ca\u0165 \u010das linkovan\u00edm. Font Comenia Script\u00ae je mo\u017en\u00e9 pou\u017e\u00edva\u0165 aj na \u010d\u00edtanie textov, ktor\u00e9 si u\u010dite\u013e vytvor\u00ed&hellip;Continue reading Fonty Comenia Script\u00ae\" \/>\n<meta property=\"og:url\" content=\"https:\/\/www.comenia-script.com\/sk\/fonty-comenia-script\/\" \/>\n<meta property=\"og:site_name\" content=\"Comenia Script\u00ae\" \/>\n<meta property=\"article:modified_time\" content=\"2021-04-21T08:32:05+00:00\" \/>\n<meta property=\"og:image\" content=\"https:\/\/www.comenia-script.com\/wp-content\/uploads\/2020\/11\/nazvy_fonty_CS-uni_tabule-1-1024x346.jpg\" \/>\n<meta name=\"twitter:card\" content=\"summary_large_image\" \/>\n<meta name=\"twitter:label1\" content=\"Predpokladan\u00fd \u010das \u010d\u00edtania\" \/>\n\t<meta name=\"twitter:data1\" content=\"2 min\u00faty\" \/>\n<script type=\"application\/ld+json\" class=\"yoast-schema-graph\">{\"@context\":\"https:\\\/\\\/schema.org\",\"@graph\":[{\"@type\":\"WebPage\",\"@id\":\"https:\\\/\\\/www.comenia-script.com\\\/sk\\\/fonty-comenia-script\\\/\",\"url\":\"https:\\\/\\\/www.comenia-script.com\\\/sk\\\/fonty-comenia-script\\\/\",\"name\":\"Fonty Comenia Script\u00ae - Comenia Script\u00ae\",\"isPartOf\":{\"@id\":\"https:\\\/\\\/www.comenia-script.com\\\/#website\"},\"primaryImageOfPage\":{\"@id\":\"https:\\\/\\\/www.comenia-script.com\\\/sk\\\/fonty-comenia-script\\\/#primaryimage\"},\"image\":{\"@id\":\"https:\\\/\\\/www.comenia-script.com\\\/sk\\\/fonty-comenia-script\\\/#primaryimage\"},\"thumbnailUrl\":\"https:\\\/\\\/www.comenia-script.com\\\/wp-content\\\/uploads\\\/2020\\\/11\\\/nazvy_fonty_CS-uni_tabule-1-1024x346.jpg\",\"datePublished\":\"2020-11-03T12:23:33+00:00\",\"dateModified\":\"2021-04-21T08:32:05+00:00\",\"breadcrumb\":{\"@id\":\"https:\\\/\\\/www.comenia-script.com\\\/sk\\\/fonty-comenia-script\\\/#breadcrumb\"},\"inLanguage\":\"sk-SK\",\"potentialAction\":[{\"@type\":\"ReadAction\",\"target\":[\"https:\\\/\\\/www.comenia-script.com\\\/sk\\\/fonty-comenia-script\\\/\"]}]},{\"@type\":\"ImageObject\",\"inLanguage\":\"sk-SK\",\"@id\":\"https:\\\/\\\/www.comenia-script.com\\\/sk\\\/fonty-comenia-script\\\/#primaryimage\",\"url\":\"https:\\\/\\\/www.comenia-script.com\\\/wp-content\\\/uploads\\\/2020\\\/11\\\/nazvy_fonty_CS-uni_tabule-1-1024x346.jpg\",\"contentUrl\":\"https:\\\/\\\/www.comenia-script.com\\\/wp-content\\\/uploads\\\/2020\\\/11\\\/nazvy_fonty_CS-uni_tabule-1-1024x346.jpg\"},{\"@type\":\"BreadcrumbList\",\"@id\":\"https:\\\/\\\/www.comenia-script.com\\\/sk\\\/fonty-comenia-script\\\/#breadcrumb\",\"itemListElement\":[{\"@type\":\"ListItem\",\"position\":1,\"name\":\"Dom\u016f\",\"item\":\"https:\\\/\\\/www.comenia-script.com\\\/sk\\\/\"},{\"@type\":\"ListItem\",\"position\":2,\"name\":\"Fonty Comenia Script\u00ae\"}]},{\"@type\":\"WebSite\",\"@id\":\"https:\\\/\\\/www.comenia-script.com\\\/#website\",\"url\":\"https:\\\/\\\/www.comenia-script.com\\\/\",\"name\":\"Comenia Script\u00ae\",\"description\":\"psac\u00ed p\u00edsmo pro d\u011bti\",\"publisher\":{\"@id\":\"https:\\\/\\\/www.comenia-script.com\\\/#organization\"},\"potentialAction\":[{\"@type\":\"SearchAction\",\"target\":{\"@type\":\"EntryPoint\",\"urlTemplate\":\"https:\\\/\\\/www.comenia-script.com\\\/?s={search_term_string}\"},\"query-input\":{\"@type\":\"PropertyValueSpecification\",\"valueRequired\":true,\"valueName\":\"search_term_string\"}}],\"inLanguage\":\"sk-SK\"},{\"@type\":\"Organization\",\"@id\":\"https:\\\/\\\/www.comenia-script.com\\\/#organization\",\"name\":\"Comenia Script\u00ae\",\"url\":\"https:\\\/\\\/www.comenia-script.com\\\/\",\"logo\":{\"@type\":\"ImageObject\",\"inLanguage\":\"sk-SK\",\"@id\":\"https:\\\/\\\/www.comenia-script.com\\\/#\\\/schema\\\/logo\\\/image\\\/\",\"url\":\"https:\\\/\\\/www.comenia-script.com\\\/wp-content\\\/uploads\\\/2020\\\/11\\\/cropped-logo_CS_napis_03_54pxl_240.jpg\",\"contentUrl\":\"https:\\\/\\\/www.comenia-script.com\\\/wp-content\\\/uploads\\\/2020\\\/11\\\/cropped-logo_CS_napis_03_54pxl_240.jpg\",\"width\":275,\"height\":54,\"caption\":\"Comenia Script\u00ae\"},\"image\":{\"@id\":\"https:\\\/\\\/www.comenia-script.com\\\/#\\\/schema\\\/logo\\\/image\\\/\"},\"sameAs\":[\"https:\\\/\\\/cs.wikipedia.org\\\/wiki\\\/Comenia_Script\"]}]}<\/script>\n<!-- \/ Yoast SEO plugin. -->","yoast_head_json":{"title":"Fonty Comenia Script\u00ae - Comenia Script\u00ae","robots":{"index":"index","follow":"follow","max-snippet":"max-snippet:-1","max-image-preview":"max-image-preview:large","max-video-preview":"max-video-preview:-1"},"canonical":"https:\/\/www.comenia-script.com\/sk\/fonty-comenia-script\/","og_locale":"sk_SK","og_type":"article","og_title":"Fonty Comenia Script\u00ae - Comenia Script\u00ae","og_description":"V\u00fdhody fontuS fontom Comenia Script\u00ae si m\u00f4\u017eete pohotovo zhotovi\u0165 napr. svoje vlastn\u00e9 pracovn\u00e9 listy k v\u00fdu\u010dbe, a to aj individu\u00e1lne pre ka\u017ed\u00e9ho \u017eiaka, pod\u013ea toho, \u010do pr\u00e1ve potrebuje precvi\u010di\u0165. Teraz m\u00f4\u017eete vyu\u017e\u00edva\u0165 aj praktick\u00e9 fonty s linkami a nestr\u00e1ca\u0165 \u010das linkovan\u00edm. Font Comenia Script\u00ae je mo\u017en\u00e9 pou\u017e\u00edva\u0165 aj na \u010d\u00edtanie textov, ktor\u00e9 si u\u010dite\u013e vytvor\u00ed&hellip;Continue reading Fonty Comenia Script\u00ae","og_url":"https:\/\/www.comenia-script.com\/sk\/fonty-comenia-script\/","og_site_name":"Comenia Script\u00ae","article_modified_time":"2021-04-21T08:32:05+00:00","og_image":[{"url":"https:\/\/www.comenia-script.com\/wp-content\/uploads\/2020\/11\/nazvy_fonty_CS-uni_tabule-1-1024x346.jpg","type":"","width":"","height":""}],"twitter_card":"summary_large_image","twitter_misc":{"Predpokladan\u00fd \u010das \u010d\u00edtania":"2 min\u00faty"},"schema":{"@context":"https:\/\/schema.org","@graph":[{"@type":"WebPage","@id":"https:\/\/www.comenia-script.com\/sk\/fonty-comenia-script\/","url":"https:\/\/www.comenia-script.com\/sk\/fonty-comenia-script\/","name":"Fonty Comenia Script\u00ae - Comenia Script\u00ae","isPartOf":{"@id":"https:\/\/www.comenia-script.com\/#website"},"primaryImageOfPage":{"@id":"https:\/\/www.comenia-script.com\/sk\/fonty-comenia-script\/#primaryimage"},"image":{"@id":"https:\/\/www.comenia-script.com\/sk\/fonty-comenia-script\/#primaryimage"},"thumbnailUrl":"https:\/\/www.comenia-script.com\/wp-content\/uploads\/2020\/11\/nazvy_fonty_CS-uni_tabule-1-1024x346.jpg","datePublished":"2020-11-03T12:23:33+00:00","dateModified":"2021-04-21T08:32:05+00:00","breadcrumb":{"@id":"https:\/\/www.comenia-script.com\/sk\/fonty-comenia-script\/#breadcrumb"},"inLanguage":"sk-SK","potentialAction":[{"@type":"ReadAction","target":["https:\/\/www.comenia-script.com\/sk\/fonty-comenia-script\/"]}]},{"@type":"ImageObject","inLanguage":"sk-SK","@id":"https:\/\/www.comenia-script.com\/sk\/fonty-comenia-script\/#primaryimage","url":"https:\/\/www.comenia-script.com\/wp-content\/uploads\/2020\/11\/nazvy_fonty_CS-uni_tabule-1-1024x346.jpg","contentUrl":"https:\/\/www.comenia-script.com\/wp-content\/uploads\/2020\/11\/nazvy_fonty_CS-uni_tabule-1-1024x346.jpg"},{"@type":"BreadcrumbList","@id":"https:\/\/www.comenia-script.com\/sk\/fonty-comenia-script\/#breadcrumb","itemListElement":[{"@type":"ListItem","position":1,"name":"Dom\u016f","item":"https:\/\/www.comenia-script.com\/sk\/"},{"@type":"ListItem","position":2,"name":"Fonty Comenia Script\u00ae"}]},{"@type":"WebSite","@id":"https:\/\/www.comenia-script.com\/#website","url":"https:\/\/www.comenia-script.com\/","name":"Comenia Script\u00ae","description":"psac\u00ed p\u00edsmo pro d\u011bti","publisher":{"@id":"https:\/\/www.comenia-script.com\/#organization"},"potentialAction":[{"@type":"SearchAction","target":{"@type":"EntryPoint","urlTemplate":"https:\/\/www.comenia-script.com\/?s={search_term_string}"},"query-input":{"@type":"PropertyValueSpecification","valueRequired":true,"valueName":"search_term_string"}}],"inLanguage":"sk-SK"},{"@type":"Organization","@id":"https:\/\/www.comenia-script.com\/#organization","name":"Comenia Script\u00ae","url":"https:\/\/www.comenia-script.com\/","logo":{"@type":"ImageObject","inLanguage":"sk-SK","@id":"https:\/\/www.comenia-script.com\/#\/schema\/logo\/image\/","url":"https:\/\/www.comenia-script.com\/wp-content\/uploads\/2020\/11\/cropped-logo_CS_napis_03_54pxl_240.jpg","contentUrl":"https:\/\/www.comenia-script.com\/wp-content\/uploads\/2020\/11\/cropped-logo_CS_napis_03_54pxl_240.jpg","width":275,"height":54,"caption":"Comenia Script\u00ae"},"image":{"@id":"https:\/\/www.comenia-script.com\/#\/schema\/logo\/image\/"},"sameAs":["https:\/\/cs.wikipedia.org\/wiki\/Comenia_Script"]}]}},"jetpack_sharing_enabled":true,"_links":{"self":[{"href":"https:\/\/www.comenia-script.com\/sk\/wp-json\/wp\/v2\/pages\/923","targetHints":{"allow":["GET"]}}],"collection":[{"href":"https:\/\/www.comenia-script.com\/sk\/wp-json\/wp\/v2\/pages"}],"about":[{"href":"https:\/\/www.comenia-script.com\/sk\/wp-json\/wp\/v2\/types\/page"}],"author":[{"embeddable":true,"href":"https:\/\/www.comenia-script.com\/sk\/wp-json\/wp\/v2\/users\/2"}],"replies":[{"embeddable":true,"href":"https:\/\/www.comenia-script.com\/sk\/wp-json\/wp\/v2\/comments?post=923"}],"version-history":[{"count":16,"href":"https:\/\/www.comenia-script.com\/sk\/wp-json\/wp\/v2\/pages\/923\/revisions"}],"predecessor-version":[{"id":2349,"href":"https:\/\/www.comenia-script.com\/sk\/wp-json\/wp\/v2\/pages\/923\/revisions\/2349"}],"wp:attachment":[{"href":"https:\/\/www.comenia-script.com\/sk\/wp-json\/wp\/v2\/media?parent=923"}],"curies":[{"name":"wp","href":"https:\/\/api.w.org\/{rel}","templated":true}]}}