{"id":915,"date":"2020-11-07T14:52:31","date_gmt":"2020-11-07T13:52:31","guid":{"rendered":"http:\/\/www.comenia-script.com\/publikace-pro-pedagogy\/"},"modified":"2021-04-20T15:00:57","modified_gmt":"2021-04-20T13:00:57","slug":"publikace-pro-pedagogy","status":"publish","type":"page","link":"https:\/\/www.comenia-script.com\/sk\/publikace-pro-pedagogy\/","title":{"rendered":"Publik\u00e1cie pre pedag\u00f3gov"},"content":{"rendered":"\n<div class=\"wp-block-cover alignfull has-background-dim-20 has-background-dim\" style=\"background-image:url(https:\/\/www.comenia-script.com\/wp-content\/uploads\/2020\/11\/foto_publikace_pedagogy-scaled.jpg)\"><div class=\"wp-block-cover__inner-container is-layout-flow wp-block-cover-is-layout-flow\">\n<p class=\"has-text-align-center has-3-xl-font-size\">A nie\u010do pre dospel\u00fdch: pedag\u00f3gov, rodi\u010dov a nad\u0161en\u00fdch pis\u00e1rov<\/p>\n<\/div><\/div>\n\n\n\n<p><\/p>\n\n\n\n<p><\/p>\n\n\n\n<p><strong><span class=\"has-inline-color has-dark-color\">Praktick\u00fd manu\u00e1l \u201eComenia Script<sup>\u00ae<\/sup> universal\u201c<\/span><\/strong><br>Pr\u00edru\u010dka k praktick\u00e9mu n\u00e1cviku p\u00edsacieho p\u00edsma Comenia Script<sup>\u00ae<\/sup> universal, ktorej z\u00e1kladn\u00fdm princ\u00edpom je jednoduchos\u0165 a \u010ditate\u013enos\u0165. Praktick\u00fd manu\u00e1l je ur\u010den\u00fd najm\u00e4 pre u\u010dite\u013eov 1. ro\u010dn\u00edka Z\u0160, rodi\u010dov a tie\u017e pre ka\u017ed\u00e9ho, kto chce zlep\u0161i\u0165 svoj rukopis. S\u00fa\u010das\u0165ou je pr\u00edloha zostaven\u00e1 z 13 pracovn\u00fdch listov a podlo\u017eka s liniat\u00farou. Form\u00e1t A5, 48 str\u00e1n (+ 14 listov pr\u00edlohy).<em> Publik\u00e1cia je v \u010deskom jazyku<\/em>. <a href=\"https:\/\/www.booktook.cz\/p\/comenia-script-universal-prakticky-manual-9788087201220\/\">> Objedna\u0165 u \u010desk\u00e9ho predajca<\/a><\/p>\n\n\n\n<figure class=\"wp-block-image size-large is-resized\"><img loading=\"lazy\" decoding=\"async\" src=\"https:\/\/www.comenia-script.com\/wp-content\/uploads\/2020\/11\/Prakticky_manual_UNI_ukazka-1-1024x493.jpg\" alt=\"\" class=\"wp-image-705\" width=\"630\" height=\"303\" srcset=\"https:\/\/www.comenia-script.com\/wp-content\/uploads\/2020\/11\/Prakticky_manual_UNI_ukazka-1-1024x493.jpg 1024w, https:\/\/www.comenia-script.com\/wp-content\/uploads\/2020\/11\/Prakticky_manual_UNI_ukazka-1-300x144.jpg 300w, https:\/\/www.comenia-script.com\/wp-content\/uploads\/2020\/11\/Prakticky_manual_UNI_ukazka-1-768x370.jpg 768w, https:\/\/www.comenia-script.com\/wp-content\/uploads\/2020\/11\/Prakticky_manual_UNI_ukazka-1.jpg 1276w\" sizes=\"auto, (max-width: 630px) 100vw, 630px\" \/><figcaption>Praktick\u00fd manu\u00e1l \u201eComenia Script<sup>\u00ae<\/sup> universal\u201c<\/figcaption><\/figure>\n\n\n\n<p><strong><span class=\"has-inline-color has-dark-color\">Praktick\u00fd manu\u00e1l \u201eComenia Script<sup>\u00ae<\/sup> \u2013 kaligrafick\u00e1 forma\u201c<\/span><\/strong><br>Pr\u00edru\u010dka k praktick\u00e9mu n\u00e1cviku p\u00edsan\u00e9ho p\u00edsma \u201eComenia Script<strong><sup>\u00ae<\/sup><\/strong> A\u201c a \u201eKaligrafick\u00e9 formy\u201c. Kniha je ur\u010den\u00e1 pre nad\u0161en\u00fdch pis\u00e1rov, ktor\u00ed chc\u00fa zlep\u0161i\u0165 svoj rukopis a rozvin\u00fa\u0165 ho a\u017e do kaligrafickej formy. S\u00fa\u010das\u0165ou je pr\u00edloha pracovn\u00fdch listov k z\u00e1kladnej abecede \u201eComenia Script<strong><sup>\u00ae<\/sup><\/strong> A\u201c pripraven\u00e1 pre prav\u00e1kov a \u013eav\u00e1kov. Obsahuje tie\u017e pracovn\u00e9 listy k n\u00e1cviku kaligrafickej formy s pou\u017eit\u00edm kaligrafick\u00e9ho pera. Form\u00e1t A5, 60 str\u00e1n (+ 40 listov pr\u00edlohy).<br><em>Publik\u00e1ciaje v \u010deskom jazyku.<\/em> <a href=\"https:\/\/www.booktook.cz\/p\/comenia-script-prakticky-manual-kaligraficka-forma-9788087201336\/\">&gt; Objedna\u0165 u \u010desk\u00e9ho predajca<\/a><\/p>\n\n\n\n<figure class=\"wp-block-image size-large is-resized\"><img loading=\"lazy\" decoding=\"async\" src=\"https:\/\/www.comenia-script.com\/wp-content\/uploads\/2020\/11\/Prakticky_manual_KAL_ukazka-1-1024x375.jpg\" alt=\"\" class=\"wp-image-709\" width=\"707\" height=\"258\" srcset=\"https:\/\/www.comenia-script.com\/wp-content\/uploads\/2020\/11\/Prakticky_manual_KAL_ukazka-1-1024x375.jpg 1024w, https:\/\/www.comenia-script.com\/wp-content\/uploads\/2020\/11\/Prakticky_manual_KAL_ukazka-1-300x110.jpg 300w, https:\/\/www.comenia-script.com\/wp-content\/uploads\/2020\/11\/Prakticky_manual_KAL_ukazka-1-768x281.jpg 768w, https:\/\/www.comenia-script.com\/wp-content\/uploads\/2020\/11\/Prakticky_manual_KAL_ukazka-1-1536x562.jpg 1536w, https:\/\/www.comenia-script.com\/wp-content\/uploads\/2020\/11\/Prakticky_manual_KAL_ukazka-1.jpg 1677w\" sizes=\"auto, (max-width: 707px) 100vw, 707px\" \/><figcaption>Praktick\u00fd manu\u00e1l \u201eComenia Script<sup>\u00ae<\/sup> \u2013 kaligrafick\u00e1 forma\u201c<\/figcaption><\/figure>\n\n\n\n<p><strong><span class=\"has-inline-color has-dark-color\"><strong>Rozhovory o p\u00edsme rukopisnom<\/strong><\/span><\/strong><br>Publik\u00e1cia o\u017eivuje t\u00e9mu p\u00edsan\u00e9ho p\u00edsma ako z\u00e1kladn\u00e9ho grafick\u00e9ho prejavu \u010dloveka. Hlavnou t\u00e9mou je rukopisn\u00e9 p\u00edsmo a kaligrafia v s\u00fa\u010dasnej dobe. Ide o prieskum v oblasti rukopisn\u00e9ho p\u00edsma, ktor\u00e9ho cie\u013eom bolo zisti\u0165, ak\u00fa \u00falohu m\u00e1 \u0161kolsk\u00fd p\u00edsan\u00fd vzor v be\u017enom \u017eivote. Publik\u00e1cia tie\u017e obsahuje rukopisn\u00e9 faksimile u\u017e ne\u017eij\u00facich osobnost\u00ed \u010deskej typografickej a kaligrafickej tvorby (Vojt\u011bch Preissig, Old\u0159ich Menhart, Franti\u0161ek Muzika, Old\u0159ich Hlavsa a \u010fal\u0161\u00edch).<br><em>Publik\u00e1cia je v \u010deskom jazyku.<\/em> <a href=\"https:\/\/eshop.ucmeradi.sk\/rozhovory-o-pismu-rukopisnem\">&gt; Objedna\u0165<\/a><\/p>\n\n\n\n<figure class=\"wp-block-image size-large\"><img loading=\"lazy\" decoding=\"async\" width=\"1024\" height=\"349\" src=\"https:\/\/www.comenia-script.com\/wp-content\/uploads\/2020\/11\/Rozhovory_ukazka-1-1024x349.jpg\" alt=\"\" class=\"wp-image-717\" srcset=\"https:\/\/www.comenia-script.com\/wp-content\/uploads\/2020\/11\/Rozhovory_ukazka-1-1024x349.jpg 1024w, https:\/\/www.comenia-script.com\/wp-content\/uploads\/2020\/11\/Rozhovory_ukazka-1-300x102.jpg 300w, https:\/\/www.comenia-script.com\/wp-content\/uploads\/2020\/11\/Rozhovory_ukazka-1-768x262.jpg 768w, https:\/\/www.comenia-script.com\/wp-content\/uploads\/2020\/11\/Rozhovory_ukazka-1-1536x523.jpg 1536w, https:\/\/www.comenia-script.com\/wp-content\/uploads\/2020\/11\/Rozhovory_ukazka-1.jpg 1559w\" sizes=\"auto, (max-width: 1024px) 100vw, 1024px\" \/><figcaption>Rozhovory o p\u00edsme rukopisnom, dvojstrana s Josefom T\u00fdfou<br><\/figcaption><\/figure>\n\n\n\n<hr class=\"wp-block-separator\"\/>\n\n\n\n<p><\/p>\n","protected":false},"excerpt":{"rendered":"<p>Praktick\u00fd manu\u00e1l \u201eComenia Script\u00ae universal\u201cPr\u00edru\u010dka k praktick\u00e9mu n\u00e1cviku p\u00edsacieho p\u00edsma Comenia Script\u00ae universal, ktorej z\u00e1kladn\u00fdm princ\u00edpom je jednoduchos\u0165 a \u010ditate\u013enos\u0165. Praktick\u00fd manu\u00e1l je ur\u010den\u00fd najm\u00e4 pre u\u010dite\u013eov 1. ro\u010dn\u00edka Z\u0160, rodi\u010dov a tie\u017e pre ka\u017ed\u00e9ho, kto chce zlep\u0161i\u0165 svoj rukopis. S\u00fa\u010das\u0165ou je pr\u00edloha zostaven\u00e1 z 13 pracovn\u00fdch listov a podlo\u017eka s liniat\u00farou. Form\u00e1t A5, 48&hellip;<\/p>\n<p class=\"more\"><a class=\"more-link\" href=\"https:\/\/www.comenia-script.com\/sk\/publikace-pro-pedagogy\/\">Continue reading <span class=\"screen-reader-text\">Publik\u00e1cie pre pedag\u00f3gov<\/span><\/a><\/p>\n","protected":false},"author":2,"featured_media":0,"parent":0,"menu_order":0,"comment_status":"closed","ping_status":"closed","template":"","meta":{"footnotes":""},"class_list":["post-915","page","type-page","status-publish","hentry","entry"],"yoast_head":"<!-- This site is optimized with the Yoast SEO plugin v27.4 - https:\/\/yoast.com\/product\/yoast-seo-wordpress\/ -->\n<title>Publik\u00e1cie pre pedag\u00f3gov - Comenia Script\u00ae<\/title>\n<meta name=\"robots\" content=\"index, follow, max-snippet:-1, max-image-preview:large, max-video-preview:-1\" \/>\n<link rel=\"canonical\" href=\"https:\/\/www.comenia-script.com\/sk\/publikace-pro-pedagogy\/\" \/>\n<meta property=\"og:locale\" content=\"sk_SK\" \/>\n<meta property=\"og:type\" content=\"article\" \/>\n<meta property=\"og:title\" content=\"Publik\u00e1cie pre pedag\u00f3gov - Comenia Script\u00ae\" \/>\n<meta property=\"og:description\" content=\"Praktick\u00fd manu\u00e1l \u201eComenia Script\u00ae universal\u201cPr\u00edru\u010dka k praktick\u00e9mu n\u00e1cviku p\u00edsacieho p\u00edsma Comenia Script\u00ae universal, ktorej z\u00e1kladn\u00fdm princ\u00edpom je jednoduchos\u0165 a \u010ditate\u013enos\u0165. Praktick\u00fd manu\u00e1l je ur\u010den\u00fd najm\u00e4 pre u\u010dite\u013eov 1. ro\u010dn\u00edka Z\u0160, rodi\u010dov a tie\u017e pre ka\u017ed\u00e9ho, kto chce zlep\u0161i\u0165 svoj rukopis. S\u00fa\u010das\u0165ou je pr\u00edloha zostaven\u00e1 z 13 pracovn\u00fdch listov a podlo\u017eka s liniat\u00farou. Form\u00e1t A5, 48&hellip;Continue reading Publik\u00e1cie pre pedag\u00f3gov\" \/>\n<meta property=\"og:url\" content=\"https:\/\/www.comenia-script.com\/sk\/publikace-pro-pedagogy\/\" \/>\n<meta property=\"og:site_name\" content=\"Comenia Script\u00ae\" \/>\n<meta property=\"article:modified_time\" content=\"2021-04-20T13:00:57+00:00\" \/>\n<meta property=\"og:image\" content=\"https:\/\/www.comenia-script.com\/wp-content\/uploads\/2020\/11\/Prakticky_manual_UNI_ukazka-1-1024x493.jpg\" \/>\n<meta name=\"twitter:card\" content=\"summary_large_image\" \/>\n<meta name=\"twitter:label1\" content=\"Predpokladan\u00fd \u010das \u010d\u00edtania\" \/>\n\t<meta name=\"twitter:data1\" content=\"2 min\u00faty\" \/>\n<script type=\"application\/ld+json\" class=\"yoast-schema-graph\">{\"@context\":\"https:\\\/\\\/schema.org\",\"@graph\":[{\"@type\":\"WebPage\",\"@id\":\"https:\\\/\\\/www.comenia-script.com\\\/sk\\\/publikace-pro-pedagogy\\\/\",\"url\":\"https:\\\/\\\/www.comenia-script.com\\\/sk\\\/publikace-pro-pedagogy\\\/\",\"name\":\"Publik\u00e1cie pre pedag\u00f3gov - Comenia Script\u00ae\",\"isPartOf\":{\"@id\":\"https:\\\/\\\/www.comenia-script.com\\\/#website\"},\"primaryImageOfPage\":{\"@id\":\"https:\\\/\\\/www.comenia-script.com\\\/sk\\\/publikace-pro-pedagogy\\\/#primaryimage\"},\"image\":{\"@id\":\"https:\\\/\\\/www.comenia-script.com\\\/sk\\\/publikace-pro-pedagogy\\\/#primaryimage\"},\"thumbnailUrl\":\"https:\\\/\\\/www.comenia-script.com\\\/wp-content\\\/uploads\\\/2020\\\/11\\\/Prakticky_manual_UNI_ukazka-1-1024x493.jpg\",\"datePublished\":\"2020-11-07T13:52:31+00:00\",\"dateModified\":\"2021-04-20T13:00:57+00:00\",\"breadcrumb\":{\"@id\":\"https:\\\/\\\/www.comenia-script.com\\\/sk\\\/publikace-pro-pedagogy\\\/#breadcrumb\"},\"inLanguage\":\"sk-SK\",\"potentialAction\":[{\"@type\":\"ReadAction\",\"target\":[\"https:\\\/\\\/www.comenia-script.com\\\/sk\\\/publikace-pro-pedagogy\\\/\"]}]},{\"@type\":\"ImageObject\",\"inLanguage\":\"sk-SK\",\"@id\":\"https:\\\/\\\/www.comenia-script.com\\\/sk\\\/publikace-pro-pedagogy\\\/#primaryimage\",\"url\":\"https:\\\/\\\/www.comenia-script.com\\\/wp-content\\\/uploads\\\/2020\\\/11\\\/Prakticky_manual_UNI_ukazka-1-1024x493.jpg\",\"contentUrl\":\"https:\\\/\\\/www.comenia-script.com\\\/wp-content\\\/uploads\\\/2020\\\/11\\\/Prakticky_manual_UNI_ukazka-1-1024x493.jpg\"},{\"@type\":\"BreadcrumbList\",\"@id\":\"https:\\\/\\\/www.comenia-script.com\\\/sk\\\/publikace-pro-pedagogy\\\/#breadcrumb\",\"itemListElement\":[{\"@type\":\"ListItem\",\"position\":1,\"name\":\"Dom\u016f\",\"item\":\"https:\\\/\\\/www.comenia-script.com\\\/sk\\\/\"},{\"@type\":\"ListItem\",\"position\":2,\"name\":\"Publik\u00e1cie pre pedag\u00f3gov\"}]},{\"@type\":\"WebSite\",\"@id\":\"https:\\\/\\\/www.comenia-script.com\\\/#website\",\"url\":\"https:\\\/\\\/www.comenia-script.com\\\/\",\"name\":\"Comenia Script\u00ae\",\"description\":\"psac\u00ed p\u00edsmo pro d\u011bti\",\"publisher\":{\"@id\":\"https:\\\/\\\/www.comenia-script.com\\\/#organization\"},\"potentialAction\":[{\"@type\":\"SearchAction\",\"target\":{\"@type\":\"EntryPoint\",\"urlTemplate\":\"https:\\\/\\\/www.comenia-script.com\\\/?s={search_term_string}\"},\"query-input\":{\"@type\":\"PropertyValueSpecification\",\"valueRequired\":true,\"valueName\":\"search_term_string\"}}],\"inLanguage\":\"sk-SK\"},{\"@type\":\"Organization\",\"@id\":\"https:\\\/\\\/www.comenia-script.com\\\/#organization\",\"name\":\"Comenia Script\u00ae\",\"url\":\"https:\\\/\\\/www.comenia-script.com\\\/\",\"logo\":{\"@type\":\"ImageObject\",\"inLanguage\":\"sk-SK\",\"@id\":\"https:\\\/\\\/www.comenia-script.com\\\/#\\\/schema\\\/logo\\\/image\\\/\",\"url\":\"https:\\\/\\\/www.comenia-script.com\\\/wp-content\\\/uploads\\\/2020\\\/11\\\/cropped-logo_CS_napis_03_54pxl_240.jpg\",\"contentUrl\":\"https:\\\/\\\/www.comenia-script.com\\\/wp-content\\\/uploads\\\/2020\\\/11\\\/cropped-logo_CS_napis_03_54pxl_240.jpg\",\"width\":275,\"height\":54,\"caption\":\"Comenia Script\u00ae\"},\"image\":{\"@id\":\"https:\\\/\\\/www.comenia-script.com\\\/#\\\/schema\\\/logo\\\/image\\\/\"},\"sameAs\":[\"https:\\\/\\\/cs.wikipedia.org\\\/wiki\\\/Comenia_Script\"]}]}<\/script>\n<!-- \/ Yoast SEO plugin. -->","yoast_head_json":{"title":"Publik\u00e1cie pre pedag\u00f3gov - Comenia Script\u00ae","robots":{"index":"index","follow":"follow","max-snippet":"max-snippet:-1","max-image-preview":"max-image-preview:large","max-video-preview":"max-video-preview:-1"},"canonical":"https:\/\/www.comenia-script.com\/sk\/publikace-pro-pedagogy\/","og_locale":"sk_SK","og_type":"article","og_title":"Publik\u00e1cie pre pedag\u00f3gov - Comenia Script\u00ae","og_description":"Praktick\u00fd manu\u00e1l \u201eComenia Script\u00ae universal\u201cPr\u00edru\u010dka k praktick\u00e9mu n\u00e1cviku p\u00edsacieho p\u00edsma Comenia Script\u00ae universal, ktorej z\u00e1kladn\u00fdm princ\u00edpom je jednoduchos\u0165 a \u010ditate\u013enos\u0165. Praktick\u00fd manu\u00e1l je ur\u010den\u00fd najm\u00e4 pre u\u010dite\u013eov 1. ro\u010dn\u00edka Z\u0160, rodi\u010dov a tie\u017e pre ka\u017ed\u00e9ho, kto chce zlep\u0161i\u0165 svoj rukopis. S\u00fa\u010das\u0165ou je pr\u00edloha zostaven\u00e1 z 13 pracovn\u00fdch listov a podlo\u017eka s liniat\u00farou. Form\u00e1t A5, 48&hellip;Continue reading Publik\u00e1cie pre pedag\u00f3gov","og_url":"https:\/\/www.comenia-script.com\/sk\/publikace-pro-pedagogy\/","og_site_name":"Comenia Script\u00ae","article_modified_time":"2021-04-20T13:00:57+00:00","og_image":[{"url":"https:\/\/www.comenia-script.com\/wp-content\/uploads\/2020\/11\/Prakticky_manual_UNI_ukazka-1-1024x493.jpg","type":"","width":"","height":""}],"twitter_card":"summary_large_image","twitter_misc":{"Predpokladan\u00fd \u010das \u010d\u00edtania":"2 min\u00faty"},"schema":{"@context":"https:\/\/schema.org","@graph":[{"@type":"WebPage","@id":"https:\/\/www.comenia-script.com\/sk\/publikace-pro-pedagogy\/","url":"https:\/\/www.comenia-script.com\/sk\/publikace-pro-pedagogy\/","name":"Publik\u00e1cie pre pedag\u00f3gov - Comenia Script\u00ae","isPartOf":{"@id":"https:\/\/www.comenia-script.com\/#website"},"primaryImageOfPage":{"@id":"https:\/\/www.comenia-script.com\/sk\/publikace-pro-pedagogy\/#primaryimage"},"image":{"@id":"https:\/\/www.comenia-script.com\/sk\/publikace-pro-pedagogy\/#primaryimage"},"thumbnailUrl":"https:\/\/www.comenia-script.com\/wp-content\/uploads\/2020\/11\/Prakticky_manual_UNI_ukazka-1-1024x493.jpg","datePublished":"2020-11-07T13:52:31+00:00","dateModified":"2021-04-20T13:00:57+00:00","breadcrumb":{"@id":"https:\/\/www.comenia-script.com\/sk\/publikace-pro-pedagogy\/#breadcrumb"},"inLanguage":"sk-SK","potentialAction":[{"@type":"ReadAction","target":["https:\/\/www.comenia-script.com\/sk\/publikace-pro-pedagogy\/"]}]},{"@type":"ImageObject","inLanguage":"sk-SK","@id":"https:\/\/www.comenia-script.com\/sk\/publikace-pro-pedagogy\/#primaryimage","url":"https:\/\/www.comenia-script.com\/wp-content\/uploads\/2020\/11\/Prakticky_manual_UNI_ukazka-1-1024x493.jpg","contentUrl":"https:\/\/www.comenia-script.com\/wp-content\/uploads\/2020\/11\/Prakticky_manual_UNI_ukazka-1-1024x493.jpg"},{"@type":"BreadcrumbList","@id":"https:\/\/www.comenia-script.com\/sk\/publikace-pro-pedagogy\/#breadcrumb","itemListElement":[{"@type":"ListItem","position":1,"name":"Dom\u016f","item":"https:\/\/www.comenia-script.com\/sk\/"},{"@type":"ListItem","position":2,"name":"Publik\u00e1cie pre pedag\u00f3gov"}]},{"@type":"WebSite","@id":"https:\/\/www.comenia-script.com\/#website","url":"https:\/\/www.comenia-script.com\/","name":"Comenia Script\u00ae","description":"psac\u00ed p\u00edsmo pro d\u011bti","publisher":{"@id":"https:\/\/www.comenia-script.com\/#organization"},"potentialAction":[{"@type":"SearchAction","target":{"@type":"EntryPoint","urlTemplate":"https:\/\/www.comenia-script.com\/?s={search_term_string}"},"query-input":{"@type":"PropertyValueSpecification","valueRequired":true,"valueName":"search_term_string"}}],"inLanguage":"sk-SK"},{"@type":"Organization","@id":"https:\/\/www.comenia-script.com\/#organization","name":"Comenia Script\u00ae","url":"https:\/\/www.comenia-script.com\/","logo":{"@type":"ImageObject","inLanguage":"sk-SK","@id":"https:\/\/www.comenia-script.com\/#\/schema\/logo\/image\/","url":"https:\/\/www.comenia-script.com\/wp-content\/uploads\/2020\/11\/cropped-logo_CS_napis_03_54pxl_240.jpg","contentUrl":"https:\/\/www.comenia-script.com\/wp-content\/uploads\/2020\/11\/cropped-logo_CS_napis_03_54pxl_240.jpg","width":275,"height":54,"caption":"Comenia Script\u00ae"},"image":{"@id":"https:\/\/www.comenia-script.com\/#\/schema\/logo\/image\/"},"sameAs":["https:\/\/cs.wikipedia.org\/wiki\/Comenia_Script"]}]}},"jetpack_sharing_enabled":true,"_links":{"self":[{"href":"https:\/\/www.comenia-script.com\/sk\/wp-json\/wp\/v2\/pages\/915","targetHints":{"allow":["GET"]}}],"collection":[{"href":"https:\/\/www.comenia-script.com\/sk\/wp-json\/wp\/v2\/pages"}],"about":[{"href":"https:\/\/www.comenia-script.com\/sk\/wp-json\/wp\/v2\/types\/page"}],"author":[{"embeddable":true,"href":"https:\/\/www.comenia-script.com\/sk\/wp-json\/wp\/v2\/users\/2"}],"replies":[{"embeddable":true,"href":"https:\/\/www.comenia-script.com\/sk\/wp-json\/wp\/v2\/comments?post=915"}],"version-history":[{"count":11,"href":"https:\/\/www.comenia-script.com\/sk\/wp-json\/wp\/v2\/pages\/915\/revisions"}],"predecessor-version":[{"id":2342,"href":"https:\/\/www.comenia-script.com\/sk\/wp-json\/wp\/v2\/pages\/915\/revisions\/2342"}],"wp:attachment":[{"href":"https:\/\/www.comenia-script.com\/sk\/wp-json\/wp\/v2\/media?parent=915"}],"curies":[{"name":"wp","href":"https:\/\/api.w.org\/{rel}","templated":true}]}}