{"id":1018,"date":"2020-11-06T13:21:16","date_gmt":"2020-11-06T12:21:16","guid":{"rendered":"http:\/\/www.comenia-script.com\/ke-stazeni\/"},"modified":"2024-10-14T21:42:48","modified_gmt":"2024-10-14T19:42:48","slug":"ke-stazeni","status":"publish","type":"page","link":"https:\/\/www.comenia-script.com\/sk\/ke-stazeni\/","title":{"rendered":"Na stiahnutie"},"content":{"rendered":"\n<div class=\"wp-block-cover alignfull is-light\"><span aria-hidden=\"true\" class=\"wp-block-cover__background has-background-dim-40 has-background-dim\"><\/span><img loading=\"lazy\" decoding=\"async\" width=\"1600\" height=\"1067\" class=\"wp-block-cover__image-background wp-image-1247\" alt=\"\" src=\"https:\/\/www.comenia-script.com\/wp-content\/uploads\/2020\/11\/Depositphotos_187648700_web.jpg\" data-object-fit=\"cover\" srcset=\"https:\/\/www.comenia-script.com\/wp-content\/uploads\/2020\/11\/Depositphotos_187648700_web.jpg 1600w, https:\/\/www.comenia-script.com\/wp-content\/uploads\/2020\/11\/Depositphotos_187648700_web-300x200.jpg 300w, https:\/\/www.comenia-script.com\/wp-content\/uploads\/2020\/11\/Depositphotos_187648700_web-1024x683.jpg 1024w, https:\/\/www.comenia-script.com\/wp-content\/uploads\/2020\/11\/Depositphotos_187648700_web-768x512.jpg 768w, https:\/\/www.comenia-script.com\/wp-content\/uploads\/2020\/11\/Depositphotos_187648700_web-1536x1024.jpg 1536w\" sizes=\"auto, (max-width: 1600px) 100vw, 1600px\" \/><div class=\"wp-block-cover__inner-container is-layout-flow wp-block-cover-is-layout-flow\">\n<p class=\"has-text-align-center has-white-color has-text-color has-3-xl-font-size\">Stiahnite si s\u00fabory k v\u00fdu\u010dbe, na precvi\u010dovanie p\u00edsma alebo k prezent\u00e1cii na rodi\u010dovskej sch\u00f4dzke<\/p>\n<\/div><\/div>\n\n\n\n<div style=\"height:31px\" aria-hidden=\"true\" class=\"wp-block-spacer\"><\/div>\n\n\n\n<p><strong><span class=\"has-inline-color has-dark-color\">S\u00fabory pre u\u010dite\u013eov:<\/span><\/strong><\/p>\n\n\n\n<div class=\"wp-block-file\"><a id=\"wp-block-file--media-228c4f1a-768b-464d-a8ab-9b9995e3dadc\" href=\"http:\/\/www.comenia-script.com\/wp-content\/uploads\/2020\/11\/Dodatok_c.1_SK.pdf\" target=\"_blank\" rel=\"noreferrer noopener\">Ministerstvo \u0161kolstva \/ Dodatok \u010d. 1 (pod \u010d\u00edslom 2015-5621\/3296:1-100A)<\/a><a href=\"http:\/\/www.comenia-script.com\/wp-content\/uploads\/2020\/11\/Dodatok_c.1_SK.pdf\" class=\"wp-block-file__button wp-element-button\" download aria-describedby=\"wp-block-file--media-228c4f1a-768b-464d-a8ab-9b9995e3dadc\">Stiahnu\u0165<\/a><\/div>\n\n\n\n<div class=\"wp-block-file\"><a id=\"wp-block-file--media-90afa554-e2ad-46ec-95ed-2d427fbc1435\" href=\"http:\/\/www.comenia-script.com\/wp-content\/uploads\/2020\/11\/Dodatok_c.2_SK.pdf\" target=\"_blank\" rel=\"noreferrer noopener\">Ministerstvo \u0161kolstva \/ Dodatok \u010d. 2 (pod \u010d\u00edslom 2015-5129\/1758:1-10A0)<\/a><a href=\"http:\/\/www.comenia-script.com\/wp-content\/uploads\/2020\/11\/Dodatok_c.2_SK.pdf\" class=\"wp-block-file__button wp-element-button\" download aria-describedby=\"wp-block-file--media-90afa554-e2ad-46ec-95ed-2d427fbc1435\">Stiahnu\u0165<\/a><\/div>\n\n\n\n<div class=\"wp-block-file\"><a id=\"wp-block-file--media-aa607da6-6c5e-4958-a337-42474f29e5b8\" href=\"http:\/\/www.comenia-script.com\/wp-content\/uploads\/2020\/11\/Umim-psat-na-cestach-info.pdf\" target=\"_blank\" rel=\"noreferrer noopener\">Sprievodca p\u00edsankou \u201eViem p\u00edsa\u0165 na cest\u00e1ch\u201c \/ 2. ro\u010dn\u00edk (\u010cJ)<\/a><a href=\"http:\/\/www.comenia-script.com\/wp-content\/uploads\/2020\/11\/Umim-psat-na-cestach-info.pdf\" class=\"wp-block-file__button wp-element-button\" download aria-describedby=\"wp-block-file--media-aa607da6-6c5e-4958-a337-42474f29e5b8\">Stiahnu\u0165<\/a><\/div>\n\n\n\n<p><strong><span class=\"has-inline-color has-dark-color\">S\u00fabory pre verejnos\u0165:<\/span><\/strong><\/p>\n\n\n\n<div class=\"wp-block-file\"><a id=\"wp-block-file--media-729b97ff-3d27-4462-97a4-f96a134a519e\" href=\"http:\/\/www.comenia-script.com\/wp-content\/uploads\/2020\/11\/Zaverecna_zprava_CS.pdf\" target=\"_blank\" rel=\"noreferrer noopener\">Z\u00e1vere\u010dn\u00e1 spr\u00e1va o pokusnom overovan\u00ed M\u0160MT \u010cR, 2012 (\u010cJ)<\/a><a href=\"http:\/\/www.comenia-script.com\/wp-content\/uploads\/2020\/11\/Zaverecna_zprava_CS.pdf\" class=\"wp-block-file__button wp-element-button\" download aria-describedby=\"wp-block-file--media-729b97ff-3d27-4462-97a4-f96a134a519e\">Stiahnu\u0165<\/a><\/div>\n\n\n\n<div class=\"wp-block-file\"><a id=\"wp-block-file--media-4a46b7ac-5a58-4d5c-9e33-f47739d67d26\" href=\"https:\/\/www.comenia-script.com\/wp-content\/uploads\/2021\/11\/prezentace_CS_web_2021_SK_144.pdf\" target=\"_blank\" rel=\"noreferrer noopener\">Sprievodca Comenia Scriptom (PDF prezent\u00e1cia)<\/a><a href=\"https:\/\/www.comenia-script.com\/wp-content\/uploads\/2021\/11\/prezentace_CS_web_2021_SK_144.pdf\" class=\"wp-block-file__button wp-element-button\" download aria-describedby=\"wp-block-file--media-4a46b7ac-5a58-4d5c-9e33-f47739d67d26\">Stiahnu\u0165<\/a><\/div>\n\n\n\n<div class=\"wp-block-file\"><a id=\"wp-block-file--media-53b86dad-2050-4790-92dc-9e357ff3a0ac\" href=\"http:\/\/www.comenia-script.com\/wp-content\/uploads\/2020\/11\/ukazka_CS_1-2.roc_SK.pdf\" target=\"_blank\" rel=\"noreferrer noopener\">Vysk\u00fa\u0161ajte si Comenia Script<sup>\u00ae<\/sup><\/a><a href=\"http:\/\/www.comenia-script.com\/wp-content\/uploads\/2020\/11\/ukazka_CS_1-2.roc_SK.pdf\" class=\"wp-block-file__button wp-element-button\" download aria-describedby=\"wp-block-file--media-53b86dad-2050-4790-92dc-9e357ff3a0ac\">Stiahnu\u0165<\/a><\/div>\n\n\n\n<p><strong><span class=\"has-inline-color has-dark-color\">S\u00fabory pre deti:<\/span><\/strong><\/p>\n\n\n\n<div class=\"wp-block-file\"><a id=\"wp-block-file--media-11bdafb9-ef30-4761-af21-aa071676e70a\" href=\"http:\/\/www.comenia-script.com\/wp-content\/uploads\/2024\/10\/Pracovne_listy_pre_predskolakov_pravaci.pdf\" target=\"_blank\" rel=\"noreferrer noopener\">Pracovn\u00e9 listy pre pred\u0161kol\u00e1kov \/ prav\u00e1ci<\/a><a href=\"http:\/\/www.comenia-script.com\/wp-content\/uploads\/2024\/10\/Pracovne_listy_pre_predskolakov_pravaci.pdf\" class=\"wp-block-file__button wp-element-button\" download aria-describedby=\"wp-block-file--media-11bdafb9-ef30-4761-af21-aa071676e70a\">Stiahnu\u0165<\/a><\/div>\n\n\n\n<div class=\"wp-block-file\"><a id=\"wp-block-file--media-e233f5e1-d243-4038-ac7b-68f6a2613b57\" href=\"http:\/\/www.comenia-script.com\/wp-content\/uploads\/2024\/10\/Pracovne_listy_pre_predskolakov_lavaci.pdf\" target=\"_blank\" rel=\"noreferrer noopener\">Pracovn\u00e9 listy pre pred\u0161kol\u00e1kov \/ \u013eav\u00e1ci<\/a><a href=\"http:\/\/www.comenia-script.com\/wp-content\/uploads\/2024\/10\/Pracovne_listy_pre_predskolakov_lavaci.pdf\" class=\"wp-block-file__button wp-element-button\" download aria-describedby=\"wp-block-file--media-e233f5e1-d243-4038-ac7b-68f6a2613b57\">Stiahnu\u0165<\/a><\/div>\n\n\n\n<div class=\"wp-block-file\"><a id=\"wp-block-file--media-edb0e8e4-c29e-4c5d-a157-714b5e205d1b\" href=\"http:\/\/www.comenia-script.com\/wp-content\/uploads\/2020\/11\/ukazka_pro_deti_SK.pdf\" target=\"_blank\" rel=\"noreferrer noopener\">Deti, vysk\u00fa\u0161ajte si Comenia Script<sup>\u00ae<\/sup><\/a><a href=\"http:\/\/www.comenia-script.com\/wp-content\/uploads\/2020\/11\/ukazka_pro_deti_SK.pdf\" class=\"wp-block-file__button wp-element-button\" download aria-describedby=\"wp-block-file--media-edb0e8e4-c29e-4c5d-a157-714b5e205d1b\">Stiahnu\u0165<\/a><\/div>\n\n\n\n<div class=\"wp-block-file\"><a id=\"wp-block-file--media-29508b42-cb66-4da5-8eec-93967ae29b2a\" href=\"http:\/\/www.comenia-script.com\/wp-content\/uploads\/2020\/11\/Pisanie_na_prazdniny_1.roc_SK-1.pdf\" target=\"_blank\" rel=\"noreferrer noopener\">P\u00edsanie na pr\u00e1zdniny \/ 1. ro\u010dn\u00edk<\/a><a href=\"http:\/\/www.comenia-script.com\/wp-content\/uploads\/2020\/11\/Pisanie_na_prazdniny_1.roc_SK-1.pdf\" class=\"wp-block-file__button wp-element-button\" download aria-describedby=\"wp-block-file--media-29508b42-cb66-4da5-8eec-93967ae29b2a\">Stiahnu\u0165<\/a><\/div>\n\n\n\n<div class=\"wp-block-file\"><a id=\"wp-block-file--media-b9029bdf-ebfb-41a9-8867-4c534fb4167b\" href=\"http:\/\/www.comenia-script.com\/wp-content\/uploads\/2021\/02\/CS_prazdniny_2.rocnik_SK.pdf\" target=\"_blank\" rel=\"noreferrer noopener\">P\u00edsanie na pr\u00e1zdniny \/ 2. ro\u010dn\u00edk<\/a><a href=\"http:\/\/www.comenia-script.com\/wp-content\/uploads\/2021\/02\/CS_prazdniny_2.rocnik_SK.pdf\" class=\"wp-block-file__button wp-element-button\" download aria-describedby=\"wp-block-file--media-b9029bdf-ebfb-41a9-8867-4c534fb4167b\">Stiahnu\u0165<\/a><\/div>\n\n\n\n<p><\/p>\n","protected":false},"excerpt":{"rendered":"<p>S\u00fabory pre u\u010dite\u013eov: S\u00fabory pre verejnos\u0165: S\u00fabory pre deti:<\/p>\n","protected":false},"author":2,"featured_media":0,"parent":0,"menu_order":0,"comment_status":"closed","ping_status":"closed","template":"","meta":{"footnotes":""},"class_list":["post-1018","page","type-page","status-publish","hentry","entry"],"yoast_head":"<!-- This site is optimized with the Yoast SEO plugin v27.4 - https:\/\/yoast.com\/product\/yoast-seo-wordpress\/ -->\n<title>Na stiahnutie - Comenia Script\u00ae<\/title>\n<meta name=\"robots\" content=\"index, follow, max-snippet:-1, max-image-preview:large, max-video-preview:-1\" \/>\n<link rel=\"canonical\" href=\"https:\/\/www.comenia-script.com\/sk\/ke-stazeni\/\" \/>\n<meta property=\"og:locale\" content=\"sk_SK\" \/>\n<meta property=\"og:type\" content=\"article\" \/>\n<meta property=\"og:title\" content=\"Na stiahnutie - Comenia Script\u00ae\" \/>\n<meta property=\"og:description\" content=\"S\u00fabory pre u\u010dite\u013eov: S\u00fabory pre verejnos\u0165: S\u00fabory pre deti:\" \/>\n<meta property=\"og:url\" content=\"https:\/\/www.comenia-script.com\/sk\/ke-stazeni\/\" \/>\n<meta property=\"og:site_name\" content=\"Comenia Script\u00ae\" \/>\n<meta property=\"article:modified_time\" content=\"2024-10-14T19:42:48+00:00\" \/>\n<meta property=\"og:image\" content=\"https:\/\/www.comenia-script.com\/wp-content\/uploads\/2020\/11\/Depositphotos_187648700_web.jpg\" \/>\n<meta name=\"twitter:card\" content=\"summary_large_image\" \/>\n<meta name=\"twitter:label1\" content=\"Predpokladan\u00fd \u010das \u010d\u00edtania\" \/>\n\t<meta name=\"twitter:data1\" content=\"1 min\u00fata\" \/>\n<script type=\"application\/ld+json\" class=\"yoast-schema-graph\">{\"@context\":\"https:\\\/\\\/schema.org\",\"@graph\":[{\"@type\":\"WebPage\",\"@id\":\"https:\\\/\\\/www.comenia-script.com\\\/sk\\\/ke-stazeni\\\/\",\"url\":\"https:\\\/\\\/www.comenia-script.com\\\/sk\\\/ke-stazeni\\\/\",\"name\":\"Na stiahnutie - Comenia Script\u00ae\",\"isPartOf\":{\"@id\":\"https:\\\/\\\/www.comenia-script.com\\\/#website\"},\"primaryImageOfPage\":{\"@id\":\"https:\\\/\\\/www.comenia-script.com\\\/sk\\\/ke-stazeni\\\/#primaryimage\"},\"image\":{\"@id\":\"https:\\\/\\\/www.comenia-script.com\\\/sk\\\/ke-stazeni\\\/#primaryimage\"},\"thumbnailUrl\":\"https:\\\/\\\/www.comenia-script.com\\\/wp-content\\\/uploads\\\/2020\\\/11\\\/Depositphotos_187648700_web.jpg\",\"datePublished\":\"2020-11-06T12:21:16+00:00\",\"dateModified\":\"2024-10-14T19:42:48+00:00\",\"breadcrumb\":{\"@id\":\"https:\\\/\\\/www.comenia-script.com\\\/sk\\\/ke-stazeni\\\/#breadcrumb\"},\"inLanguage\":\"sk-SK\",\"potentialAction\":[{\"@type\":\"ReadAction\",\"target\":[\"https:\\\/\\\/www.comenia-script.com\\\/sk\\\/ke-stazeni\\\/\"]}]},{\"@type\":\"ImageObject\",\"inLanguage\":\"sk-SK\",\"@id\":\"https:\\\/\\\/www.comenia-script.com\\\/sk\\\/ke-stazeni\\\/#primaryimage\",\"url\":\"https:\\\/\\\/www.comenia-script.com\\\/wp-content\\\/uploads\\\/2020\\\/11\\\/Depositphotos_187648700_web.jpg\",\"contentUrl\":\"https:\\\/\\\/www.comenia-script.com\\\/wp-content\\\/uploads\\\/2020\\\/11\\\/Depositphotos_187648700_web.jpg\"},{\"@type\":\"BreadcrumbList\",\"@id\":\"https:\\\/\\\/www.comenia-script.com\\\/sk\\\/ke-stazeni\\\/#breadcrumb\",\"itemListElement\":[{\"@type\":\"ListItem\",\"position\":1,\"name\":\"Dom\u016f\",\"item\":\"https:\\\/\\\/www.comenia-script.com\\\/sk\\\/\"},{\"@type\":\"ListItem\",\"position\":2,\"name\":\"Na stiahnutie\"}]},{\"@type\":\"WebSite\",\"@id\":\"https:\\\/\\\/www.comenia-script.com\\\/#website\",\"url\":\"https:\\\/\\\/www.comenia-script.com\\\/\",\"name\":\"Comenia Script\u00ae\",\"description\":\"psac\u00ed p\u00edsmo pro d\u011bti\",\"publisher\":{\"@id\":\"https:\\\/\\\/www.comenia-script.com\\\/#organization\"},\"potentialAction\":[{\"@type\":\"SearchAction\",\"target\":{\"@type\":\"EntryPoint\",\"urlTemplate\":\"https:\\\/\\\/www.comenia-script.com\\\/?s={search_term_string}\"},\"query-input\":{\"@type\":\"PropertyValueSpecification\",\"valueRequired\":true,\"valueName\":\"search_term_string\"}}],\"inLanguage\":\"sk-SK\"},{\"@type\":\"Organization\",\"@id\":\"https:\\\/\\\/www.comenia-script.com\\\/#organization\",\"name\":\"Comenia Script\u00ae\",\"url\":\"https:\\\/\\\/www.comenia-script.com\\\/\",\"logo\":{\"@type\":\"ImageObject\",\"inLanguage\":\"sk-SK\",\"@id\":\"https:\\\/\\\/www.comenia-script.com\\\/#\\\/schema\\\/logo\\\/image\\\/\",\"url\":\"https:\\\/\\\/www.comenia-script.com\\\/wp-content\\\/uploads\\\/2020\\\/11\\\/cropped-logo_CS_napis_03_54pxl_240.jpg\",\"contentUrl\":\"https:\\\/\\\/www.comenia-script.com\\\/wp-content\\\/uploads\\\/2020\\\/11\\\/cropped-logo_CS_napis_03_54pxl_240.jpg\",\"width\":275,\"height\":54,\"caption\":\"Comenia Script\u00ae\"},\"image\":{\"@id\":\"https:\\\/\\\/www.comenia-script.com\\\/#\\\/schema\\\/logo\\\/image\\\/\"},\"sameAs\":[\"https:\\\/\\\/cs.wikipedia.org\\\/wiki\\\/Comenia_Script\"]}]}<\/script>\n<!-- \/ Yoast SEO plugin. -->","yoast_head_json":{"title":"Na stiahnutie - Comenia Script\u00ae","robots":{"index":"index","follow":"follow","max-snippet":"max-snippet:-1","max-image-preview":"max-image-preview:large","max-video-preview":"max-video-preview:-1"},"canonical":"https:\/\/www.comenia-script.com\/sk\/ke-stazeni\/","og_locale":"sk_SK","og_type":"article","og_title":"Na stiahnutie - Comenia Script\u00ae","og_description":"S\u00fabory pre u\u010dite\u013eov: S\u00fabory pre verejnos\u0165: S\u00fabory pre deti:","og_url":"https:\/\/www.comenia-script.com\/sk\/ke-stazeni\/","og_site_name":"Comenia Script\u00ae","article_modified_time":"2024-10-14T19:42:48+00:00","og_image":[{"url":"https:\/\/www.comenia-script.com\/wp-content\/uploads\/2020\/11\/Depositphotos_187648700_web.jpg","type":"","width":"","height":""}],"twitter_card":"summary_large_image","twitter_misc":{"Predpokladan\u00fd \u010das \u010d\u00edtania":"1 min\u00fata"},"schema":{"@context":"https:\/\/schema.org","@graph":[{"@type":"WebPage","@id":"https:\/\/www.comenia-script.com\/sk\/ke-stazeni\/","url":"https:\/\/www.comenia-script.com\/sk\/ke-stazeni\/","name":"Na stiahnutie - Comenia Script\u00ae","isPartOf":{"@id":"https:\/\/www.comenia-script.com\/#website"},"primaryImageOfPage":{"@id":"https:\/\/www.comenia-script.com\/sk\/ke-stazeni\/#primaryimage"},"image":{"@id":"https:\/\/www.comenia-script.com\/sk\/ke-stazeni\/#primaryimage"},"thumbnailUrl":"https:\/\/www.comenia-script.com\/wp-content\/uploads\/2020\/11\/Depositphotos_187648700_web.jpg","datePublished":"2020-11-06T12:21:16+00:00","dateModified":"2024-10-14T19:42:48+00:00","breadcrumb":{"@id":"https:\/\/www.comenia-script.com\/sk\/ke-stazeni\/#breadcrumb"},"inLanguage":"sk-SK","potentialAction":[{"@type":"ReadAction","target":["https:\/\/www.comenia-script.com\/sk\/ke-stazeni\/"]}]},{"@type":"ImageObject","inLanguage":"sk-SK","@id":"https:\/\/www.comenia-script.com\/sk\/ke-stazeni\/#primaryimage","url":"https:\/\/www.comenia-script.com\/wp-content\/uploads\/2020\/11\/Depositphotos_187648700_web.jpg","contentUrl":"https:\/\/www.comenia-script.com\/wp-content\/uploads\/2020\/11\/Depositphotos_187648700_web.jpg"},{"@type":"BreadcrumbList","@id":"https:\/\/www.comenia-script.com\/sk\/ke-stazeni\/#breadcrumb","itemListElement":[{"@type":"ListItem","position":1,"name":"Dom\u016f","item":"https:\/\/www.comenia-script.com\/sk\/"},{"@type":"ListItem","position":2,"name":"Na stiahnutie"}]},{"@type":"WebSite","@id":"https:\/\/www.comenia-script.com\/#website","url":"https:\/\/www.comenia-script.com\/","name":"Comenia Script\u00ae","description":"psac\u00ed p\u00edsmo pro d\u011bti","publisher":{"@id":"https:\/\/www.comenia-script.com\/#organization"},"potentialAction":[{"@type":"SearchAction","target":{"@type":"EntryPoint","urlTemplate":"https:\/\/www.comenia-script.com\/?s={search_term_string}"},"query-input":{"@type":"PropertyValueSpecification","valueRequired":true,"valueName":"search_term_string"}}],"inLanguage":"sk-SK"},{"@type":"Organization","@id":"https:\/\/www.comenia-script.com\/#organization","name":"Comenia Script\u00ae","url":"https:\/\/www.comenia-script.com\/","logo":{"@type":"ImageObject","inLanguage":"sk-SK","@id":"https:\/\/www.comenia-script.com\/#\/schema\/logo\/image\/","url":"https:\/\/www.comenia-script.com\/wp-content\/uploads\/2020\/11\/cropped-logo_CS_napis_03_54pxl_240.jpg","contentUrl":"https:\/\/www.comenia-script.com\/wp-content\/uploads\/2020\/11\/cropped-logo_CS_napis_03_54pxl_240.jpg","width":275,"height":54,"caption":"Comenia Script\u00ae"},"image":{"@id":"https:\/\/www.comenia-script.com\/#\/schema\/logo\/image\/"},"sameAs":["https:\/\/cs.wikipedia.org\/wiki\/Comenia_Script"]}]}},"jetpack_sharing_enabled":true,"_links":{"self":[{"href":"https:\/\/www.comenia-script.com\/sk\/wp-json\/wp\/v2\/pages\/1018","targetHints":{"allow":["GET"]}}],"collection":[{"href":"https:\/\/www.comenia-script.com\/sk\/wp-json\/wp\/v2\/pages"}],"about":[{"href":"https:\/\/www.comenia-script.com\/sk\/wp-json\/wp\/v2\/types\/page"}],"author":[{"embeddable":true,"href":"https:\/\/www.comenia-script.com\/sk\/wp-json\/wp\/v2\/users\/2"}],"replies":[{"embeddable":true,"href":"https:\/\/www.comenia-script.com\/sk\/wp-json\/wp\/v2\/comments?post=1018"}],"version-history":[{"count":48,"href":"https:\/\/www.comenia-script.com\/sk\/wp-json\/wp\/v2\/pages\/1018\/revisions"}],"predecessor-version":[{"id":3430,"href":"https:\/\/www.comenia-script.com\/sk\/wp-json\/wp\/v2\/pages\/1018\/revisions\/3430"}],"wp:attachment":[{"href":"https:\/\/www.comenia-script.com\/sk\/wp-json\/wp\/v2\/media?parent=1018"}],"curies":[{"name":"wp","href":"https:\/\/api.w.org\/{rel}","templated":true}]}}