{"id":1000,"date":"2020-10-15T14:51:37","date_gmt":"2020-10-15T12:51:37","guid":{"rendered":"http:\/\/www.comenia-script.com\/oceneni\/"},"modified":"2021-04-19T21:56:23","modified_gmt":"2021-04-19T19:56:23","slug":"oceneni","status":"publish","type":"page","link":"https:\/\/www.comenia-script.com\/sk\/oceneni\/","title":{"rendered":"Ocenenie"},"content":{"rendered":"\n<div class=\"wp-block-cover alignfull has-background-dim-10 has-background-dim\" style=\"background-image:url(https:\/\/www.comenia-script.com\/wp-content\/uploads\/2020\/10\/foto_oceneno_01-scaled.jpg)\"><div class=\"wp-block-cover__inner-container is-layout-flow wp-block-cover-is-layout-flow\">\n<p class=\"has-text-align-center has-3-xl-font-size\">Ocenenie p\u00edsma a didaktick\u00fdch materi\u00e1lov Comenia Script\u00ae<\/p>\n<\/div><\/div>\n\n\n\n<p><\/p>\n\n\n\n<div style=\"height:26px\" aria-hidden=\"true\" class=\"wp-block-spacer\"><\/div>\n\n\n\n<p><strong><span class=\"has-inline-color has-dark-color\">2009<\/span><\/strong><br>Zlat\u00e1 medaila a Cena poroty v medzin\u00e1rodnej s\u00fa\u0165a\u017ei eur\u00f3pskeho grafick\u00e9ho dizajnu ED AWARDS 2009 za projekt \u201eComenia \u2013 \u010cesk\u00e9 \u0161kolsk\u00e9 p\u00edsmo\u201c v kateg\u00f3rii Original Typeface. Autori: Tom\u00e1\u0161 Brousil (Comenia Sans), Radana Lencov\u00e1 (Comenia Script), Franti\u0161ek \u0160torm (Comenia Serif).<\/p>\n\n\n\n<p><strong><span class=\"has-inline-color has-dark-color\">2008<\/span><\/strong><br>Najkraj\u0161ia \u010desk\u00e1 kniha roka 2008, 1. cena pre knihu Radana Lencov\u00e1,<em> Bal\u00ed\u010dek Comenia Script<\/em> v kateg\u00f3rii U\u010debnice pre \u0161koly v\u0161etk\u00fdch stup\u0148ov a ostatn\u00e9 didaktick\u00e9 pom\u00f4cky v tla\u010denej podobe, Praha 2008<\/p>\n\n\n\n<p><strong><span class=\"has-inline-color has-dark-color\">2007<\/span><\/strong><br>Najkraj\u0161ia \u010desk\u00e1 kniha roka 2007, 3. cena pre knihu Radana Lencov\u00e1, <em>Rozhovory o p\u00edsme rukopisnom<\/em> v kateg\u00f3rii U\u010debnice pre \u0161koly v\u0161etk\u00fdch stup\u0148ov a ostatn\u00e9 didaktick\u00e9 pom\u00f4cky v tla\u010denej podobe, Praha 2007<\/p>\n\n\n\n<hr class=\"wp-block-separator\"\/>\n\n\n\n<p><\/p>\n","protected":false},"excerpt":{"rendered":"<p>2009Zlat\u00e1 medaila a Cena poroty v medzin\u00e1rodnej s\u00fa\u0165a\u017ei eur\u00f3pskeho grafick\u00e9ho dizajnu ED AWARDS 2009 za projekt \u201eComenia \u2013 \u010cesk\u00e9 \u0161kolsk\u00e9 p\u00edsmo\u201c v kateg\u00f3rii Original Typeface. Autori: Tom\u00e1\u0161 Brousil (Comenia Sans), Radana Lencov\u00e1 (Comenia Script), Franti\u0161ek \u0160torm (Comenia Serif). 2008Najkraj\u0161ia \u010desk\u00e1 kniha roka 2008, 1. cena pre knihu Radana Lencov\u00e1, Bal\u00ed\u010dek Comenia Script v kateg\u00f3rii U\u010debnice&hellip;<\/p>\n<p class=\"more\"><a class=\"more-link\" href=\"https:\/\/www.comenia-script.com\/sk\/oceneni\/\">Continue reading <span class=\"screen-reader-text\">Ocenenie<\/span><\/a><\/p>\n","protected":false},"author":2,"featured_media":0,"parent":0,"menu_order":0,"comment_status":"closed","ping_status":"closed","template":"","meta":{"footnotes":""},"class_list":["post-1000","page","type-page","status-publish","hentry","entry"],"yoast_head":"<!-- This site is optimized with the Yoast SEO plugin v27.4 - https:\/\/yoast.com\/product\/yoast-seo-wordpress\/ -->\n<title>Ocen\u011bn\u00ed - www.comenia-script.com<\/title>\n<meta name=\"robots\" content=\"index, follow, max-snippet:-1, max-image-preview:large, max-video-preview:-1\" \/>\n<link rel=\"canonical\" href=\"https:\/\/www.comenia-script.com\/sk\/oceneni\/\" \/>\n<meta property=\"og:locale\" content=\"sk_SK\" \/>\n<meta property=\"og:type\" content=\"article\" \/>\n<meta property=\"og:title\" content=\"Ocen\u011bn\u00ed - www.comenia-script.com\" \/>\n<meta property=\"og:description\" content=\"2009Zlat\u00e1 medaila a Cena poroty v medzin\u00e1rodnej s\u00fa\u0165a\u017ei eur\u00f3pskeho grafick\u00e9ho dizajnu ED AWARDS 2009 za projekt \u201eComenia \u2013 \u010cesk\u00e9 \u0161kolsk\u00e9 p\u00edsmo\u201c v kateg\u00f3rii Original Typeface. Autori: Tom\u00e1\u0161 Brousil (Comenia Sans), Radana Lencov\u00e1 (Comenia Script), Franti\u0161ek \u0160torm (Comenia Serif). 2008Najkraj\u0161ia \u010desk\u00e1 kniha roka 2008, 1. cena pre knihu Radana Lencov\u00e1, Bal\u00ed\u010dek Comenia Script v kateg\u00f3rii U\u010debnice&hellip;Continue reading Ocenenie\" \/>\n<meta property=\"og:url\" content=\"https:\/\/www.comenia-script.com\/sk\/oceneni\/\" \/>\n<meta property=\"og:site_name\" content=\"Comenia Script\u00ae\" \/>\n<meta property=\"article:modified_time\" content=\"2021-04-19T19:56:23+00:00\" \/>\n<meta property=\"og:image\" content=\"https:\/\/www.comenia-script.com\/wp-content\/uploads\/2020\/08\/cs_radost_psat.jpg\" \/>\n\t<meta property=\"og:image:width\" content=\"375\" \/>\n\t<meta property=\"og:image:height\" content=\"271\" \/>\n\t<meta property=\"og:image:type\" content=\"image\/jpeg\" \/>\n<meta name=\"twitter:card\" content=\"summary_large_image\" \/>\n<meta name=\"twitter:label1\" content=\"Predpokladan\u00fd \u010das \u010d\u00edtania\" \/>\n\t<meta name=\"twitter:data1\" content=\"1 min\u00fata\" \/>\n<script type=\"application\/ld+json\" class=\"yoast-schema-graph\">{\"@context\":\"https:\\\/\\\/schema.org\",\"@graph\":[{\"@type\":\"WebPage\",\"@id\":\"https:\\\/\\\/www.comenia-script.com\\\/sk\\\/oceneni\\\/\",\"url\":\"https:\\\/\\\/www.comenia-script.com\\\/sk\\\/oceneni\\\/\",\"name\":\"Ocen\u011bn\u00ed - www.comenia-script.com\",\"isPartOf\":{\"@id\":\"https:\\\/\\\/www.comenia-script.com\\\/#website\"},\"datePublished\":\"2020-10-15T12:51:37+00:00\",\"dateModified\":\"2021-04-19T19:56:23+00:00\",\"breadcrumb\":{\"@id\":\"https:\\\/\\\/www.comenia-script.com\\\/sk\\\/oceneni\\\/#breadcrumb\"},\"inLanguage\":\"sk-SK\",\"potentialAction\":[{\"@type\":\"ReadAction\",\"target\":[\"https:\\\/\\\/www.comenia-script.com\\\/sk\\\/oceneni\\\/\"]}]},{\"@type\":\"BreadcrumbList\",\"@id\":\"https:\\\/\\\/www.comenia-script.com\\\/sk\\\/oceneni\\\/#breadcrumb\",\"itemListElement\":[{\"@type\":\"ListItem\",\"position\":1,\"name\":\"Dom\u016f\",\"item\":\"https:\\\/\\\/www.comenia-script.com\\\/sk\\\/\"},{\"@type\":\"ListItem\",\"position\":2,\"name\":\"Ocenenie\"}]},{\"@type\":\"WebSite\",\"@id\":\"https:\\\/\\\/www.comenia-script.com\\\/#website\",\"url\":\"https:\\\/\\\/www.comenia-script.com\\\/\",\"name\":\"Comenia Script\u00ae\",\"description\":\"psac\u00ed p\u00edsmo pro d\u011bti\",\"publisher\":{\"@id\":\"https:\\\/\\\/www.comenia-script.com\\\/#organization\"},\"potentialAction\":[{\"@type\":\"SearchAction\",\"target\":{\"@type\":\"EntryPoint\",\"urlTemplate\":\"https:\\\/\\\/www.comenia-script.com\\\/?s={search_term_string}\"},\"query-input\":{\"@type\":\"PropertyValueSpecification\",\"valueRequired\":true,\"valueName\":\"search_term_string\"}}],\"inLanguage\":\"sk-SK\"},{\"@type\":\"Organization\",\"@id\":\"https:\\\/\\\/www.comenia-script.com\\\/#organization\",\"name\":\"Comenia Script\u00ae\",\"url\":\"https:\\\/\\\/www.comenia-script.com\\\/\",\"logo\":{\"@type\":\"ImageObject\",\"inLanguage\":\"sk-SK\",\"@id\":\"https:\\\/\\\/www.comenia-script.com\\\/#\\\/schema\\\/logo\\\/image\\\/\",\"url\":\"https:\\\/\\\/www.comenia-script.com\\\/wp-content\\\/uploads\\\/2020\\\/11\\\/cropped-logo_CS_napis_03_54pxl_240.jpg\",\"contentUrl\":\"https:\\\/\\\/www.comenia-script.com\\\/wp-content\\\/uploads\\\/2020\\\/11\\\/cropped-logo_CS_napis_03_54pxl_240.jpg\",\"width\":275,\"height\":54,\"caption\":\"Comenia Script\u00ae\"},\"image\":{\"@id\":\"https:\\\/\\\/www.comenia-script.com\\\/#\\\/schema\\\/logo\\\/image\\\/\"},\"sameAs\":[\"https:\\\/\\\/cs.wikipedia.org\\\/wiki\\\/Comenia_Script\"]}]}<\/script>\n<!-- \/ Yoast SEO plugin. -->","yoast_head_json":{"title":"Ocen\u011bn\u00ed - www.comenia-script.com","robots":{"index":"index","follow":"follow","max-snippet":"max-snippet:-1","max-image-preview":"max-image-preview:large","max-video-preview":"max-video-preview:-1"},"canonical":"https:\/\/www.comenia-script.com\/sk\/oceneni\/","og_locale":"sk_SK","og_type":"article","og_title":"Ocen\u011bn\u00ed - www.comenia-script.com","og_description":"2009Zlat\u00e1 medaila a Cena poroty v medzin\u00e1rodnej s\u00fa\u0165a\u017ei eur\u00f3pskeho grafick\u00e9ho dizajnu ED AWARDS 2009 za projekt \u201eComenia \u2013 \u010cesk\u00e9 \u0161kolsk\u00e9 p\u00edsmo\u201c v kateg\u00f3rii Original Typeface. Autori: Tom\u00e1\u0161 Brousil (Comenia Sans), Radana Lencov\u00e1 (Comenia Script), Franti\u0161ek \u0160torm (Comenia Serif). 2008Najkraj\u0161ia \u010desk\u00e1 kniha roka 2008, 1. cena pre knihu Radana Lencov\u00e1, Bal\u00ed\u010dek Comenia Script v kateg\u00f3rii U\u010debnice&hellip;Continue reading Ocenenie","og_url":"https:\/\/www.comenia-script.com\/sk\/oceneni\/","og_site_name":"Comenia Script\u00ae","article_modified_time":"2021-04-19T19:56:23+00:00","og_image":[{"width":375,"height":271,"url":"https:\/\/www.comenia-script.com\/wp-content\/uploads\/2020\/08\/cs_radost_psat.jpg","type":"image\/jpeg"}],"twitter_card":"summary_large_image","twitter_misc":{"Predpokladan\u00fd \u010das \u010d\u00edtania":"1 min\u00fata"},"schema":{"@context":"https:\/\/schema.org","@graph":[{"@type":"WebPage","@id":"https:\/\/www.comenia-script.com\/sk\/oceneni\/","url":"https:\/\/www.comenia-script.com\/sk\/oceneni\/","name":"Ocen\u011bn\u00ed - www.comenia-script.com","isPartOf":{"@id":"https:\/\/www.comenia-script.com\/#website"},"datePublished":"2020-10-15T12:51:37+00:00","dateModified":"2021-04-19T19:56:23+00:00","breadcrumb":{"@id":"https:\/\/www.comenia-script.com\/sk\/oceneni\/#breadcrumb"},"inLanguage":"sk-SK","potentialAction":[{"@type":"ReadAction","target":["https:\/\/www.comenia-script.com\/sk\/oceneni\/"]}]},{"@type":"BreadcrumbList","@id":"https:\/\/www.comenia-script.com\/sk\/oceneni\/#breadcrumb","itemListElement":[{"@type":"ListItem","position":1,"name":"Dom\u016f","item":"https:\/\/www.comenia-script.com\/sk\/"},{"@type":"ListItem","position":2,"name":"Ocenenie"}]},{"@type":"WebSite","@id":"https:\/\/www.comenia-script.com\/#website","url":"https:\/\/www.comenia-script.com\/","name":"Comenia Script\u00ae","description":"psac\u00ed p\u00edsmo pro d\u011bti","publisher":{"@id":"https:\/\/www.comenia-script.com\/#organization"},"potentialAction":[{"@type":"SearchAction","target":{"@type":"EntryPoint","urlTemplate":"https:\/\/www.comenia-script.com\/?s={search_term_string}"},"query-input":{"@type":"PropertyValueSpecification","valueRequired":true,"valueName":"search_term_string"}}],"inLanguage":"sk-SK"},{"@type":"Organization","@id":"https:\/\/www.comenia-script.com\/#organization","name":"Comenia Script\u00ae","url":"https:\/\/www.comenia-script.com\/","logo":{"@type":"ImageObject","inLanguage":"sk-SK","@id":"https:\/\/www.comenia-script.com\/#\/schema\/logo\/image\/","url":"https:\/\/www.comenia-script.com\/wp-content\/uploads\/2020\/11\/cropped-logo_CS_napis_03_54pxl_240.jpg","contentUrl":"https:\/\/www.comenia-script.com\/wp-content\/uploads\/2020\/11\/cropped-logo_CS_napis_03_54pxl_240.jpg","width":275,"height":54,"caption":"Comenia Script\u00ae"},"image":{"@id":"https:\/\/www.comenia-script.com\/#\/schema\/logo\/image\/"},"sameAs":["https:\/\/cs.wikipedia.org\/wiki\/Comenia_Script"]}]}},"jetpack_sharing_enabled":true,"_links":{"self":[{"href":"https:\/\/www.comenia-script.com\/sk\/wp-json\/wp\/v2\/pages\/1000","targetHints":{"allow":["GET"]}}],"collection":[{"href":"https:\/\/www.comenia-script.com\/sk\/wp-json\/wp\/v2\/pages"}],"about":[{"href":"https:\/\/www.comenia-script.com\/sk\/wp-json\/wp\/v2\/types\/page"}],"author":[{"embeddable":true,"href":"https:\/\/www.comenia-script.com\/sk\/wp-json\/wp\/v2\/users\/2"}],"replies":[{"embeddable":true,"href":"https:\/\/www.comenia-script.com\/sk\/wp-json\/wp\/v2\/comments?post=1000"}],"version-history":[{"count":9,"href":"https:\/\/www.comenia-script.com\/sk\/wp-json\/wp\/v2\/pages\/1000\/revisions"}],"predecessor-version":[{"id":2321,"href":"https:\/\/www.comenia-script.com\/sk\/wp-json\/wp\/v2\/pages\/1000\/revisions\/2321"}],"wp:attachment":[{"href":"https:\/\/www.comenia-script.com\/sk\/wp-json\/wp\/v2\/media?parent=1000"}],"curies":[{"name":"wp","href":"https:\/\/api.w.org\/{rel}","templated":true}]}}