{"id":999,"date":"2020-10-15T14:51:37","date_gmt":"2020-10-15T12:51:37","guid":{"rendered":"http:\/\/www.comenia-script.com\/oceneni\/"},"modified":"2021-04-21T14:54:24","modified_gmt":"2021-04-21T12:54:24","slug":"oceneni","status":"publish","type":"page","link":"https:\/\/www.comenia-script.com\/en\/oceneni\/","title":{"rendered":"Awards"},"content":{"rendered":"\n<div class=\"wp-block-cover alignfull has-background-dim-10 has-background-dim\" style=\"background-image:url(https:\/\/www.comenia-script.com\/wp-content\/uploads\/2020\/10\/foto_oceneno_01-scaled.jpg)\"><div class=\"wp-block-cover__inner-container is-layout-flow wp-block-cover-is-layout-flow\">\n<p class=\"has-text-align-center has-3-xl-font-size\">Award for Comenia Script<sup>\u00ae<\/sup> fonts and teaching materials<\/p>\n<\/div><\/div>\n\n\n\n<p><\/p>\n\n\n\n<div style=\"height:26px\" aria-hidden=\"true\" class=\"wp-block-spacer\"><\/div>\n\n\n\n<p><strong><span class=\"has-inline-color has-dark-color\">2009<\/span><\/strong><br>Gold Prize and Jury Prize in the ED AWARDS 2009 international competition of European graphic design, for the project \u201cComenia \u2013 Czech school font\u201d in the category \u201cOriginal typeface.\u201d Authors: Tom\u00e1\u0161 Brousil (Comenia Sans), Radana Lencov\u00e1 (Comenia Script), Franti\u0161ek \u0160torm (Comenia Serif).<\/p>\n\n\n\n<p><strong><span class=\"has-inline-color has-dark-color\">2008<\/span><\/strong><br>The most beautiful Czech book of the year 2008, 1st prize, for the book \u201cBal\u00ed\u010dek Comenia Script \/ <em>Comenia Script Package<\/em>\u201d by Radana Lencov\u00e1, in the category \u201cTextbooks for schools of all levels and other teaching aids in printed form,\u201d Prague 2008<\/p>\n\n\n\n<p><strong><span class=\"has-inline-color has-dark-color\">2007<\/span><\/strong><br>The most beautiful Czech book of the year 2007, 3rd prize, for the book \u201cRozhovory o p\u00edsmu rukopisn\u00e9m \/ <em>Conversations about handwriting<\/em>\u201d by Radana Lencov\u00e1, in the category \u201cTextbooks for schools of all levels and other teaching aids in printed form,\u201d Prague 2007<\/p>\n\n\n\n<hr class=\"wp-block-separator\"\/>\n\n\n\n<p><\/p>\n","protected":false},"excerpt":{"rendered":"<p>2009Gold Prize and Jury Prize in the ED AWARDS 2009 international competition of European graphic design, for the project \u201cComenia \u2013 Czech school font\u201d in the category \u201cOriginal typeface.\u201d Authors: Tom\u00e1\u0161 Brousil (Comenia Sans), Radana Lencov\u00e1 (Comenia Script), Franti\u0161ek \u0160torm (Comenia Serif). 2008The most beautiful Czech book of the year 2008, 1st prize, for the&hellip;<\/p>\n<p class=\"more\"><a class=\"more-link\" href=\"https:\/\/www.comenia-script.com\/en\/oceneni\/\">Continue reading <span class=\"screen-reader-text\">Awards<\/span><\/a><\/p>\n","protected":false},"author":2,"featured_media":0,"parent":0,"menu_order":0,"comment_status":"closed","ping_status":"closed","template":"","meta":{"footnotes":""},"class_list":["post-999","page","type-page","status-publish","hentry","entry"],"yoast_head":"<!-- This site is optimized with the Yoast SEO plugin v27.0 - https:\/\/yoast.com\/product\/yoast-seo-wordpress\/ -->\n<title>Ocen\u011bn\u00ed - www.comenia-script.com<\/title>\n<meta name=\"robots\" content=\"index, follow, max-snippet:-1, max-image-preview:large, max-video-preview:-1\" \/>\n<link rel=\"canonical\" href=\"https:\/\/www.comenia-script.com\/en\/oceneni\/\" \/>\n<meta property=\"og:locale\" content=\"en_US\" \/>\n<meta property=\"og:type\" content=\"article\" \/>\n<meta property=\"og:title\" content=\"Ocen\u011bn\u00ed - www.comenia-script.com\" \/>\n<meta property=\"og:description\" content=\"2009Gold Prize and Jury Prize in the ED AWARDS 2009 international competition of European graphic design, for the project \u201cComenia \u2013 Czech school font\u201d in the category \u201cOriginal typeface.\u201d Authors: Tom\u00e1\u0161 Brousil (Comenia Sans), Radana Lencov\u00e1 (Comenia Script), Franti\u0161ek \u0160torm (Comenia Serif). 2008The most beautiful Czech book of the year 2008, 1st prize, for the&hellip;Continue reading Awards\" \/>\n<meta property=\"og:url\" content=\"https:\/\/www.comenia-script.com\/en\/oceneni\/\" \/>\n<meta property=\"og:site_name\" content=\"Comenia Script\u00ae\" \/>\n<meta property=\"article:modified_time\" content=\"2021-04-21T12:54:24+00:00\" \/>\n<meta property=\"og:image\" content=\"https:\/\/www.comenia-script.com\/wp-content\/uploads\/2020\/08\/cs_radost_psat.jpg\" \/>\n\t<meta property=\"og:image:width\" content=\"375\" \/>\n\t<meta property=\"og:image:height\" content=\"271\" \/>\n\t<meta property=\"og:image:type\" content=\"image\/jpeg\" \/>\n<meta name=\"twitter:card\" content=\"summary_large_image\" \/>\n<meta name=\"twitter:label1\" content=\"Est. reading time\" \/>\n\t<meta name=\"twitter:data1\" content=\"1 minute\" \/>\n<script type=\"application\/ld+json\" class=\"yoast-schema-graph\">{\"@context\":\"https:\/\/schema.org\",\"@graph\":[{\"@type\":\"WebPage\",\"@id\":\"https:\/\/www.comenia-script.com\/en\/oceneni\/\",\"url\":\"https:\/\/www.comenia-script.com\/en\/oceneni\/\",\"name\":\"Ocen\u011bn\u00ed - www.comenia-script.com\",\"isPartOf\":{\"@id\":\"https:\/\/www.comenia-script.com\/#website\"},\"datePublished\":\"2020-10-15T12:51:37+00:00\",\"dateModified\":\"2021-04-21T12:54:24+00:00\",\"breadcrumb\":{\"@id\":\"https:\/\/www.comenia-script.com\/en\/oceneni\/#breadcrumb\"},\"inLanguage\":\"en-US\",\"potentialAction\":[{\"@type\":\"ReadAction\",\"target\":[\"https:\/\/www.comenia-script.com\/en\/oceneni\/\"]}]},{\"@type\":\"BreadcrumbList\",\"@id\":\"https:\/\/www.comenia-script.com\/en\/oceneni\/#breadcrumb\",\"itemListElement\":[{\"@type\":\"ListItem\",\"position\":1,\"name\":\"Dom\u016f\",\"item\":\"https:\/\/www.comenia-script.com\/en\/\"},{\"@type\":\"ListItem\",\"position\":2,\"name\":\"Awards\"}]},{\"@type\":\"WebSite\",\"@id\":\"https:\/\/www.comenia-script.com\/#website\",\"url\":\"https:\/\/www.comenia-script.com\/\",\"name\":\"Comenia Script\u00ae\",\"description\":\"psac\u00ed p\u00edsmo pro d\u011bti\",\"publisher\":{\"@id\":\"https:\/\/www.comenia-script.com\/#organization\"},\"potentialAction\":[{\"@type\":\"SearchAction\",\"target\":{\"@type\":\"EntryPoint\",\"urlTemplate\":\"https:\/\/www.comenia-script.com\/?s={search_term_string}\"},\"query-input\":{\"@type\":\"PropertyValueSpecification\",\"valueRequired\":true,\"valueName\":\"search_term_string\"}}],\"inLanguage\":\"en-US\"},{\"@type\":\"Organization\",\"@id\":\"https:\/\/www.comenia-script.com\/#organization\",\"name\":\"Comenia Script\u00ae\",\"url\":\"https:\/\/www.comenia-script.com\/\",\"logo\":{\"@type\":\"ImageObject\",\"inLanguage\":\"en-US\",\"@id\":\"https:\/\/www.comenia-script.com\/#\/schema\/logo\/image\/\",\"url\":\"https:\/\/www.comenia-script.com\/wp-content\/uploads\/2020\/11\/cropped-logo_CS_napis_03_54pxl_240.jpg\",\"contentUrl\":\"https:\/\/www.comenia-script.com\/wp-content\/uploads\/2020\/11\/cropped-logo_CS_napis_03_54pxl_240.jpg\",\"width\":275,\"height\":54,\"caption\":\"Comenia Script\u00ae\"},\"image\":{\"@id\":\"https:\/\/www.comenia-script.com\/#\/schema\/logo\/image\/\"},\"sameAs\":[\"https:\/\/cs.wikipedia.org\/wiki\/Comenia_Script\"]}]}<\/script>\n<!-- \/ Yoast SEO plugin. -->","yoast_head_json":{"title":"Ocen\u011bn\u00ed - www.comenia-script.com","robots":{"index":"index","follow":"follow","max-snippet":"max-snippet:-1","max-image-preview":"max-image-preview:large","max-video-preview":"max-video-preview:-1"},"canonical":"https:\/\/www.comenia-script.com\/en\/oceneni\/","og_locale":"en_US","og_type":"article","og_title":"Ocen\u011bn\u00ed - www.comenia-script.com","og_description":"2009Gold Prize and Jury Prize in the ED AWARDS 2009 international competition of European graphic design, for the project \u201cComenia \u2013 Czech school font\u201d in the category \u201cOriginal typeface.\u201d Authors: Tom\u00e1\u0161 Brousil (Comenia Sans), Radana Lencov\u00e1 (Comenia Script), Franti\u0161ek \u0160torm (Comenia Serif). 2008The most beautiful Czech book of the year 2008, 1st prize, for the&hellip;Continue reading Awards","og_url":"https:\/\/www.comenia-script.com\/en\/oceneni\/","og_site_name":"Comenia Script\u00ae","article_modified_time":"2021-04-21T12:54:24+00:00","og_image":[{"width":375,"height":271,"url":"https:\/\/www.comenia-script.com\/wp-content\/uploads\/2020\/08\/cs_radost_psat.jpg","type":"image\/jpeg"}],"twitter_card":"summary_large_image","twitter_misc":{"Est. reading time":"1 minute"},"schema":{"@context":"https:\/\/schema.org","@graph":[{"@type":"WebPage","@id":"https:\/\/www.comenia-script.com\/en\/oceneni\/","url":"https:\/\/www.comenia-script.com\/en\/oceneni\/","name":"Ocen\u011bn\u00ed - www.comenia-script.com","isPartOf":{"@id":"https:\/\/www.comenia-script.com\/#website"},"datePublished":"2020-10-15T12:51:37+00:00","dateModified":"2021-04-21T12:54:24+00:00","breadcrumb":{"@id":"https:\/\/www.comenia-script.com\/en\/oceneni\/#breadcrumb"},"inLanguage":"en-US","potentialAction":[{"@type":"ReadAction","target":["https:\/\/www.comenia-script.com\/en\/oceneni\/"]}]},{"@type":"BreadcrumbList","@id":"https:\/\/www.comenia-script.com\/en\/oceneni\/#breadcrumb","itemListElement":[{"@type":"ListItem","position":1,"name":"Dom\u016f","item":"https:\/\/www.comenia-script.com\/en\/"},{"@type":"ListItem","position":2,"name":"Awards"}]},{"@type":"WebSite","@id":"https:\/\/www.comenia-script.com\/#website","url":"https:\/\/www.comenia-script.com\/","name":"Comenia Script\u00ae","description":"psac\u00ed p\u00edsmo pro d\u011bti","publisher":{"@id":"https:\/\/www.comenia-script.com\/#organization"},"potentialAction":[{"@type":"SearchAction","target":{"@type":"EntryPoint","urlTemplate":"https:\/\/www.comenia-script.com\/?s={search_term_string}"},"query-input":{"@type":"PropertyValueSpecification","valueRequired":true,"valueName":"search_term_string"}}],"inLanguage":"en-US"},{"@type":"Organization","@id":"https:\/\/www.comenia-script.com\/#organization","name":"Comenia Script\u00ae","url":"https:\/\/www.comenia-script.com\/","logo":{"@type":"ImageObject","inLanguage":"en-US","@id":"https:\/\/www.comenia-script.com\/#\/schema\/logo\/image\/","url":"https:\/\/www.comenia-script.com\/wp-content\/uploads\/2020\/11\/cropped-logo_CS_napis_03_54pxl_240.jpg","contentUrl":"https:\/\/www.comenia-script.com\/wp-content\/uploads\/2020\/11\/cropped-logo_CS_napis_03_54pxl_240.jpg","width":275,"height":54,"caption":"Comenia Script\u00ae"},"image":{"@id":"https:\/\/www.comenia-script.com\/#\/schema\/logo\/image\/"},"sameAs":["https:\/\/cs.wikipedia.org\/wiki\/Comenia_Script"]}]}},"jetpack_sharing_enabled":true,"_links":{"self":[{"href":"https:\/\/www.comenia-script.com\/en\/wp-json\/wp\/v2\/pages\/999","targetHints":{"allow":["GET"]}}],"collection":[{"href":"https:\/\/www.comenia-script.com\/en\/wp-json\/wp\/v2\/pages"}],"about":[{"href":"https:\/\/www.comenia-script.com\/en\/wp-json\/wp\/v2\/types\/page"}],"author":[{"embeddable":true,"href":"https:\/\/www.comenia-script.com\/en\/wp-json\/wp\/v2\/users\/2"}],"replies":[{"embeddable":true,"href":"https:\/\/www.comenia-script.com\/en\/wp-json\/wp\/v2\/comments?post=999"}],"version-history":[{"count":9,"href":"https:\/\/www.comenia-script.com\/en\/wp-json\/wp\/v2\/pages\/999\/revisions"}],"predecessor-version":[{"id":2406,"href":"https:\/\/www.comenia-script.com\/en\/wp-json\/wp\/v2\/pages\/999\/revisions\/2406"}],"wp:attachment":[{"href":"https:\/\/www.comenia-script.com\/en\/wp-json\/wp\/v2\/media?parent=999"}],"curies":[{"name":"wp","href":"https:\/\/api.w.org\/{rel}","templated":true}]}}