{"id":977,"date":"2020-10-15T17:45:08","date_gmt":"2020-10-15T15:45:08","guid":{"rendered":"http:\/\/www.comenia-script.com\/nejcastejsi-dotazy\/"},"modified":"2021-04-21T14:53:26","modified_gmt":"2021-04-21T12:53:26","slug":"nejcastejsi-dotazy","status":"publish","type":"page","link":"https:\/\/www.comenia-script.com\/en\/nejcastejsi-dotazy\/","title":{"rendered":"Frequently asked questions"},"content":{"rendered":"\n<div class=\"wp-block-cover alignfull has-background-dim-20 has-background-dim\" style=\"background-image:url(https:\/\/www.comenia-script.com\/wp-content\/uploads\/2020\/11\/DSC_0090_u_240pxl.jpg);background-position:53% 55%\"><div class=\"wp-block-cover__inner-container is-layout-flow wp-block-cover-is-layout-flow\">\n<p class=\"has-text-align-center has-3-xl-font-size\">If you have a question that is not answered here, feel free to email me.<\/p>\n<\/div><\/div>\n\n\n\n<div style=\"height:33px\" aria-hidden=\"true\" class=\"wp-block-spacer\"><\/div>\n\n\n\n<p><strong><span class=\"has-inline-color has-dark-color\">What are the handwriting tendencies of today\u2019s writers?<\/span><\/strong><br>It seems to me, and this has been confirmed by my research, that today\u2019s children and adults prefer to use simplified forms of writing and communication in general: that is, forms other than those that were compulsory in school. Children in primary schools will very soon abandon the complicated cursive writing style and replace it with a simplified form which is very close to the printed style (an inclined unconnected style, where the lowercase and uppercase letters are distinguished).<\/p>\n\n\n\n<blockquote class=\"wp-block-quote is-layout-flow wp-block-quote-is-layout-flow\"><p><em><span class=\"has-inline-color has-base-color\">Yet many adults \u2013 and even children \u2013 do not use the lowercase cursive alphabet at all, and only write in capital letters<\/span><\/em>.<\/p><\/blockquote>\n\n\n\n<p><strong><span class=\"has-inline-color has-dark-color\">Do you see any solution to this situation?<\/span><\/strong><br>The situation could be improved by offering children in primary schools a simpler writing style than the current one, a style that could better adapt to their needs and at the same time develop their individuality. And, of course, this style must be made readable (especially for fast writing), unlike the current cursive style, which does not support readability for most writers. Comenia Script<sup>\u00ae<\/sup> is such a writing font; it has many forms and variations: It allows itself to be written in a very simplified form, similar to a typeface, which will be appreciated especially by dysgraphic children (Comenia Script<sup>\u00ae<\/sup> B), but can also take a common handwritten form with partial connection, to a completely artistic Renaissance calligraphic form, where the writer uses a flat-edged pen.<\/p>\n\n\n\n<p><strong><span class=\"has-inline-color has-dark-color\">Why do you think children no longer need to be able to write in copperplate style?<\/span><\/strong><br>It is important that children learn to write a form of writing that will work well for them in normal written communication \u2013 practically and legibly. <\/p>\n\n\n\n<blockquote class=\"wp-block-quote is-layout-flow wp-block-quote-is-layout-flow\"><p><em><span class=\"has-inline-color has-base-color\">Unfortunately, I have experience that the so-called \u201cbeautiful\u201d writing model based on copperplate-style forms (the loop and curl itself) does not work as fully in practical life as a legible style \u2013 especially when writing fast. As a result, children sooner or later have to change their writing. Above all, simplify the shapes and adapt the font to yourself \u2013 to your individual needs.<\/span><\/em><\/p><\/blockquote>\n\n\n\n<div class=\"wp-block-image\"><figure class=\"aligncenter size-large is-resized\"><img loading=\"lazy\" decoding=\"async\" src=\"https:\/\/www.comenia-script.com\/wp-content\/uploads\/2020\/11\/DSC_0086_u-1024x680.jpg\" alt=\"\" class=\"wp-image-1395\" width=\"447\" height=\"297\" srcset=\"https:\/\/www.comenia-script.com\/wp-content\/uploads\/2020\/11\/DSC_0086_u-1024x680.jpg 1024w, https:\/\/www.comenia-script.com\/wp-content\/uploads\/2020\/11\/DSC_0086_u-300x199.jpg 300w, https:\/\/www.comenia-script.com\/wp-content\/uploads\/2020\/11\/DSC_0086_u-768x510.jpg 768w, https:\/\/www.comenia-script.com\/wp-content\/uploads\/2020\/11\/DSC_0086_u-1536x1021.jpg 1536w, https:\/\/www.comenia-script.com\/wp-content\/uploads\/2020\/11\/DSC_0086_u.jpg 1890w\" sizes=\"auto, (max-width: 447px) 100vw, 447px\" \/><\/figure><\/div>\n\n\n\n<div style=\"height:18px\" aria-hidden=\"true\" class=\"wp-block-spacer\"><\/div>\n\n\n\n<p><strong><span class=\"has-inline-color has-dark-color\">The Comenia Script<sup>\u00ae<\/sup> writing pattern is simplified and everyone can add something to it. So, won\u2019t every handwriting be so distinctive that it will be illegible to others?<\/span><\/strong><br>Any handwriting can be legible or illegible \u2013 it depends on its basic shape, and on how we deal with it. If it is a writing model that requires accurate imitation to maintain readability, and if we neglect the model in normal or fast writing, then we will not succeed with it even in a separate-letters manuscript version\u2026 That is why the basic form of Comenia Script<sup>\u00ae<\/sup> writing is designed so that its readable code is preserved even within 1) fast writing, 2) individual slanting of the style, 3) the shape variations of several letters, 4) having separate letters touch each other, etc.<\/p>\n\n\n\n<p><strong><span class=\"has-inline-color has-dark-color\">Who learns to write according to Comenia Script<sup>\u00ae<\/sup>?<\/span><\/strong><br>The writing model was prepared mainly for children at the first stage of primary school, but adults who want to have a more readable handwriting can also learn to write it. In addition, the basic form of Comenia Script<sup>\u00ae<\/sup>A can lead to an artistically interesting Renaissance calligraphic form. At the same time, I recommend the style to those teachers who want to teach writing with Comenia Script<sup>\u00ae<\/sup>. It is certainly useful when parents learn to write with their children at the same time: as is the case, for example, in Waldorf schools where, among other things, they provide children with handwritten readers.<\/p>\n\n\n\n<p><strong><span class=\"has-inline-color has-dark-color\">What makes Comenia Script<sup>\u00ae<\/sup> special?<\/span><\/strong><br>There is nothing special about this handwriting style; I only follow the natural graphic tendencies of children and adults. The Comenia Script<sup>\u00ae<\/sup> font is simple, and thus actually ordinary: for example, it is based on what children learn on their own before entering school (large print) and it builds on this ability. The children then work with a small alphabet, with shape variants of letters, with individual slant, etc.<\/p>\n\n\n\n<hr class=\"wp-block-separator has-text-color has-background has-light-background-color has-light-color\"\/>\n\n\n\n<p><\/p>\n","protected":false},"excerpt":{"rendered":"<p>What are the handwriting tendencies of today\u2019s writers?It seems to me, and this has been confirmed by my research, that today\u2019s children and adults prefer to use simplified forms of writing and communication in general: that is, forms other than those that were compulsory in school. Children in primary schools will very soon abandon the&hellip;<\/p>\n<p class=\"more\"><a class=\"more-link\" href=\"https:\/\/www.comenia-script.com\/en\/nejcastejsi-dotazy\/\">Continue reading <span class=\"screen-reader-text\">Frequently asked questions<\/span><\/a><\/p>\n","protected":false},"author":2,"featured_media":0,"parent":0,"menu_order":0,"comment_status":"closed","ping_status":"closed","template":"","meta":{"footnotes":""},"class_list":["post-977","page","type-page","status-publish","hentry","entry"],"yoast_head":"<!-- This site is optimized with the Yoast SEO plugin v27.4 - https:\/\/yoast.com\/product\/yoast-seo-wordpress\/ -->\n<title>Frequently asked questions - Comenia Script\u00ae<\/title>\n<meta name=\"description\" content=\"Nej\u010dast\u011bj\u0161\u00ed dotazy k p\u00edsmu Comenia Script\u00ae. Jak\u00e9 jsou tendence dne\u0161n\u00edch p\u00edsa\u0159\u016f? Jak\u00e9 vid\u00edte \u0159e\u0161en\u00ed v t\u00e9to situaci? Pro\u010d si mysl\u00edte, \u017ee d\u011bti u\u017e nemus\u00ed um\u011bt ps\u00e1t krasopisn\u00fdm p\u00edsmem? P\u00edsmo Comenia Script\u00ae je zjednodu\u0161en\u00e9 a ka\u017ed\u00fd si k n\u011bmu m\u016f\u017ee p\u0159idat n\u011bco sv\u00e9ho. Nebude pak ale ka\u017ed\u00e9 p\u00edsmo osobit\u00e9 a\u017e do t\u00e9 m\u00edry, \u017ee bude pro ostatn\u00ed ne\u010diteln\u00e9?\" \/>\n<meta name=\"robots\" content=\"index, follow, max-snippet:-1, max-image-preview:large, max-video-preview:-1\" \/>\n<link rel=\"canonical\" href=\"https:\/\/www.comenia-script.com\/en\/nejcastejsi-dotazy\/\" \/>\n<meta property=\"og:locale\" content=\"en_US\" \/>\n<meta property=\"og:type\" content=\"article\" \/>\n<meta property=\"og:title\" content=\"Frequently asked questions - Comenia Script\u00ae\" \/>\n<meta property=\"og:description\" content=\"Nej\u010dast\u011bj\u0161\u00ed dotazy k p\u00edsmu Comenia Script\u00ae. Jak\u00e9 jsou tendence dne\u0161n\u00edch p\u00edsa\u0159\u016f? Jak\u00e9 vid\u00edte \u0159e\u0161en\u00ed v t\u00e9to situaci? Pro\u010d si mysl\u00edte, \u017ee d\u011bti u\u017e nemus\u00ed um\u011bt ps\u00e1t krasopisn\u00fdm p\u00edsmem? P\u00edsmo Comenia Script\u00ae je zjednodu\u0161en\u00e9 a ka\u017ed\u00fd si k n\u011bmu m\u016f\u017ee p\u0159idat n\u011bco sv\u00e9ho. Nebude pak ale ka\u017ed\u00e9 p\u00edsmo osobit\u00e9 a\u017e do t\u00e9 m\u00edry, \u017ee bude pro ostatn\u00ed ne\u010diteln\u00e9?\" \/>\n<meta property=\"og:url\" content=\"https:\/\/www.comenia-script.com\/en\/nejcastejsi-dotazy\/\" \/>\n<meta property=\"og:site_name\" content=\"Comenia Script\u00ae\" \/>\n<meta property=\"article:modified_time\" content=\"2021-04-21T12:53:26+00:00\" \/>\n<meta property=\"og:image\" content=\"https:\/\/www.comenia-script.com\/wp-content\/uploads\/2020\/11\/DSC_0086_u-1024x680.jpg\" \/>\n<meta name=\"twitter:card\" content=\"summary_large_image\" \/>\n<meta name=\"twitter:label1\" content=\"Est. reading time\" \/>\n\t<meta name=\"twitter:data1\" content=\"4 minutes\" \/>\n<script type=\"application\/ld+json\" class=\"yoast-schema-graph\">{\"@context\":\"https:\\\/\\\/schema.org\",\"@graph\":[{\"@type\":\"WebPage\",\"@id\":\"https:\\\/\\\/www.comenia-script.com\\\/en\\\/nejcastejsi-dotazy\\\/\",\"url\":\"https:\\\/\\\/www.comenia-script.com\\\/en\\\/nejcastejsi-dotazy\\\/\",\"name\":\"Frequently asked questions - Comenia Script\u00ae\",\"isPartOf\":{\"@id\":\"https:\\\/\\\/www.comenia-script.com\\\/#website\"},\"primaryImageOfPage\":{\"@id\":\"https:\\\/\\\/www.comenia-script.com\\\/en\\\/nejcastejsi-dotazy\\\/#primaryimage\"},\"image\":{\"@id\":\"https:\\\/\\\/www.comenia-script.com\\\/en\\\/nejcastejsi-dotazy\\\/#primaryimage\"},\"thumbnailUrl\":\"https:\\\/\\\/www.comenia-script.com\\\/wp-content\\\/uploads\\\/2020\\\/11\\\/DSC_0086_u-1024x680.jpg\",\"datePublished\":\"2020-10-15T15:45:08+00:00\",\"dateModified\":\"2021-04-21T12:53:26+00:00\",\"description\":\"Nej\u010dast\u011bj\u0161\u00ed dotazy k p\u00edsmu Comenia Script\u00ae. Jak\u00e9 jsou tendence dne\u0161n\u00edch p\u00edsa\u0159\u016f? Jak\u00e9 vid\u00edte \u0159e\u0161en\u00ed v t\u00e9to situaci? Pro\u010d si mysl\u00edte, \u017ee d\u011bti u\u017e nemus\u00ed um\u011bt ps\u00e1t krasopisn\u00fdm p\u00edsmem? P\u00edsmo Comenia Script\u00ae je zjednodu\u0161en\u00e9 a ka\u017ed\u00fd si k n\u011bmu m\u016f\u017ee p\u0159idat n\u011bco sv\u00e9ho. Nebude pak ale ka\u017ed\u00e9 p\u00edsmo osobit\u00e9 a\u017e do t\u00e9 m\u00edry, \u017ee bude pro ostatn\u00ed ne\u010diteln\u00e9?\",\"breadcrumb\":{\"@id\":\"https:\\\/\\\/www.comenia-script.com\\\/en\\\/nejcastejsi-dotazy\\\/#breadcrumb\"},\"inLanguage\":\"en-US\",\"potentialAction\":[{\"@type\":\"ReadAction\",\"target\":[\"https:\\\/\\\/www.comenia-script.com\\\/en\\\/nejcastejsi-dotazy\\\/\"]}]},{\"@type\":\"ImageObject\",\"inLanguage\":\"en-US\",\"@id\":\"https:\\\/\\\/www.comenia-script.com\\\/en\\\/nejcastejsi-dotazy\\\/#primaryimage\",\"url\":\"https:\\\/\\\/www.comenia-script.com\\\/wp-content\\\/uploads\\\/2020\\\/11\\\/DSC_0086_u-1024x680.jpg\",\"contentUrl\":\"https:\\\/\\\/www.comenia-script.com\\\/wp-content\\\/uploads\\\/2020\\\/11\\\/DSC_0086_u-1024x680.jpg\"},{\"@type\":\"BreadcrumbList\",\"@id\":\"https:\\\/\\\/www.comenia-script.com\\\/en\\\/nejcastejsi-dotazy\\\/#breadcrumb\",\"itemListElement\":[{\"@type\":\"ListItem\",\"position\":1,\"name\":\"Dom\u016f\",\"item\":\"https:\\\/\\\/www.comenia-script.com\\\/en\\\/\"},{\"@type\":\"ListItem\",\"position\":2,\"name\":\"Frequently asked questions\"}]},{\"@type\":\"WebSite\",\"@id\":\"https:\\\/\\\/www.comenia-script.com\\\/#website\",\"url\":\"https:\\\/\\\/www.comenia-script.com\\\/\",\"name\":\"Comenia Script\u00ae\",\"description\":\"psac\u00ed p\u00edsmo pro d\u011bti\",\"publisher\":{\"@id\":\"https:\\\/\\\/www.comenia-script.com\\\/#organization\"},\"potentialAction\":[{\"@type\":\"SearchAction\",\"target\":{\"@type\":\"EntryPoint\",\"urlTemplate\":\"https:\\\/\\\/www.comenia-script.com\\\/?s={search_term_string}\"},\"query-input\":{\"@type\":\"PropertyValueSpecification\",\"valueRequired\":true,\"valueName\":\"search_term_string\"}}],\"inLanguage\":\"en-US\"},{\"@type\":\"Organization\",\"@id\":\"https:\\\/\\\/www.comenia-script.com\\\/#organization\",\"name\":\"Comenia Script\u00ae\",\"url\":\"https:\\\/\\\/www.comenia-script.com\\\/\",\"logo\":{\"@type\":\"ImageObject\",\"inLanguage\":\"en-US\",\"@id\":\"https:\\\/\\\/www.comenia-script.com\\\/#\\\/schema\\\/logo\\\/image\\\/\",\"url\":\"https:\\\/\\\/www.comenia-script.com\\\/wp-content\\\/uploads\\\/2020\\\/11\\\/cropped-logo_CS_napis_03_54pxl_240.jpg\",\"contentUrl\":\"https:\\\/\\\/www.comenia-script.com\\\/wp-content\\\/uploads\\\/2020\\\/11\\\/cropped-logo_CS_napis_03_54pxl_240.jpg\",\"width\":275,\"height\":54,\"caption\":\"Comenia Script\u00ae\"},\"image\":{\"@id\":\"https:\\\/\\\/www.comenia-script.com\\\/#\\\/schema\\\/logo\\\/image\\\/\"},\"sameAs\":[\"https:\\\/\\\/cs.wikipedia.org\\\/wiki\\\/Comenia_Script\"]}]}<\/script>\n<!-- \/ Yoast SEO plugin. -->","yoast_head_json":{"title":"Frequently asked questions - Comenia Script\u00ae","description":"Nej\u010dast\u011bj\u0161\u00ed dotazy k p\u00edsmu Comenia Script\u00ae. Jak\u00e9 jsou tendence dne\u0161n\u00edch p\u00edsa\u0159\u016f? Jak\u00e9 vid\u00edte \u0159e\u0161en\u00ed v t\u00e9to situaci? Pro\u010d si mysl\u00edte, \u017ee d\u011bti u\u017e nemus\u00ed um\u011bt ps\u00e1t krasopisn\u00fdm p\u00edsmem? P\u00edsmo Comenia Script\u00ae je zjednodu\u0161en\u00e9 a ka\u017ed\u00fd si k n\u011bmu m\u016f\u017ee p\u0159idat n\u011bco sv\u00e9ho. Nebude pak ale ka\u017ed\u00e9 p\u00edsmo osobit\u00e9 a\u017e do t\u00e9 m\u00edry, \u017ee bude pro ostatn\u00ed ne\u010diteln\u00e9?","robots":{"index":"index","follow":"follow","max-snippet":"max-snippet:-1","max-image-preview":"max-image-preview:large","max-video-preview":"max-video-preview:-1"},"canonical":"https:\/\/www.comenia-script.com\/en\/nejcastejsi-dotazy\/","og_locale":"en_US","og_type":"article","og_title":"Frequently asked questions - Comenia Script\u00ae","og_description":"Nej\u010dast\u011bj\u0161\u00ed dotazy k p\u00edsmu Comenia Script\u00ae. Jak\u00e9 jsou tendence dne\u0161n\u00edch p\u00edsa\u0159\u016f? Jak\u00e9 vid\u00edte \u0159e\u0161en\u00ed v t\u00e9to situaci? Pro\u010d si mysl\u00edte, \u017ee d\u011bti u\u017e nemus\u00ed um\u011bt ps\u00e1t krasopisn\u00fdm p\u00edsmem? P\u00edsmo Comenia Script\u00ae je zjednodu\u0161en\u00e9 a ka\u017ed\u00fd si k n\u011bmu m\u016f\u017ee p\u0159idat n\u011bco sv\u00e9ho. Nebude pak ale ka\u017ed\u00e9 p\u00edsmo osobit\u00e9 a\u017e do t\u00e9 m\u00edry, \u017ee bude pro ostatn\u00ed ne\u010diteln\u00e9?","og_url":"https:\/\/www.comenia-script.com\/en\/nejcastejsi-dotazy\/","og_site_name":"Comenia Script\u00ae","article_modified_time":"2021-04-21T12:53:26+00:00","og_image":[{"url":"https:\/\/www.comenia-script.com\/wp-content\/uploads\/2020\/11\/DSC_0086_u-1024x680.jpg","type":"","width":"","height":""}],"twitter_card":"summary_large_image","twitter_misc":{"Est. reading time":"4 minutes"},"schema":{"@context":"https:\/\/schema.org","@graph":[{"@type":"WebPage","@id":"https:\/\/www.comenia-script.com\/en\/nejcastejsi-dotazy\/","url":"https:\/\/www.comenia-script.com\/en\/nejcastejsi-dotazy\/","name":"Frequently asked questions - Comenia Script\u00ae","isPartOf":{"@id":"https:\/\/www.comenia-script.com\/#website"},"primaryImageOfPage":{"@id":"https:\/\/www.comenia-script.com\/en\/nejcastejsi-dotazy\/#primaryimage"},"image":{"@id":"https:\/\/www.comenia-script.com\/en\/nejcastejsi-dotazy\/#primaryimage"},"thumbnailUrl":"https:\/\/www.comenia-script.com\/wp-content\/uploads\/2020\/11\/DSC_0086_u-1024x680.jpg","datePublished":"2020-10-15T15:45:08+00:00","dateModified":"2021-04-21T12:53:26+00:00","description":"Nej\u010dast\u011bj\u0161\u00ed dotazy k p\u00edsmu Comenia Script\u00ae. Jak\u00e9 jsou tendence dne\u0161n\u00edch p\u00edsa\u0159\u016f? Jak\u00e9 vid\u00edte \u0159e\u0161en\u00ed v t\u00e9to situaci? Pro\u010d si mysl\u00edte, \u017ee d\u011bti u\u017e nemus\u00ed um\u011bt ps\u00e1t krasopisn\u00fdm p\u00edsmem? P\u00edsmo Comenia Script\u00ae je zjednodu\u0161en\u00e9 a ka\u017ed\u00fd si k n\u011bmu m\u016f\u017ee p\u0159idat n\u011bco sv\u00e9ho. Nebude pak ale ka\u017ed\u00e9 p\u00edsmo osobit\u00e9 a\u017e do t\u00e9 m\u00edry, \u017ee bude pro ostatn\u00ed ne\u010diteln\u00e9?","breadcrumb":{"@id":"https:\/\/www.comenia-script.com\/en\/nejcastejsi-dotazy\/#breadcrumb"},"inLanguage":"en-US","potentialAction":[{"@type":"ReadAction","target":["https:\/\/www.comenia-script.com\/en\/nejcastejsi-dotazy\/"]}]},{"@type":"ImageObject","inLanguage":"en-US","@id":"https:\/\/www.comenia-script.com\/en\/nejcastejsi-dotazy\/#primaryimage","url":"https:\/\/www.comenia-script.com\/wp-content\/uploads\/2020\/11\/DSC_0086_u-1024x680.jpg","contentUrl":"https:\/\/www.comenia-script.com\/wp-content\/uploads\/2020\/11\/DSC_0086_u-1024x680.jpg"},{"@type":"BreadcrumbList","@id":"https:\/\/www.comenia-script.com\/en\/nejcastejsi-dotazy\/#breadcrumb","itemListElement":[{"@type":"ListItem","position":1,"name":"Dom\u016f","item":"https:\/\/www.comenia-script.com\/en\/"},{"@type":"ListItem","position":2,"name":"Frequently asked questions"}]},{"@type":"WebSite","@id":"https:\/\/www.comenia-script.com\/#website","url":"https:\/\/www.comenia-script.com\/","name":"Comenia Script\u00ae","description":"psac\u00ed p\u00edsmo pro d\u011bti","publisher":{"@id":"https:\/\/www.comenia-script.com\/#organization"},"potentialAction":[{"@type":"SearchAction","target":{"@type":"EntryPoint","urlTemplate":"https:\/\/www.comenia-script.com\/?s={search_term_string}"},"query-input":{"@type":"PropertyValueSpecification","valueRequired":true,"valueName":"search_term_string"}}],"inLanguage":"en-US"},{"@type":"Organization","@id":"https:\/\/www.comenia-script.com\/#organization","name":"Comenia Script\u00ae","url":"https:\/\/www.comenia-script.com\/","logo":{"@type":"ImageObject","inLanguage":"en-US","@id":"https:\/\/www.comenia-script.com\/#\/schema\/logo\/image\/","url":"https:\/\/www.comenia-script.com\/wp-content\/uploads\/2020\/11\/cropped-logo_CS_napis_03_54pxl_240.jpg","contentUrl":"https:\/\/www.comenia-script.com\/wp-content\/uploads\/2020\/11\/cropped-logo_CS_napis_03_54pxl_240.jpg","width":275,"height":54,"caption":"Comenia Script\u00ae"},"image":{"@id":"https:\/\/www.comenia-script.com\/#\/schema\/logo\/image\/"},"sameAs":["https:\/\/cs.wikipedia.org\/wiki\/Comenia_Script"]}]}},"jetpack_sharing_enabled":true,"_links":{"self":[{"href":"https:\/\/www.comenia-script.com\/en\/wp-json\/wp\/v2\/pages\/977","targetHints":{"allow":["GET"]}}],"collection":[{"href":"https:\/\/www.comenia-script.com\/en\/wp-json\/wp\/v2\/pages"}],"about":[{"href":"https:\/\/www.comenia-script.com\/en\/wp-json\/wp\/v2\/types\/page"}],"author":[{"embeddable":true,"href":"https:\/\/www.comenia-script.com\/en\/wp-json\/wp\/v2\/users\/2"}],"replies":[{"embeddable":true,"href":"https:\/\/www.comenia-script.com\/en\/wp-json\/wp\/v2\/comments?post=977"}],"version-history":[{"count":16,"href":"https:\/\/www.comenia-script.com\/en\/wp-json\/wp\/v2\/pages\/977\/revisions"}],"predecessor-version":[{"id":2405,"href":"https:\/\/www.comenia-script.com\/en\/wp-json\/wp\/v2\/pages\/977\/revisions\/2405"}],"wp:attachment":[{"href":"https:\/\/www.comenia-script.com\/en\/wp-json\/wp\/v2\/media?parent=977"}],"curies":[{"name":"wp","href":"https:\/\/api.w.org\/{rel}","templated":true}]}}