{"id":969,"date":"2020-10-15T17:58:59","date_gmt":"2020-10-15T15:58:59","guid":{"rendered":"http:\/\/www.comenia-script.com\/seminare-a-skoleni-on-line-webinar-comenia-script\/"},"modified":"2024-06-04T14:46:10","modified_gmt":"2024-06-04T12:46:10","slug":"seminare-a-skoleni-on-line-webinar-comenia-script","status":"publish","type":"page","link":"https:\/\/www.comenia-script.com\/en\/seminare-a-skoleni-on-line-webinar-comenia-script\/","title":{"rendered":"Teacher training"},"content":{"rendered":"\n<div class=\"wp-block-cover alignfull is-light\"><span aria-hidden=\"true\" class=\"wp-block-cover__background has-background-dim-30 has-background-dim\"><\/span><img loading=\"lazy\" decoding=\"async\" width=\"9568\" height=\"6656\" class=\"wp-block-cover__image-background wp-image-262\" alt=\"\" src=\"https:\/\/www.comenia-script.com\/wp-content\/uploads\/2020\/10\/Depositphotos_175046970_ds.jpg\" data-object-fit=\"cover\" srcset=\"https:\/\/www.comenia-script.com\/wp-content\/uploads\/2020\/10\/Depositphotos_175046970_ds.jpg 9568w, https:\/\/www.comenia-script.com\/wp-content\/uploads\/2020\/10\/Depositphotos_175046970_ds-300x209.jpg 300w, https:\/\/www.comenia-script.com\/wp-content\/uploads\/2020\/10\/Depositphotos_175046970_ds-768x534.jpg 768w\" sizes=\"auto, (max-width: 9568px) 100vw, 9568px\" \/><div class=\"wp-block-cover__inner-container is-layout-flow wp-block-cover-is-layout-flow\">\n<p class=\"has-text-align-center has-white-color has-text-color has-3-xl-font-size\">Do you want to attend the Comenia Script<sup>\u00ae<\/sup> training?<\/p>\n<\/div><\/div>\n\n\n\n<p><\/p>\n\n\n\n<p>CZECHIA:<\/p>\n\n\n\n<p class=\"has-dark-color has-text-color has-xl-font-size\"><strong>These <mark style=\"background-color:rgba(0, 0, 0, 0)\" class=\"has-inline-color has-dark-color\">o<\/mark>rganizations offer training<\/strong><br><font color=\"#1e73be\"><span style=\"caret-color: rgb(30, 115, 190);\"><\/span><\/font><\/p>\n\n\n\n<p><strong>Za\u010d\u00edt spolu<\/strong><br>E: <a href=\"mailto:info@sbscr.cz\">info@sbscr.cz<\/a>, T: 222 963 596, <a href=\"http:\/\/www.zacitspolu.eu\">www.zacitspolu.eu<\/a><\/p>\n\n\n\n<p><strong>Studio aktivit a vzd\u011bl\u00e1v\u00e1n\u00ed<\/strong><br>E: <a href=\"mailto:info@sbscr.cz\">kubice.studio@seznam.cz<\/a>, T: 725 845 550, <a href=\"http:\/\/www.zacitspolu.eu\">www.studio-av.cz<\/a><\/p>\n\n\n\n<p><em>Teachers trainings organized in the Czech Republic are led by a Czech lecturer in the Czech language.<\/em><\/p>\n\n\n\n<hr class=\"wp-block-separator has-css-opacity\"\/>\n\n\n\n<p>SLOVAKIA:<\/p>\n\n\n\n<p class=\"has-xl-font-size\"><mark style=\"background-color:rgba(0, 0, 0, 0)\" class=\"has-inline-color has-dark-color\"><strong>Comenia Script<sup>\u00ae<\/sup> school handwriting in practice<\/strong><br>\/ Certified methodical online teachers training<br><\/mark><\/p>\n\n\n\n<p>Lecturer: Mgr. Andrea Cinegov\u00e1<\/p>\n\n\n\n<p>Contact: Ind\u00edcia, n.o.<br>E: <a href=\"mailto:indicia@indicia.sk\">indicia@indicia.sk<\/a><br>T: +421 0948 895 170<br><a href=\"http:\/\/www.indicia.sk\">www.indicia.sk<\/a><\/p>\n\n\n\n<p><em><em>Teachers<\/em> trainings organized in Slovakia are led by a Slovak teacher in the Slovak language.<\/em><\/p>\n\n\n\n<blockquote class=\"wp-block-quote is-layout-flow wp-block-quote-is-layout-flow\">\n<p>If there are more teachers at your school who would like to be trained, it is possible to arrange a teacher training directly at your school.<\/p>\n<\/blockquote>\n\n\n\n<p><\/p>\n","protected":false},"excerpt":{"rendered":"<p>CZECHIA: These organizations offer training Za\u010d\u00edt spoluE: info@sbscr.cz, T: 222 963 596, www.zacitspolu.eu Studio aktivit a vzd\u011bl\u00e1v\u00e1n\u00edE: kubice.studio@seznam.cz, T: 725 845 550, www.studio-av.cz Teachers trainings organized in the Czech Republic are led by a Czech lecturer in the Czech language. SLOVAKIA: Comenia Script\u00ae school handwriting in practice\/ Certified methodical online teachers training Lecturer: Mgr. Andrea&hellip;<\/p>\n<p class=\"more\"><a class=\"more-link\" href=\"https:\/\/www.comenia-script.com\/en\/seminare-a-skoleni-on-line-webinar-comenia-script\/\">Continue reading <span class=\"screen-reader-text\">Teacher training<\/span><\/a><\/p>\n","protected":false},"author":2,"featured_media":0,"parent":0,"menu_order":0,"comment_status":"closed","ping_status":"closed","template":"","meta":{"footnotes":""},"class_list":["post-969","page","type-page","status-publish","hentry","entry"],"yoast_head":"<!-- This site is optimized with the Yoast SEO plugin v27.4 - https:\/\/yoast.com\/product\/yoast-seo-wordpress\/ -->\n<title>Teacher training - Comenia Script\u00ae<\/title>\n<meta name=\"description\" content=\"M\u00e1te chu\u0165 absolvovat on-line webin\u00e1\u0159 Comenia Script\u00ae z pohodl\u00ed domova? Pokud je na va\u0161\u00ed \u0161kole v\u00edce pedagog\u016f, kte\u0159\u00ed by cht\u011bli b\u00fdt pro\u0161koleni, je mo\u017en\u00e9 domluvit praktick\u00fd semin\u00e1\u0159 p\u0159\u00edmo na va\u0161\u00ed \u0161kole. Webin\u00e1\u0159e a \u0161kolen\u00ed po\u0159\u00e1dan\u00e9 na Slovensku vede slovensk\u00e1 lektorka ve sloven\u0161tin\u011b.\" \/>\n<meta name=\"robots\" content=\"index, follow, max-snippet:-1, max-image-preview:large, max-video-preview:-1\" \/>\n<link rel=\"canonical\" href=\"https:\/\/www.comenia-script.com\/en\/seminare-a-skoleni-on-line-webinar-comenia-script\/\" \/>\n<meta property=\"og:locale\" content=\"en_US\" \/>\n<meta property=\"og:type\" content=\"article\" \/>\n<meta property=\"og:title\" content=\"Comenia Script Teacher training\" \/>\n<meta property=\"og:description\" content=\"M\u00e1te chu\u0165 absolvovat on-line webin\u00e1\u0159 Comenia Script\u00ae z pohodl\u00ed domova? Pokud je na va\u0161\u00ed \u0161kole v\u00edce pedagog\u016f, kte\u0159\u00ed by cht\u011bli b\u00fdt pro\u0161koleni, je mo\u017en\u00e9 domluvit praktick\u00fd semin\u00e1\u0159 p\u0159\u00edmo na va\u0161\u00ed \u0161kole. Webin\u00e1\u0159e a \u0161kolen\u00ed po\u0159\u00e1dan\u00e9 na Slovensku vede slovensk\u00e1 lektorka ve sloven\u0161tin\u011b.\" \/>\n<meta property=\"og:url\" content=\"https:\/\/www.comenia-script.com\/en\/seminare-a-skoleni-on-line-webinar-comenia-script\/\" \/>\n<meta property=\"og:site_name\" content=\"Comenia Script\u00ae\" \/>\n<meta property=\"article:modified_time\" content=\"2024-06-04T12:46:10+00:00\" \/>\n<meta property=\"og:image\" content=\"http:\/\/www.comenia-script.com\/wp-content\/uploads\/2020\/11\/profil_obrazek_01-scaled.jpg\" \/>\n\t<meta property=\"og:image:width\" content=\"2560\" \/>\n\t<meta property=\"og:image:height\" content=\"974\" \/>\n\t<meta property=\"og:image:type\" content=\"image\/jpeg\" \/>\n<meta name=\"twitter:card\" content=\"summary_large_image\" \/>\n<meta name=\"twitter:label1\" content=\"Est. reading time\" \/>\n\t<meta name=\"twitter:data1\" content=\"2 minutes\" \/>\n<script type=\"application\/ld+json\" class=\"yoast-schema-graph\">{\"@context\":\"https:\\\/\\\/schema.org\",\"@graph\":[{\"@type\":\"WebPage\",\"@id\":\"https:\\\/\\\/www.comenia-script.com\\\/en\\\/seminare-a-skoleni-on-line-webinar-comenia-script\\\/\",\"url\":\"https:\\\/\\\/www.comenia-script.com\\\/en\\\/seminare-a-skoleni-on-line-webinar-comenia-script\\\/\",\"name\":\"Teacher training - Comenia Script\u00ae\",\"isPartOf\":{\"@id\":\"https:\\\/\\\/www.comenia-script.com\\\/#website\"},\"primaryImageOfPage\":{\"@id\":\"https:\\\/\\\/www.comenia-script.com\\\/en\\\/seminare-a-skoleni-on-line-webinar-comenia-script\\\/#primaryimage\"},\"image\":{\"@id\":\"https:\\\/\\\/www.comenia-script.com\\\/en\\\/seminare-a-skoleni-on-line-webinar-comenia-script\\\/#primaryimage\"},\"thumbnailUrl\":\"https:\\\/\\\/www.comenia-script.com\\\/wp-content\\\/uploads\\\/2020\\\/10\\\/Depositphotos_175046970_ds.jpg\",\"datePublished\":\"2020-10-15T15:58:59+00:00\",\"dateModified\":\"2024-06-04T12:46:10+00:00\",\"description\":\"M\u00e1te chu\u0165 absolvovat on-line webin\u00e1\u0159 Comenia Script\u00ae z pohodl\u00ed domova? Pokud je na va\u0161\u00ed \u0161kole v\u00edce pedagog\u016f, kte\u0159\u00ed by cht\u011bli b\u00fdt pro\u0161koleni, je mo\u017en\u00e9 domluvit praktick\u00fd semin\u00e1\u0159 p\u0159\u00edmo na va\u0161\u00ed \u0161kole. Webin\u00e1\u0159e a \u0161kolen\u00ed po\u0159\u00e1dan\u00e9 na Slovensku vede slovensk\u00e1 lektorka ve sloven\u0161tin\u011b.\",\"breadcrumb\":{\"@id\":\"https:\\\/\\\/www.comenia-script.com\\\/en\\\/seminare-a-skoleni-on-line-webinar-comenia-script\\\/#breadcrumb\"},\"inLanguage\":\"en-US\",\"potentialAction\":[{\"@type\":\"ReadAction\",\"target\":[\"https:\\\/\\\/www.comenia-script.com\\\/en\\\/seminare-a-skoleni-on-line-webinar-comenia-script\\\/\"]}]},{\"@type\":\"ImageObject\",\"inLanguage\":\"en-US\",\"@id\":\"https:\\\/\\\/www.comenia-script.com\\\/en\\\/seminare-a-skoleni-on-line-webinar-comenia-script\\\/#primaryimage\",\"url\":\"https:\\\/\\\/www.comenia-script.com\\\/wp-content\\\/uploads\\\/2020\\\/10\\\/Depositphotos_175046970_ds.jpg\",\"contentUrl\":\"https:\\\/\\\/www.comenia-script.com\\\/wp-content\\\/uploads\\\/2020\\\/10\\\/Depositphotos_175046970_ds.jpg\"},{\"@type\":\"BreadcrumbList\",\"@id\":\"https:\\\/\\\/www.comenia-script.com\\\/en\\\/seminare-a-skoleni-on-line-webinar-comenia-script\\\/#breadcrumb\",\"itemListElement\":[{\"@type\":\"ListItem\",\"position\":1,\"name\":\"Dom\u016f\",\"item\":\"https:\\\/\\\/www.comenia-script.com\\\/en\\\/\"},{\"@type\":\"ListItem\",\"position\":2,\"name\":\"Teacher training\"}]},{\"@type\":\"WebSite\",\"@id\":\"https:\\\/\\\/www.comenia-script.com\\\/#website\",\"url\":\"https:\\\/\\\/www.comenia-script.com\\\/\",\"name\":\"Comenia Script\u00ae\",\"description\":\"psac\u00ed p\u00edsmo pro d\u011bti\",\"publisher\":{\"@id\":\"https:\\\/\\\/www.comenia-script.com\\\/#organization\"},\"potentialAction\":[{\"@type\":\"SearchAction\",\"target\":{\"@type\":\"EntryPoint\",\"urlTemplate\":\"https:\\\/\\\/www.comenia-script.com\\\/?s={search_term_string}\"},\"query-input\":{\"@type\":\"PropertyValueSpecification\",\"valueRequired\":true,\"valueName\":\"search_term_string\"}}],\"inLanguage\":\"en-US\"},{\"@type\":\"Organization\",\"@id\":\"https:\\\/\\\/www.comenia-script.com\\\/#organization\",\"name\":\"Comenia Script\u00ae\",\"url\":\"https:\\\/\\\/www.comenia-script.com\\\/\",\"logo\":{\"@type\":\"ImageObject\",\"inLanguage\":\"en-US\",\"@id\":\"https:\\\/\\\/www.comenia-script.com\\\/#\\\/schema\\\/logo\\\/image\\\/\",\"url\":\"https:\\\/\\\/www.comenia-script.com\\\/wp-content\\\/uploads\\\/2020\\\/11\\\/cropped-logo_CS_napis_03_54pxl_240.jpg\",\"contentUrl\":\"https:\\\/\\\/www.comenia-script.com\\\/wp-content\\\/uploads\\\/2020\\\/11\\\/cropped-logo_CS_napis_03_54pxl_240.jpg\",\"width\":275,\"height\":54,\"caption\":\"Comenia Script\u00ae\"},\"image\":{\"@id\":\"https:\\\/\\\/www.comenia-script.com\\\/#\\\/schema\\\/logo\\\/image\\\/\"},\"sameAs\":[\"https:\\\/\\\/cs.wikipedia.org\\\/wiki\\\/Comenia_Script\"]}]}<\/script>\n<!-- \/ Yoast SEO plugin. -->","yoast_head_json":{"title":"Teacher training - Comenia Script\u00ae","description":"M\u00e1te chu\u0165 absolvovat on-line webin\u00e1\u0159 Comenia Script\u00ae z pohodl\u00ed domova? Pokud je na va\u0161\u00ed \u0161kole v\u00edce pedagog\u016f, kte\u0159\u00ed by cht\u011bli b\u00fdt pro\u0161koleni, je mo\u017en\u00e9 domluvit praktick\u00fd semin\u00e1\u0159 p\u0159\u00edmo na va\u0161\u00ed \u0161kole. Webin\u00e1\u0159e a \u0161kolen\u00ed po\u0159\u00e1dan\u00e9 na Slovensku vede slovensk\u00e1 lektorka ve sloven\u0161tin\u011b.","robots":{"index":"index","follow":"follow","max-snippet":"max-snippet:-1","max-image-preview":"max-image-preview:large","max-video-preview":"max-video-preview:-1"},"canonical":"https:\/\/www.comenia-script.com\/en\/seminare-a-skoleni-on-line-webinar-comenia-script\/","og_locale":"en_US","og_type":"article","og_title":"Comenia Script Teacher training","og_description":"M\u00e1te chu\u0165 absolvovat on-line webin\u00e1\u0159 Comenia Script\u00ae z pohodl\u00ed domova? Pokud je na va\u0161\u00ed \u0161kole v\u00edce pedagog\u016f, kte\u0159\u00ed by cht\u011bli b\u00fdt pro\u0161koleni, je mo\u017en\u00e9 domluvit praktick\u00fd semin\u00e1\u0159 p\u0159\u00edmo na va\u0161\u00ed \u0161kole. Webin\u00e1\u0159e a \u0161kolen\u00ed po\u0159\u00e1dan\u00e9 na Slovensku vede slovensk\u00e1 lektorka ve sloven\u0161tin\u011b.","og_url":"https:\/\/www.comenia-script.com\/en\/seminare-a-skoleni-on-line-webinar-comenia-script\/","og_site_name":"Comenia Script\u00ae","article_modified_time":"2024-06-04T12:46:10+00:00","og_image":[{"width":2560,"height":974,"url":"http:\/\/www.comenia-script.com\/wp-content\/uploads\/2020\/11\/profil_obrazek_01-scaled.jpg","type":"image\/jpeg"}],"twitter_card":"summary_large_image","twitter_misc":{"Est. reading time":"2 minutes"},"schema":{"@context":"https:\/\/schema.org","@graph":[{"@type":"WebPage","@id":"https:\/\/www.comenia-script.com\/en\/seminare-a-skoleni-on-line-webinar-comenia-script\/","url":"https:\/\/www.comenia-script.com\/en\/seminare-a-skoleni-on-line-webinar-comenia-script\/","name":"Teacher training - Comenia Script\u00ae","isPartOf":{"@id":"https:\/\/www.comenia-script.com\/#website"},"primaryImageOfPage":{"@id":"https:\/\/www.comenia-script.com\/en\/seminare-a-skoleni-on-line-webinar-comenia-script\/#primaryimage"},"image":{"@id":"https:\/\/www.comenia-script.com\/en\/seminare-a-skoleni-on-line-webinar-comenia-script\/#primaryimage"},"thumbnailUrl":"https:\/\/www.comenia-script.com\/wp-content\/uploads\/2020\/10\/Depositphotos_175046970_ds.jpg","datePublished":"2020-10-15T15:58:59+00:00","dateModified":"2024-06-04T12:46:10+00:00","description":"M\u00e1te chu\u0165 absolvovat on-line webin\u00e1\u0159 Comenia Script\u00ae z pohodl\u00ed domova? Pokud je na va\u0161\u00ed \u0161kole v\u00edce pedagog\u016f, kte\u0159\u00ed by cht\u011bli b\u00fdt pro\u0161koleni, je mo\u017en\u00e9 domluvit praktick\u00fd semin\u00e1\u0159 p\u0159\u00edmo na va\u0161\u00ed \u0161kole. Webin\u00e1\u0159e a \u0161kolen\u00ed po\u0159\u00e1dan\u00e9 na Slovensku vede slovensk\u00e1 lektorka ve sloven\u0161tin\u011b.","breadcrumb":{"@id":"https:\/\/www.comenia-script.com\/en\/seminare-a-skoleni-on-line-webinar-comenia-script\/#breadcrumb"},"inLanguage":"en-US","potentialAction":[{"@type":"ReadAction","target":["https:\/\/www.comenia-script.com\/en\/seminare-a-skoleni-on-line-webinar-comenia-script\/"]}]},{"@type":"ImageObject","inLanguage":"en-US","@id":"https:\/\/www.comenia-script.com\/en\/seminare-a-skoleni-on-line-webinar-comenia-script\/#primaryimage","url":"https:\/\/www.comenia-script.com\/wp-content\/uploads\/2020\/10\/Depositphotos_175046970_ds.jpg","contentUrl":"https:\/\/www.comenia-script.com\/wp-content\/uploads\/2020\/10\/Depositphotos_175046970_ds.jpg"},{"@type":"BreadcrumbList","@id":"https:\/\/www.comenia-script.com\/en\/seminare-a-skoleni-on-line-webinar-comenia-script\/#breadcrumb","itemListElement":[{"@type":"ListItem","position":1,"name":"Dom\u016f","item":"https:\/\/www.comenia-script.com\/en\/"},{"@type":"ListItem","position":2,"name":"Teacher training"}]},{"@type":"WebSite","@id":"https:\/\/www.comenia-script.com\/#website","url":"https:\/\/www.comenia-script.com\/","name":"Comenia Script\u00ae","description":"psac\u00ed p\u00edsmo pro d\u011bti","publisher":{"@id":"https:\/\/www.comenia-script.com\/#organization"},"potentialAction":[{"@type":"SearchAction","target":{"@type":"EntryPoint","urlTemplate":"https:\/\/www.comenia-script.com\/?s={search_term_string}"},"query-input":{"@type":"PropertyValueSpecification","valueRequired":true,"valueName":"search_term_string"}}],"inLanguage":"en-US"},{"@type":"Organization","@id":"https:\/\/www.comenia-script.com\/#organization","name":"Comenia Script\u00ae","url":"https:\/\/www.comenia-script.com\/","logo":{"@type":"ImageObject","inLanguage":"en-US","@id":"https:\/\/www.comenia-script.com\/#\/schema\/logo\/image\/","url":"https:\/\/www.comenia-script.com\/wp-content\/uploads\/2020\/11\/cropped-logo_CS_napis_03_54pxl_240.jpg","contentUrl":"https:\/\/www.comenia-script.com\/wp-content\/uploads\/2020\/11\/cropped-logo_CS_napis_03_54pxl_240.jpg","width":275,"height":54,"caption":"Comenia Script\u00ae"},"image":{"@id":"https:\/\/www.comenia-script.com\/#\/schema\/logo\/image\/"},"sameAs":["https:\/\/cs.wikipedia.org\/wiki\/Comenia_Script"]}]}},"jetpack_sharing_enabled":true,"_links":{"self":[{"href":"https:\/\/www.comenia-script.com\/en\/wp-json\/wp\/v2\/pages\/969","targetHints":{"allow":["GET"]}}],"collection":[{"href":"https:\/\/www.comenia-script.com\/en\/wp-json\/wp\/v2\/pages"}],"about":[{"href":"https:\/\/www.comenia-script.com\/en\/wp-json\/wp\/v2\/types\/page"}],"author":[{"embeddable":true,"href":"https:\/\/www.comenia-script.com\/en\/wp-json\/wp\/v2\/users\/2"}],"replies":[{"embeddable":true,"href":"https:\/\/www.comenia-script.com\/en\/wp-json\/wp\/v2\/comments?post=969"}],"version-history":[{"count":38,"href":"https:\/\/www.comenia-script.com\/en\/wp-json\/wp\/v2\/pages\/969\/revisions"}],"predecessor-version":[{"id":3256,"href":"https:\/\/www.comenia-script.com\/en\/wp-json\/wp\/v2\/pages\/969\/revisions\/3256"}],"wp:attachment":[{"href":"https:\/\/www.comenia-script.com\/en\/wp-json\/wp\/v2\/media?parent=969"}],"curies":[{"name":"wp","href":"https:\/\/api.w.org\/{rel}","templated":true}]}}