{"id":962,"date":"2020-11-08T20:16:20","date_gmt":"2020-11-08T19:16:20","guid":{"rendered":"http:\/\/www.comenia-script.com\/informace-pro-skoly\/"},"modified":"2021-04-21T14:46:40","modified_gmt":"2021-04-21T12:46:40","slug":"informace-pro-skoly","status":"publish","type":"page","link":"https:\/\/www.comenia-script.com\/en\/informace-pro-skoly\/","title":{"rendered":"Information for schools"},"content":{"rendered":"\n<div class=\"wp-block-cover alignfull has-background-dim-30 has-background-dim\" style=\"background-image:url(https:\/\/www.comenia-script.com\/wp-content\/uploads\/2020\/11\/P1180381-u.jpg);background-position:50% 41%\"><div class=\"wp-block-cover__inner-container is-layout-flow wp-block-cover-is-layout-flow\">\n<p class=\"has-text-align-center has-3-xl-font-size\">Have you decided to teach Comenia Script<sup>\u00ae<\/sup> at your school, or are you thinking about doing so?<\/p>\n<\/div><\/div>\n\n\n\n<p><\/p>\n\n\n\n<p><strong><span class=\"has-inline-color has-dark-color\">Is parental consent required to teach Comenia Script<sup>\u00ae<\/sup>?<\/span><\/strong><br>In the Czech Republic, the Comenia Script<sup>\u00ae<\/sup> School program must be incorporated into the school curriculum (SEP). If there is provable evidence that all parents have been acquainted with the SEP and have been made aware of this SEP requirement, there may no longer be another requirement for a parental signature. However, if the school still wants the parents\u2019 signature separately, the school may require it. It all depends on the decision of the school principal.<\/p>\n\n\n\n<p><strong><span class=\"has-inline-color has-dark-color\">Is it necessary for the teacher to undergo any training or seminar?<\/span><br><\/strong>A teacher who would like to teach Comenia Script<sup>\u00ae<\/sup> should undergo training \u2013 the Comenia Script<sup>\u00ae<\/sup> Practical Workshop, which includes an exam. After passing the exam, teachers will receive a certificate from the training organizer.<\/p>\n\n\n\n<p><strong><span class=\"has-inline-color has-dark-color\">When will the seminars take place?<\/span><\/strong><br>Several Comenia Script<sup>\u00ae<\/sup> Workshops are planned for 2020\/2021. Practical seminars are organized by educational organizations, such as the Studio aktivit a vzd\u011bl\u00e1v\u00e1n\u00ed o.p.s. \/ <em>Studio of Activities and Education o.p.s.<\/em> (<a href=\"http:\/\/www.studio-av.cz\">www.studio-av.cz<\/a>); Step by Step \u010cR, o.p.s. (<a href=\"http:\/\/www.zacitspolu.eu\">www.zacitspolu.eu<\/a>); Za\u0159\u00edzen\u00ed pro dal\u0161\u00ed vzd\u011bl\u00e1v\u00e1n\u00ed pedagogick\u00fdch pracovn\u00edk\u016f a St\u0159edisko slu\u017eeb \u0161kol\u00e1m \u010cesk\u00e9 Bud\u011bjovice \/ <em>Facilities for further education of pedagogical staff and the School Service Center in \u010cesk\u00e9 Bud\u011bjovice<\/em> (<a href=\"http:\/\/www.zvas.cz\">www.zvas.cz<\/a>); Vzd\u011bl\u00e1vac\u00ed agentura Mgr. Jitka Blechov\u00e1 \/ <em>Educational agency Mgr. Jitka Blechov\u00e1<\/em> (<a href=\"http:\/\/www.blechova.cz\">www.blechova.cz<\/a>).<\/p>\n\n\n\n<p>This school year, we will also focus on two-day online webinars, which will have the same scope as previous one-day seminars. You can find the current offer of seminars on the introductory page or in the <a href=\"https:\/\/www.comenia-script.com\/en\/seminare-a-skoleni-on-line-webinar-comenia-script\/\">\u201cTeacher training\u201d<\/a> section. If there are more teachers at your school who would like to be trained, it is possible to arrange a practical seminar directly at your school.<\/p>\n\n\n\n<div class=\"wp-block-image\"><figure class=\"aligncenter size-large is-resized\"><img loading=\"lazy\" decoding=\"async\" src=\"https:\/\/www.comenia-script.com\/wp-content\/uploads\/2020\/11\/P1160938_u-1024x466.jpg\" alt=\"\" class=\"wp-image-1389\" width=\"624\" height=\"283\" srcset=\"https:\/\/www.comenia-script.com\/wp-content\/uploads\/2020\/11\/P1160938_u-1024x466.jpg 1024w, https:\/\/www.comenia-script.com\/wp-content\/uploads\/2020\/11\/P1160938_u-300x136.jpg 300w, https:\/\/www.comenia-script.com\/wp-content\/uploads\/2020\/11\/P1160938_u-768x349.jpg 768w, https:\/\/www.comenia-script.com\/wp-content\/uploads\/2020\/11\/P1160938_u-1536x699.jpg 1536w, https:\/\/www.comenia-script.com\/wp-content\/uploads\/2020\/11\/P1160938_u.jpg 1822w\" sizes=\"auto, (max-width: 624px) 100vw, 624px\" \/><\/figure><\/div>\n\n\n\n<div style=\"height:24px\" aria-hidden=\"true\" class=\"wp-block-spacer\"><\/div>\n\n\n\n<p><strong><span class=\"has-inline-color has-dark-color\">And what about the font in textbooks? Don\u2019t children get confused when the old handwriting style appears in them, or is it enough to point out that we are learning to write differently?<\/span><\/strong><br>A beginners\u2019 book which contains an older handwriting style can also be used in conjunction with Comenia Script<sup>\u00ae<\/sup> font instruction. This was done during the pilot testing. Pupils should be made aware of this: for example, they can be informed that it is a script which has been learned by their classmates or by their parents, and that it is still used. The fact that they get acquainted with the font in this way also has its advantages \u2013 they will learn to read this font gradually. Of course, this is also the content of teaching Comenia Script<sup>\u00ae<\/sup>, but only later, when students fully master writing in Comenia Script<sup>\u00ae<\/sup>. However, this task is performed individually, according to the student\u2019s abilities.<\/p>\n\n\n\n<p><strong><span class=\"has-inline-color has-dark-color\">What should be done when transferring a pupil to another school where Comenia Script<sup>\u00ae<\/sup> is not taught?<\/span><\/strong><br>Pupils who have learned to write with Comenia Script<sup>\u00ae<\/sup> should continue with the script they have learned \u2013 that is, with Comenia Script<sup>\u00ae<\/sup>. No one can force them into another writing style, so re-teaching should not be attempted at all! Parents should communicate this fact to the new school before the transfer, to ensure that the student is allowed to continue in this handwriting style. For more information, see the informational document of the Ministry of Education, Youth and Sports for schools on the use of connected and unconnected handwriting styles (section <a href=\"https:\/\/www.comenia-script.com\/en\/ke-stazeni\/\">\u201cLet\u2019s try\u201d > Download<\/a>).<\/p>\n\n\n\n<p><strong><span class=\"has-inline-color has-dark-color\">What about children\u2019s official signatures \u2013 can they use a Comenia Script<sup>\u00ae<\/sup> signature they have learned?<\/span><\/strong><br>The law does not regulate what is meant by the word \u201csignature,\u201d nor does the law stipulate a signature\u2019s formal requirements. The signature is usually part of a legal act performed in writing and is a condition of its validity \u2013 according to the provisions of \u00a7 40 paragraph 3 of Act No. 40\/1964 Coll., Civil Code, as amended, the written legal act is valid, if signed by the acting person. <\/p>\n\n\n\n<blockquote class=\"wp-block-quote is-layout-flow wp-block-quote-is-layout-flow\"><p>If the term \u201csignature\u201d is not defined in the legislation, it must be given a generally accepted meaning.<\/p><\/blockquote>\n\n\n\n<p>The signature must therefore be understood in particular as a handwritten name and surname, or only the surname (however, a handwritten name or a handwritten pseudonym may also be considered a signature, depending on the specific circumstances). Among other things, the signature is intended to guarantee the identification of the person signing, as it is based on the assumption that each person signs in a specific, self-contained way. This also guarantees the authenticity of the signed document. However, it follows that the form of the letter cannot be imposed on the signatory \u201cfrom the outside\u201c, but its special form, font inclination, font size and choice of font style must be respected. <\/p>\n\n\n\n<blockquote class=\"wp-block-quote is-layout-flow wp-block-quote-is-layout-flow\"><p>The signature can be made in <em>standard writing, block letters, Comenia Script<sup>\u00ae<\/sup>, or other (generally undefined) writing style<\/em>, and the signature can be illegible if it shows at least minimal evidence of being a signature (from the overall form of the strokes, it should be clear that it is a signature). <\/p><\/blockquote>\n\n\n\n<p>If the above rules apply to a signature as a requirement of a legal act, then it must be all the more acceptable for such signatures which, although not part of the legal act, are required for various reasons, for example to identify a specific person (which is also the case for a passport holder, if it is a minor child who can already write).<\/p>\n\n\n\n<hr class=\"wp-block-separator has-text-color has-background has-light-background-color has-light-color\"\/>\n\n\n\n<p><\/p>\n","protected":false},"excerpt":{"rendered":"<p>Is parental consent required to teach Comenia Script\u00ae?In the Czech Republic, the Comenia Script\u00ae School program must be incorporated into the school curriculum (SEP). If there is provable evidence that all parents have been acquainted with the SEP and have been made aware of this SEP requirement, there may no longer be another requirement for&hellip;<\/p>\n<p class=\"more\"><a class=\"more-link\" href=\"https:\/\/www.comenia-script.com\/en\/informace-pro-skoly\/\">Continue reading <span class=\"screen-reader-text\">Information for schools<\/span><\/a><\/p>\n","protected":false},"author":2,"featured_media":0,"parent":0,"menu_order":0,"comment_status":"closed","ping_status":"closed","template":"","meta":{"footnotes":""},"class_list":["post-962","page","type-page","status-publish","hentry","entry"],"yoast_head":"<!-- This site is optimized with the Yoast SEO plugin v27.4 - https:\/\/yoast.com\/product\/yoast-seo-wordpress\/ -->\n<title>Information for schools - Comenia Script\u00ae<\/title>\n<meta name=\"robots\" content=\"index, follow, max-snippet:-1, max-image-preview:large, max-video-preview:-1\" \/>\n<link rel=\"canonical\" href=\"https:\/\/www.comenia-script.com\/en\/informace-pro-skoly\/\" \/>\n<meta property=\"og:locale\" content=\"en_US\" \/>\n<meta property=\"og:type\" content=\"article\" \/>\n<meta property=\"og:title\" content=\"Information for schools - Comenia Script\u00ae\" \/>\n<meta property=\"og:description\" content=\"Is parental consent required to teach Comenia Script\u00ae?In the Czech Republic, the Comenia Script\u00ae School program must be incorporated into the school curriculum (SEP). If there is provable evidence that all parents have been acquainted with the SEP and have been made aware of this SEP requirement, there may no longer be another requirement for&hellip;Continue reading Information for schools\" \/>\n<meta property=\"og:url\" content=\"https:\/\/www.comenia-script.com\/en\/informace-pro-skoly\/\" \/>\n<meta property=\"og:site_name\" content=\"Comenia Script\u00ae\" \/>\n<meta property=\"article:modified_time\" content=\"2021-04-21T12:46:40+00:00\" \/>\n<meta property=\"og:image\" content=\"https:\/\/www.comenia-script.com\/wp-content\/uploads\/2020\/11\/P1160938_u-1024x466.jpg\" \/>\n<meta name=\"twitter:card\" content=\"summary_large_image\" \/>\n<meta name=\"twitter:label1\" content=\"Est. reading time\" \/>\n\t<meta name=\"twitter:data1\" content=\"5 minutes\" \/>\n<script type=\"application\/ld+json\" class=\"yoast-schema-graph\">{\"@context\":\"https:\\\/\\\/schema.org\",\"@graph\":[{\"@type\":\"WebPage\",\"@id\":\"https:\\\/\\\/www.comenia-script.com\\\/en\\\/informace-pro-skoly\\\/\",\"url\":\"https:\\\/\\\/www.comenia-script.com\\\/en\\\/informace-pro-skoly\\\/\",\"name\":\"Information for schools - Comenia Script\u00ae\",\"isPartOf\":{\"@id\":\"https:\\\/\\\/www.comenia-script.com\\\/#website\"},\"primaryImageOfPage\":{\"@id\":\"https:\\\/\\\/www.comenia-script.com\\\/en\\\/informace-pro-skoly\\\/#primaryimage\"},\"image\":{\"@id\":\"https:\\\/\\\/www.comenia-script.com\\\/en\\\/informace-pro-skoly\\\/#primaryimage\"},\"thumbnailUrl\":\"https:\\\/\\\/www.comenia-script.com\\\/wp-content\\\/uploads\\\/2020\\\/11\\\/P1160938_u-1024x466.jpg\",\"datePublished\":\"2020-11-08T19:16:20+00:00\",\"dateModified\":\"2021-04-21T12:46:40+00:00\",\"breadcrumb\":{\"@id\":\"https:\\\/\\\/www.comenia-script.com\\\/en\\\/informace-pro-skoly\\\/#breadcrumb\"},\"inLanguage\":\"en-US\",\"potentialAction\":[{\"@type\":\"ReadAction\",\"target\":[\"https:\\\/\\\/www.comenia-script.com\\\/en\\\/informace-pro-skoly\\\/\"]}]},{\"@type\":\"ImageObject\",\"inLanguage\":\"en-US\",\"@id\":\"https:\\\/\\\/www.comenia-script.com\\\/en\\\/informace-pro-skoly\\\/#primaryimage\",\"url\":\"https:\\\/\\\/www.comenia-script.com\\\/wp-content\\\/uploads\\\/2020\\\/11\\\/P1160938_u-1024x466.jpg\",\"contentUrl\":\"https:\\\/\\\/www.comenia-script.com\\\/wp-content\\\/uploads\\\/2020\\\/11\\\/P1160938_u-1024x466.jpg\"},{\"@type\":\"BreadcrumbList\",\"@id\":\"https:\\\/\\\/www.comenia-script.com\\\/en\\\/informace-pro-skoly\\\/#breadcrumb\",\"itemListElement\":[{\"@type\":\"ListItem\",\"position\":1,\"name\":\"Dom\u016f\",\"item\":\"https:\\\/\\\/www.comenia-script.com\\\/en\\\/\"},{\"@type\":\"ListItem\",\"position\":2,\"name\":\"Information for schools\"}]},{\"@type\":\"WebSite\",\"@id\":\"https:\\\/\\\/www.comenia-script.com\\\/#website\",\"url\":\"https:\\\/\\\/www.comenia-script.com\\\/\",\"name\":\"Comenia Script\u00ae\",\"description\":\"psac\u00ed p\u00edsmo pro d\u011bti\",\"publisher\":{\"@id\":\"https:\\\/\\\/www.comenia-script.com\\\/#organization\"},\"potentialAction\":[{\"@type\":\"SearchAction\",\"target\":{\"@type\":\"EntryPoint\",\"urlTemplate\":\"https:\\\/\\\/www.comenia-script.com\\\/?s={search_term_string}\"},\"query-input\":{\"@type\":\"PropertyValueSpecification\",\"valueRequired\":true,\"valueName\":\"search_term_string\"}}],\"inLanguage\":\"en-US\"},{\"@type\":\"Organization\",\"@id\":\"https:\\\/\\\/www.comenia-script.com\\\/#organization\",\"name\":\"Comenia Script\u00ae\",\"url\":\"https:\\\/\\\/www.comenia-script.com\\\/\",\"logo\":{\"@type\":\"ImageObject\",\"inLanguage\":\"en-US\",\"@id\":\"https:\\\/\\\/www.comenia-script.com\\\/#\\\/schema\\\/logo\\\/image\\\/\",\"url\":\"https:\\\/\\\/www.comenia-script.com\\\/wp-content\\\/uploads\\\/2020\\\/11\\\/cropped-logo_CS_napis_03_54pxl_240.jpg\",\"contentUrl\":\"https:\\\/\\\/www.comenia-script.com\\\/wp-content\\\/uploads\\\/2020\\\/11\\\/cropped-logo_CS_napis_03_54pxl_240.jpg\",\"width\":275,\"height\":54,\"caption\":\"Comenia Script\u00ae\"},\"image\":{\"@id\":\"https:\\\/\\\/www.comenia-script.com\\\/#\\\/schema\\\/logo\\\/image\\\/\"},\"sameAs\":[\"https:\\\/\\\/cs.wikipedia.org\\\/wiki\\\/Comenia_Script\"]}]}<\/script>\n<!-- \/ Yoast SEO plugin. -->","yoast_head_json":{"title":"Information for schools - Comenia Script\u00ae","robots":{"index":"index","follow":"follow","max-snippet":"max-snippet:-1","max-image-preview":"max-image-preview:large","max-video-preview":"max-video-preview:-1"},"canonical":"https:\/\/www.comenia-script.com\/en\/informace-pro-skoly\/","og_locale":"en_US","og_type":"article","og_title":"Information for schools - Comenia Script\u00ae","og_description":"Is parental consent required to teach Comenia Script\u00ae?In the Czech Republic, the Comenia Script\u00ae School program must be incorporated into the school curriculum (SEP). If there is provable evidence that all parents have been acquainted with the SEP and have been made aware of this SEP requirement, there may no longer be another requirement for&hellip;Continue reading Information for schools","og_url":"https:\/\/www.comenia-script.com\/en\/informace-pro-skoly\/","og_site_name":"Comenia Script\u00ae","article_modified_time":"2021-04-21T12:46:40+00:00","og_image":[{"url":"https:\/\/www.comenia-script.com\/wp-content\/uploads\/2020\/11\/P1160938_u-1024x466.jpg","type":"","width":"","height":""}],"twitter_card":"summary_large_image","twitter_misc":{"Est. reading time":"5 minutes"},"schema":{"@context":"https:\/\/schema.org","@graph":[{"@type":"WebPage","@id":"https:\/\/www.comenia-script.com\/en\/informace-pro-skoly\/","url":"https:\/\/www.comenia-script.com\/en\/informace-pro-skoly\/","name":"Information for schools - Comenia Script\u00ae","isPartOf":{"@id":"https:\/\/www.comenia-script.com\/#website"},"primaryImageOfPage":{"@id":"https:\/\/www.comenia-script.com\/en\/informace-pro-skoly\/#primaryimage"},"image":{"@id":"https:\/\/www.comenia-script.com\/en\/informace-pro-skoly\/#primaryimage"},"thumbnailUrl":"https:\/\/www.comenia-script.com\/wp-content\/uploads\/2020\/11\/P1160938_u-1024x466.jpg","datePublished":"2020-11-08T19:16:20+00:00","dateModified":"2021-04-21T12:46:40+00:00","breadcrumb":{"@id":"https:\/\/www.comenia-script.com\/en\/informace-pro-skoly\/#breadcrumb"},"inLanguage":"en-US","potentialAction":[{"@type":"ReadAction","target":["https:\/\/www.comenia-script.com\/en\/informace-pro-skoly\/"]}]},{"@type":"ImageObject","inLanguage":"en-US","@id":"https:\/\/www.comenia-script.com\/en\/informace-pro-skoly\/#primaryimage","url":"https:\/\/www.comenia-script.com\/wp-content\/uploads\/2020\/11\/P1160938_u-1024x466.jpg","contentUrl":"https:\/\/www.comenia-script.com\/wp-content\/uploads\/2020\/11\/P1160938_u-1024x466.jpg"},{"@type":"BreadcrumbList","@id":"https:\/\/www.comenia-script.com\/en\/informace-pro-skoly\/#breadcrumb","itemListElement":[{"@type":"ListItem","position":1,"name":"Dom\u016f","item":"https:\/\/www.comenia-script.com\/en\/"},{"@type":"ListItem","position":2,"name":"Information for schools"}]},{"@type":"WebSite","@id":"https:\/\/www.comenia-script.com\/#website","url":"https:\/\/www.comenia-script.com\/","name":"Comenia Script\u00ae","description":"psac\u00ed p\u00edsmo pro d\u011bti","publisher":{"@id":"https:\/\/www.comenia-script.com\/#organization"},"potentialAction":[{"@type":"SearchAction","target":{"@type":"EntryPoint","urlTemplate":"https:\/\/www.comenia-script.com\/?s={search_term_string}"},"query-input":{"@type":"PropertyValueSpecification","valueRequired":true,"valueName":"search_term_string"}}],"inLanguage":"en-US"},{"@type":"Organization","@id":"https:\/\/www.comenia-script.com\/#organization","name":"Comenia Script\u00ae","url":"https:\/\/www.comenia-script.com\/","logo":{"@type":"ImageObject","inLanguage":"en-US","@id":"https:\/\/www.comenia-script.com\/#\/schema\/logo\/image\/","url":"https:\/\/www.comenia-script.com\/wp-content\/uploads\/2020\/11\/cropped-logo_CS_napis_03_54pxl_240.jpg","contentUrl":"https:\/\/www.comenia-script.com\/wp-content\/uploads\/2020\/11\/cropped-logo_CS_napis_03_54pxl_240.jpg","width":275,"height":54,"caption":"Comenia Script\u00ae"},"image":{"@id":"https:\/\/www.comenia-script.com\/#\/schema\/logo\/image\/"},"sameAs":["https:\/\/cs.wikipedia.org\/wiki\/Comenia_Script"]}]}},"jetpack_sharing_enabled":true,"_links":{"self":[{"href":"https:\/\/www.comenia-script.com\/en\/wp-json\/wp\/v2\/pages\/962","targetHints":{"allow":["GET"]}}],"collection":[{"href":"https:\/\/www.comenia-script.com\/en\/wp-json\/wp\/v2\/pages"}],"about":[{"href":"https:\/\/www.comenia-script.com\/en\/wp-json\/wp\/v2\/types\/page"}],"author":[{"embeddable":true,"href":"https:\/\/www.comenia-script.com\/en\/wp-json\/wp\/v2\/users\/2"}],"replies":[{"embeddable":true,"href":"https:\/\/www.comenia-script.com\/en\/wp-json\/wp\/v2\/comments?post=962"}],"version-history":[{"count":11,"href":"https:\/\/www.comenia-script.com\/en\/wp-json\/wp\/v2\/pages\/962\/revisions"}],"predecessor-version":[{"id":2401,"href":"https:\/\/www.comenia-script.com\/en\/wp-json\/wp\/v2\/pages\/962\/revisions\/2401"}],"wp:attachment":[{"href":"https:\/\/www.comenia-script.com\/en\/wp-json\/wp\/v2\/media?parent=962"}],"curies":[{"name":"wp","href":"https:\/\/api.w.org\/{rel}","templated":true}]}}