{"id":948,"date":"2020-08-06T11:42:44","date_gmt":"2020-08-06T09:42:44","guid":{"rendered":"http:\/\/www.comenia-script.com\/informace-o-pismu\/"},"modified":"2021-04-21T14:41:34","modified_gmt":"2021-04-21T12:41:34","slug":"informace-o-pismu","status":"publish","type":"page","link":"https:\/\/www.comenia-script.com\/en\/informace-o-pismu\/","title":{"rendered":"About Comenia Script\u00ae"},"content":{"rendered":"\n<div class=\"wp-block-cover alignfull has-background-dim-30 has-background-dim\" style=\"background-image:url(https:\/\/www.comenia-script.com\/wp-content\/uploads\/2020\/10\/DSC_0059_upr-scaled.jpg)\"><div class=\"wp-block-cover__inner-container is-layout-flow wp-block-cover-is-layout-flow\">\n<p class=\"has-text-align-center has-3-xl-font-size\">Basic information about the Comenia Script<sup>\u00ae<\/sup> font and its characteristics<\/p>\n<\/div><\/div>\n\n\n\n<p><\/p>\n\n\n\n<p><strong><span class=\"has-inline-color has-dark-color\">Comenia Script<sup>\u00ae<\/sup> <\/span><\/strong><span class=\"has-inline-color has-base-color\">is a practical handwriting model for children that is simple, modern and contemporary. The goal of the Comenia Script<sup>\u00ae<\/sup> project is the joy of writing and seamless, readable communication in the Latin alphabet at the international level.<\/span><\/p>\n\n\n\n<p>The Comenia Script<sup>\u00ae<\/sup> model takes into account the writing needs of dysgraphics along with left-handers. Various teaching materials and instructional <a href=\"http:\/\/comeniascriptapp.cz\/?l=en\">applications of writing<\/a> are provided for writing practice, and are part of a comprehensive teaching system. The author of the Comenia Script<sup>\u00ae<\/sup> font and of its accompanying teaching materials is <a href=\"http:\/\/lencova.eu\/en\/home\">MgA. Radana Lencov\u00e1, Ph.D.<\/a><\/p>\n\n\n\n<p><strong><span class=\"has-inline-color has-dark-color\">Research trials by the Ministry of Education, Youth and Sports of the Czech Republic<\/span><\/strong><\/p>\n\n\n\n<p>In 2010\u20132012, the Comenia Script<sup>\u00ae<\/sup> model was pilot-tested by the Czech Republic\u2019s Ministry of Education at 33 primary schools throughout the Czech Republic. The results of the pilot project can be found in the section \u201cLet\u2019s try\u201d > Download<\/p>\n\n\n\n<div class=\"wp-block-image\"><figure class=\"aligncenter size-large is-resized\"><img loading=\"lazy\" decoding=\"async\" src=\"https:\/\/www.comenia-script.com\/wp-content\/uploads\/2020\/12\/Abeceda_psaciho_pisma_CS-1-1024x267.jpg\" alt=\"\" class=\"wp-image-1936\" width=\"744\" height=\"194\" srcset=\"https:\/\/www.comenia-script.com\/wp-content\/uploads\/2020\/12\/Abeceda_psaciho_pisma_CS-1-1024x267.jpg 1024w, https:\/\/www.comenia-script.com\/wp-content\/uploads\/2020\/12\/Abeceda_psaciho_pisma_CS-1-300x78.jpg 300w, https:\/\/www.comenia-script.com\/wp-content\/uploads\/2020\/12\/Abeceda_psaciho_pisma_CS-1-768x200.jpg 768w, https:\/\/www.comenia-script.com\/wp-content\/uploads\/2020\/12\/Abeceda_psaciho_pisma_CS-1-1536x400.jpg 1536w, https:\/\/www.comenia-script.com\/wp-content\/uploads\/2020\/12\/Abeceda_psaciho_pisma_CS-1-2048x534.jpg 2048w\" sizes=\"auto, (max-width: 744px) 100vw, 744px\" \/><figcaption>Comenia Script<sup>\u00ae<\/sup> handwritten alphabet<\/figcaption><\/figure><\/div>\n\n\n\n<p><\/p>\n\n\n\n<div style=\"height:30px\" aria-hidden=\"true\" class=\"wp-block-spacer\"><\/div>\n\n\n\n<p><\/p>\n\n\n\n<p><span class=\"has-inline-color has-dark-color\"><strong>Characteristics and advantages of the Comenia Script<sup>\u00ae<\/sup> writting model<\/strong><\/span><\/p>\n\n\n\n<ol class=\"wp-block-list\"><li>A simple capital alphabet, in contrast to the complex Baroque strokes of the current school standard which we hardly use in practical life.<\/li><li>The writing model has an optional slope. Children are introduced to slope only when they reach the 2nd grade.<\/li><li>Connecting letters is also optional; letters don\u2019t have to connect at all. This eliminates illegibility in a writing style, which arises from (among other things) an uninterrupted writing stroke which forbids lifting the pen within words. Connecting letters by simply having then closely approach and touch each other, which allows lifting the pen, is also practical for writing diacritical marks \u2013 children will write them immediately above the letter: not after writing the whole word, as in cursive writing styles that are based on ceaseless joining.<\/li><li>The writing model meets the current needs of children, who are already abandoning the ceaselessly joined style of cursive handwriting even before they reach puberty. This also applies to children at the 1st stage of primary school.<\/li><li>Simpler writing may be easier for people in other countries to read; conversely, foreigners coming to the Czech Republic will better understand our handwriting, and communication will be easier for them.<\/li><li>By making the handwritten letterforms closer to the print font, reading and writing are simplified. Children do not have to learn four sets of letterforms, but only one or two.<\/li><li>A simpler handwriting style helps in better understanding the text, as opposed to a more complex style that can distract from the content.<\/li><li>Comenia Script<sup>\u00ae<\/sup> has specific sets of strokes for both right-handers and left-handers, which the principle of the existing current school standard handwriting style does not allow.<\/li><li>Several letters and numbers in the alphabet have additional shape variants. This allows the child to choose which shapes he or she prefers. Children are introduced to shape variants only when they reach the 2nd grade (7 to 8 years).<\/li><\/ol>\n\n\n\n<p><\/p>\n\n\n\n<p><strong><span class=\"has-inline-color has-dark-color\">Uppercase alphabet<\/span><\/strong><br>The shape of the alphabet is based mainly on Renaissance Italian models, but the alphabet\u2019s appearance is more reminiscent of printed italic typefonts. For the uppercase alphabet, an example from the Renaissance was chosen, allowing a harmonious combination of uppercase and lowercase alphabets into a perfectly readable and practical whole. In order to maintain the accuracy of the geometric proportions, the shapes of the capital alphabet are based directly on the shapes of the Roman capital and not on its Renaissance modifications. Most horizontal strokes begin with subtle left drag (B, D, E, F, P, R) that occur with a normal letter-production rhythm. As you form the letters faster, they can become even more pronounced, giving the letter a distinctive expression.<\/p>\n\n\n\n<figure class=\"wp-block-image size-large\"><img loading=\"lazy\" decoding=\"async\" width=\"1024\" height=\"537\" src=\"https:\/\/www.comenia-script.com\/wp-content\/uploads\/2020\/10\/velka_abeceda_rimska_kapitala-1024x537.jpg\" alt=\"\" class=\"wp-image-227\" srcset=\"https:\/\/www.comenia-script.com\/wp-content\/uploads\/2020\/10\/velka_abeceda_rimska_kapitala-1024x537.jpg 1024w, https:\/\/www.comenia-script.com\/wp-content\/uploads\/2020\/10\/velka_abeceda_rimska_kapitala-300x157.jpg 300w, https:\/\/www.comenia-script.com\/wp-content\/uploads\/2020\/10\/velka_abeceda_rimska_kapitala-768x403.jpg 768w, https:\/\/www.comenia-script.com\/wp-content\/uploads\/2020\/10\/velka_abeceda_rimska_kapitala.jpg 1240w\" sizes=\"auto, (max-width: 1024px) 100vw, 1024px\" \/><\/figure>\n\n\n\n<p><\/p>\n\n\n\n<p><strong><span class=\"has-inline-color has-dark-color\">Lowercase alphabet<\/span><\/strong><br>It is not directly a Renaissance model, but is inspired by the basic skeleton of the lowercase alphabet and also by the Renaissance writing process, which is characterized by stems without loops and by placing letters closely together (instead of connecting them). The basic stroke-sequence of the lowercase alphabet is conceived in a more open form, which is easier to read, and which at the same time allows each child to select his or her own individually preferred width of letterform.<\/p>\n\n\n\n<figure class=\"wp-block-image size-large\"><img loading=\"lazy\" decoding=\"async\" width=\"1024\" height=\"537\" src=\"https:\/\/www.comenia-script.com\/wp-content\/uploads\/2020\/10\/mala_abeceda_cancellaresca-1024x537.jpg\" alt=\"\" class=\"wp-image-230\" srcset=\"https:\/\/www.comenia-script.com\/wp-content\/uploads\/2020\/10\/mala_abeceda_cancellaresca-1024x537.jpg 1024w, https:\/\/www.comenia-script.com\/wp-content\/uploads\/2020\/10\/mala_abeceda_cancellaresca-300x157.jpg 300w, https:\/\/www.comenia-script.com\/wp-content\/uploads\/2020\/10\/mala_abeceda_cancellaresca-768x403.jpg 768w, https:\/\/www.comenia-script.com\/wp-content\/uploads\/2020\/10\/mala_abeceda_cancellaresca.jpg 1240w\" sizes=\"auto, (max-width: 1024px) 100vw, 1024px\" \/><\/figure>\n\n\n\n<p><\/p>\n\n\n\n<p><strong><span class=\"has-inline-color has-dark-color\">Comenia Script<sup>\u00ae<\/sup> universal<\/span><\/strong><br>The typeface, which was determined by the Decree of the Ministry of Education, Youth and Sports of the Czech Republic for research trials in the period 2010\u20132012, is the Comenia Script<sup>\u00ae<\/sup> universal writing font. This font was thoroughly tested, then modified based on experiences during the research trials. The font was chosen and designed to be made available to the widest possible range of children (including special schools) who participated in the verification. The \u201cuniversal\u201d typeface has simple free stems and exit-strokes for connections. More information on Comenia Script<sup>\u00ae<\/sup> universal handwriting practice and handwriting instruction can be found in \u201cThe Comenia Script<sup>\u00ae<\/sup> universal Practical Manual\u201c.<\/p>\n\n\n\n<figure class=\"wp-block-image size-large is-resized\"><img loading=\"lazy\" decoding=\"async\" src=\"https:\/\/www.comenia-script.com\/wp-content\/uploads\/2020\/12\/CS_uni_pismo_overovani_CZ-1-1024x625.jpg\" alt=\"\" class=\"wp-image-1922\" width=\"629\" height=\"383\" srcset=\"https:\/\/www.comenia-script.com\/wp-content\/uploads\/2020\/12\/CS_uni_pismo_overovani_CZ-1-1024x625.jpg 1024w, https:\/\/www.comenia-script.com\/wp-content\/uploads\/2020\/12\/CS_uni_pismo_overovani_CZ-1-300x183.jpg 300w, https:\/\/www.comenia-script.com\/wp-content\/uploads\/2020\/12\/CS_uni_pismo_overovani_CZ-1-768x469.jpg 768w, https:\/\/www.comenia-script.com\/wp-content\/uploads\/2020\/12\/CS_uni_pismo_overovani_CZ-1-1536x937.jpg 1536w, https:\/\/www.comenia-script.com\/wp-content\/uploads\/2020\/12\/CS_uni_pismo_overovani_CZ-1.jpg 1672w\" sizes=\"auto, (max-width: 629px) 100vw, 629px\" \/><figcaption>Comenia Script<sup>\u00ae<\/sup> universal \u2013 the writing model in real-life tests<\/figcaption><\/figure>\n\n\n\n<p><\/p>\n\n\n\n<hr class=\"wp-block-separator\"\/>\n\n\n\n<p><\/p>\n","protected":false},"excerpt":{"rendered":"<p>Comenia Script\u00ae is a practical handwriting model for children that is simple, modern and contemporary. The goal of the Comenia Script\u00ae project is the joy of writing and seamless, readable communication in the Latin alphabet at the international level. The Comenia Script\u00ae model takes into account the writing needs of dysgraphics along with left-handers. Various&hellip;<\/p>\n<p class=\"more\"><a class=\"more-link\" href=\"https:\/\/www.comenia-script.com\/en\/informace-o-pismu\/\">Continue reading <span class=\"screen-reader-text\">About Comenia Script\u00ae<\/span><\/a><\/p>\n","protected":false},"author":1,"featured_media":0,"parent":0,"menu_order":0,"comment_status":"closed","ping_status":"closed","template":"","meta":{"footnotes":""},"class_list":["post-948","page","type-page","status-publish","hentry","entry"],"yoast_head":"<!-- This site is optimized with the Yoast SEO plugin v27.0 - https:\/\/yoast.com\/product\/yoast-seo-wordpress\/ -->\n<title>About Comenia Script\u00ae - Comenia Script\u00ae<\/title>\n<meta name=\"robots\" content=\"index, follow, max-snippet:-1, max-image-preview:large, max-video-preview:-1\" \/>\n<link rel=\"canonical\" href=\"https:\/\/www.comenia-script.com\/en\/informace-o-pismu\/\" \/>\n<meta property=\"og:locale\" content=\"en_US\" \/>\n<meta property=\"og:type\" content=\"article\" \/>\n<meta property=\"og:title\" content=\"About Comenia Script\u00ae - Comenia Script\u00ae\" \/>\n<meta property=\"og:description\" content=\"Comenia Script\u00ae is a practical handwriting model for children that is simple, modern and contemporary. The goal of the Comenia Script\u00ae project is the joy of writing and seamless, readable communication in the Latin alphabet at the international level. The Comenia Script\u00ae model takes into account the writing needs of dysgraphics along with left-handers. Various&hellip;Continue reading About Comenia Script\u00ae\" \/>\n<meta property=\"og:url\" content=\"https:\/\/www.comenia-script.com\/en\/informace-o-pismu\/\" \/>\n<meta property=\"og:site_name\" content=\"Comenia Script\u00ae\" \/>\n<meta property=\"article:modified_time\" content=\"2021-04-21T12:41:34+00:00\" \/>\n<meta property=\"og:image\" content=\"https:\/\/www.comenia-script.com\/wp-content\/uploads\/2020\/12\/Abeceda_psaciho_pisma_CS-1-1024x267.jpg\" \/>\n<meta name=\"twitter:card\" content=\"summary_large_image\" \/>\n<meta name=\"twitter:label1\" content=\"Est. reading time\" \/>\n\t<meta name=\"twitter:data1\" content=\"5 minutes\" \/>\n<script type=\"application\/ld+json\" class=\"yoast-schema-graph\">{\"@context\":\"https:\/\/schema.org\",\"@graph\":[{\"@type\":\"WebPage\",\"@id\":\"https:\/\/www.comenia-script.com\/en\/informace-o-pismu\/\",\"url\":\"https:\/\/www.comenia-script.com\/en\/informace-o-pismu\/\",\"name\":\"About Comenia Script\u00ae - Comenia Script\u00ae\",\"isPartOf\":{\"@id\":\"https:\/\/www.comenia-script.com\/#website\"},\"primaryImageOfPage\":{\"@id\":\"https:\/\/www.comenia-script.com\/en\/informace-o-pismu\/#primaryimage\"},\"image\":{\"@id\":\"https:\/\/www.comenia-script.com\/en\/informace-o-pismu\/#primaryimage\"},\"thumbnailUrl\":\"https:\/\/www.comenia-script.com\/wp-content\/uploads\/2020\/12\/Abeceda_psaciho_pisma_CS-1-1024x267.jpg\",\"datePublished\":\"2020-08-06T09:42:44+00:00\",\"dateModified\":\"2021-04-21T12:41:34+00:00\",\"breadcrumb\":{\"@id\":\"https:\/\/www.comenia-script.com\/en\/informace-o-pismu\/#breadcrumb\"},\"inLanguage\":\"en-US\",\"potentialAction\":[{\"@type\":\"ReadAction\",\"target\":[\"https:\/\/www.comenia-script.com\/en\/informace-o-pismu\/\"]}]},{\"@type\":\"ImageObject\",\"inLanguage\":\"en-US\",\"@id\":\"https:\/\/www.comenia-script.com\/en\/informace-o-pismu\/#primaryimage\",\"url\":\"https:\/\/www.comenia-script.com\/wp-content\/uploads\/2020\/12\/Abeceda_psaciho_pisma_CS-1-1024x267.jpg\",\"contentUrl\":\"https:\/\/www.comenia-script.com\/wp-content\/uploads\/2020\/12\/Abeceda_psaciho_pisma_CS-1-1024x267.jpg\"},{\"@type\":\"BreadcrumbList\",\"@id\":\"https:\/\/www.comenia-script.com\/en\/informace-o-pismu\/#breadcrumb\",\"itemListElement\":[{\"@type\":\"ListItem\",\"position\":1,\"name\":\"Dom\u016f\",\"item\":\"https:\/\/www.comenia-script.com\/en\/\"},{\"@type\":\"ListItem\",\"position\":2,\"name\":\"About Comenia Script\u00ae\"}]},{\"@type\":\"WebSite\",\"@id\":\"https:\/\/www.comenia-script.com\/#website\",\"url\":\"https:\/\/www.comenia-script.com\/\",\"name\":\"Comenia Script\u00ae\",\"description\":\"psac\u00ed p\u00edsmo pro d\u011bti\",\"publisher\":{\"@id\":\"https:\/\/www.comenia-script.com\/#organization\"},\"potentialAction\":[{\"@type\":\"SearchAction\",\"target\":{\"@type\":\"EntryPoint\",\"urlTemplate\":\"https:\/\/www.comenia-script.com\/?s={search_term_string}\"},\"query-input\":{\"@type\":\"PropertyValueSpecification\",\"valueRequired\":true,\"valueName\":\"search_term_string\"}}],\"inLanguage\":\"en-US\"},{\"@type\":\"Organization\",\"@id\":\"https:\/\/www.comenia-script.com\/#organization\",\"name\":\"Comenia Script\u00ae\",\"url\":\"https:\/\/www.comenia-script.com\/\",\"logo\":{\"@type\":\"ImageObject\",\"inLanguage\":\"en-US\",\"@id\":\"https:\/\/www.comenia-script.com\/#\/schema\/logo\/image\/\",\"url\":\"https:\/\/www.comenia-script.com\/wp-content\/uploads\/2020\/11\/cropped-logo_CS_napis_03_54pxl_240.jpg\",\"contentUrl\":\"https:\/\/www.comenia-script.com\/wp-content\/uploads\/2020\/11\/cropped-logo_CS_napis_03_54pxl_240.jpg\",\"width\":275,\"height\":54,\"caption\":\"Comenia Script\u00ae\"},\"image\":{\"@id\":\"https:\/\/www.comenia-script.com\/#\/schema\/logo\/image\/\"},\"sameAs\":[\"https:\/\/cs.wikipedia.org\/wiki\/Comenia_Script\"]}]}<\/script>\n<!-- \/ Yoast SEO plugin. -->","yoast_head_json":{"title":"About Comenia Script\u00ae - Comenia Script\u00ae","robots":{"index":"index","follow":"follow","max-snippet":"max-snippet:-1","max-image-preview":"max-image-preview:large","max-video-preview":"max-video-preview:-1"},"canonical":"https:\/\/www.comenia-script.com\/en\/informace-o-pismu\/","og_locale":"en_US","og_type":"article","og_title":"About Comenia Script\u00ae - Comenia Script\u00ae","og_description":"Comenia Script\u00ae is a practical handwriting model for children that is simple, modern and contemporary. The goal of the Comenia Script\u00ae project is the joy of writing and seamless, readable communication in the Latin alphabet at the international level. The Comenia Script\u00ae model takes into account the writing needs of dysgraphics along with left-handers. Various&hellip;Continue reading About Comenia Script\u00ae","og_url":"https:\/\/www.comenia-script.com\/en\/informace-o-pismu\/","og_site_name":"Comenia Script\u00ae","article_modified_time":"2021-04-21T12:41:34+00:00","og_image":[{"url":"https:\/\/www.comenia-script.com\/wp-content\/uploads\/2020\/12\/Abeceda_psaciho_pisma_CS-1-1024x267.jpg","type":"","width":"","height":""}],"twitter_card":"summary_large_image","twitter_misc":{"Est. reading time":"5 minutes"},"schema":{"@context":"https:\/\/schema.org","@graph":[{"@type":"WebPage","@id":"https:\/\/www.comenia-script.com\/en\/informace-o-pismu\/","url":"https:\/\/www.comenia-script.com\/en\/informace-o-pismu\/","name":"About Comenia Script\u00ae - Comenia Script\u00ae","isPartOf":{"@id":"https:\/\/www.comenia-script.com\/#website"},"primaryImageOfPage":{"@id":"https:\/\/www.comenia-script.com\/en\/informace-o-pismu\/#primaryimage"},"image":{"@id":"https:\/\/www.comenia-script.com\/en\/informace-o-pismu\/#primaryimage"},"thumbnailUrl":"https:\/\/www.comenia-script.com\/wp-content\/uploads\/2020\/12\/Abeceda_psaciho_pisma_CS-1-1024x267.jpg","datePublished":"2020-08-06T09:42:44+00:00","dateModified":"2021-04-21T12:41:34+00:00","breadcrumb":{"@id":"https:\/\/www.comenia-script.com\/en\/informace-o-pismu\/#breadcrumb"},"inLanguage":"en-US","potentialAction":[{"@type":"ReadAction","target":["https:\/\/www.comenia-script.com\/en\/informace-o-pismu\/"]}]},{"@type":"ImageObject","inLanguage":"en-US","@id":"https:\/\/www.comenia-script.com\/en\/informace-o-pismu\/#primaryimage","url":"https:\/\/www.comenia-script.com\/wp-content\/uploads\/2020\/12\/Abeceda_psaciho_pisma_CS-1-1024x267.jpg","contentUrl":"https:\/\/www.comenia-script.com\/wp-content\/uploads\/2020\/12\/Abeceda_psaciho_pisma_CS-1-1024x267.jpg"},{"@type":"BreadcrumbList","@id":"https:\/\/www.comenia-script.com\/en\/informace-o-pismu\/#breadcrumb","itemListElement":[{"@type":"ListItem","position":1,"name":"Dom\u016f","item":"https:\/\/www.comenia-script.com\/en\/"},{"@type":"ListItem","position":2,"name":"About Comenia Script\u00ae"}]},{"@type":"WebSite","@id":"https:\/\/www.comenia-script.com\/#website","url":"https:\/\/www.comenia-script.com\/","name":"Comenia Script\u00ae","description":"psac\u00ed p\u00edsmo pro d\u011bti","publisher":{"@id":"https:\/\/www.comenia-script.com\/#organization"},"potentialAction":[{"@type":"SearchAction","target":{"@type":"EntryPoint","urlTemplate":"https:\/\/www.comenia-script.com\/?s={search_term_string}"},"query-input":{"@type":"PropertyValueSpecification","valueRequired":true,"valueName":"search_term_string"}}],"inLanguage":"en-US"},{"@type":"Organization","@id":"https:\/\/www.comenia-script.com\/#organization","name":"Comenia Script\u00ae","url":"https:\/\/www.comenia-script.com\/","logo":{"@type":"ImageObject","inLanguage":"en-US","@id":"https:\/\/www.comenia-script.com\/#\/schema\/logo\/image\/","url":"https:\/\/www.comenia-script.com\/wp-content\/uploads\/2020\/11\/cropped-logo_CS_napis_03_54pxl_240.jpg","contentUrl":"https:\/\/www.comenia-script.com\/wp-content\/uploads\/2020\/11\/cropped-logo_CS_napis_03_54pxl_240.jpg","width":275,"height":54,"caption":"Comenia Script\u00ae"},"image":{"@id":"https:\/\/www.comenia-script.com\/#\/schema\/logo\/image\/"},"sameAs":["https:\/\/cs.wikipedia.org\/wiki\/Comenia_Script"]}]}},"jetpack_sharing_enabled":true,"_links":{"self":[{"href":"https:\/\/www.comenia-script.com\/en\/wp-json\/wp\/v2\/pages\/948","targetHints":{"allow":["GET"]}}],"collection":[{"href":"https:\/\/www.comenia-script.com\/en\/wp-json\/wp\/v2\/pages"}],"about":[{"href":"https:\/\/www.comenia-script.com\/en\/wp-json\/wp\/v2\/types\/page"}],"author":[{"embeddable":true,"href":"https:\/\/www.comenia-script.com\/en\/wp-json\/wp\/v2\/users\/1"}],"replies":[{"embeddable":true,"href":"https:\/\/www.comenia-script.com\/en\/wp-json\/wp\/v2\/comments?post=948"}],"version-history":[{"count":15,"href":"https:\/\/www.comenia-script.com\/en\/wp-json\/wp\/v2\/pages\/948\/revisions"}],"predecessor-version":[{"id":2399,"href":"https:\/\/www.comenia-script.com\/en\/wp-json\/wp\/v2\/pages\/948\/revisions\/2399"}],"wp:attachment":[{"href":"https:\/\/www.comenia-script.com\/en\/wp-json\/wp\/v2\/media?parent=948"}],"curies":[{"name":"wp","href":"https:\/\/api.w.org\/{rel}","templated":true}]}}