{"id":942,"date":"2020-11-08T13:29:53","date_gmt":"2020-11-08T12:29:53","guid":{"rendered":"http:\/\/www.comenia-script.com\/pismo-rodicu\/"},"modified":"2021-04-21T14:55:00","modified_gmt":"2021-04-21T12:55:00","slug":"pismo-rodicu","status":"publish","type":"page","link":"https:\/\/www.comenia-script.com\/en\/pismo-rodicu\/","title":{"rendered":"Parents\u2019 writing"},"content":{"rendered":"\n<blockquote class=\"wp-block-quote is-layout-flow wp-block-quote-is-layout-flow\"><p>Samples of writing from parents from the Prague Waldorf school. Parents created a reading book for their children \u2013 a text with illustrations. They used the Comenia Script<sup>\u00ae<\/sup>A font as a template for writing, and some even tried the calligraphic form with a flat-edged pen.<\/p><\/blockquote>\n\n\n\n<figure class=\"wp-block-image size-large\"><img loading=\"lazy\" decoding=\"async\" width=\"918\" height=\"642\" src=\"https:\/\/www.comenia-script.com\/wp-content\/uploads\/2020\/11\/citanka_krystof_kuk_01.jpg\" alt=\"\" class=\"wp-image-873\" srcset=\"https:\/\/www.comenia-script.com\/wp-content\/uploads\/2020\/11\/citanka_krystof_kuk_01.jpg 918w, https:\/\/www.comenia-script.com\/wp-content\/uploads\/2020\/11\/citanka_krystof_kuk_01-300x210.jpg 300w, https:\/\/www.comenia-script.com\/wp-content\/uploads\/2020\/11\/citanka_krystof_kuk_01-768x537.jpg 768w\" sizes=\"auto, (max-width: 918px) 100vw, 918px\" \/><\/figure>\n\n\n\n<figure class=\"wp-block-image size-large\"><img loading=\"lazy\" decoding=\"async\" width=\"918\" height=\"638\" src=\"https:\/\/www.comenia-script.com\/wp-content\/uploads\/2020\/11\/citanka_krystof2_03.jpg\" alt=\"\" class=\"wp-image-876\" srcset=\"https:\/\/www.comenia-script.com\/wp-content\/uploads\/2020\/11\/citanka_krystof2_03.jpg 918w, https:\/\/www.comenia-script.com\/wp-content\/uploads\/2020\/11\/citanka_krystof2_03-300x208.jpg 300w, https:\/\/www.comenia-script.com\/wp-content\/uploads\/2020\/11\/citanka_krystof2_03-768x534.jpg 768w\" sizes=\"auto, (max-width: 918px) 100vw, 918px\" \/><\/figure>\n\n\n\n<figure class=\"wp-block-image size-large\"><img loading=\"lazy\" decoding=\"async\" width=\"918\" height=\"651\" src=\"https:\/\/www.comenia-script.com\/wp-content\/uploads\/2020\/11\/citanka_ondra_01.jpg\" alt=\"\" class=\"wp-image-879\" srcset=\"https:\/\/www.comenia-script.com\/wp-content\/uploads\/2020\/11\/citanka_ondra_01.jpg 918w, https:\/\/www.comenia-script.com\/wp-content\/uploads\/2020\/11\/citanka_ondra_01-300x213.jpg 300w, https:\/\/www.comenia-script.com\/wp-content\/uploads\/2020\/11\/citanka_ondra_01-768x545.jpg 768w\" sizes=\"auto, (max-width: 918px) 100vw, 918px\" \/><\/figure>\n\n\n\n<figure class=\"wp-block-image size-large\"><img loading=\"lazy\" decoding=\"async\" width=\"918\" height=\"640\" src=\"https:\/\/www.comenia-script.com\/wp-content\/uploads\/2020\/11\/citanka_vojta_01.jpg\" alt=\"\" class=\"wp-image-882\" srcset=\"https:\/\/www.comenia-script.com\/wp-content\/uploads\/2020\/11\/citanka_vojta_01.jpg 918w, https:\/\/www.comenia-script.com\/wp-content\/uploads\/2020\/11\/citanka_vojta_01-300x209.jpg 300w, https:\/\/www.comenia-script.com\/wp-content\/uploads\/2020\/11\/citanka_vojta_01-768x535.jpg 768w\" sizes=\"auto, (max-width: 918px) 100vw, 918px\" \/><\/figure>\n\n\n\n<hr class=\"wp-block-separator\"\/>\n","protected":false},"excerpt":{"rendered":"<p>Samples of writing from parents from the Prague Waldorf school. Parents created a reading book for their children \u2013 a text with illustrations. They used the Comenia Script\u00aeA font as a template for writing, and some even tried the calligraphic form with a flat-edged pen.<\/p>\n","protected":false},"author":2,"featured_media":0,"parent":0,"menu_order":0,"comment_status":"closed","ping_status":"closed","template":"","meta":{"footnotes":""},"class_list":["post-942","page","type-page","status-publish","hentry","entry"],"yoast_head":"<!-- This site is optimized with the Yoast SEO plugin v27.0 - https:\/\/yoast.com\/product\/yoast-seo-wordpress\/ -->\n<title>Parents\u2019 writing - Comenia Script\u00ae<\/title>\n<meta name=\"robots\" content=\"index, follow, max-snippet:-1, max-image-preview:large, max-video-preview:-1\" \/>\n<link rel=\"canonical\" href=\"https:\/\/www.comenia-script.com\/en\/pismo-rodicu\/\" \/>\n<meta property=\"og:locale\" content=\"en_US\" \/>\n<meta property=\"og:type\" content=\"article\" \/>\n<meta property=\"og:title\" content=\"Parents\u2019 writing - Comenia Script\u00ae\" \/>\n<meta property=\"og:description\" content=\"Samples of writing from parents from the Prague Waldorf school. Parents created a reading book for their children \u2013 a text with illustrations. They used the Comenia Script\u00aeA font as a template for writing, and some even tried the calligraphic form with a flat-edged pen.\" \/>\n<meta property=\"og:url\" content=\"https:\/\/www.comenia-script.com\/en\/pismo-rodicu\/\" \/>\n<meta property=\"og:site_name\" content=\"Comenia Script\u00ae\" \/>\n<meta property=\"article:modified_time\" content=\"2021-04-21T12:55:00+00:00\" \/>\n<meta property=\"og:image\" content=\"https:\/\/www.comenia-script.com\/wp-content\/uploads\/2020\/11\/citanka_krystof_kuk_01.jpg\" \/>\n<meta name=\"twitter:card\" content=\"summary_large_image\" \/>\n<meta name=\"twitter:label1\" content=\"Est. reading time\" \/>\n\t<meta name=\"twitter:data1\" content=\"2 minutes\" \/>\n<script type=\"application\/ld+json\" class=\"yoast-schema-graph\">{\"@context\":\"https:\/\/schema.org\",\"@graph\":[{\"@type\":\"WebPage\",\"@id\":\"https:\/\/www.comenia-script.com\/en\/pismo-rodicu\/\",\"url\":\"https:\/\/www.comenia-script.com\/en\/pismo-rodicu\/\",\"name\":\"Parents\u2019 writing - Comenia Script\u00ae\",\"isPartOf\":{\"@id\":\"https:\/\/www.comenia-script.com\/#website\"},\"primaryImageOfPage\":{\"@id\":\"https:\/\/www.comenia-script.com\/en\/pismo-rodicu\/#primaryimage\"},\"image\":{\"@id\":\"https:\/\/www.comenia-script.com\/en\/pismo-rodicu\/#primaryimage\"},\"thumbnailUrl\":\"https:\/\/www.comenia-script.com\/wp-content\/uploads\/2020\/11\/citanka_krystof_kuk_01.jpg\",\"datePublished\":\"2020-11-08T12:29:53+00:00\",\"dateModified\":\"2021-04-21T12:55:00+00:00\",\"breadcrumb\":{\"@id\":\"https:\/\/www.comenia-script.com\/en\/pismo-rodicu\/#breadcrumb\"},\"inLanguage\":\"en-US\",\"potentialAction\":[{\"@type\":\"ReadAction\",\"target\":[\"https:\/\/www.comenia-script.com\/en\/pismo-rodicu\/\"]}]},{\"@type\":\"ImageObject\",\"inLanguage\":\"en-US\",\"@id\":\"https:\/\/www.comenia-script.com\/en\/pismo-rodicu\/#primaryimage\",\"url\":\"https:\/\/www.comenia-script.com\/wp-content\/uploads\/2020\/11\/citanka_krystof_kuk_01.jpg\",\"contentUrl\":\"https:\/\/www.comenia-script.com\/wp-content\/uploads\/2020\/11\/citanka_krystof_kuk_01.jpg\"},{\"@type\":\"BreadcrumbList\",\"@id\":\"https:\/\/www.comenia-script.com\/en\/pismo-rodicu\/#breadcrumb\",\"itemListElement\":[{\"@type\":\"ListItem\",\"position\":1,\"name\":\"Dom\u016f\",\"item\":\"https:\/\/www.comenia-script.com\/en\/\"},{\"@type\":\"ListItem\",\"position\":2,\"name\":\"Parents\u2019 writing\"}]},{\"@type\":\"WebSite\",\"@id\":\"https:\/\/www.comenia-script.com\/#website\",\"url\":\"https:\/\/www.comenia-script.com\/\",\"name\":\"Comenia Script\u00ae\",\"description\":\"psac\u00ed p\u00edsmo pro d\u011bti\",\"publisher\":{\"@id\":\"https:\/\/www.comenia-script.com\/#organization\"},\"potentialAction\":[{\"@type\":\"SearchAction\",\"target\":{\"@type\":\"EntryPoint\",\"urlTemplate\":\"https:\/\/www.comenia-script.com\/?s={search_term_string}\"},\"query-input\":{\"@type\":\"PropertyValueSpecification\",\"valueRequired\":true,\"valueName\":\"search_term_string\"}}],\"inLanguage\":\"en-US\"},{\"@type\":\"Organization\",\"@id\":\"https:\/\/www.comenia-script.com\/#organization\",\"name\":\"Comenia Script\u00ae\",\"url\":\"https:\/\/www.comenia-script.com\/\",\"logo\":{\"@type\":\"ImageObject\",\"inLanguage\":\"en-US\",\"@id\":\"https:\/\/www.comenia-script.com\/#\/schema\/logo\/image\/\",\"url\":\"https:\/\/www.comenia-script.com\/wp-content\/uploads\/2020\/11\/cropped-logo_CS_napis_03_54pxl_240.jpg\",\"contentUrl\":\"https:\/\/www.comenia-script.com\/wp-content\/uploads\/2020\/11\/cropped-logo_CS_napis_03_54pxl_240.jpg\",\"width\":275,\"height\":54,\"caption\":\"Comenia Script\u00ae\"},\"image\":{\"@id\":\"https:\/\/www.comenia-script.com\/#\/schema\/logo\/image\/\"},\"sameAs\":[\"https:\/\/cs.wikipedia.org\/wiki\/Comenia_Script\"]}]}<\/script>\n<!-- \/ Yoast SEO plugin. -->","yoast_head_json":{"title":"Parents\u2019 writing - Comenia Script\u00ae","robots":{"index":"index","follow":"follow","max-snippet":"max-snippet:-1","max-image-preview":"max-image-preview:large","max-video-preview":"max-video-preview:-1"},"canonical":"https:\/\/www.comenia-script.com\/en\/pismo-rodicu\/","og_locale":"en_US","og_type":"article","og_title":"Parents\u2019 writing - Comenia Script\u00ae","og_description":"Samples of writing from parents from the Prague Waldorf school. Parents created a reading book for their children \u2013 a text with illustrations. They used the Comenia Script\u00aeA font as a template for writing, and some even tried the calligraphic form with a flat-edged pen.","og_url":"https:\/\/www.comenia-script.com\/en\/pismo-rodicu\/","og_site_name":"Comenia Script\u00ae","article_modified_time":"2021-04-21T12:55:00+00:00","og_image":[{"url":"https:\/\/www.comenia-script.com\/wp-content\/uploads\/2020\/11\/citanka_krystof_kuk_01.jpg","type":"","width":"","height":""}],"twitter_card":"summary_large_image","twitter_misc":{"Est. reading time":"2 minutes"},"schema":{"@context":"https:\/\/schema.org","@graph":[{"@type":"WebPage","@id":"https:\/\/www.comenia-script.com\/en\/pismo-rodicu\/","url":"https:\/\/www.comenia-script.com\/en\/pismo-rodicu\/","name":"Parents\u2019 writing - Comenia Script\u00ae","isPartOf":{"@id":"https:\/\/www.comenia-script.com\/#website"},"primaryImageOfPage":{"@id":"https:\/\/www.comenia-script.com\/en\/pismo-rodicu\/#primaryimage"},"image":{"@id":"https:\/\/www.comenia-script.com\/en\/pismo-rodicu\/#primaryimage"},"thumbnailUrl":"https:\/\/www.comenia-script.com\/wp-content\/uploads\/2020\/11\/citanka_krystof_kuk_01.jpg","datePublished":"2020-11-08T12:29:53+00:00","dateModified":"2021-04-21T12:55:00+00:00","breadcrumb":{"@id":"https:\/\/www.comenia-script.com\/en\/pismo-rodicu\/#breadcrumb"},"inLanguage":"en-US","potentialAction":[{"@type":"ReadAction","target":["https:\/\/www.comenia-script.com\/en\/pismo-rodicu\/"]}]},{"@type":"ImageObject","inLanguage":"en-US","@id":"https:\/\/www.comenia-script.com\/en\/pismo-rodicu\/#primaryimage","url":"https:\/\/www.comenia-script.com\/wp-content\/uploads\/2020\/11\/citanka_krystof_kuk_01.jpg","contentUrl":"https:\/\/www.comenia-script.com\/wp-content\/uploads\/2020\/11\/citanka_krystof_kuk_01.jpg"},{"@type":"BreadcrumbList","@id":"https:\/\/www.comenia-script.com\/en\/pismo-rodicu\/#breadcrumb","itemListElement":[{"@type":"ListItem","position":1,"name":"Dom\u016f","item":"https:\/\/www.comenia-script.com\/en\/"},{"@type":"ListItem","position":2,"name":"Parents\u2019 writing"}]},{"@type":"WebSite","@id":"https:\/\/www.comenia-script.com\/#website","url":"https:\/\/www.comenia-script.com\/","name":"Comenia Script\u00ae","description":"psac\u00ed p\u00edsmo pro d\u011bti","publisher":{"@id":"https:\/\/www.comenia-script.com\/#organization"},"potentialAction":[{"@type":"SearchAction","target":{"@type":"EntryPoint","urlTemplate":"https:\/\/www.comenia-script.com\/?s={search_term_string}"},"query-input":{"@type":"PropertyValueSpecification","valueRequired":true,"valueName":"search_term_string"}}],"inLanguage":"en-US"},{"@type":"Organization","@id":"https:\/\/www.comenia-script.com\/#organization","name":"Comenia Script\u00ae","url":"https:\/\/www.comenia-script.com\/","logo":{"@type":"ImageObject","inLanguage":"en-US","@id":"https:\/\/www.comenia-script.com\/#\/schema\/logo\/image\/","url":"https:\/\/www.comenia-script.com\/wp-content\/uploads\/2020\/11\/cropped-logo_CS_napis_03_54pxl_240.jpg","contentUrl":"https:\/\/www.comenia-script.com\/wp-content\/uploads\/2020\/11\/cropped-logo_CS_napis_03_54pxl_240.jpg","width":275,"height":54,"caption":"Comenia Script\u00ae"},"image":{"@id":"https:\/\/www.comenia-script.com\/#\/schema\/logo\/image\/"},"sameAs":["https:\/\/cs.wikipedia.org\/wiki\/Comenia_Script"]}]}},"jetpack_sharing_enabled":true,"_links":{"self":[{"href":"https:\/\/www.comenia-script.com\/en\/wp-json\/wp\/v2\/pages\/942","targetHints":{"allow":["GET"]}}],"collection":[{"href":"https:\/\/www.comenia-script.com\/en\/wp-json\/wp\/v2\/pages"}],"about":[{"href":"https:\/\/www.comenia-script.com\/en\/wp-json\/wp\/v2\/types\/page"}],"author":[{"embeddable":true,"href":"https:\/\/www.comenia-script.com\/en\/wp-json\/wp\/v2\/users\/2"}],"replies":[{"embeddable":true,"href":"https:\/\/www.comenia-script.com\/en\/wp-json\/wp\/v2\/comments?post=942"}],"version-history":[{"count":5,"href":"https:\/\/www.comenia-script.com\/en\/wp-json\/wp\/v2\/pages\/942\/revisions"}],"predecessor-version":[{"id":2407,"href":"https:\/\/www.comenia-script.com\/en\/wp-json\/wp\/v2\/pages\/942\/revisions\/2407"}],"wp:attachment":[{"href":"https:\/\/www.comenia-script.com\/en\/wp-json\/wp\/v2\/media?parent=942"}],"curies":[{"name":"wp","href":"https:\/\/api.w.org\/{rel}","templated":true}]}}