{"id":934,"date":"2020-11-03T13:07:23","date_gmt":"2020-11-03T12:07:23","guid":{"rendered":"http:\/\/www.comenia-script.com\/3-rocnik\/"},"modified":"2020-11-30T21:16:44","modified_gmt":"2020-11-30T20:16:44","slug":"3-rocnik","status":"publish","type":"page","link":"https:\/\/www.comenia-script.com\/en\/3-rocnik\/","title":{"rendered":"Writing \/ 3rd grade"},"content":{"rendered":"\n<div class=\"wp-block-image\"><figure class=\"aligncenter size-large\"><img loading=\"lazy\" decoding=\"async\" width=\"1024\" height=\"734\" src=\"https:\/\/www.comenia-script.com\/wp-content\/uploads\/2020\/11\/3_LOB_pisanka_Matej-R-1024x734.jpg\" alt=\"\" class=\"wp-image-1503\" srcset=\"https:\/\/www.comenia-script.com\/wp-content\/uploads\/2020\/11\/3_LOB_pisanka_Matej-R-1024x734.jpg 1024w, https:\/\/www.comenia-script.com\/wp-content\/uploads\/2020\/11\/3_LOB_pisanka_Matej-R-300x215.jpg 300w, https:\/\/www.comenia-script.com\/wp-content\/uploads\/2020\/11\/3_LOB_pisanka_Matej-R-768x550.jpg 768w, https:\/\/www.comenia-script.com\/wp-content\/uploads\/2020\/11\/3_LOB_pisanka_Matej-R-1536x1100.jpg 1536w, https:\/\/www.comenia-script.com\/wp-content\/uploads\/2020\/11\/3_LOB_pisanka_Matej-R.jpg 1890w\" sizes=\"auto, (max-width: 1024px) 100vw, 1024px\" \/><figcaption>Mat\u011bj, 3rd grade (8 to 9 years), copybook<\/figcaption><\/figure><\/div>\n\n\n\n<div class=\"wp-block-image\"><figure class=\"aligncenter size-large\"><img loading=\"lazy\" decoding=\"async\" width=\"1024\" height=\"730\" src=\"https:\/\/www.comenia-script.com\/wp-content\/uploads\/2020\/11\/3_ZVO_pisanka_Michalka-R_dvojstr-1024x730.jpg\" alt=\"\" class=\"wp-image-1518\" srcset=\"https:\/\/www.comenia-script.com\/wp-content\/uploads\/2020\/11\/3_ZVO_pisanka_Michalka-R_dvojstr-1024x730.jpg 1024w, https:\/\/www.comenia-script.com\/wp-content\/uploads\/2020\/11\/3_ZVO_pisanka_Michalka-R_dvojstr-300x214.jpg 300w, https:\/\/www.comenia-script.com\/wp-content\/uploads\/2020\/11\/3_ZVO_pisanka_Michalka-R_dvojstr-768x547.jpg 768w, https:\/\/www.comenia-script.com\/wp-content\/uploads\/2020\/11\/3_ZVO_pisanka_Michalka-R_dvojstr-1536x1095.jpg 1536w, https:\/\/www.comenia-script.com\/wp-content\/uploads\/2020\/11\/3_ZVO_pisanka_Michalka-R_dvojstr.jpg 1890w\" sizes=\"auto, (max-width: 1024px) 100vw, 1024px\" \/><figcaption>Michaela, 3rd grade (8 to 9 years), copybook<\/figcaption><\/figure><\/div>\n\n\n\n<div class=\"wp-block-image\"><figure class=\"aligncenter size-large\"><img loading=\"lazy\" decoding=\"async\" width=\"1024\" height=\"728\" src=\"https:\/\/www.comenia-script.com\/wp-content\/uploads\/2020\/11\/3_ZVO_pisanka_Matej-R_dvojstr-1024x728.jpg\" alt=\"\" class=\"wp-image-1515\" srcset=\"https:\/\/www.comenia-script.com\/wp-content\/uploads\/2020\/11\/3_ZVO_pisanka_Matej-R_dvojstr-1024x728.jpg 1024w, https:\/\/www.comenia-script.com\/wp-content\/uploads\/2020\/11\/3_ZVO_pisanka_Matej-R_dvojstr-300x213.jpg 300w, https:\/\/www.comenia-script.com\/wp-content\/uploads\/2020\/11\/3_ZVO_pisanka_Matej-R_dvojstr-768x546.jpg 768w, https:\/\/www.comenia-script.com\/wp-content\/uploads\/2020\/11\/3_ZVO_pisanka_Matej-R_dvojstr-1536x1091.jpg 1536w, https:\/\/www.comenia-script.com\/wp-content\/uploads\/2020\/11\/3_ZVO_pisanka_Matej-R_dvojstr.jpg 1890w\" sizes=\"auto, (max-width: 1024px) 100vw, 1024px\" \/><figcaption>Marek, 3rd grade (8 to 9 years), copybook<\/figcaption><\/figure><\/div>\n\n\n\n<div class=\"wp-block-image\"><figure class=\"aligncenter size-large\"><img loading=\"lazy\" decoding=\"async\" width=\"1024\" height=\"729\" src=\"https:\/\/www.comenia-script.com\/wp-content\/uploads\/2020\/11\/3_ZVO_pisanka_Sam-R-1024x729.jpg\" alt=\"\" class=\"wp-image-1521\" srcset=\"https:\/\/www.comenia-script.com\/wp-content\/uploads\/2020\/11\/3_ZVO_pisanka_Sam-R-1024x729.jpg 1024w, https:\/\/www.comenia-script.com\/wp-content\/uploads\/2020\/11\/3_ZVO_pisanka_Sam-R-300x214.jpg 300w, https:\/\/www.comenia-script.com\/wp-content\/uploads\/2020\/11\/3_ZVO_pisanka_Sam-R-768x547.jpg 768w, https:\/\/www.comenia-script.com\/wp-content\/uploads\/2020\/11\/3_ZVO_pisanka_Sam-R-1536x1094.jpg 1536w, https:\/\/www.comenia-script.com\/wp-content\/uploads\/2020\/11\/3_ZVO_pisanka_Sam-R.jpg 1892w\" sizes=\"auto, (max-width: 1024px) 100vw, 1024px\" \/><figcaption>Samuel, 3rd grade (8 to 9 years), copybook<\/figcaption><\/figure><\/div>\n\n\n\n<div class=\"wp-block-image\"><figure class=\"aligncenter size-large\"><img loading=\"lazy\" decoding=\"async\" width=\"1024\" height=\"686\" src=\"https:\/\/www.comenia-script.com\/wp-content\/uploads\/2020\/11\/3_NAMS_Magacek_3-R-1024x686.jpg\" alt=\"\" class=\"wp-image-1512\" srcset=\"https:\/\/www.comenia-script.com\/wp-content\/uploads\/2020\/11\/3_NAMS_Magacek_3-R-1024x686.jpg 1024w, https:\/\/www.comenia-script.com\/wp-content\/uploads\/2020\/11\/3_NAMS_Magacek_3-R-300x201.jpg 300w, https:\/\/www.comenia-script.com\/wp-content\/uploads\/2020\/11\/3_NAMS_Magacek_3-R-768x514.jpg 768w, https:\/\/www.comenia-script.com\/wp-content\/uploads\/2020\/11\/3_NAMS_Magacek_3-R-1536x1029.jpg 1536w, https:\/\/www.comenia-script.com\/wp-content\/uploads\/2020\/11\/3_NAMS_Magacek_3-R.jpg 1890w\" sizes=\"auto, (max-width: 1024px) 100vw, 1024px\" \/><figcaption>Zdenka, 3rd grade (8 to 9 years), school magazine Mag\u00e1\u010dek<\/figcaption><\/figure><\/div>\n\n\n\n<div class=\"wp-block-image\"><figure class=\"aligncenter size-large is-resized\"><img loading=\"lazy\" decoding=\"async\" src=\"https:\/\/www.comenia-script.com\/wp-content\/uploads\/2020\/11\/3_NAMS_Magacek_2-R-772x1024.jpg\" alt=\"\" class=\"wp-image-1509\" width=\"459\" height=\"608\" srcset=\"https:\/\/www.comenia-script.com\/wp-content\/uploads\/2020\/11\/3_NAMS_Magacek_2-R-772x1024.jpg 772w, https:\/\/www.comenia-script.com\/wp-content\/uploads\/2020\/11\/3_NAMS_Magacek_2-R-226x300.jpg 226w, https:\/\/www.comenia-script.com\/wp-content\/uploads\/2020\/11\/3_NAMS_Magacek_2-R-768x1019.jpg 768w, https:\/\/www.comenia-script.com\/wp-content\/uploads\/2020\/11\/3_NAMS_Magacek_2-R-1158x1536.jpg 1158w, https:\/\/www.comenia-script.com\/wp-content\/uploads\/2020\/11\/3_NAMS_Magacek_2-R-1544x2048.jpg 1544w, https:\/\/www.comenia-script.com\/wp-content\/uploads\/2020\/11\/3_NAMS_Magacek_2-R.jpg 1890w\" sizes=\"auto, (max-width: 459px) 100vw, 459px\" \/><figcaption>Lucie, 3rd grade (8 to 9 years), school magazine Mag\u00e1\u010dek<\/figcaption><\/figure><\/div>\n\n\n\n<div class=\"wp-block-image\"><figure class=\"aligncenter size-large is-resized\"><img loading=\"lazy\" decoding=\"async\" src=\"https:\/\/www.comenia-script.com\/wp-content\/uploads\/2020\/11\/3_NAMS_02b-R-667x1024.jpg\" alt=\"\" class=\"wp-image-1506\" width=\"371\" height=\"570\" srcset=\"https:\/\/www.comenia-script.com\/wp-content\/uploads\/2020\/11\/3_NAMS_02b-R-667x1024.jpg 667w, https:\/\/www.comenia-script.com\/wp-content\/uploads\/2020\/11\/3_NAMS_02b-R-195x300.jpg 195w, https:\/\/www.comenia-script.com\/wp-content\/uploads\/2020\/11\/3_NAMS_02b-R-768x1179.jpg 768w, https:\/\/www.comenia-script.com\/wp-content\/uploads\/2020\/11\/3_NAMS_02b-R-1001x1536.jpg 1001w, https:\/\/www.comenia-script.com\/wp-content\/uploads\/2020\/11\/3_NAMS_02b-R.jpg 1287w\" sizes=\"auto, (max-width: 371px) 100vw, 371px\" \/><\/figure><\/div>\n","protected":false},"excerpt":{"rendered":"","protected":false},"author":2,"featured_media":0,"parent":0,"menu_order":0,"comment_status":"closed","ping_status":"closed","template":"","meta":{"footnotes":""},"class_list":["post-934","page","type-page","status-publish","hentry","entry"],"yoast_head":"<!-- This site is optimized with the Yoast SEO plugin v27.4 - https:\/\/yoast.com\/product\/yoast-seo-wordpress\/ -->\n<title>Writing \/ 3rd grade - Comenia Script\u00ae<\/title>\n<meta name=\"robots\" content=\"index, follow, max-snippet:-1, max-image-preview:large, max-video-preview:-1\" \/>\n<link rel=\"canonical\" href=\"https:\/\/www.comenia-script.com\/en\/3-rocnik\/\" \/>\n<meta property=\"og:locale\" content=\"en_US\" \/>\n<meta property=\"og:type\" content=\"article\" \/>\n<meta property=\"og:title\" content=\"Writing \/ 3rd grade - Comenia Script\u00ae\" \/>\n<meta property=\"og:url\" content=\"https:\/\/www.comenia-script.com\/en\/3-rocnik\/\" \/>\n<meta property=\"og:site_name\" content=\"Comenia Script\u00ae\" \/>\n<meta property=\"article:modified_time\" content=\"2020-11-30T20:16:44+00:00\" \/>\n<meta property=\"og:image\" content=\"https:\/\/www.comenia-script.com\/wp-content\/uploads\/2020\/11\/3_LOB_pisanka_Matej-R-1024x734.jpg\" \/>\n<meta name=\"twitter:card\" content=\"summary_large_image\" \/>\n<script type=\"application\/ld+json\" class=\"yoast-schema-graph\">{\"@context\":\"https:\\\/\\\/schema.org\",\"@graph\":[{\"@type\":\"WebPage\",\"@id\":\"https:\\\/\\\/www.comenia-script.com\\\/en\\\/3-rocnik\\\/\",\"url\":\"https:\\\/\\\/www.comenia-script.com\\\/en\\\/3-rocnik\\\/\",\"name\":\"Writing \\\/ 3rd grade - Comenia Script\u00ae\",\"isPartOf\":{\"@id\":\"https:\\\/\\\/www.comenia-script.com\\\/#website\"},\"primaryImageOfPage\":{\"@id\":\"https:\\\/\\\/www.comenia-script.com\\\/en\\\/3-rocnik\\\/#primaryimage\"},\"image\":{\"@id\":\"https:\\\/\\\/www.comenia-script.com\\\/en\\\/3-rocnik\\\/#primaryimage\"},\"thumbnailUrl\":\"https:\\\/\\\/www.comenia-script.com\\\/wp-content\\\/uploads\\\/2020\\\/11\\\/3_LOB_pisanka_Matej-R-1024x734.jpg\",\"datePublished\":\"2020-11-03T12:07:23+00:00\",\"dateModified\":\"2020-11-30T20:16:44+00:00\",\"breadcrumb\":{\"@id\":\"https:\\\/\\\/www.comenia-script.com\\\/en\\\/3-rocnik\\\/#breadcrumb\"},\"inLanguage\":\"en-US\",\"potentialAction\":[{\"@type\":\"ReadAction\",\"target\":[\"https:\\\/\\\/www.comenia-script.com\\\/en\\\/3-rocnik\\\/\"]}]},{\"@type\":\"ImageObject\",\"inLanguage\":\"en-US\",\"@id\":\"https:\\\/\\\/www.comenia-script.com\\\/en\\\/3-rocnik\\\/#primaryimage\",\"url\":\"https:\\\/\\\/www.comenia-script.com\\\/wp-content\\\/uploads\\\/2020\\\/11\\\/3_LOB_pisanka_Matej-R-1024x734.jpg\",\"contentUrl\":\"https:\\\/\\\/www.comenia-script.com\\\/wp-content\\\/uploads\\\/2020\\\/11\\\/3_LOB_pisanka_Matej-R-1024x734.jpg\"},{\"@type\":\"BreadcrumbList\",\"@id\":\"https:\\\/\\\/www.comenia-script.com\\\/en\\\/3-rocnik\\\/#breadcrumb\",\"itemListElement\":[{\"@type\":\"ListItem\",\"position\":1,\"name\":\"Dom\u016f\",\"item\":\"https:\\\/\\\/www.comenia-script.com\\\/en\\\/\"},{\"@type\":\"ListItem\",\"position\":2,\"name\":\"Writing \\\/ 3rd grade\"}]},{\"@type\":\"WebSite\",\"@id\":\"https:\\\/\\\/www.comenia-script.com\\\/#website\",\"url\":\"https:\\\/\\\/www.comenia-script.com\\\/\",\"name\":\"Comenia Script\u00ae\",\"description\":\"psac\u00ed p\u00edsmo pro d\u011bti\",\"publisher\":{\"@id\":\"https:\\\/\\\/www.comenia-script.com\\\/#organization\"},\"potentialAction\":[{\"@type\":\"SearchAction\",\"target\":{\"@type\":\"EntryPoint\",\"urlTemplate\":\"https:\\\/\\\/www.comenia-script.com\\\/?s={search_term_string}\"},\"query-input\":{\"@type\":\"PropertyValueSpecification\",\"valueRequired\":true,\"valueName\":\"search_term_string\"}}],\"inLanguage\":\"en-US\"},{\"@type\":\"Organization\",\"@id\":\"https:\\\/\\\/www.comenia-script.com\\\/#organization\",\"name\":\"Comenia Script\u00ae\",\"url\":\"https:\\\/\\\/www.comenia-script.com\\\/\",\"logo\":{\"@type\":\"ImageObject\",\"inLanguage\":\"en-US\",\"@id\":\"https:\\\/\\\/www.comenia-script.com\\\/#\\\/schema\\\/logo\\\/image\\\/\",\"url\":\"https:\\\/\\\/www.comenia-script.com\\\/wp-content\\\/uploads\\\/2020\\\/11\\\/cropped-logo_CS_napis_03_54pxl_240.jpg\",\"contentUrl\":\"https:\\\/\\\/www.comenia-script.com\\\/wp-content\\\/uploads\\\/2020\\\/11\\\/cropped-logo_CS_napis_03_54pxl_240.jpg\",\"width\":275,\"height\":54,\"caption\":\"Comenia Script\u00ae\"},\"image\":{\"@id\":\"https:\\\/\\\/www.comenia-script.com\\\/#\\\/schema\\\/logo\\\/image\\\/\"},\"sameAs\":[\"https:\\\/\\\/cs.wikipedia.org\\\/wiki\\\/Comenia_Script\"]}]}<\/script>\n<!-- \/ Yoast SEO plugin. -->","yoast_head_json":{"title":"Writing \/ 3rd grade - Comenia Script\u00ae","robots":{"index":"index","follow":"follow","max-snippet":"max-snippet:-1","max-image-preview":"max-image-preview:large","max-video-preview":"max-video-preview:-1"},"canonical":"https:\/\/www.comenia-script.com\/en\/3-rocnik\/","og_locale":"en_US","og_type":"article","og_title":"Writing \/ 3rd grade - Comenia Script\u00ae","og_url":"https:\/\/www.comenia-script.com\/en\/3-rocnik\/","og_site_name":"Comenia Script\u00ae","article_modified_time":"2020-11-30T20:16:44+00:00","og_image":[{"url":"https:\/\/www.comenia-script.com\/wp-content\/uploads\/2020\/11\/3_LOB_pisanka_Matej-R-1024x734.jpg","type":"","width":"","height":""}],"twitter_card":"summary_large_image","schema":{"@context":"https:\/\/schema.org","@graph":[{"@type":"WebPage","@id":"https:\/\/www.comenia-script.com\/en\/3-rocnik\/","url":"https:\/\/www.comenia-script.com\/en\/3-rocnik\/","name":"Writing \/ 3rd grade - Comenia Script\u00ae","isPartOf":{"@id":"https:\/\/www.comenia-script.com\/#website"},"primaryImageOfPage":{"@id":"https:\/\/www.comenia-script.com\/en\/3-rocnik\/#primaryimage"},"image":{"@id":"https:\/\/www.comenia-script.com\/en\/3-rocnik\/#primaryimage"},"thumbnailUrl":"https:\/\/www.comenia-script.com\/wp-content\/uploads\/2020\/11\/3_LOB_pisanka_Matej-R-1024x734.jpg","datePublished":"2020-11-03T12:07:23+00:00","dateModified":"2020-11-30T20:16:44+00:00","breadcrumb":{"@id":"https:\/\/www.comenia-script.com\/en\/3-rocnik\/#breadcrumb"},"inLanguage":"en-US","potentialAction":[{"@type":"ReadAction","target":["https:\/\/www.comenia-script.com\/en\/3-rocnik\/"]}]},{"@type":"ImageObject","inLanguage":"en-US","@id":"https:\/\/www.comenia-script.com\/en\/3-rocnik\/#primaryimage","url":"https:\/\/www.comenia-script.com\/wp-content\/uploads\/2020\/11\/3_LOB_pisanka_Matej-R-1024x734.jpg","contentUrl":"https:\/\/www.comenia-script.com\/wp-content\/uploads\/2020\/11\/3_LOB_pisanka_Matej-R-1024x734.jpg"},{"@type":"BreadcrumbList","@id":"https:\/\/www.comenia-script.com\/en\/3-rocnik\/#breadcrumb","itemListElement":[{"@type":"ListItem","position":1,"name":"Dom\u016f","item":"https:\/\/www.comenia-script.com\/en\/"},{"@type":"ListItem","position":2,"name":"Writing \/ 3rd grade"}]},{"@type":"WebSite","@id":"https:\/\/www.comenia-script.com\/#website","url":"https:\/\/www.comenia-script.com\/","name":"Comenia Script\u00ae","description":"psac\u00ed p\u00edsmo pro d\u011bti","publisher":{"@id":"https:\/\/www.comenia-script.com\/#organization"},"potentialAction":[{"@type":"SearchAction","target":{"@type":"EntryPoint","urlTemplate":"https:\/\/www.comenia-script.com\/?s={search_term_string}"},"query-input":{"@type":"PropertyValueSpecification","valueRequired":true,"valueName":"search_term_string"}}],"inLanguage":"en-US"},{"@type":"Organization","@id":"https:\/\/www.comenia-script.com\/#organization","name":"Comenia Script\u00ae","url":"https:\/\/www.comenia-script.com\/","logo":{"@type":"ImageObject","inLanguage":"en-US","@id":"https:\/\/www.comenia-script.com\/#\/schema\/logo\/image\/","url":"https:\/\/www.comenia-script.com\/wp-content\/uploads\/2020\/11\/cropped-logo_CS_napis_03_54pxl_240.jpg","contentUrl":"https:\/\/www.comenia-script.com\/wp-content\/uploads\/2020\/11\/cropped-logo_CS_napis_03_54pxl_240.jpg","width":275,"height":54,"caption":"Comenia Script\u00ae"},"image":{"@id":"https:\/\/www.comenia-script.com\/#\/schema\/logo\/image\/"},"sameAs":["https:\/\/cs.wikipedia.org\/wiki\/Comenia_Script"]}]}},"jetpack_sharing_enabled":true,"_links":{"self":[{"href":"https:\/\/www.comenia-script.com\/en\/wp-json\/wp\/v2\/pages\/934","targetHints":{"allow":["GET"]}}],"collection":[{"href":"https:\/\/www.comenia-script.com\/en\/wp-json\/wp\/v2\/pages"}],"about":[{"href":"https:\/\/www.comenia-script.com\/en\/wp-json\/wp\/v2\/types\/page"}],"author":[{"embeddable":true,"href":"https:\/\/www.comenia-script.com\/en\/wp-json\/wp\/v2\/users\/2"}],"replies":[{"embeddable":true,"href":"https:\/\/www.comenia-script.com\/en\/wp-json\/wp\/v2\/comments?post=934"}],"version-history":[{"count":6,"href":"https:\/\/www.comenia-script.com\/en\/wp-json\/wp\/v2\/pages\/934\/revisions"}],"predecessor-version":[{"id":1798,"href":"https:\/\/www.comenia-script.com\/en\/wp-json\/wp\/v2\/pages\/934\/revisions\/1798"}],"wp:attachment":[{"href":"https:\/\/www.comenia-script.com\/en\/wp-json\/wp\/v2\/media?parent=934"}],"curies":[{"name":"wp","href":"https:\/\/api.w.org\/{rel}","templated":true}]}}