{"id":922,"date":"2020-11-03T13:23:33","date_gmt":"2020-11-03T12:23:33","guid":{"rendered":"http:\/\/www.comenia-script.com\/fonty-comenia-script\/"},"modified":"2021-04-21T10:38:59","modified_gmt":"2021-04-21T08:38:59","slug":"fonty-comenia-script","status":"publish","type":"page","link":"https:\/\/www.comenia-script.com\/en\/fonty-comenia-script\/","title":{"rendered":"Fonts Comenia Script\u00ae"},"content":{"rendered":"\n<div class=\"wp-block-cover alignfull has-background-dim-50 has-background-dim\" style=\"background-image:url(https:\/\/www.comenia-script.com\/wp-content\/uploads\/2020\/11\/Screen-Shot-2020-11-17-at-14.07.33.png);background-position:52% 8%\"><div class=\"wp-block-cover__inner-container is-layout-flow wp-block-cover-is-layout-flow\">\n<p class=\"has-text-align-center has-3-xl-font-size\">Create individual worksheets with Comenia Script<sup>\u00ae<\/sup> fonts<\/p>\n<\/div><\/div>\n\n\n\n<p><\/p>\n\n\n\n<p><strong><span class=\"has-inline-color has-dark-color\">Font benefits<\/span><\/strong><br>With the <strong>Comenia Script<sup>\u00ae<\/sup> font<\/strong>, you can readily create, for example, your own worksheets for teaching, even individually for each student, depending on what they need to practice. Now you can also use practical fonts with links and not waste time by linking.<br><\/p>\n\n\n\n<p>The <strong>Comenia Script<sup>\u00ae <\/sup>font<\/strong> can also be used to read texts that the teacher creates and prints. Here I recommend working with a larger font size, at least 15pt and more. Comenia Script<sup>\u00ae<\/sup> universal fonts have the character of a \u201clight\u201d cut. If you work with an interactive smartboard connected to a computer in the classroom, the text to be read may appear directly on the smartboard.<\/p>\n\n\n\n<figure class=\"wp-block-image size-large is-resized\"><img loading=\"lazy\" decoding=\"async\" src=\"https:\/\/www.comenia-script.com\/wp-content\/uploads\/2020\/11\/nazvy_fonty_CS-uni_tabule-1-1024x346.jpg\" alt=\"\" class=\"wp-image-569\" width=\"567\" height=\"192\" srcset=\"https:\/\/www.comenia-script.com\/wp-content\/uploads\/2020\/11\/nazvy_fonty_CS-uni_tabule-1-1024x346.jpg 1024w, https:\/\/www.comenia-script.com\/wp-content\/uploads\/2020\/11\/nazvy_fonty_CS-uni_tabule-1-300x101.jpg 300w, https:\/\/www.comenia-script.com\/wp-content\/uploads\/2020\/11\/nazvy_fonty_CS-uni_tabule-1-768x260.jpg 768w, https:\/\/www.comenia-script.com\/wp-content\/uploads\/2020\/11\/nazvy_fonty_CS-uni_tabule-1-1536x519.jpg 1536w, https:\/\/www.comenia-script.com\/wp-content\/uploads\/2020\/11\/nazvy_fonty_CS-uni_tabule-1.jpg 1748w\" sizes=\"auto, (max-width: 567px) 100vw, 567px\" \/><figcaption>Comenia Script\u00ae uni 4 Regular \/ Comenia Script\u00ae uni 3 Italic<\/figcaption><\/figure>\n\n\n\n<p><\/p>\n\n\n\n<p><strong><span class=\"has-inline-color has-dark-color\">Disadvantages of the font<\/span><\/strong><br>The font does not give you the impression that you can actually write the original writing font, computer simulation cannot replace it. Seeing your teacher as he writes is the most important inspiration and experience for students.<\/p>\n\n\n\n<p><\/p>\n\n\n\n<p><span class=\"has-inline-color has-dark-color\"><strong>Overview of Comenia Script<sup>\u00ae<\/sup> universal fonts:<\/strong><\/span><\/p>\n\n\n\n<p><\/p>\n\n\n\n<figure class=\"wp-block-image size-large\"><img loading=\"lazy\" decoding=\"async\" width=\"575\" height=\"1024\" src=\"https:\/\/www.comenia-script.com\/wp-content\/uploads\/2020\/12\/nazvy_fonty_CS-uni_EN-575x1024.jpg\" alt=\"\" class=\"wp-image-1898\" srcset=\"https:\/\/www.comenia-script.com\/wp-content\/uploads\/2020\/12\/nazvy_fonty_CS-uni_EN-575x1024.jpg 575w, https:\/\/www.comenia-script.com\/wp-content\/uploads\/2020\/12\/nazvy_fonty_CS-uni_EN-168x300.jpg 168w, https:\/\/www.comenia-script.com\/wp-content\/uploads\/2020\/12\/nazvy_fonty_CS-uni_EN-768x1369.jpg 768w, https:\/\/www.comenia-script.com\/wp-content\/uploads\/2020\/12\/nazvy_fonty_CS-uni_EN-862x1536.jpg 862w, https:\/\/www.comenia-script.com\/wp-content\/uploads\/2020\/12\/nazvy_fonty_CS-uni_EN-1149x2048.jpg 1149w, https:\/\/www.comenia-script.com\/wp-content\/uploads\/2020\/12\/nazvy_fonty_CS-uni_EN.jpg 1193w\" sizes=\"auto, (max-width: 575px) 100vw, 575px\" \/><\/figure>\n\n\n\n<blockquote class=\"wp-block-quote is-layout-flow wp-block-quote-is-layout-flow\"><p><strong>Comenia Script<sup>\u00ae<\/sup> fonts<\/strong> are intended primarily for schools, teachers and parents in home teaching. Fonts are provided for a fee based on a license agreement with the author. For more information, please write to me at: <a href=\"mailto:info@comenia-script.com\">info@comenia-script.com<\/a><\/p><\/blockquote>\n\n\n\n<div style=\"height:27px\" aria-hidden=\"true\" class=\"wp-block-spacer\"><\/div>\n\n\n\n<figure class=\"wp-block-image size-large is-resized\"><img loading=\"lazy\" decoding=\"async\" src=\"https:\/\/www.comenia-script.com\/wp-content\/uploads\/2020\/11\/2_CKR_cviceni_Kacka-R-1024x694.jpg\" alt=\"\" class=\"wp-image-1695\" width=\"689\" height=\"466\" srcset=\"https:\/\/www.comenia-script.com\/wp-content\/uploads\/2020\/11\/2_CKR_cviceni_Kacka-R-1024x694.jpg 1024w, https:\/\/www.comenia-script.com\/wp-content\/uploads\/2020\/11\/2_CKR_cviceni_Kacka-R-300x203.jpg 300w, https:\/\/www.comenia-script.com\/wp-content\/uploads\/2020\/11\/2_CKR_cviceni_Kacka-R-768x521.jpg 768w, https:\/\/www.comenia-script.com\/wp-content\/uploads\/2020\/11\/2_CKR_cviceni_Kacka-R-1536x1041.jpg 1536w, https:\/\/www.comenia-script.com\/wp-content\/uploads\/2020\/11\/2_CKR_cviceni_Kacka-R.jpg 1890w\" sizes=\"auto, (max-width: 689px) 100vw, 689px\" \/><figcaption>Sample worksheet created by a teacher<\/figcaption><\/figure>\n\n\n\n<hr class=\"wp-block-separator\"\/>\n\n\n\n<p><\/p>\n","protected":false},"excerpt":{"rendered":"<p>Font benefitsWith the Comenia Script\u00ae font, you can readily create, for example, your own worksheets for teaching, even individually for each student, depending on what they need to practice. Now you can also use practical fonts with links and not waste time by linking. The Comenia Script\u00ae font can also be used to read texts&hellip;<\/p>\n<p class=\"more\"><a class=\"more-link\" href=\"https:\/\/www.comenia-script.com\/en\/fonty-comenia-script\/\">Continue reading <span class=\"screen-reader-text\">Fonts Comenia Script\u00ae<\/span><\/a><\/p>\n","protected":false},"author":2,"featured_media":0,"parent":0,"menu_order":0,"comment_status":"closed","ping_status":"closed","template":"","meta":{"footnotes":""},"class_list":["post-922","page","type-page","status-publish","hentry","entry"],"yoast_head":"<!-- This site is optimized with the Yoast SEO plugin v27.5 - https:\/\/yoast.com\/product\/yoast-seo-wordpress\/ -->\n<title>Fonts Comenia Script\u00ae - Comenia Script\u00ae<\/title>\n<meta name=\"robots\" content=\"index, follow, max-snippet:-1, max-image-preview:large, max-video-preview:-1\" \/>\n<link rel=\"canonical\" href=\"https:\/\/www.comenia-script.com\/en\/fonty-comenia-script\/\" \/>\n<meta property=\"og:locale\" content=\"en_US\" \/>\n<meta property=\"og:type\" content=\"article\" \/>\n<meta property=\"og:title\" content=\"Fonts Comenia Script\u00ae - Comenia Script\u00ae\" \/>\n<meta property=\"og:description\" content=\"Font benefitsWith the Comenia Script\u00ae font, you can readily create, for example, your own worksheets for teaching, even individually for each student, depending on what they need to practice. Now you can also use practical fonts with links and not waste time by linking. The Comenia Script\u00ae font can also be used to read texts&hellip;Continue reading Fonts Comenia Script\u00ae\" \/>\n<meta property=\"og:url\" content=\"https:\/\/www.comenia-script.com\/en\/fonty-comenia-script\/\" \/>\n<meta property=\"og:site_name\" content=\"Comenia Script\u00ae\" \/>\n<meta property=\"article:modified_time\" content=\"2021-04-21T08:38:59+00:00\" \/>\n<meta property=\"og:image\" content=\"https:\/\/www.comenia-script.com\/wp-content\/uploads\/2020\/11\/nazvy_fonty_CS-uni_tabule-1-1024x346.jpg\" \/>\n<meta name=\"twitter:card\" content=\"summary_large_image\" \/>\n<meta name=\"twitter:label1\" content=\"Est. reading time\" \/>\n\t<meta name=\"twitter:data1\" content=\"2 minutes\" \/>\n<script type=\"application\/ld+json\" class=\"yoast-schema-graph\">{\"@context\":\"https:\\\/\\\/schema.org\",\"@graph\":[{\"@type\":\"WebPage\",\"@id\":\"https:\\\/\\\/www.comenia-script.com\\\/en\\\/fonty-comenia-script\\\/\",\"url\":\"https:\\\/\\\/www.comenia-script.com\\\/en\\\/fonty-comenia-script\\\/\",\"name\":\"Fonts Comenia Script\u00ae - Comenia Script\u00ae\",\"isPartOf\":{\"@id\":\"https:\\\/\\\/www.comenia-script.com\\\/#website\"},\"primaryImageOfPage\":{\"@id\":\"https:\\\/\\\/www.comenia-script.com\\\/en\\\/fonty-comenia-script\\\/#primaryimage\"},\"image\":{\"@id\":\"https:\\\/\\\/www.comenia-script.com\\\/en\\\/fonty-comenia-script\\\/#primaryimage\"},\"thumbnailUrl\":\"https:\\\/\\\/www.comenia-script.com\\\/wp-content\\\/uploads\\\/2020\\\/11\\\/nazvy_fonty_CS-uni_tabule-1-1024x346.jpg\",\"datePublished\":\"2020-11-03T12:23:33+00:00\",\"dateModified\":\"2021-04-21T08:38:59+00:00\",\"breadcrumb\":{\"@id\":\"https:\\\/\\\/www.comenia-script.com\\\/en\\\/fonty-comenia-script\\\/#breadcrumb\"},\"inLanguage\":\"en-US\",\"potentialAction\":[{\"@type\":\"ReadAction\",\"target\":[\"https:\\\/\\\/www.comenia-script.com\\\/en\\\/fonty-comenia-script\\\/\"]}]},{\"@type\":\"ImageObject\",\"inLanguage\":\"en-US\",\"@id\":\"https:\\\/\\\/www.comenia-script.com\\\/en\\\/fonty-comenia-script\\\/#primaryimage\",\"url\":\"https:\\\/\\\/www.comenia-script.com\\\/wp-content\\\/uploads\\\/2020\\\/11\\\/nazvy_fonty_CS-uni_tabule-1-1024x346.jpg\",\"contentUrl\":\"https:\\\/\\\/www.comenia-script.com\\\/wp-content\\\/uploads\\\/2020\\\/11\\\/nazvy_fonty_CS-uni_tabule-1-1024x346.jpg\"},{\"@type\":\"BreadcrumbList\",\"@id\":\"https:\\\/\\\/www.comenia-script.com\\\/en\\\/fonty-comenia-script\\\/#breadcrumb\",\"itemListElement\":[{\"@type\":\"ListItem\",\"position\":1,\"name\":\"Dom\u016f\",\"item\":\"https:\\\/\\\/www.comenia-script.com\\\/en\\\/\"},{\"@type\":\"ListItem\",\"position\":2,\"name\":\"Fonts Comenia Script\u00ae\"}]},{\"@type\":\"WebSite\",\"@id\":\"https:\\\/\\\/www.comenia-script.com\\\/#website\",\"url\":\"https:\\\/\\\/www.comenia-script.com\\\/\",\"name\":\"Comenia Script\u00ae\",\"description\":\"psac\u00ed p\u00edsmo pro d\u011bti\",\"publisher\":{\"@id\":\"https:\\\/\\\/www.comenia-script.com\\\/#organization\"},\"potentialAction\":[{\"@type\":\"SearchAction\",\"target\":{\"@type\":\"EntryPoint\",\"urlTemplate\":\"https:\\\/\\\/www.comenia-script.com\\\/?s={search_term_string}\"},\"query-input\":{\"@type\":\"PropertyValueSpecification\",\"valueRequired\":true,\"valueName\":\"search_term_string\"}}],\"inLanguage\":\"en-US\"},{\"@type\":\"Organization\",\"@id\":\"https:\\\/\\\/www.comenia-script.com\\\/#organization\",\"name\":\"Comenia Script\u00ae\",\"url\":\"https:\\\/\\\/www.comenia-script.com\\\/\",\"logo\":{\"@type\":\"ImageObject\",\"inLanguage\":\"en-US\",\"@id\":\"https:\\\/\\\/www.comenia-script.com\\\/#\\\/schema\\\/logo\\\/image\\\/\",\"url\":\"https:\\\/\\\/www.comenia-script.com\\\/wp-content\\\/uploads\\\/2020\\\/11\\\/cropped-logo_CS_napis_03_54pxl_240.jpg\",\"contentUrl\":\"https:\\\/\\\/www.comenia-script.com\\\/wp-content\\\/uploads\\\/2020\\\/11\\\/cropped-logo_CS_napis_03_54pxl_240.jpg\",\"width\":275,\"height\":54,\"caption\":\"Comenia Script\u00ae\"},\"image\":{\"@id\":\"https:\\\/\\\/www.comenia-script.com\\\/#\\\/schema\\\/logo\\\/image\\\/\"},\"sameAs\":[\"https:\\\/\\\/cs.wikipedia.org\\\/wiki\\\/Comenia_Script\"]}]}<\/script>\n<!-- \/ Yoast SEO plugin. -->","yoast_head_json":{"title":"Fonts Comenia Script\u00ae - Comenia Script\u00ae","robots":{"index":"index","follow":"follow","max-snippet":"max-snippet:-1","max-image-preview":"max-image-preview:large","max-video-preview":"max-video-preview:-1"},"canonical":"https:\/\/www.comenia-script.com\/en\/fonty-comenia-script\/","og_locale":"en_US","og_type":"article","og_title":"Fonts Comenia Script\u00ae - Comenia Script\u00ae","og_description":"Font benefitsWith the Comenia Script\u00ae font, you can readily create, for example, your own worksheets for teaching, even individually for each student, depending on what they need to practice. Now you can also use practical fonts with links and not waste time by linking. The Comenia Script\u00ae font can also be used to read texts&hellip;Continue reading Fonts Comenia Script\u00ae","og_url":"https:\/\/www.comenia-script.com\/en\/fonty-comenia-script\/","og_site_name":"Comenia Script\u00ae","article_modified_time":"2021-04-21T08:38:59+00:00","og_image":[{"url":"https:\/\/www.comenia-script.com\/wp-content\/uploads\/2020\/11\/nazvy_fonty_CS-uni_tabule-1-1024x346.jpg","type":"","width":"","height":""}],"twitter_card":"summary_large_image","twitter_misc":{"Est. reading time":"2 minutes"},"schema":{"@context":"https:\/\/schema.org","@graph":[{"@type":"WebPage","@id":"https:\/\/www.comenia-script.com\/en\/fonty-comenia-script\/","url":"https:\/\/www.comenia-script.com\/en\/fonty-comenia-script\/","name":"Fonts Comenia Script\u00ae - Comenia Script\u00ae","isPartOf":{"@id":"https:\/\/www.comenia-script.com\/#website"},"primaryImageOfPage":{"@id":"https:\/\/www.comenia-script.com\/en\/fonty-comenia-script\/#primaryimage"},"image":{"@id":"https:\/\/www.comenia-script.com\/en\/fonty-comenia-script\/#primaryimage"},"thumbnailUrl":"https:\/\/www.comenia-script.com\/wp-content\/uploads\/2020\/11\/nazvy_fonty_CS-uni_tabule-1-1024x346.jpg","datePublished":"2020-11-03T12:23:33+00:00","dateModified":"2021-04-21T08:38:59+00:00","breadcrumb":{"@id":"https:\/\/www.comenia-script.com\/en\/fonty-comenia-script\/#breadcrumb"},"inLanguage":"en-US","potentialAction":[{"@type":"ReadAction","target":["https:\/\/www.comenia-script.com\/en\/fonty-comenia-script\/"]}]},{"@type":"ImageObject","inLanguage":"en-US","@id":"https:\/\/www.comenia-script.com\/en\/fonty-comenia-script\/#primaryimage","url":"https:\/\/www.comenia-script.com\/wp-content\/uploads\/2020\/11\/nazvy_fonty_CS-uni_tabule-1-1024x346.jpg","contentUrl":"https:\/\/www.comenia-script.com\/wp-content\/uploads\/2020\/11\/nazvy_fonty_CS-uni_tabule-1-1024x346.jpg"},{"@type":"BreadcrumbList","@id":"https:\/\/www.comenia-script.com\/en\/fonty-comenia-script\/#breadcrumb","itemListElement":[{"@type":"ListItem","position":1,"name":"Dom\u016f","item":"https:\/\/www.comenia-script.com\/en\/"},{"@type":"ListItem","position":2,"name":"Fonts Comenia Script\u00ae"}]},{"@type":"WebSite","@id":"https:\/\/www.comenia-script.com\/#website","url":"https:\/\/www.comenia-script.com\/","name":"Comenia Script\u00ae","description":"psac\u00ed p\u00edsmo pro d\u011bti","publisher":{"@id":"https:\/\/www.comenia-script.com\/#organization"},"potentialAction":[{"@type":"SearchAction","target":{"@type":"EntryPoint","urlTemplate":"https:\/\/www.comenia-script.com\/?s={search_term_string}"},"query-input":{"@type":"PropertyValueSpecification","valueRequired":true,"valueName":"search_term_string"}}],"inLanguage":"en-US"},{"@type":"Organization","@id":"https:\/\/www.comenia-script.com\/#organization","name":"Comenia Script\u00ae","url":"https:\/\/www.comenia-script.com\/","logo":{"@type":"ImageObject","inLanguage":"en-US","@id":"https:\/\/www.comenia-script.com\/#\/schema\/logo\/image\/","url":"https:\/\/www.comenia-script.com\/wp-content\/uploads\/2020\/11\/cropped-logo_CS_napis_03_54pxl_240.jpg","contentUrl":"https:\/\/www.comenia-script.com\/wp-content\/uploads\/2020\/11\/cropped-logo_CS_napis_03_54pxl_240.jpg","width":275,"height":54,"caption":"Comenia Script\u00ae"},"image":{"@id":"https:\/\/www.comenia-script.com\/#\/schema\/logo\/image\/"},"sameAs":["https:\/\/cs.wikipedia.org\/wiki\/Comenia_Script"]}]}},"jetpack_sharing_enabled":true,"_links":{"self":[{"href":"https:\/\/www.comenia-script.com\/en\/wp-json\/wp\/v2\/pages\/922","targetHints":{"allow":["GET"]}}],"collection":[{"href":"https:\/\/www.comenia-script.com\/en\/wp-json\/wp\/v2\/pages"}],"about":[{"href":"https:\/\/www.comenia-script.com\/en\/wp-json\/wp\/v2\/types\/page"}],"author":[{"embeddable":true,"href":"https:\/\/www.comenia-script.com\/en\/wp-json\/wp\/v2\/users\/2"}],"replies":[{"embeddable":true,"href":"https:\/\/www.comenia-script.com\/en\/wp-json\/wp\/v2\/comments?post=922"}],"version-history":[{"count":14,"href":"https:\/\/www.comenia-script.com\/en\/wp-json\/wp\/v2\/pages\/922\/revisions"}],"predecessor-version":[{"id":2353,"href":"https:\/\/www.comenia-script.com\/en\/wp-json\/wp\/v2\/pages\/922\/revisions\/2353"}],"wp:attachment":[{"href":"https:\/\/www.comenia-script.com\/en\/wp-json\/wp\/v2\/media?parent=922"}],"curies":[{"name":"wp","href":"https:\/\/api.w.org\/{rel}","templated":true}]}}