{"id":918,"date":"2020-11-03T13:22:50","date_gmt":"2020-11-03T12:22:50","guid":{"rendered":"http:\/\/www.comenia-script.com\/vyukove-programy-psani\/"},"modified":"2021-04-21T15:07:37","modified_gmt":"2021-04-21T13:07:37","slug":"vyukove-programy-psani","status":"publish","type":"page","link":"https:\/\/www.comenia-script.com\/en\/vyukove-programy-psani\/","title":{"rendered":"Writing application"},"content":{"rendered":"\n<div class=\"wp-block-cover alignfull has-background-dim-10 has-background-dim\" style=\"background-image:url(https:\/\/www.comenia-script.com\/wp-content\/uploads\/2020\/11\/foto-vyukove-programy-psani-scaled.jpg)\"><div class=\"wp-block-cover__inner-container is-layout-flow wp-block-cover-is-layout-flow\">\n<p class=\"has-text-align-center has-3-xl-font-size\">Writing can be fun with the an app \u2013 even at school<\/p>\n<\/div><\/div>\n\n\n\n<p><\/p>\n\n\n\n<p><span class=\"has-inline-color has-dark-color\"><em>Writing application for interactive smartboards:<\/em><\/span><\/p>\n\n\n\n<p><strong><span class=\"has-inline-color has-dark-color\">Comenia Script APP<\/span><\/strong><br>The writing application contains six different writing activities, which are easy to use. You can choose writing strokes for both right-handers and left-handers. Suitable for preschoolers, 1st and 2nd grade of elementary school. The application can also be used by children who do not write with Comenia Script<sup>\u00ae<\/sup>, or by adults who want to learn this simple and readable font.<br>\u2013 Developed for JAWIQ interactive screens.<br>\u2013 Compatible with all interactive smartboards (Smart, Activboard and others).<br>\u2013 The application is now also available for <em>tablets iPad.<\/em><\/p>\n\n\n\n<p>More info: <a href=\"http:\/\/comeniascriptapp.cz\/?l=cs\">www.comeniascriptapp.cz<\/a><br><a href=\"http:\/\/comeniascriptapp.cz\/interaktivni-tabule\/order.html\">&gt; Order<\/a><\/p>\n\n\n\n<figure class=\"wp-block-image size-large\"><img loading=\"lazy\" decoding=\"async\" width=\"1024\" height=\"297\" src=\"https:\/\/www.comenia-script.com\/wp-content\/uploads\/2020\/11\/Screen-Shot-2019-06-26-at-23.07.38-1024x297.png\" alt=\"\" class=\"wp-image-539\" srcset=\"https:\/\/www.comenia-script.com\/wp-content\/uploads\/2020\/11\/Screen-Shot-2019-06-26-at-23.07.38-1024x297.png 1024w, https:\/\/www.comenia-script.com\/wp-content\/uploads\/2020\/11\/Screen-Shot-2019-06-26-at-23.07.38-300x87.png 300w, https:\/\/www.comenia-script.com\/wp-content\/uploads\/2020\/11\/Screen-Shot-2019-06-26-at-23.07.38-768x223.png 768w, https:\/\/www.comenia-script.com\/wp-content\/uploads\/2020\/11\/Screen-Shot-2019-06-26-at-23.07.38-1536x445.png 1536w, https:\/\/www.comenia-script.com\/wp-content\/uploads\/2020\/11\/Screen-Shot-2019-06-26-at-23.07.38.png 1977w\" sizes=\"auto, (max-width: 1024px) 100vw, 1024px\" \/><figcaption>Six different writing activities<\/figcaption><\/figure>\n\n\n\n<div style=\"height:25px\" aria-hidden=\"true\" class=\"wp-block-spacer\"><\/div>\n\n\n\n<p><\/p>\n\n\n\n<p><span class=\"has-inline-color has-dark-color\">Writing application for <em>tablets and smartphones:<\/em><\/span><\/p>\n\n\n\n<p><span class=\"has-inline-color has-dark-color\"><strong>Psan\u00ed s mot\u00fdlem<\/strong> (CZ)<br><strong>Meadow Letters<\/strong> (EN)<\/span><br>It is suitable before writing practice in the 1st grade or also for preschoolers. The activity is accompanied by sounds with correct moves and errors. After writing, the written letters are compared with the original. Choice of moves for right-handers and left-handers. The english version of <em>Meadow Letters <\/em>is spoken by a native speaker.<\/p>\n\n\n\n<p>More info: <a href=\"http:\/\/comeniascriptapp.cz\/?l=cs\">www.comeniascriptapp.cz<\/a><\/p>\n\n\n\n<figure class=\"wp-block-image size-large is-resized\"><img loading=\"lazy\" decoding=\"async\" src=\"https:\/\/www.comenia-script.com\/wp-content\/uploads\/2020\/11\/meadow_letter_screen-1024x547.jpg\" alt=\"\" class=\"wp-image-543\" width=\"646\" height=\"345\" srcset=\"https:\/\/www.comenia-script.com\/wp-content\/uploads\/2020\/11\/meadow_letter_screen-1024x547.jpg 1024w, https:\/\/www.comenia-script.com\/wp-content\/uploads\/2020\/11\/meadow_letter_screen-300x160.jpg 300w, https:\/\/www.comenia-script.com\/wp-content\/uploads\/2020\/11\/meadow_letter_screen-768x410.jpg 768w, https:\/\/www.comenia-script.com\/wp-content\/uploads\/2020\/11\/meadow_letter_screen-1536x821.jpg 1536w, https:\/\/www.comenia-script.com\/wp-content\/uploads\/2020\/11\/meadow_letter_screen.jpg 1924w\" sizes=\"auto, (max-width: 646px) 100vw, 646px\" \/><\/figure>\n\n\n\n<div style=\"height:32px\" aria-hidden=\"true\" class=\"wp-block-spacer\"><\/div>\n\n\n\n<hr class=\"wp-block-separator\"\/>\n\n\n\n<p><\/p>\n","protected":false},"excerpt":{"rendered":"<p>Writing application for interactive smartboards: Comenia Script APPThe writing application contains six different writing activities, which are easy to use. You can choose writing strokes for both right-handers and left-handers. Suitable for preschoolers, 1st and 2nd grade of elementary school. The application can also be used by children who do not write with Comenia Script\u00ae,&hellip;<\/p>\n<p class=\"more\"><a class=\"more-link\" href=\"https:\/\/www.comenia-script.com\/en\/vyukove-programy-psani\/\">Continue reading <span class=\"screen-reader-text\">Writing application<\/span><\/a><\/p>\n","protected":false},"author":2,"featured_media":0,"parent":0,"menu_order":0,"comment_status":"closed","ping_status":"closed","template":"","meta":{"footnotes":""},"class_list":["post-918","page","type-page","status-publish","hentry","entry"],"yoast_head":"<!-- This site is optimized with the Yoast SEO plugin v27.4 - https:\/\/yoast.com\/product\/yoast-seo-wordpress\/ -->\n<title>Writing application - Comenia Script\u00ae<\/title>\n<meta name=\"robots\" content=\"index, follow, max-snippet:-1, max-image-preview:large, max-video-preview:-1\" \/>\n<link rel=\"canonical\" href=\"https:\/\/www.comenia-script.com\/en\/vyukove-programy-psani\/\" \/>\n<meta property=\"og:locale\" content=\"en_US\" \/>\n<meta property=\"og:type\" content=\"article\" \/>\n<meta property=\"og:title\" content=\"Writing application - Comenia Script\u00ae\" \/>\n<meta property=\"og:description\" content=\"Writing application for interactive smartboards: Comenia Script APPThe writing application contains six different writing activities, which are easy to use. You can choose writing strokes for both right-handers and left-handers. Suitable for preschoolers, 1st and 2nd grade of elementary school. The application can also be used by children who do not write with Comenia Script\u00ae,&hellip;Continue reading Writing application\" \/>\n<meta property=\"og:url\" content=\"https:\/\/www.comenia-script.com\/en\/vyukove-programy-psani\/\" \/>\n<meta property=\"og:site_name\" content=\"Comenia Script\u00ae\" \/>\n<meta property=\"article:modified_time\" content=\"2021-04-21T13:07:37+00:00\" \/>\n<meta property=\"og:image\" content=\"https:\/\/www.comenia-script.com\/wp-content\/uploads\/2020\/11\/Screen-Shot-2019-06-26-at-23.07.38-1024x297.png\" \/>\n<meta name=\"twitter:card\" content=\"summary_large_image\" \/>\n<meta name=\"twitter:label1\" content=\"Est. reading time\" \/>\n\t<meta name=\"twitter:data1\" content=\"2 minutes\" \/>\n<script type=\"application\/ld+json\" class=\"yoast-schema-graph\">{\"@context\":\"https:\\\/\\\/schema.org\",\"@graph\":[{\"@type\":\"WebPage\",\"@id\":\"https:\\\/\\\/www.comenia-script.com\\\/en\\\/vyukove-programy-psani\\\/\",\"url\":\"https:\\\/\\\/www.comenia-script.com\\\/en\\\/vyukove-programy-psani\\\/\",\"name\":\"Writing application - Comenia Script\u00ae\",\"isPartOf\":{\"@id\":\"https:\\\/\\\/www.comenia-script.com\\\/#website\"},\"primaryImageOfPage\":{\"@id\":\"https:\\\/\\\/www.comenia-script.com\\\/en\\\/vyukove-programy-psani\\\/#primaryimage\"},\"image\":{\"@id\":\"https:\\\/\\\/www.comenia-script.com\\\/en\\\/vyukove-programy-psani\\\/#primaryimage\"},\"thumbnailUrl\":\"https:\\\/\\\/www.comenia-script.com\\\/wp-content\\\/uploads\\\/2020\\\/11\\\/Screen-Shot-2019-06-26-at-23.07.38-1024x297.png\",\"datePublished\":\"2020-11-03T12:22:50+00:00\",\"dateModified\":\"2021-04-21T13:07:37+00:00\",\"breadcrumb\":{\"@id\":\"https:\\\/\\\/www.comenia-script.com\\\/en\\\/vyukove-programy-psani\\\/#breadcrumb\"},\"inLanguage\":\"en-US\",\"potentialAction\":[{\"@type\":\"ReadAction\",\"target\":[\"https:\\\/\\\/www.comenia-script.com\\\/en\\\/vyukove-programy-psani\\\/\"]}]},{\"@type\":\"ImageObject\",\"inLanguage\":\"en-US\",\"@id\":\"https:\\\/\\\/www.comenia-script.com\\\/en\\\/vyukove-programy-psani\\\/#primaryimage\",\"url\":\"https:\\\/\\\/www.comenia-script.com\\\/wp-content\\\/uploads\\\/2020\\\/11\\\/Screen-Shot-2019-06-26-at-23.07.38-1024x297.png\",\"contentUrl\":\"https:\\\/\\\/www.comenia-script.com\\\/wp-content\\\/uploads\\\/2020\\\/11\\\/Screen-Shot-2019-06-26-at-23.07.38-1024x297.png\"},{\"@type\":\"BreadcrumbList\",\"@id\":\"https:\\\/\\\/www.comenia-script.com\\\/en\\\/vyukove-programy-psani\\\/#breadcrumb\",\"itemListElement\":[{\"@type\":\"ListItem\",\"position\":1,\"name\":\"Dom\u016f\",\"item\":\"https:\\\/\\\/www.comenia-script.com\\\/en\\\/\"},{\"@type\":\"ListItem\",\"position\":2,\"name\":\"Writing application\"}]},{\"@type\":\"WebSite\",\"@id\":\"https:\\\/\\\/www.comenia-script.com\\\/#website\",\"url\":\"https:\\\/\\\/www.comenia-script.com\\\/\",\"name\":\"Comenia Script\u00ae\",\"description\":\"psac\u00ed p\u00edsmo pro d\u011bti\",\"publisher\":{\"@id\":\"https:\\\/\\\/www.comenia-script.com\\\/#organization\"},\"potentialAction\":[{\"@type\":\"SearchAction\",\"target\":{\"@type\":\"EntryPoint\",\"urlTemplate\":\"https:\\\/\\\/www.comenia-script.com\\\/?s={search_term_string}\"},\"query-input\":{\"@type\":\"PropertyValueSpecification\",\"valueRequired\":true,\"valueName\":\"search_term_string\"}}],\"inLanguage\":\"en-US\"},{\"@type\":\"Organization\",\"@id\":\"https:\\\/\\\/www.comenia-script.com\\\/#organization\",\"name\":\"Comenia Script\u00ae\",\"url\":\"https:\\\/\\\/www.comenia-script.com\\\/\",\"logo\":{\"@type\":\"ImageObject\",\"inLanguage\":\"en-US\",\"@id\":\"https:\\\/\\\/www.comenia-script.com\\\/#\\\/schema\\\/logo\\\/image\\\/\",\"url\":\"https:\\\/\\\/www.comenia-script.com\\\/wp-content\\\/uploads\\\/2020\\\/11\\\/cropped-logo_CS_napis_03_54pxl_240.jpg\",\"contentUrl\":\"https:\\\/\\\/www.comenia-script.com\\\/wp-content\\\/uploads\\\/2020\\\/11\\\/cropped-logo_CS_napis_03_54pxl_240.jpg\",\"width\":275,\"height\":54,\"caption\":\"Comenia Script\u00ae\"},\"image\":{\"@id\":\"https:\\\/\\\/www.comenia-script.com\\\/#\\\/schema\\\/logo\\\/image\\\/\"},\"sameAs\":[\"https:\\\/\\\/cs.wikipedia.org\\\/wiki\\\/Comenia_Script\"]}]}<\/script>\n<!-- \/ Yoast SEO plugin. -->","yoast_head_json":{"title":"Writing application - Comenia Script\u00ae","robots":{"index":"index","follow":"follow","max-snippet":"max-snippet:-1","max-image-preview":"max-image-preview:large","max-video-preview":"max-video-preview:-1"},"canonical":"https:\/\/www.comenia-script.com\/en\/vyukove-programy-psani\/","og_locale":"en_US","og_type":"article","og_title":"Writing application - Comenia Script\u00ae","og_description":"Writing application for interactive smartboards: Comenia Script APPThe writing application contains six different writing activities, which are easy to use. You can choose writing strokes for both right-handers and left-handers. Suitable for preschoolers, 1st and 2nd grade of elementary school. The application can also be used by children who do not write with Comenia Script\u00ae,&hellip;Continue reading Writing application","og_url":"https:\/\/www.comenia-script.com\/en\/vyukove-programy-psani\/","og_site_name":"Comenia Script\u00ae","article_modified_time":"2021-04-21T13:07:37+00:00","og_image":[{"url":"https:\/\/www.comenia-script.com\/wp-content\/uploads\/2020\/11\/Screen-Shot-2019-06-26-at-23.07.38-1024x297.png","type":"","width":"","height":""}],"twitter_card":"summary_large_image","twitter_misc":{"Est. reading time":"2 minutes"},"schema":{"@context":"https:\/\/schema.org","@graph":[{"@type":"WebPage","@id":"https:\/\/www.comenia-script.com\/en\/vyukove-programy-psani\/","url":"https:\/\/www.comenia-script.com\/en\/vyukove-programy-psani\/","name":"Writing application - Comenia Script\u00ae","isPartOf":{"@id":"https:\/\/www.comenia-script.com\/#website"},"primaryImageOfPage":{"@id":"https:\/\/www.comenia-script.com\/en\/vyukove-programy-psani\/#primaryimage"},"image":{"@id":"https:\/\/www.comenia-script.com\/en\/vyukove-programy-psani\/#primaryimage"},"thumbnailUrl":"https:\/\/www.comenia-script.com\/wp-content\/uploads\/2020\/11\/Screen-Shot-2019-06-26-at-23.07.38-1024x297.png","datePublished":"2020-11-03T12:22:50+00:00","dateModified":"2021-04-21T13:07:37+00:00","breadcrumb":{"@id":"https:\/\/www.comenia-script.com\/en\/vyukove-programy-psani\/#breadcrumb"},"inLanguage":"en-US","potentialAction":[{"@type":"ReadAction","target":["https:\/\/www.comenia-script.com\/en\/vyukove-programy-psani\/"]}]},{"@type":"ImageObject","inLanguage":"en-US","@id":"https:\/\/www.comenia-script.com\/en\/vyukove-programy-psani\/#primaryimage","url":"https:\/\/www.comenia-script.com\/wp-content\/uploads\/2020\/11\/Screen-Shot-2019-06-26-at-23.07.38-1024x297.png","contentUrl":"https:\/\/www.comenia-script.com\/wp-content\/uploads\/2020\/11\/Screen-Shot-2019-06-26-at-23.07.38-1024x297.png"},{"@type":"BreadcrumbList","@id":"https:\/\/www.comenia-script.com\/en\/vyukove-programy-psani\/#breadcrumb","itemListElement":[{"@type":"ListItem","position":1,"name":"Dom\u016f","item":"https:\/\/www.comenia-script.com\/en\/"},{"@type":"ListItem","position":2,"name":"Writing application"}]},{"@type":"WebSite","@id":"https:\/\/www.comenia-script.com\/#website","url":"https:\/\/www.comenia-script.com\/","name":"Comenia Script\u00ae","description":"psac\u00ed p\u00edsmo pro d\u011bti","publisher":{"@id":"https:\/\/www.comenia-script.com\/#organization"},"potentialAction":[{"@type":"SearchAction","target":{"@type":"EntryPoint","urlTemplate":"https:\/\/www.comenia-script.com\/?s={search_term_string}"},"query-input":{"@type":"PropertyValueSpecification","valueRequired":true,"valueName":"search_term_string"}}],"inLanguage":"en-US"},{"@type":"Organization","@id":"https:\/\/www.comenia-script.com\/#organization","name":"Comenia Script\u00ae","url":"https:\/\/www.comenia-script.com\/","logo":{"@type":"ImageObject","inLanguage":"en-US","@id":"https:\/\/www.comenia-script.com\/#\/schema\/logo\/image\/","url":"https:\/\/www.comenia-script.com\/wp-content\/uploads\/2020\/11\/cropped-logo_CS_napis_03_54pxl_240.jpg","contentUrl":"https:\/\/www.comenia-script.com\/wp-content\/uploads\/2020\/11\/cropped-logo_CS_napis_03_54pxl_240.jpg","width":275,"height":54,"caption":"Comenia Script\u00ae"},"image":{"@id":"https:\/\/www.comenia-script.com\/#\/schema\/logo\/image\/"},"sameAs":["https:\/\/cs.wikipedia.org\/wiki\/Comenia_Script"]}]}},"jetpack_sharing_enabled":true,"_links":{"self":[{"href":"https:\/\/www.comenia-script.com\/en\/wp-json\/wp\/v2\/pages\/918","targetHints":{"allow":["GET"]}}],"collection":[{"href":"https:\/\/www.comenia-script.com\/en\/wp-json\/wp\/v2\/pages"}],"about":[{"href":"https:\/\/www.comenia-script.com\/en\/wp-json\/wp\/v2\/types\/page"}],"author":[{"embeddable":true,"href":"https:\/\/www.comenia-script.com\/en\/wp-json\/wp\/v2\/users\/2"}],"replies":[{"embeddable":true,"href":"https:\/\/www.comenia-script.com\/en\/wp-json\/wp\/v2\/comments?post=918"}],"version-history":[{"count":13,"href":"https:\/\/www.comenia-script.com\/en\/wp-json\/wp\/v2\/pages\/918\/revisions"}],"predecessor-version":[{"id":2418,"href":"https:\/\/www.comenia-script.com\/en\/wp-json\/wp\/v2\/pages\/918\/revisions\/2418"}],"wp:attachment":[{"href":"https:\/\/www.comenia-script.com\/en\/wp-json\/wp\/v2\/media?parent=918"}],"curies":[{"name":"wp","href":"https:\/\/api.w.org\/{rel}","templated":true}]}}