{"id":914,"date":"2020-11-07T14:52:31","date_gmt":"2020-11-07T13:52:31","guid":{"rendered":"http:\/\/www.comenia-script.com\/publikace-pro-pedagogy\/"},"modified":"2021-04-21T15:06:43","modified_gmt":"2021-04-21T13:06:43","slug":"publikace-pro-pedagogy","status":"publish","type":"page","link":"https:\/\/www.comenia-script.com\/en\/publikace-pro-pedagogy\/","title":{"rendered":"Publications for teachers"},"content":{"rendered":"\n<div class=\"wp-block-cover alignfull has-background-dim-20 has-background-dim\" style=\"background-image:url(https:\/\/www.comenia-script.com\/wp-content\/uploads\/2020\/11\/foto_publikace_pedagogy-scaled.jpg)\"><div class=\"wp-block-cover__inner-container is-layout-flow wp-block-cover-is-layout-flow\">\n<p class=\"has-text-align-center has-3-xl-font-size\">And something for adults: teachers, parents, and enthusiastic scribes<\/p>\n<\/div><\/div>\n\n\n\n<p><\/p>\n\n\n\n<p><\/p>\n\n\n\n<p><strong><span class=\"has-inline-color has-dark-color\">Praktick\u00fd manu\u00e1l \u201cComenia Script<sup>\u00ae<\/sup> universal\u201d<\/span><\/strong> <span class=\"has-inline-color has-dark-color\">\/ <em>\u201cComenia Script<sup>\u00ae<\/sup> universal\u201c practical manual<\/em><\/span><br>Comenia Script<sup>\u00ae<\/sup> universal handwriting practice guide, whose basic principle is simplicity and readability. The practical manual is intended especially for primary school teachers, parents and also for anyone who wants to improve their handwriting. Included is an attachment composed of 13 worksheets and a pad with a line. A5 format, 48 pages (+ 14 sheets of attachment). <a href=\"https:\/\/www.booktook.cz\/p\/comenia-script-universal-prakticky-manual-9788087201220\/\">> Order (CZ)<\/a><\/p>\n\n\n\n<figure class=\"wp-block-image size-large is-resized\"><img loading=\"lazy\" decoding=\"async\" src=\"https:\/\/www.comenia-script.com\/wp-content\/uploads\/2020\/11\/Prakticky_manual_UNI_ukazka-1-1024x493.jpg\" alt=\"\" class=\"wp-image-705\" width=\"630\" height=\"303\" srcset=\"https:\/\/www.comenia-script.com\/wp-content\/uploads\/2020\/11\/Prakticky_manual_UNI_ukazka-1-1024x493.jpg 1024w, https:\/\/www.comenia-script.com\/wp-content\/uploads\/2020\/11\/Prakticky_manual_UNI_ukazka-1-300x144.jpg 300w, https:\/\/www.comenia-script.com\/wp-content\/uploads\/2020\/11\/Prakticky_manual_UNI_ukazka-1-768x370.jpg 768w, https:\/\/www.comenia-script.com\/wp-content\/uploads\/2020\/11\/Prakticky_manual_UNI_ukazka-1.jpg 1276w\" sizes=\"auto, (max-width: 630px) 100vw, 630px\" \/><figcaption>\u201cComenia Script<sup>\u00ae<\/sup> universal\u201c practical manual<\/figcaption><\/figure>\n\n\n\n<p><strong><span class=\"has-inline-color has-dark-color\">Praktick\u00fd manu\u00e1l \u201cComenia Script<sup>\u00ae<\/sup> \u2013 kaligrafick\u00e1 forma\u201d<\/span><\/strong> <span class=\"has-inline-color has-dark-color\">\/ <em>\u201cComenia Script<sup>\u00ae<\/sup> \u2013 calligraphic style\u201c practical manual<\/em><\/span><br>Guide to practical practice of writing \u201cComenia Script<em><sup>\u00ae<\/sup><\/em>A\u201d and \u201cCalligraphic style.\u201d The book is intended for enthusiastic scribes who want to improve their handwriting and develop it into a calligraphic style. Included is an attachment from worksheets in the basic alphabet \u201cComenia Script<em><sup>\u00ae<\/sup><\/em>A\u201d provided for right-handers and left-handers. It also contains worksheets for practicing the calligraphic form using a calligraphic pen. A5 format, 60 pages (+ 40 sheets of attachment). <a href=\"https:\/\/www.booktook.cz\/p\/comenia-script-prakticky-manual-kaligraficka-forma-9788087201336\/\">> Order (CZ)<\/a><\/p>\n\n\n\n<figure class=\"wp-block-image size-large is-resized\"><img loading=\"lazy\" decoding=\"async\" src=\"https:\/\/www.comenia-script.com\/wp-content\/uploads\/2020\/11\/Prakticky_manual_KAL_ukazka-1-1024x375.jpg\" alt=\"\" class=\"wp-image-709\" width=\"707\" height=\"258\" srcset=\"https:\/\/www.comenia-script.com\/wp-content\/uploads\/2020\/11\/Prakticky_manual_KAL_ukazka-1-1024x375.jpg 1024w, https:\/\/www.comenia-script.com\/wp-content\/uploads\/2020\/11\/Prakticky_manual_KAL_ukazka-1-300x110.jpg 300w, https:\/\/www.comenia-script.com\/wp-content\/uploads\/2020\/11\/Prakticky_manual_KAL_ukazka-1-768x281.jpg 768w, https:\/\/www.comenia-script.com\/wp-content\/uploads\/2020\/11\/Prakticky_manual_KAL_ukazka-1-1536x562.jpg 1536w, https:\/\/www.comenia-script.com\/wp-content\/uploads\/2020\/11\/Prakticky_manual_KAL_ukazka-1.jpg 1677w\" sizes=\"auto, (max-width: 707px) 100vw, 707px\" \/><figcaption>\u201cComenia Script\u00ae \u2013 calligraphic style\u201c practical manual<\/figcaption><\/figure>\n\n\n\n<p><strong><span class=\"has-inline-color has-dark-color\">Rozhovory o p\u00edsmu rukopisn\u00e9m<\/span><\/strong> <span class=\"has-inline-color has-dark-color\">\/ <em>Interviews on handwriting<\/em><\/span><br>The publication brings to life the topic of handwritten writing, the basic graphic expression of every person. The main topic of the publication is handwriting and calligraphy at present. It is an in-depth probe and at the same time a research into the field of handwriting, with the aim of finding out what role the school writing pattern plays in everyday life and what is the position of calligraphy as a field of art in our \u201ccomputer\u201d age.<br>The book is based on interviews with twenty-four personalities of Czech typography and graphic design with a sample of their manuscripts and work (Josef T\u00fdfa, Jan Solpera, Clara Istlerov\u00e1, Franti\u0161ek \u0160torm, Ale\u0161 Najbrt, Robert V. Nov\u00e1k, and others). It also contains manuscript facsimiles of several personalities of czech typographic and calligraphic works (Vojt\u011bch Preissig, Old\u0159ich Menhart, Franti\u0161ek Muzika, Old\u0159ich Hlavsa and others).<br>The book is intended for anyone interested in visual culture and can also be a suitable study material for students in the field of writing and graphic design. It received an award in the competition \u201cThe Most Beautiful Czech Books of 2007.\u201d <a href=\"https:\/\/www.booktook.cz\/p\/rozhovory-o-pismu-rukopisnem\/\">&gt; Order (CZ)<\/a><\/p>\n\n\n\n<figure class=\"wp-block-image size-large\"><img loading=\"lazy\" decoding=\"async\" width=\"1024\" height=\"349\" src=\"https:\/\/www.comenia-script.com\/wp-content\/uploads\/2020\/11\/Rozhovory_ukazka-1-1024x349.jpg\" alt=\"\" class=\"wp-image-717\" srcset=\"https:\/\/www.comenia-script.com\/wp-content\/uploads\/2020\/11\/Rozhovory_ukazka-1-1024x349.jpg 1024w, https:\/\/www.comenia-script.com\/wp-content\/uploads\/2020\/11\/Rozhovory_ukazka-1-300x102.jpg 300w, https:\/\/www.comenia-script.com\/wp-content\/uploads\/2020\/11\/Rozhovory_ukazka-1-768x262.jpg 768w, https:\/\/www.comenia-script.com\/wp-content\/uploads\/2020\/11\/Rozhovory_ukazka-1-1536x523.jpg 1536w, https:\/\/www.comenia-script.com\/wp-content\/uploads\/2020\/11\/Rozhovory_ukazka-1.jpg 1559w\" sizes=\"auto, (max-width: 1024px) 100vw, 1024px\" \/><figcaption>Interviews on handwriting, double page with Josef T\u00fdfa<br><\/figcaption><\/figure>\n\n\n\n<hr class=\"wp-block-separator\"\/>\n\n\n\n<p><\/p>\n","protected":false},"excerpt":{"rendered":"<p>Praktick\u00fd manu\u00e1l \u201cComenia Script\u00ae universal\u201d \/ \u201cComenia Script\u00ae universal\u201c practical manualComenia Script\u00ae universal handwriting practice guide, whose basic principle is simplicity and readability. The practical manual is intended especially for primary school teachers, parents and also for anyone who wants to improve their handwriting. Included is an attachment composed of 13 worksheets and a pad&hellip;<\/p>\n<p class=\"more\"><a class=\"more-link\" href=\"https:\/\/www.comenia-script.com\/en\/publikace-pro-pedagogy\/\">Continue reading <span class=\"screen-reader-text\">Publications for teachers<\/span><\/a><\/p>\n","protected":false},"author":2,"featured_media":0,"parent":0,"menu_order":0,"comment_status":"closed","ping_status":"closed","template":"","meta":{"footnotes":""},"class_list":["post-914","page","type-page","status-publish","hentry","entry"],"yoast_head":"<!-- This site is optimized with the Yoast SEO plugin v27.4 - https:\/\/yoast.com\/product\/yoast-seo-wordpress\/ -->\n<title>Publications for teachers - Comenia Script\u00ae<\/title>\n<meta name=\"robots\" content=\"index, follow, max-snippet:-1, max-image-preview:large, max-video-preview:-1\" \/>\n<link rel=\"canonical\" href=\"https:\/\/www.comenia-script.com\/en\/publikace-pro-pedagogy\/\" \/>\n<meta property=\"og:locale\" content=\"en_US\" \/>\n<meta property=\"og:type\" content=\"article\" \/>\n<meta property=\"og:title\" content=\"Publications for teachers - Comenia Script\u00ae\" \/>\n<meta property=\"og:description\" content=\"Praktick\u00fd manu\u00e1l \u201cComenia Script\u00ae universal\u201d \/ \u201cComenia Script\u00ae universal\u201c practical manualComenia Script\u00ae universal handwriting practice guide, whose basic principle is simplicity and readability. The practical manual is intended especially for primary school teachers, parents and also for anyone who wants to improve their handwriting. Included is an attachment composed of 13 worksheets and a pad&hellip;Continue reading Publications for teachers\" \/>\n<meta property=\"og:url\" content=\"https:\/\/www.comenia-script.com\/en\/publikace-pro-pedagogy\/\" \/>\n<meta property=\"og:site_name\" content=\"Comenia Script\u00ae\" \/>\n<meta property=\"article:modified_time\" content=\"2021-04-21T13:06:43+00:00\" \/>\n<meta property=\"og:image\" content=\"https:\/\/www.comenia-script.com\/wp-content\/uploads\/2020\/11\/Prakticky_manual_UNI_ukazka-1-1024x493.jpg\" \/>\n<meta name=\"twitter:card\" content=\"summary_large_image\" \/>\n<meta name=\"twitter:label1\" content=\"Est. reading time\" \/>\n\t<meta name=\"twitter:data1\" content=\"3 minutes\" \/>\n<script type=\"application\/ld+json\" class=\"yoast-schema-graph\">{\"@context\":\"https:\\\/\\\/schema.org\",\"@graph\":[{\"@type\":\"WebPage\",\"@id\":\"https:\\\/\\\/www.comenia-script.com\\\/en\\\/publikace-pro-pedagogy\\\/\",\"url\":\"https:\\\/\\\/www.comenia-script.com\\\/en\\\/publikace-pro-pedagogy\\\/\",\"name\":\"Publications for teachers - Comenia Script\u00ae\",\"isPartOf\":{\"@id\":\"https:\\\/\\\/www.comenia-script.com\\\/#website\"},\"primaryImageOfPage\":{\"@id\":\"https:\\\/\\\/www.comenia-script.com\\\/en\\\/publikace-pro-pedagogy\\\/#primaryimage\"},\"image\":{\"@id\":\"https:\\\/\\\/www.comenia-script.com\\\/en\\\/publikace-pro-pedagogy\\\/#primaryimage\"},\"thumbnailUrl\":\"https:\\\/\\\/www.comenia-script.com\\\/wp-content\\\/uploads\\\/2020\\\/11\\\/Prakticky_manual_UNI_ukazka-1-1024x493.jpg\",\"datePublished\":\"2020-11-07T13:52:31+00:00\",\"dateModified\":\"2021-04-21T13:06:43+00:00\",\"breadcrumb\":{\"@id\":\"https:\\\/\\\/www.comenia-script.com\\\/en\\\/publikace-pro-pedagogy\\\/#breadcrumb\"},\"inLanguage\":\"en-US\",\"potentialAction\":[{\"@type\":\"ReadAction\",\"target\":[\"https:\\\/\\\/www.comenia-script.com\\\/en\\\/publikace-pro-pedagogy\\\/\"]}]},{\"@type\":\"ImageObject\",\"inLanguage\":\"en-US\",\"@id\":\"https:\\\/\\\/www.comenia-script.com\\\/en\\\/publikace-pro-pedagogy\\\/#primaryimage\",\"url\":\"https:\\\/\\\/www.comenia-script.com\\\/wp-content\\\/uploads\\\/2020\\\/11\\\/Prakticky_manual_UNI_ukazka-1-1024x493.jpg\",\"contentUrl\":\"https:\\\/\\\/www.comenia-script.com\\\/wp-content\\\/uploads\\\/2020\\\/11\\\/Prakticky_manual_UNI_ukazka-1-1024x493.jpg\"},{\"@type\":\"BreadcrumbList\",\"@id\":\"https:\\\/\\\/www.comenia-script.com\\\/en\\\/publikace-pro-pedagogy\\\/#breadcrumb\",\"itemListElement\":[{\"@type\":\"ListItem\",\"position\":1,\"name\":\"Dom\u016f\",\"item\":\"https:\\\/\\\/www.comenia-script.com\\\/en\\\/\"},{\"@type\":\"ListItem\",\"position\":2,\"name\":\"Publications for teachers\"}]},{\"@type\":\"WebSite\",\"@id\":\"https:\\\/\\\/www.comenia-script.com\\\/#website\",\"url\":\"https:\\\/\\\/www.comenia-script.com\\\/\",\"name\":\"Comenia Script\u00ae\",\"description\":\"psac\u00ed p\u00edsmo pro d\u011bti\",\"publisher\":{\"@id\":\"https:\\\/\\\/www.comenia-script.com\\\/#organization\"},\"potentialAction\":[{\"@type\":\"SearchAction\",\"target\":{\"@type\":\"EntryPoint\",\"urlTemplate\":\"https:\\\/\\\/www.comenia-script.com\\\/?s={search_term_string}\"},\"query-input\":{\"@type\":\"PropertyValueSpecification\",\"valueRequired\":true,\"valueName\":\"search_term_string\"}}],\"inLanguage\":\"en-US\"},{\"@type\":\"Organization\",\"@id\":\"https:\\\/\\\/www.comenia-script.com\\\/#organization\",\"name\":\"Comenia Script\u00ae\",\"url\":\"https:\\\/\\\/www.comenia-script.com\\\/\",\"logo\":{\"@type\":\"ImageObject\",\"inLanguage\":\"en-US\",\"@id\":\"https:\\\/\\\/www.comenia-script.com\\\/#\\\/schema\\\/logo\\\/image\\\/\",\"url\":\"https:\\\/\\\/www.comenia-script.com\\\/wp-content\\\/uploads\\\/2020\\\/11\\\/cropped-logo_CS_napis_03_54pxl_240.jpg\",\"contentUrl\":\"https:\\\/\\\/www.comenia-script.com\\\/wp-content\\\/uploads\\\/2020\\\/11\\\/cropped-logo_CS_napis_03_54pxl_240.jpg\",\"width\":275,\"height\":54,\"caption\":\"Comenia Script\u00ae\"},\"image\":{\"@id\":\"https:\\\/\\\/www.comenia-script.com\\\/#\\\/schema\\\/logo\\\/image\\\/\"},\"sameAs\":[\"https:\\\/\\\/cs.wikipedia.org\\\/wiki\\\/Comenia_Script\"]}]}<\/script>\n<!-- \/ Yoast SEO plugin. -->","yoast_head_json":{"title":"Publications for teachers - Comenia Script\u00ae","robots":{"index":"index","follow":"follow","max-snippet":"max-snippet:-1","max-image-preview":"max-image-preview:large","max-video-preview":"max-video-preview:-1"},"canonical":"https:\/\/www.comenia-script.com\/en\/publikace-pro-pedagogy\/","og_locale":"en_US","og_type":"article","og_title":"Publications for teachers - Comenia Script\u00ae","og_description":"Praktick\u00fd manu\u00e1l \u201cComenia Script\u00ae universal\u201d \/ \u201cComenia Script\u00ae universal\u201c practical manualComenia Script\u00ae universal handwriting practice guide, whose basic principle is simplicity and readability. The practical manual is intended especially for primary school teachers, parents and also for anyone who wants to improve their handwriting. Included is an attachment composed of 13 worksheets and a pad&hellip;Continue reading Publications for teachers","og_url":"https:\/\/www.comenia-script.com\/en\/publikace-pro-pedagogy\/","og_site_name":"Comenia Script\u00ae","article_modified_time":"2021-04-21T13:06:43+00:00","og_image":[{"url":"https:\/\/www.comenia-script.com\/wp-content\/uploads\/2020\/11\/Prakticky_manual_UNI_ukazka-1-1024x493.jpg","type":"","width":"","height":""}],"twitter_card":"summary_large_image","twitter_misc":{"Est. reading time":"3 minutes"},"schema":{"@context":"https:\/\/schema.org","@graph":[{"@type":"WebPage","@id":"https:\/\/www.comenia-script.com\/en\/publikace-pro-pedagogy\/","url":"https:\/\/www.comenia-script.com\/en\/publikace-pro-pedagogy\/","name":"Publications for teachers - Comenia Script\u00ae","isPartOf":{"@id":"https:\/\/www.comenia-script.com\/#website"},"primaryImageOfPage":{"@id":"https:\/\/www.comenia-script.com\/en\/publikace-pro-pedagogy\/#primaryimage"},"image":{"@id":"https:\/\/www.comenia-script.com\/en\/publikace-pro-pedagogy\/#primaryimage"},"thumbnailUrl":"https:\/\/www.comenia-script.com\/wp-content\/uploads\/2020\/11\/Prakticky_manual_UNI_ukazka-1-1024x493.jpg","datePublished":"2020-11-07T13:52:31+00:00","dateModified":"2021-04-21T13:06:43+00:00","breadcrumb":{"@id":"https:\/\/www.comenia-script.com\/en\/publikace-pro-pedagogy\/#breadcrumb"},"inLanguage":"en-US","potentialAction":[{"@type":"ReadAction","target":["https:\/\/www.comenia-script.com\/en\/publikace-pro-pedagogy\/"]}]},{"@type":"ImageObject","inLanguage":"en-US","@id":"https:\/\/www.comenia-script.com\/en\/publikace-pro-pedagogy\/#primaryimage","url":"https:\/\/www.comenia-script.com\/wp-content\/uploads\/2020\/11\/Prakticky_manual_UNI_ukazka-1-1024x493.jpg","contentUrl":"https:\/\/www.comenia-script.com\/wp-content\/uploads\/2020\/11\/Prakticky_manual_UNI_ukazka-1-1024x493.jpg"},{"@type":"BreadcrumbList","@id":"https:\/\/www.comenia-script.com\/en\/publikace-pro-pedagogy\/#breadcrumb","itemListElement":[{"@type":"ListItem","position":1,"name":"Dom\u016f","item":"https:\/\/www.comenia-script.com\/en\/"},{"@type":"ListItem","position":2,"name":"Publications for teachers"}]},{"@type":"WebSite","@id":"https:\/\/www.comenia-script.com\/#website","url":"https:\/\/www.comenia-script.com\/","name":"Comenia Script\u00ae","description":"psac\u00ed p\u00edsmo pro d\u011bti","publisher":{"@id":"https:\/\/www.comenia-script.com\/#organization"},"potentialAction":[{"@type":"SearchAction","target":{"@type":"EntryPoint","urlTemplate":"https:\/\/www.comenia-script.com\/?s={search_term_string}"},"query-input":{"@type":"PropertyValueSpecification","valueRequired":true,"valueName":"search_term_string"}}],"inLanguage":"en-US"},{"@type":"Organization","@id":"https:\/\/www.comenia-script.com\/#organization","name":"Comenia Script\u00ae","url":"https:\/\/www.comenia-script.com\/","logo":{"@type":"ImageObject","inLanguage":"en-US","@id":"https:\/\/www.comenia-script.com\/#\/schema\/logo\/image\/","url":"https:\/\/www.comenia-script.com\/wp-content\/uploads\/2020\/11\/cropped-logo_CS_napis_03_54pxl_240.jpg","contentUrl":"https:\/\/www.comenia-script.com\/wp-content\/uploads\/2020\/11\/cropped-logo_CS_napis_03_54pxl_240.jpg","width":275,"height":54,"caption":"Comenia Script\u00ae"},"image":{"@id":"https:\/\/www.comenia-script.com\/#\/schema\/logo\/image\/"},"sameAs":["https:\/\/cs.wikipedia.org\/wiki\/Comenia_Script"]}]}},"jetpack_sharing_enabled":true,"_links":{"self":[{"href":"https:\/\/www.comenia-script.com\/en\/wp-json\/wp\/v2\/pages\/914","targetHints":{"allow":["GET"]}}],"collection":[{"href":"https:\/\/www.comenia-script.com\/en\/wp-json\/wp\/v2\/pages"}],"about":[{"href":"https:\/\/www.comenia-script.com\/en\/wp-json\/wp\/v2\/types\/page"}],"author":[{"embeddable":true,"href":"https:\/\/www.comenia-script.com\/en\/wp-json\/wp\/v2\/users\/2"}],"replies":[{"embeddable":true,"href":"https:\/\/www.comenia-script.com\/en\/wp-json\/wp\/v2\/comments?post=914"}],"version-history":[{"count":11,"href":"https:\/\/www.comenia-script.com\/en\/wp-json\/wp\/v2\/pages\/914\/revisions"}],"predecessor-version":[{"id":2417,"href":"https:\/\/www.comenia-script.com\/en\/wp-json\/wp\/v2\/pages\/914\/revisions\/2417"}],"wp:attachment":[{"href":"https:\/\/www.comenia-script.com\/en\/wp-json\/wp\/v2\/media?parent=914"}],"curies":[{"name":"wp","href":"https:\/\/api.w.org\/{rel}","templated":true}]}}