{"id":908,"date":"2020-11-03T13:21:16","date_gmt":"2020-11-03T12:21:16","guid":{"rendered":"http:\/\/www.comenia-script.com\/didakticke-pomucky-pro-2-a-3-rocnik\/"},"modified":"2021-04-21T15:05:03","modified_gmt":"2021-04-21T13:05:03","slug":"didakticke-pomucky-pro-2-a-3-rocnik","status":"publish","type":"page","link":"https:\/\/www.comenia-script.com\/en\/didakticke-pomucky-pro-2-a-3-rocnik\/","title":{"rendered":"Teaching materials for the 2nd and 3th grade"},"content":{"rendered":"\n<div class=\"wp-block-cover alignfull has-background-dim-30 has-background-dim\" style=\"background-image:url(https:\/\/www.comenia-script.com\/wp-content\/uploads\/2020\/11\/DSC_0099_u.jpg)\"><div class=\"wp-block-cover__inner-container is-layout-flow wp-block-cover-is-layout-flow\">\n<p class=\"has-text-align-center has-3-xl-font-size\">Travel around the world with Comenia Script<sup>\u00ae<\/sup> copybooks<\/p>\n<\/div><\/div>\n\n\n\n<p><\/p>\n\n\n\n<blockquote class=\"wp-block-quote is-layout-flow wp-block-quote-is-layout-flow\"><p>We already learned to write in the 1st grade: what if we now travel around the world with writing? During the practice of writing, we will visit many countries, discover interesting places and learn a lot of foreign words&#8230; Our guide will be <em>\u201cPly\u0161\u00e1k\u201c the Mouse<\/em>.<\/p><\/blockquote>\n\n\n\n<div class=\"wp-block-image\"><figure class=\"aligncenter size-large is-resized\"><img loading=\"lazy\" decoding=\"async\" src=\"https:\/\/www.comenia-script.com\/wp-content\/uploads\/2020\/11\/Mysak_web.jpg\" alt=\"\" class=\"wp-image-1423\" width=\"409\" height=\"149\" srcset=\"https:\/\/www.comenia-script.com\/wp-content\/uploads\/2020\/11\/Mysak_web.jpg 850w, https:\/\/www.comenia-script.com\/wp-content\/uploads\/2020\/11\/Mysak_web-300x110.jpg 300w, https:\/\/www.comenia-script.com\/wp-content\/uploads\/2020\/11\/Mysak_web-768x282.jpg 768w\" sizes=\"auto, (max-width: 409px) 100vw, 409px\" \/><\/figure><\/div>\n\n\n\n<p><span class=\"has-inline-color has-dark-color\"><strong>U<\/strong><\/span><strong><span class=\"has-inline-color has-dark-color\">m\u00edm ps\u00e1t na cest\u00e1ch 1, 2 <\/span><\/strong><span class=\"has-inline-color has-dark-color\">\/<em> I can write on the road 1, 2 (copybook)<\/em><\/span><br>Two copybooks for Comenia Script<sup>\u00ae<\/sup> writing practice. The copybook is conceived as a trip around the world. With each letter, the children visit one country, which is linked to one letter. The copybook is traditional in that students repeat the writing of letters they already know from the 1st grade, fix the correct shapes, but also the correct proportions of the alphabet, regular inclination, correct spaces, etc. One page in the copybook represents one letter and one country.<br>On each page you will find exercises for copy and transcription. In addition, there are short exercises, such as self-dictation, completing the correct diacritical marks, puzzles, various interesting things, etc. A4 format, 2 x 32 pages. <a href=\"https:\/\/www.booktook.cz\/p\/umim-psat-na-cestach-1-2-dil-pisanka-pro-2-rocnik-zs-pisanka-pro-2-rocnik-zakladni-skoly\/\">> Order (CZ)<\/a><\/p>\n\n\n\n<div class=\"wp-block-image\"><figure class=\"aligncenter size-large is-resized\"><img loading=\"lazy\" decoding=\"async\" src=\"https:\/\/www.comenia-script.com\/wp-content\/uploads\/2020\/11\/2_obalky_Umim-psat-1024x746.jpg\" alt=\"\" class=\"wp-image-1426\" width=\"555\" height=\"404\" srcset=\"https:\/\/www.comenia-script.com\/wp-content\/uploads\/2020\/11\/2_obalky_Umim-psat-1024x746.jpg 1024w, https:\/\/www.comenia-script.com\/wp-content\/uploads\/2020\/11\/2_obalky_Umim-psat-300x219.jpg 300w, https:\/\/www.comenia-script.com\/wp-content\/uploads\/2020\/11\/2_obalky_Umim-psat-768x560.jpg 768w, https:\/\/www.comenia-script.com\/wp-content\/uploads\/2020\/11\/2_obalky_Umim-psat-1536x1120.jpg 1536w, https:\/\/www.comenia-script.com\/wp-content\/uploads\/2020\/11\/2_obalky_Umim-psat.jpg 1918w\" sizes=\"auto, (max-width: 555px) 100vw, 555px\" \/><\/figure><\/div>\n\n\n\n<div class=\"wp-block-image\"><figure class=\"aligncenter size-large is-resized\"><img loading=\"lazy\" decoding=\"async\" src=\"https:\/\/www.comenia-script.com\/wp-content\/uploads\/2020\/11\/pisanka_Egypt_francie-1024x722.jpg\" alt=\"\" class=\"wp-image-1429\" width=\"594\" height=\"419\" srcset=\"https:\/\/www.comenia-script.com\/wp-content\/uploads\/2020\/11\/pisanka_Egypt_francie-1024x722.jpg 1024w, https:\/\/www.comenia-script.com\/wp-content\/uploads\/2020\/11\/pisanka_Egypt_francie-300x211.jpg 300w, https:\/\/www.comenia-script.com\/wp-content\/uploads\/2020\/11\/pisanka_Egypt_francie-768x541.jpg 768w, https:\/\/www.comenia-script.com\/wp-content\/uploads\/2020\/11\/pisanka_Egypt_francie-1536x1082.jpg 1536w, https:\/\/www.comenia-script.com\/wp-content\/uploads\/2020\/11\/pisanka_Egypt_francie.jpg 1984w\" sizes=\"auto, (max-width: 594px) 100vw, 594px\" \/><figcaption>I can write on the road 1, 2 (copybook)<\/figcaption><\/figure><\/div>\n\n\n\n<p><strong><span class=\"has-inline-color has-dark-color\">Se\u0161it A5 pro 2. ro\u010dn\u00edk <\/span><\/strong><span class=\"has-inline-color has-dark-color\">\/<\/span><strong><span class=\"has-inline-color has-dark-color\"> <\/span><\/strong><span class=\"has-inline-color has-dark-color\"><em>Workbook A5 for the 2nd grade<\/em><\/span><br>Workbook with Comenia Script<sup>\u00ae<\/sup> style line. A5 format, 32 pages. <a href=\"https:\/\/www.booktook.cz\/p\/sesit-a5-comenia-script-pro-2-rocnik-zs-s-liniaturou\/\">> Order<\/a><\/p>\n\n\n\n<div class=\"wp-block-image\"><figure class=\"aligncenter size-large is-resized\"><img loading=\"lazy\" decoding=\"async\" src=\"https:\/\/www.comenia-script.com\/wp-content\/uploads\/2020\/11\/sesit_2.roc_.ukazka-1.jpg\" alt=\"\" class=\"wp-image-513\" width=\"565\" height=\"360\" srcset=\"https:\/\/www.comenia-script.com\/wp-content\/uploads\/2020\/11\/sesit_2.roc_.ukazka-1.jpg 891w, https:\/\/www.comenia-script.com\/wp-content\/uploads\/2020\/11\/sesit_2.roc_.ukazka-1-300x191.jpg 300w, https:\/\/www.comenia-script.com\/wp-content\/uploads\/2020\/11\/sesit_2.roc_.ukazka-1-768x490.jpg 768w\" sizes=\"auto, (max-width: 565px) 100vw, 565px\" \/><figcaption><em>\u201c<\/em>Orange workbook<em>\u201c<\/em> for the 2nd grade<\/figcaption><\/figure><\/div>\n\n\n\n<p><strong><span class=\"has-inline-color has-dark-color\">Z\u00e1lo\u017eka s abecedou pro 2. ro\u010dn\u00edk <\/span><\/strong><span class=\"has-inline-color has-dark-color\">\/<\/span><strong><span class=\"has-inline-color has-dark-color\"> <\/span><\/strong><span class=\"has-inline-color has-dark-color\"><em>Bookmark with alphabet for 2nd grade<\/em><\/span><br>A reduced version of the alphabet on a strip of paper that will fit in any Comenia Script<sup>\u00ae<\/sup> copybook . The writing model for the 2nd grade is slanted, and contains shape variants (4 x 29.7 cm). <a href=\"https:\/\/www.booktook.cz\/p\/zalozka-s-abecedou-2-rocnik-9788087201007\/\">> Order (CZ)<\/a><\/p>\n\n\n\n<div class=\"wp-block-image\"><figure class=\"aligncenter size-large is-resized\"><img loading=\"lazy\" decoding=\"async\" src=\"https:\/\/www.comenia-script.com\/wp-content\/uploads\/2020\/11\/zalozka_2.roc_.ukazka-1-1024x221.jpg\" alt=\"\" class=\"wp-image-768\" width=\"657\" height=\"141\" srcset=\"https:\/\/www.comenia-script.com\/wp-content\/uploads\/2020\/11\/zalozka_2.roc_.ukazka-1-1024x221.jpg 1024w, https:\/\/www.comenia-script.com\/wp-content\/uploads\/2020\/11\/zalozka_2.roc_.ukazka-1-300x65.jpg 300w, https:\/\/www.comenia-script.com\/wp-content\/uploads\/2020\/11\/zalozka_2.roc_.ukazka-1-768x165.jpg 768w, https:\/\/www.comenia-script.com\/wp-content\/uploads\/2020\/11\/zalozka_2.roc_.ukazka-1.jpg 1193w\" sizes=\"auto, (max-width: 657px) 100vw, 657px\" \/><figcaption>Bookmark with alphabet for 2nd grade<\/figcaption><\/figure><\/div>\n\n\n\n<div style=\"height:21px\" aria-hidden=\"true\" class=\"wp-block-spacer\"><\/div>\n\n\n\n<blockquote class=\"wp-block-quote is-layout-flow wp-block-quote-is-layout-flow\"><p>We don\u2019t stop traveling in the third grade, but this time we will travel through the history of writing! As we practice writing, we will discover different writing styles of the world, decipher old inscriptions, and learn a lot of new things \u2026 our guide will be <em>Ka\u0148ka Inkoustov\u00e1 (the Ink Blot)<\/em>.<\/p><\/blockquote>\n\n\n\n<div class=\"wp-block-image\"><figure class=\"aligncenter size-large is-resized\"><img loading=\"lazy\" decoding=\"async\" src=\"https:\/\/www.comenia-script.com\/wp-content\/uploads\/2020\/11\/Kanka_web-1.jpg\" alt=\"\" class=\"wp-image-1447\" width=\"421\" height=\"136\" srcset=\"https:\/\/www.comenia-script.com\/wp-content\/uploads\/2020\/11\/Kanka_web-1.jpg 756w, https:\/\/www.comenia-script.com\/wp-content\/uploads\/2020\/11\/Kanka_web-1-300x98.jpg 300w\" sizes=\"auto, (max-width: 421px) 100vw, 421px\" \/><\/figure><\/div>\n\n\n\n<p><span class=\"has-inline-color has-dark-color\"><strong>Putujeme za p\u00edsmem<\/strong> \/<strong> <\/strong><em>We are traveling for writing (copybook for the 3rd to 9th grade)<\/em><\/span><br>The full-color and richly illustrated copybook follows the copybook <em>\u201cI can write\u201d<\/em> and <em>\u201cI can write on the road.\u201d<\/em> The copybook is intended for pupils in the 3rd to 9th grade and gives an insight into the history of writing. It allows you to travel through time from the beginnings of writing to the present. Pupils will get acquainted with various forms of Latin script, but also with the script of other cultures and areas. The aim of the copybook is to arouse children\u2019s interest in writing, handwriting styles, and written communication. A4 format, 48 pages. <a href=\"https:\/\/www.booktook.cz\/p\/putujeme-za-pismem-pisanka-pro-3-az-9-rocnik-9788087201145\/\">> Order (CZ)<\/a><\/p>\n\n\n\n<div class=\"wp-block-image\"><figure class=\"aligncenter size-large is-resized\"><img loading=\"lazy\" decoding=\"async\" src=\"https:\/\/www.comenia-script.com\/wp-content\/uploads\/2020\/11\/Putujeme_obalka_str.4-5-1024x459.jpg\" alt=\"\" class=\"wp-image-519\" width=\"823\" height=\"368\" srcset=\"https:\/\/www.comenia-script.com\/wp-content\/uploads\/2020\/11\/Putujeme_obalka_str.4-5-1024x459.jpg 1024w, https:\/\/www.comenia-script.com\/wp-content\/uploads\/2020\/11\/Putujeme_obalka_str.4-5-300x135.jpg 300w, https:\/\/www.comenia-script.com\/wp-content\/uploads\/2020\/11\/Putujeme_obalka_str.4-5-768x344.jpg 768w, https:\/\/www.comenia-script.com\/wp-content\/uploads\/2020\/11\/Putujeme_obalka_str.4-5-1536x689.jpg 1536w, https:\/\/www.comenia-script.com\/wp-content\/uploads\/2020\/11\/Putujeme_obalka_str.4-5-2048x918.jpg 2048w\" sizes=\"auto, (max-width: 823px) 100vw, 823px\" \/><\/figure><\/div>\n\n\n\n<div class=\"wp-block-image\"><figure class=\"aligncenter size-large is-resized\"><img loading=\"lazy\" decoding=\"async\" src=\"https:\/\/www.comenia-script.com\/wp-content\/uploads\/2020\/11\/Germanske_runy_dvojstrana-1024x722.jpg\" alt=\"\" class=\"wp-image-1441\" width=\"672\" height=\"474\" srcset=\"https:\/\/www.comenia-script.com\/wp-content\/uploads\/2020\/11\/Germanske_runy_dvojstrana-1024x722.jpg 1024w, https:\/\/www.comenia-script.com\/wp-content\/uploads\/2020\/11\/Germanske_runy_dvojstrana-300x211.jpg 300w, https:\/\/www.comenia-script.com\/wp-content\/uploads\/2020\/11\/Germanske_runy_dvojstrana-768x541.jpg 768w, https:\/\/www.comenia-script.com\/wp-content\/uploads\/2020\/11\/Germanske_runy_dvojstrana-1536x1082.jpg 1536w, https:\/\/www.comenia-script.com\/wp-content\/uploads\/2020\/11\/Germanske_runy_dvojstrana.jpg 1984w\" sizes=\"auto, (max-width: 672px) 100vw, 672px\" \/><figcaption>We are traveling for writing (copybook)<\/figcaption><\/figure><\/div>\n\n\n\n<hr class=\"wp-block-separator\"\/>\n\n\n\n<p><\/p>\n","protected":false},"excerpt":{"rendered":"<p>We already learned to write in the 1st grade: what if we now travel around the world with writing? During the practice of writing, we will visit many countries, discover interesting places and learn a lot of foreign words&#8230; Our guide will be \u201cPly\u0161\u00e1k\u201c the Mouse. Um\u00edm ps\u00e1t na cest\u00e1ch 1, 2 \/ I can&hellip;<\/p>\n<p class=\"more\"><a class=\"more-link\" href=\"https:\/\/www.comenia-script.com\/en\/didakticke-pomucky-pro-2-a-3-rocnik\/\">Continue reading <span class=\"screen-reader-text\">Teaching materials for the 2nd and 3th grade<\/span><\/a><\/p>\n","protected":false},"author":2,"featured_media":0,"parent":0,"menu_order":0,"comment_status":"closed","ping_status":"closed","template":"","meta":{"footnotes":""},"class_list":["post-908","page","type-page","status-publish","hentry","entry"],"yoast_head":"<!-- This site is optimized with the Yoast SEO plugin v27.4 - https:\/\/yoast.com\/product\/yoast-seo-wordpress\/ -->\n<title>Teaching materials for the 2nd and 3th grade - Comenia Script\u00ae<\/title>\n<meta name=\"robots\" content=\"index, follow, max-snippet:-1, max-image-preview:large, max-video-preview:-1\" \/>\n<link rel=\"canonical\" href=\"https:\/\/www.comenia-script.com\/en\/didakticke-pomucky-pro-2-a-3-rocnik\/\" \/>\n<meta property=\"og:locale\" content=\"en_US\" \/>\n<meta property=\"og:type\" content=\"article\" \/>\n<meta property=\"og:title\" content=\"Teaching materials for the 2nd and 3th grade - Comenia Script\u00ae\" \/>\n<meta property=\"og:description\" content=\"We already learned to write in the 1st grade: what if we now travel around the world with writing? During the practice of writing, we will visit many countries, discover interesting places and learn a lot of foreign words&#8230; Our guide will be \u201cPly\u0161\u00e1k\u201c the Mouse. Um\u00edm ps\u00e1t na cest\u00e1ch 1, 2 \/ I can&hellip;Continue reading Teaching materials for the 2nd and 3th grade\" \/>\n<meta property=\"og:url\" content=\"https:\/\/www.comenia-script.com\/en\/didakticke-pomucky-pro-2-a-3-rocnik\/\" \/>\n<meta property=\"og:site_name\" content=\"Comenia Script\u00ae\" \/>\n<meta property=\"article:modified_time\" content=\"2021-04-21T13:05:03+00:00\" \/>\n<meta property=\"og:image\" content=\"https:\/\/www.comenia-script.com\/wp-content\/uploads\/2020\/11\/Mysak_web.jpg\" \/>\n<meta name=\"twitter:card\" content=\"summary_large_image\" \/>\n<meta name=\"twitter:label1\" content=\"Est. reading time\" \/>\n\t<meta name=\"twitter:data1\" content=\"4 minutes\" \/>\n<script type=\"application\/ld+json\" class=\"yoast-schema-graph\">{\"@context\":\"https:\\\/\\\/schema.org\",\"@graph\":[{\"@type\":\"WebPage\",\"@id\":\"https:\\\/\\\/www.comenia-script.com\\\/en\\\/didakticke-pomucky-pro-2-a-3-rocnik\\\/\",\"url\":\"https:\\\/\\\/www.comenia-script.com\\\/en\\\/didakticke-pomucky-pro-2-a-3-rocnik\\\/\",\"name\":\"Teaching materials for the 2nd and 3th grade - Comenia Script\u00ae\",\"isPartOf\":{\"@id\":\"https:\\\/\\\/www.comenia-script.com\\\/#website\"},\"primaryImageOfPage\":{\"@id\":\"https:\\\/\\\/www.comenia-script.com\\\/en\\\/didakticke-pomucky-pro-2-a-3-rocnik\\\/#primaryimage\"},\"image\":{\"@id\":\"https:\\\/\\\/www.comenia-script.com\\\/en\\\/didakticke-pomucky-pro-2-a-3-rocnik\\\/#primaryimage\"},\"thumbnailUrl\":\"https:\\\/\\\/www.comenia-script.com\\\/wp-content\\\/uploads\\\/2020\\\/11\\\/Mysak_web.jpg\",\"datePublished\":\"2020-11-03T12:21:16+00:00\",\"dateModified\":\"2021-04-21T13:05:03+00:00\",\"breadcrumb\":{\"@id\":\"https:\\\/\\\/www.comenia-script.com\\\/en\\\/didakticke-pomucky-pro-2-a-3-rocnik\\\/#breadcrumb\"},\"inLanguage\":\"en-US\",\"potentialAction\":[{\"@type\":\"ReadAction\",\"target\":[\"https:\\\/\\\/www.comenia-script.com\\\/en\\\/didakticke-pomucky-pro-2-a-3-rocnik\\\/\"]}]},{\"@type\":\"ImageObject\",\"inLanguage\":\"en-US\",\"@id\":\"https:\\\/\\\/www.comenia-script.com\\\/en\\\/didakticke-pomucky-pro-2-a-3-rocnik\\\/#primaryimage\",\"url\":\"https:\\\/\\\/www.comenia-script.com\\\/wp-content\\\/uploads\\\/2020\\\/11\\\/Mysak_web.jpg\",\"contentUrl\":\"https:\\\/\\\/www.comenia-script.com\\\/wp-content\\\/uploads\\\/2020\\\/11\\\/Mysak_web.jpg\"},{\"@type\":\"BreadcrumbList\",\"@id\":\"https:\\\/\\\/www.comenia-script.com\\\/en\\\/didakticke-pomucky-pro-2-a-3-rocnik\\\/#breadcrumb\",\"itemListElement\":[{\"@type\":\"ListItem\",\"position\":1,\"name\":\"Dom\u016f\",\"item\":\"https:\\\/\\\/www.comenia-script.com\\\/en\\\/\"},{\"@type\":\"ListItem\",\"position\":2,\"name\":\"Teaching materials for the 2nd and 3th grade\"}]},{\"@type\":\"WebSite\",\"@id\":\"https:\\\/\\\/www.comenia-script.com\\\/#website\",\"url\":\"https:\\\/\\\/www.comenia-script.com\\\/\",\"name\":\"Comenia Script\u00ae\",\"description\":\"psac\u00ed p\u00edsmo pro d\u011bti\",\"publisher\":{\"@id\":\"https:\\\/\\\/www.comenia-script.com\\\/#organization\"},\"potentialAction\":[{\"@type\":\"SearchAction\",\"target\":{\"@type\":\"EntryPoint\",\"urlTemplate\":\"https:\\\/\\\/www.comenia-script.com\\\/?s={search_term_string}\"},\"query-input\":{\"@type\":\"PropertyValueSpecification\",\"valueRequired\":true,\"valueName\":\"search_term_string\"}}],\"inLanguage\":\"en-US\"},{\"@type\":\"Organization\",\"@id\":\"https:\\\/\\\/www.comenia-script.com\\\/#organization\",\"name\":\"Comenia Script\u00ae\",\"url\":\"https:\\\/\\\/www.comenia-script.com\\\/\",\"logo\":{\"@type\":\"ImageObject\",\"inLanguage\":\"en-US\",\"@id\":\"https:\\\/\\\/www.comenia-script.com\\\/#\\\/schema\\\/logo\\\/image\\\/\",\"url\":\"https:\\\/\\\/www.comenia-script.com\\\/wp-content\\\/uploads\\\/2020\\\/11\\\/cropped-logo_CS_napis_03_54pxl_240.jpg\",\"contentUrl\":\"https:\\\/\\\/www.comenia-script.com\\\/wp-content\\\/uploads\\\/2020\\\/11\\\/cropped-logo_CS_napis_03_54pxl_240.jpg\",\"width\":275,\"height\":54,\"caption\":\"Comenia Script\u00ae\"},\"image\":{\"@id\":\"https:\\\/\\\/www.comenia-script.com\\\/#\\\/schema\\\/logo\\\/image\\\/\"},\"sameAs\":[\"https:\\\/\\\/cs.wikipedia.org\\\/wiki\\\/Comenia_Script\"]}]}<\/script>\n<!-- \/ Yoast SEO plugin. -->","yoast_head_json":{"title":"Teaching materials for the 2nd and 3th grade - Comenia Script\u00ae","robots":{"index":"index","follow":"follow","max-snippet":"max-snippet:-1","max-image-preview":"max-image-preview:large","max-video-preview":"max-video-preview:-1"},"canonical":"https:\/\/www.comenia-script.com\/en\/didakticke-pomucky-pro-2-a-3-rocnik\/","og_locale":"en_US","og_type":"article","og_title":"Teaching materials for the 2nd and 3th grade - Comenia Script\u00ae","og_description":"We already learned to write in the 1st grade: what if we now travel around the world with writing? During the practice of writing, we will visit many countries, discover interesting places and learn a lot of foreign words&#8230; Our guide will be \u201cPly\u0161\u00e1k\u201c the Mouse. Um\u00edm ps\u00e1t na cest\u00e1ch 1, 2 \/ I can&hellip;Continue reading Teaching materials for the 2nd and 3th grade","og_url":"https:\/\/www.comenia-script.com\/en\/didakticke-pomucky-pro-2-a-3-rocnik\/","og_site_name":"Comenia Script\u00ae","article_modified_time":"2021-04-21T13:05:03+00:00","og_image":[{"url":"https:\/\/www.comenia-script.com\/wp-content\/uploads\/2020\/11\/Mysak_web.jpg","type":"","width":"","height":""}],"twitter_card":"summary_large_image","twitter_misc":{"Est. reading time":"4 minutes"},"schema":{"@context":"https:\/\/schema.org","@graph":[{"@type":"WebPage","@id":"https:\/\/www.comenia-script.com\/en\/didakticke-pomucky-pro-2-a-3-rocnik\/","url":"https:\/\/www.comenia-script.com\/en\/didakticke-pomucky-pro-2-a-3-rocnik\/","name":"Teaching materials for the 2nd and 3th grade - Comenia Script\u00ae","isPartOf":{"@id":"https:\/\/www.comenia-script.com\/#website"},"primaryImageOfPage":{"@id":"https:\/\/www.comenia-script.com\/en\/didakticke-pomucky-pro-2-a-3-rocnik\/#primaryimage"},"image":{"@id":"https:\/\/www.comenia-script.com\/en\/didakticke-pomucky-pro-2-a-3-rocnik\/#primaryimage"},"thumbnailUrl":"https:\/\/www.comenia-script.com\/wp-content\/uploads\/2020\/11\/Mysak_web.jpg","datePublished":"2020-11-03T12:21:16+00:00","dateModified":"2021-04-21T13:05:03+00:00","breadcrumb":{"@id":"https:\/\/www.comenia-script.com\/en\/didakticke-pomucky-pro-2-a-3-rocnik\/#breadcrumb"},"inLanguage":"en-US","potentialAction":[{"@type":"ReadAction","target":["https:\/\/www.comenia-script.com\/en\/didakticke-pomucky-pro-2-a-3-rocnik\/"]}]},{"@type":"ImageObject","inLanguage":"en-US","@id":"https:\/\/www.comenia-script.com\/en\/didakticke-pomucky-pro-2-a-3-rocnik\/#primaryimage","url":"https:\/\/www.comenia-script.com\/wp-content\/uploads\/2020\/11\/Mysak_web.jpg","contentUrl":"https:\/\/www.comenia-script.com\/wp-content\/uploads\/2020\/11\/Mysak_web.jpg"},{"@type":"BreadcrumbList","@id":"https:\/\/www.comenia-script.com\/en\/didakticke-pomucky-pro-2-a-3-rocnik\/#breadcrumb","itemListElement":[{"@type":"ListItem","position":1,"name":"Dom\u016f","item":"https:\/\/www.comenia-script.com\/en\/"},{"@type":"ListItem","position":2,"name":"Teaching materials for the 2nd and 3th grade"}]},{"@type":"WebSite","@id":"https:\/\/www.comenia-script.com\/#website","url":"https:\/\/www.comenia-script.com\/","name":"Comenia Script\u00ae","description":"psac\u00ed p\u00edsmo pro d\u011bti","publisher":{"@id":"https:\/\/www.comenia-script.com\/#organization"},"potentialAction":[{"@type":"SearchAction","target":{"@type":"EntryPoint","urlTemplate":"https:\/\/www.comenia-script.com\/?s={search_term_string}"},"query-input":{"@type":"PropertyValueSpecification","valueRequired":true,"valueName":"search_term_string"}}],"inLanguage":"en-US"},{"@type":"Organization","@id":"https:\/\/www.comenia-script.com\/#organization","name":"Comenia Script\u00ae","url":"https:\/\/www.comenia-script.com\/","logo":{"@type":"ImageObject","inLanguage":"en-US","@id":"https:\/\/www.comenia-script.com\/#\/schema\/logo\/image\/","url":"https:\/\/www.comenia-script.com\/wp-content\/uploads\/2020\/11\/cropped-logo_CS_napis_03_54pxl_240.jpg","contentUrl":"https:\/\/www.comenia-script.com\/wp-content\/uploads\/2020\/11\/cropped-logo_CS_napis_03_54pxl_240.jpg","width":275,"height":54,"caption":"Comenia Script\u00ae"},"image":{"@id":"https:\/\/www.comenia-script.com\/#\/schema\/logo\/image\/"},"sameAs":["https:\/\/cs.wikipedia.org\/wiki\/Comenia_Script"]}]}},"jetpack_sharing_enabled":true,"_links":{"self":[{"href":"https:\/\/www.comenia-script.com\/en\/wp-json\/wp\/v2\/pages\/908","targetHints":{"allow":["GET"]}}],"collection":[{"href":"https:\/\/www.comenia-script.com\/en\/wp-json\/wp\/v2\/pages"}],"about":[{"href":"https:\/\/www.comenia-script.com\/en\/wp-json\/wp\/v2\/types\/page"}],"author":[{"embeddable":true,"href":"https:\/\/www.comenia-script.com\/en\/wp-json\/wp\/v2\/users\/2"}],"replies":[{"embeddable":true,"href":"https:\/\/www.comenia-script.com\/en\/wp-json\/wp\/v2\/comments?post=908"}],"version-history":[{"count":24,"href":"https:\/\/www.comenia-script.com\/en\/wp-json\/wp\/v2\/pages\/908\/revisions"}],"predecessor-version":[{"id":2415,"href":"https:\/\/www.comenia-script.com\/en\/wp-json\/wp\/v2\/pages\/908\/revisions\/2415"}],"wp:attachment":[{"href":"https:\/\/www.comenia-script.com\/en\/wp-json\/wp\/v2\/media?parent=908"}],"curies":[{"name":"wp","href":"https:\/\/api.w.org\/{rel}","templated":true}]}}