{"id":1664,"date":"2020-11-12T14:47:28","date_gmt":"2020-11-12T13:47:28","guid":{"rendered":"http:\/\/www.comenia-script.com\/3d-pomucky-1-rocnik\/"},"modified":"2021-04-21T15:02:12","modified_gmt":"2021-04-21T13:02:12","slug":"3d-pomucky-1-rocnik","status":"publish","type":"page","link":"https:\/\/www.comenia-script.com\/en\/3d-pomucky-1-rocnik\/","title":{"rendered":"3D tools for the 1st grade"},"content":{"rendered":"\n<div class=\"wp-block-cover alignfull has-background-dim-30 has-background-dim\" style=\"background-image:url(https:\/\/www.comenia-script.com\/wp-content\/uploads\/2020\/11\/Hmat-pismena_volna_01.jpg);background-position:48% 48%\"><div class=\"wp-block-cover__inner-container is-layout-flow wp-block-cover-is-layout-flow\">\n<p class=\"has-text-align-center has-3-xl-font-size\">Feel the shapes of Comenia Script<sup>\u00ae<\/sup> letters with Tactile letters<\/p>\n<\/div><\/div>\n\n\n\n<div style=\"height:33px\" aria-hidden=\"true\" class=\"wp-block-spacer\"><\/div>\n\n\n\n<p>We have developed and tuned them with Didactive for quite some time to be perfect in every detail. It is a set of all letters and numbers of the Comenia Script<sup>\u00ae<\/sup> alphabet in a plastic 3D design. I hope the children like our <em>Tactile Letters!<\/em><\/p>\n\n\n\n<p><strong><span class=\"has-inline-color has-dark-color\">Hmatov\u00e1 p\u00edsmena Comenia Script<sup>\u00ae<\/sup> na desti\u010dce<\/span><\/strong> <span class=\"has-inline-color has-dark-color\">\/ <em>Comenia Script<sup>\u00ae<\/sup> tactile letters on cards<\/em><\/span><br>This is a set of all letters and numerals of the Comenia Script<sup>\u00ae<\/sup> alphabet. The cards are white with a height of 140 mm and a width corresponding to the width of the letter. On each card there is a letter that protrudes about 2 mm above the surface of the card. It is therefore easy to follow the individual strokes that make up a letter with your finger. The writing baseline and an arrow indicating the beginning and direction of the first stroke are marked in blue on the plate.<br><\/p>\n\n\n\n<p>We also did not forget the <em>left-handed strokes<\/em>, which are indicated on separate cards by a symbol of a blue left hand..<\/p>\n\n\n\n<figure class=\"wp-block-image size-large\"><img loading=\"lazy\" decoding=\"async\" width=\"1024\" height=\"377\" src=\"https:\/\/www.comenia-script.com\/wp-content\/uploads\/2020\/11\/Hmat-pismena_desic-1-1024x377.jpg\" alt=\"\" class=\"wp-image-1176\" srcset=\"https:\/\/www.comenia-script.com\/wp-content\/uploads\/2020\/11\/Hmat-pismena_desic-1-1024x377.jpg 1024w, https:\/\/www.comenia-script.com\/wp-content\/uploads\/2020\/11\/Hmat-pismena_desic-1-300x111.jpg 300w, https:\/\/www.comenia-script.com\/wp-content\/uploads\/2020\/11\/Hmat-pismena_desic-1-768x283.jpg 768w, https:\/\/www.comenia-script.com\/wp-content\/uploads\/2020\/11\/Hmat-pismena_desic-1-1536x566.jpg 1536w, https:\/\/www.comenia-script.com\/wp-content\/uploads\/2020\/11\/Hmat-pismena_desic-1-2048x754.jpg 2048w\" sizes=\"auto, (max-width: 1024px) 100vw, 1024px\" \/><figcaption>Comenia Script<sup>\u00ae<\/sup> tactile letters on cards<\/figcaption><\/figure>\n\n\n\n<div style=\"height:20px\" aria-hidden=\"true\" class=\"wp-block-spacer\"><\/div>\n\n\n\n<blockquote class=\"wp-block-quote is-layout-flow wp-block-quote-is-layout-flow\"><p>Suitable for the 1st grade of elementary school (6 to 7 years), or for older children with special educational needs: <span class=\"has-inline-color has-light-color\">Exercises to free up the hand \/ first writing practice \/ practice of the correct shape and procedure for writing letters \/ play using touch (e.g., cognition of letters,\u2026)<\/span><\/p><\/blockquote>\n\n\n\n<p><strong>The following sets can be ordered:<\/strong><br>\u2013 lowercase basic letters<br>\u2013 uppercase letters basic<br>\u2013 lowercase letters with Czech accents<br>\u2013 uppercase letters with Czech accents<br>\u2013 numerals<br>\u2013 complete set of all letters with numerals<\/p>\n\n\n\n<p><a href=\"https:\/\/eshop.didactive.cz\/comenia_script_desticka\">&gt; Order<\/a><\/p>\n\n\n\n<hr class=\"wp-block-separator\"\/>\n\n\n\n<div style=\"height:33px\" aria-hidden=\"true\" class=\"wp-block-spacer\"><\/div>\n\n\n\n<p><strong><span class=\"has-inline-color has-dark-color\">Hmatov\u00e1 p\u00edsmena Comenia Script<sup>\u00ae<\/sup> voln\u00e1<\/span><\/strong> <span class=\"has-inline-color has-dark-color\">\/ <em>Free-standing Comenia Script<sup>\u00ae<\/sup> tactile letters <\/em><\/span><br>The letters are 50 mm (a series of lowercase letters) and 75 mm (a series of uppercase letters), respectively. Vowels are red, consonants black. For the letters \u201ci, j\u201d and for variants with accents, the diacritical marks are attached to the letter with a transparent connector.<\/p>\n\n\n\n<figure class=\"wp-block-image size-large is-resized\"><img loading=\"lazy\" decoding=\"async\" src=\"https:\/\/www.comenia-script.com\/wp-content\/uploads\/2020\/11\/Hmat-pismena_volna_02-1-1024x377.jpg\" alt=\"\" class=\"wp-image-1657\" width=\"717\" height=\"265\" srcset=\"https:\/\/www.comenia-script.com\/wp-content\/uploads\/2020\/11\/Hmat-pismena_volna_02-1-1024x377.jpg 1024w, https:\/\/www.comenia-script.com\/wp-content\/uploads\/2020\/11\/Hmat-pismena_volna_02-1-300x111.jpg 300w, https:\/\/www.comenia-script.com\/wp-content\/uploads\/2020\/11\/Hmat-pismena_volna_02-1-768x283.jpg 768w, https:\/\/www.comenia-script.com\/wp-content\/uploads\/2020\/11\/Hmat-pismena_volna_02-1-1536x566.jpg 1536w, https:\/\/www.comenia-script.com\/wp-content\/uploads\/2020\/11\/Hmat-pismena_volna_02-1.jpg 1683w\" sizes=\"auto, (max-width: 717px) 100vw, 717px\" \/><figcaption>Free-standing Comenia Script<sup>\u00ae<\/sup> tactile letters<\/figcaption><\/figure>\n\n\n\n<blockquote class=\"wp-block-quote is-layout-flow wp-block-quote-is-layout-flow\"><p>Suitable for the 1st grade of primary school, possibly also for older children with special educational needs: <span class=\"has-inline-color has-light-color\">Exercises to free up the hand \/ first practice of writing \/ practice of the correct shape and procedure for writing letters \/ play using touch (e.g., cognition of letters,\u2026)<\/span><\/p><\/blockquote>\n\n\n\n<p><strong>The following sets can be ordered:<\/strong><br>\u2013 basic lowercase and uppercase letters<br>\u2013 lowercase and uppercase letters with Czech accents<br>\u2013 numerals<br>\u2013 complete set of all letters with numerals<\/p>\n\n\n\n<p><a href=\"https:\/\/eshop.didactive.cz\/search?search=Hmatov%C3%A1+p%C3%ADsmena+Comenia+Script%C2%AE+voln%C3%A1&amp;search_in_category=\">&gt; Order<\/a><\/p>\n\n\n\n<hr class=\"wp-block-separator has-text-color has-background has-light-background-color has-light-color\"\/>\n\n\n\n<p><\/p>\n","protected":false},"excerpt":{"rendered":"<p>We have developed and tuned them with Didactive for quite some time to be perfect in every detail. It is a set of all letters and numbers of the Comenia Script\u00ae alphabet in a plastic 3D design. I hope the children like our Tactile Letters! Hmatov\u00e1 p\u00edsmena Comenia Script\u00ae na desti\u010dce \/ Comenia Script\u00ae tactile&hellip;<\/p>\n<p class=\"more\"><a class=\"more-link\" href=\"https:\/\/www.comenia-script.com\/en\/3d-pomucky-1-rocnik\/\">Continue reading <span class=\"screen-reader-text\">3D tools for the 1st grade<\/span><\/a><\/p>\n","protected":false},"author":2,"featured_media":0,"parent":0,"menu_order":0,"comment_status":"closed","ping_status":"closed","template":"","meta":{"footnotes":""},"class_list":["post-1664","page","type-page","status-publish","hentry","entry"],"yoast_head":"<!-- This site is optimized with the Yoast SEO plugin v27.4 - https:\/\/yoast.com\/product\/yoast-seo-wordpress\/ -->\n<title>3D tools for the 1st grade - Comenia Script\u00ae<\/title>\n<meta name=\"robots\" content=\"index, follow, max-snippet:-1, max-image-preview:large, max-video-preview:-1\" \/>\n<link rel=\"canonical\" href=\"https:\/\/www.comenia-script.com\/en\/3d-pomucky-1-rocnik\/\" \/>\n<meta property=\"og:locale\" content=\"en_US\" \/>\n<meta property=\"og:type\" content=\"article\" \/>\n<meta property=\"og:title\" content=\"3D tools for the 1st grade - Comenia Script\u00ae\" \/>\n<meta property=\"og:description\" content=\"We have developed and tuned them with Didactive for quite some time to be perfect in every detail. It is a set of all letters and numbers of the Comenia Script\u00ae alphabet in a plastic 3D design. I hope the children like our Tactile Letters! Hmatov\u00e1 p\u00edsmena Comenia Script\u00ae na desti\u010dce \/ Comenia Script\u00ae tactile&hellip;Continue reading 3D tools for the 1st grade\" \/>\n<meta property=\"og:url\" content=\"https:\/\/www.comenia-script.com\/en\/3d-pomucky-1-rocnik\/\" \/>\n<meta property=\"og:site_name\" content=\"Comenia Script\u00ae\" \/>\n<meta property=\"article:modified_time\" content=\"2021-04-21T13:02:12+00:00\" \/>\n<meta property=\"og:image\" content=\"https:\/\/www.comenia-script.com\/wp-content\/uploads\/2020\/11\/Hmat-pismena_desic-1-1024x377.jpg\" \/>\n<meta name=\"twitter:card\" content=\"summary_large_image\" \/>\n<meta name=\"twitter:label1\" content=\"Est. reading time\" \/>\n\t<meta name=\"twitter:data1\" content=\"3 minutes\" \/>\n<script type=\"application\/ld+json\" class=\"yoast-schema-graph\">{\"@context\":\"https:\\\/\\\/schema.org\",\"@graph\":[{\"@type\":\"WebPage\",\"@id\":\"https:\\\/\\\/www.comenia-script.com\\\/en\\\/3d-pomucky-1-rocnik\\\/\",\"url\":\"https:\\\/\\\/www.comenia-script.com\\\/en\\\/3d-pomucky-1-rocnik\\\/\",\"name\":\"3D tools for the 1st grade - Comenia Script\u00ae\",\"isPartOf\":{\"@id\":\"https:\\\/\\\/www.comenia-script.com\\\/#website\"},\"primaryImageOfPage\":{\"@id\":\"https:\\\/\\\/www.comenia-script.com\\\/en\\\/3d-pomucky-1-rocnik\\\/#primaryimage\"},\"image\":{\"@id\":\"https:\\\/\\\/www.comenia-script.com\\\/en\\\/3d-pomucky-1-rocnik\\\/#primaryimage\"},\"thumbnailUrl\":\"https:\\\/\\\/www.comenia-script.com\\\/wp-content\\\/uploads\\\/2020\\\/11\\\/Hmat-pismena_desic-1-1024x377.jpg\",\"datePublished\":\"2020-11-12T13:47:28+00:00\",\"dateModified\":\"2021-04-21T13:02:12+00:00\",\"breadcrumb\":{\"@id\":\"https:\\\/\\\/www.comenia-script.com\\\/en\\\/3d-pomucky-1-rocnik\\\/#breadcrumb\"},\"inLanguage\":\"en-US\",\"potentialAction\":[{\"@type\":\"ReadAction\",\"target\":[\"https:\\\/\\\/www.comenia-script.com\\\/en\\\/3d-pomucky-1-rocnik\\\/\"]}]},{\"@type\":\"ImageObject\",\"inLanguage\":\"en-US\",\"@id\":\"https:\\\/\\\/www.comenia-script.com\\\/en\\\/3d-pomucky-1-rocnik\\\/#primaryimage\",\"url\":\"https:\\\/\\\/www.comenia-script.com\\\/wp-content\\\/uploads\\\/2020\\\/11\\\/Hmat-pismena_desic-1-1024x377.jpg\",\"contentUrl\":\"https:\\\/\\\/www.comenia-script.com\\\/wp-content\\\/uploads\\\/2020\\\/11\\\/Hmat-pismena_desic-1-1024x377.jpg\"},{\"@type\":\"BreadcrumbList\",\"@id\":\"https:\\\/\\\/www.comenia-script.com\\\/en\\\/3d-pomucky-1-rocnik\\\/#breadcrumb\",\"itemListElement\":[{\"@type\":\"ListItem\",\"position\":1,\"name\":\"Dom\u016f\",\"item\":\"https:\\\/\\\/www.comenia-script.com\\\/en\\\/\"},{\"@type\":\"ListItem\",\"position\":2,\"name\":\"3D tools for the 1st grade\"}]},{\"@type\":\"WebSite\",\"@id\":\"https:\\\/\\\/www.comenia-script.com\\\/#website\",\"url\":\"https:\\\/\\\/www.comenia-script.com\\\/\",\"name\":\"Comenia Script\u00ae\",\"description\":\"psac\u00ed p\u00edsmo pro d\u011bti\",\"publisher\":{\"@id\":\"https:\\\/\\\/www.comenia-script.com\\\/#organization\"},\"potentialAction\":[{\"@type\":\"SearchAction\",\"target\":{\"@type\":\"EntryPoint\",\"urlTemplate\":\"https:\\\/\\\/www.comenia-script.com\\\/?s={search_term_string}\"},\"query-input\":{\"@type\":\"PropertyValueSpecification\",\"valueRequired\":true,\"valueName\":\"search_term_string\"}}],\"inLanguage\":\"en-US\"},{\"@type\":\"Organization\",\"@id\":\"https:\\\/\\\/www.comenia-script.com\\\/#organization\",\"name\":\"Comenia Script\u00ae\",\"url\":\"https:\\\/\\\/www.comenia-script.com\\\/\",\"logo\":{\"@type\":\"ImageObject\",\"inLanguage\":\"en-US\",\"@id\":\"https:\\\/\\\/www.comenia-script.com\\\/#\\\/schema\\\/logo\\\/image\\\/\",\"url\":\"https:\\\/\\\/www.comenia-script.com\\\/wp-content\\\/uploads\\\/2020\\\/11\\\/cropped-logo_CS_napis_03_54pxl_240.jpg\",\"contentUrl\":\"https:\\\/\\\/www.comenia-script.com\\\/wp-content\\\/uploads\\\/2020\\\/11\\\/cropped-logo_CS_napis_03_54pxl_240.jpg\",\"width\":275,\"height\":54,\"caption\":\"Comenia Script\u00ae\"},\"image\":{\"@id\":\"https:\\\/\\\/www.comenia-script.com\\\/#\\\/schema\\\/logo\\\/image\\\/\"},\"sameAs\":[\"https:\\\/\\\/cs.wikipedia.org\\\/wiki\\\/Comenia_Script\"]}]}<\/script>\n<!-- \/ Yoast SEO plugin. -->","yoast_head_json":{"title":"3D tools for the 1st grade - Comenia Script\u00ae","robots":{"index":"index","follow":"follow","max-snippet":"max-snippet:-1","max-image-preview":"max-image-preview:large","max-video-preview":"max-video-preview:-1"},"canonical":"https:\/\/www.comenia-script.com\/en\/3d-pomucky-1-rocnik\/","og_locale":"en_US","og_type":"article","og_title":"3D tools for the 1st grade - Comenia Script\u00ae","og_description":"We have developed and tuned them with Didactive for quite some time to be perfect in every detail. It is a set of all letters and numbers of the Comenia Script\u00ae alphabet in a plastic 3D design. I hope the children like our Tactile Letters! Hmatov\u00e1 p\u00edsmena Comenia Script\u00ae na desti\u010dce \/ Comenia Script\u00ae tactile&hellip;Continue reading 3D tools for the 1st grade","og_url":"https:\/\/www.comenia-script.com\/en\/3d-pomucky-1-rocnik\/","og_site_name":"Comenia Script\u00ae","article_modified_time":"2021-04-21T13:02:12+00:00","og_image":[{"url":"https:\/\/www.comenia-script.com\/wp-content\/uploads\/2020\/11\/Hmat-pismena_desic-1-1024x377.jpg","type":"","width":"","height":""}],"twitter_card":"summary_large_image","twitter_misc":{"Est. reading time":"3 minutes"},"schema":{"@context":"https:\/\/schema.org","@graph":[{"@type":"WebPage","@id":"https:\/\/www.comenia-script.com\/en\/3d-pomucky-1-rocnik\/","url":"https:\/\/www.comenia-script.com\/en\/3d-pomucky-1-rocnik\/","name":"3D tools for the 1st grade - Comenia Script\u00ae","isPartOf":{"@id":"https:\/\/www.comenia-script.com\/#website"},"primaryImageOfPage":{"@id":"https:\/\/www.comenia-script.com\/en\/3d-pomucky-1-rocnik\/#primaryimage"},"image":{"@id":"https:\/\/www.comenia-script.com\/en\/3d-pomucky-1-rocnik\/#primaryimage"},"thumbnailUrl":"https:\/\/www.comenia-script.com\/wp-content\/uploads\/2020\/11\/Hmat-pismena_desic-1-1024x377.jpg","datePublished":"2020-11-12T13:47:28+00:00","dateModified":"2021-04-21T13:02:12+00:00","breadcrumb":{"@id":"https:\/\/www.comenia-script.com\/en\/3d-pomucky-1-rocnik\/#breadcrumb"},"inLanguage":"en-US","potentialAction":[{"@type":"ReadAction","target":["https:\/\/www.comenia-script.com\/en\/3d-pomucky-1-rocnik\/"]}]},{"@type":"ImageObject","inLanguage":"en-US","@id":"https:\/\/www.comenia-script.com\/en\/3d-pomucky-1-rocnik\/#primaryimage","url":"https:\/\/www.comenia-script.com\/wp-content\/uploads\/2020\/11\/Hmat-pismena_desic-1-1024x377.jpg","contentUrl":"https:\/\/www.comenia-script.com\/wp-content\/uploads\/2020\/11\/Hmat-pismena_desic-1-1024x377.jpg"},{"@type":"BreadcrumbList","@id":"https:\/\/www.comenia-script.com\/en\/3d-pomucky-1-rocnik\/#breadcrumb","itemListElement":[{"@type":"ListItem","position":1,"name":"Dom\u016f","item":"https:\/\/www.comenia-script.com\/en\/"},{"@type":"ListItem","position":2,"name":"3D tools for the 1st grade"}]},{"@type":"WebSite","@id":"https:\/\/www.comenia-script.com\/#website","url":"https:\/\/www.comenia-script.com\/","name":"Comenia Script\u00ae","description":"psac\u00ed p\u00edsmo pro d\u011bti","publisher":{"@id":"https:\/\/www.comenia-script.com\/#organization"},"potentialAction":[{"@type":"SearchAction","target":{"@type":"EntryPoint","urlTemplate":"https:\/\/www.comenia-script.com\/?s={search_term_string}"},"query-input":{"@type":"PropertyValueSpecification","valueRequired":true,"valueName":"search_term_string"}}],"inLanguage":"en-US"},{"@type":"Organization","@id":"https:\/\/www.comenia-script.com\/#organization","name":"Comenia Script\u00ae","url":"https:\/\/www.comenia-script.com\/","logo":{"@type":"ImageObject","inLanguage":"en-US","@id":"https:\/\/www.comenia-script.com\/#\/schema\/logo\/image\/","url":"https:\/\/www.comenia-script.com\/wp-content\/uploads\/2020\/11\/cropped-logo_CS_napis_03_54pxl_240.jpg","contentUrl":"https:\/\/www.comenia-script.com\/wp-content\/uploads\/2020\/11\/cropped-logo_CS_napis_03_54pxl_240.jpg","width":275,"height":54,"caption":"Comenia Script\u00ae"},"image":{"@id":"https:\/\/www.comenia-script.com\/#\/schema\/logo\/image\/"},"sameAs":["https:\/\/cs.wikipedia.org\/wiki\/Comenia_Script"]}]}},"jetpack_sharing_enabled":true,"_links":{"self":[{"href":"https:\/\/www.comenia-script.com\/en\/wp-json\/wp\/v2\/pages\/1664","targetHints":{"allow":["GET"]}}],"collection":[{"href":"https:\/\/www.comenia-script.com\/en\/wp-json\/wp\/v2\/pages"}],"about":[{"href":"https:\/\/www.comenia-script.com\/en\/wp-json\/wp\/v2\/types\/page"}],"author":[{"embeddable":true,"href":"https:\/\/www.comenia-script.com\/en\/wp-json\/wp\/v2\/users\/2"}],"replies":[{"embeddable":true,"href":"https:\/\/www.comenia-script.com\/en\/wp-json\/wp\/v2\/comments?post=1664"}],"version-history":[{"count":8,"href":"https:\/\/www.comenia-script.com\/en\/wp-json\/wp\/v2\/pages\/1664\/revisions"}],"predecessor-version":[{"id":2413,"href":"https:\/\/www.comenia-script.com\/en\/wp-json\/wp\/v2\/pages\/1664\/revisions\/2413"}],"wp:attachment":[{"href":"https:\/\/www.comenia-script.com\/en\/wp-json\/wp\/v2\/media?parent=1664"}],"curies":[{"name":"wp","href":"https:\/\/api.w.org\/{rel}","templated":true}]}}