{"id":1017,"date":"2020-11-06T13:21:16","date_gmt":"2020-11-06T12:21:16","guid":{"rendered":"http:\/\/www.comenia-script.com\/ke-stazeni\/"},"modified":"2024-08-06T13:50:28","modified_gmt":"2024-08-06T11:50:28","slug":"ke-stazeni","status":"publish","type":"page","link":"https:\/\/www.comenia-script.com\/en\/ke-stazeni\/","title":{"rendered":"Download"},"content":{"rendered":"\n<div class=\"wp-block-cover alignfull is-light\"><span aria-hidden=\"true\" class=\"wp-block-cover__background has-background-dim-40 has-background-dim\"><\/span><img loading=\"lazy\" decoding=\"async\" width=\"1600\" height=\"1067\" class=\"wp-block-cover__image-background wp-image-1247\" src=\"https:\/\/www.comenia-script.com\/wp-content\/uploads\/2020\/11\/Depositphotos_187648700_web.jpg\" data-object-fit=\"cover\" srcset=\"https:\/\/www.comenia-script.com\/wp-content\/uploads\/2020\/11\/Depositphotos_187648700_web.jpg 1600w, https:\/\/www.comenia-script.com\/wp-content\/uploads\/2020\/11\/Depositphotos_187648700_web-300x200.jpg 300w, https:\/\/www.comenia-script.com\/wp-content\/uploads\/2020\/11\/Depositphotos_187648700_web-1024x683.jpg 1024w, https:\/\/www.comenia-script.com\/wp-content\/uploads\/2020\/11\/Depositphotos_187648700_web-768x512.jpg 768w, https:\/\/www.comenia-script.com\/wp-content\/uploads\/2020\/11\/Depositphotos_187648700_web-1536x1024.jpg 1536w\" sizes=\"auto, (max-width: 1600px) 100vw, 1600px\" \/><div class=\"wp-block-cover__inner-container is-layout-flow wp-block-cover-is-layout-flow\">\n<p class=\"has-text-align-center has-3-xl-font-size\">Download files for teaching, practicing writing, or for a presentation at a parent-teacher meeting<\/p>\n<\/div><\/div>\n\n\n\n<div style=\"height:31px\" aria-hidden=\"true\" class=\"wp-block-spacer\"><\/div>\n\n\n\n<p><strong><span class=\"has-inline-color has-dark-color\">Files for teachers:<\/span><\/strong><\/p>\n\n\n\n<div class=\"wp-block-file\"><a id=\"wp-block-file--media-ea1f4865-dd61-4654-8ea7-4777a7ddaaf8\" href=\"http:\/\/www.comenia-script.com\/wp-content\/uploads\/2024\/08\/Motyli_abeceda_metodika_reO_v03.pdf\">Methodology for the textbook \u201eMot\u00fdl\u00ed abeceda \/ <em>Butterfly alphabet<\/em>\u201c (1st grade<\/a><a href=\"http:\/\/www.comenia-script.com\/wp-content\/uploads\/2024\/08\/Motyli_abeceda_metodika_reO_v03.pdf\" class=\"wp-block-file__button wp-element-button\" download aria-describedby=\"wp-block-file--media-ea1f4865-dd61-4654-8ea7-4777a7ddaaf8\">Download<\/a><\/div>\n\n\n\n<div class=\"wp-block-file\"><a id=\"wp-block-file--media-8b90c298-8fce-4ea7-ac3f-17ce53017c5c\" href=\"http:\/\/www.comenia-script.com\/wp-content\/uploads\/2024\/08\/Motyli_slabikar_1.dil_metodika_reO_v03.pdf\">Methodology for the textbook \u201eMot\u00fdl\u00ed slabik\u00e1\u0159 1. d\u00edl \/ <em>Butterfly syllabary<\/em> 1\u201c (1st grade)<\/a><a href=\"http:\/\/www.comenia-script.com\/wp-content\/uploads\/2024\/08\/Motyli_slabikar_1.dil_metodika_reO_v03.pdf\" class=\"wp-block-file__button wp-element-button\" download aria-describedby=\"wp-block-file--media-8b90c298-8fce-4ea7-ac3f-17ce53017c5c\">Download<\/a><\/div>\n\n\n\n<div class=\"wp-block-file\"><a id=\"wp-block-file--media-48ad10e8-ccb1-4c2a-9b46-d9de11ef2c83\" href=\"http:\/\/www.comenia-script.com\/wp-content\/uploads\/2024\/08\/Motyli_slabikar_2.dil_metodika_reO_v04.pdf\">Methodology for the textbook \u201eMot\u00fdl\u00ed slabik\u00e1\u0159 2. d\u00edl \/ <em>Butterfly syllabary<\/em> 2\u201c (1st grade)<\/a><a href=\"http:\/\/www.comenia-script.com\/wp-content\/uploads\/2024\/08\/Motyli_slabikar_2.dil_metodika_reO_v04.pdf\" class=\"wp-block-file__button wp-element-button\" download aria-describedby=\"wp-block-file--media-48ad10e8-ccb1-4c2a-9b46-d9de11ef2c83\">Download<\/a><\/div>\n\n\n\n<div class=\"wp-block-file\"><a href=\"http:\/\/www.comenia-script.com\/wp-content\/uploads\/2020\/11\/metodika-pismena-1-rocnik.pdf\">Methodology for the textbook \u201eP\u00edsmena s p\u00edsni\u010dkou \/ <em>Letters with a song<\/em>\u201c (1st grade)<\/a><a href=\"http:\/\/www.comenia-script.com\/wp-content\/uploads\/2020\/11\/metodika-pismena-1-rocnik.pdf\" class=\"wp-block-file__button wp-element-button\" download>Download<\/a><\/div>\n\n\n\n<div class=\"wp-block-file\"><a href=\"http:\/\/www.comenia-script.com\/wp-content\/uploads\/2020\/11\/Umim-psat-na-cestach-info.pdf\">Guide to the copybook \u201eUm\u00edm ps\u00e1t na cest\u00e1ch \/ I<em> can write on the road<\/em>\u201c (2nd grade)<\/a><a href=\"http:\/\/www.comenia-script.com\/wp-content\/uploads\/2020\/11\/Umim-psat-na-cestach-info.pdf\" class=\"wp-block-file__button wp-element-button\" download>Download<\/a><\/div>\n\n\n\n<div class=\"wp-block-file\"><a href=\"http:\/\/www.comenia-script.com\/wp-content\/uploads\/2020\/11\/Informace_pismo_web.pdf\">Information of the Ministry of Education for schools on the use of connected and unconnected handwriting styles<\/a><a href=\"http:\/\/www.comenia-script.com\/wp-content\/uploads\/2020\/11\/Informace_pismo_web.pdf\" class=\"wp-block-file__button wp-element-button\" download>Download<\/a><\/div>\n\n\n\n<p><strong><span class=\"has-inline-color has-dark-color\">Files for the public:<\/span><\/strong><\/p>\n\n\n\n<div class=\"wp-block-file\"><a href=\"http:\/\/www.comenia-script.com\/wp-content\/uploads\/2020\/11\/Zaverecna_zprava_CS.pdf\">Final report on the experimental verification of the Ministry of Education<\/a><a href=\"http:\/\/www.comenia-script.com\/wp-content\/uploads\/2020\/11\/Zaverecna_zprava_CS.pdf\" class=\"wp-block-file__button wp-element-button\" download>Download<\/a><\/div>\n\n\n\n<div class=\"wp-block-file\"><a href=\"http:\/\/www.comenia-script.com\/wp-content\/uploads\/2021\/03\/Lencova_Comenia_Script-short\u20132021.pdf\">Guide to Comenia Script\u00ae (PDF presentation)<\/a><a href=\"http:\/\/www.comenia-script.com\/wp-content\/uploads\/2021\/03\/Lencova_Comenia_Script-short\u20132021.pdf\" class=\"wp-block-file__button wp-element-button\" download>Download<\/a><\/div>\n\n\n\n<div class=\"wp-block-file\"><a href=\"http:\/\/www.comenia-script.com\/wp-content\/uploads\/2020\/11\/ukazka_CS_1-2.roc_CZ.pdf\">Try to write Comenia Script\u00ae<\/a><a href=\"http:\/\/www.comenia-script.com\/wp-content\/uploads\/2020\/11\/ukazka_CS_1-2.roc_CZ.pdf\" class=\"wp-block-file__button wp-element-button\" download>Download<\/a><\/div>\n\n\n\n<p><strong><span class=\"has-inline-color has-dark-color\">Files for children:<\/span><\/strong><\/p>\n\n\n\n<div class=\"wp-block-file\"><a href=\"http:\/\/www.comenia-script.com\/wp-content\/uploads\/2021\/05\/CS_predskolaci_kveten_pravaci.pdf\">Worksheet for preschoolers \/ May \/ right-handers (CZ)<\/a><a href=\"http:\/\/www.comenia-script.com\/wp-content\/uploads\/2021\/05\/CS_predskolaci_kveten_pravaci.pdf\" class=\"wp-block-file__button wp-element-button\" download>Download<\/a><\/div>\n\n\n\n<div class=\"wp-block-file\"><a href=\"http:\/\/www.comenia-script.com\/wp-content\/uploads\/2021\/05\/CS_predskolaci_kveten_levaci.pdf\">Worksheet for preschoolers \/ May \/ left-handers (CZ)<\/a><a href=\"http:\/\/www.comenia-script.com\/wp-content\/uploads\/2021\/05\/CS_predskolaci_kveten_levaci.pdf\" class=\"wp-block-file__button wp-element-button\" download>Download<\/a><\/div>\n\n\n\n<div class=\"wp-block-file\"><a href=\"http:\/\/www.comenia-script.com\/wp-content\/uploads\/2020\/11\/ukazka_pro_deti_CZ.pdf\">Kids, try to write Comenia Script\u00ae<\/a><a href=\"http:\/\/www.comenia-script.com\/wp-content\/uploads\/2020\/11\/ukazka_pro_deti_CZ.pdf\" class=\"wp-block-file__button wp-element-button\" download>Download<\/a><\/div>\n\n\n\n<div class=\"wp-block-file\"><a href=\"http:\/\/www.comenia-script.com\/wp-content\/uploads\/2020\/11\/CS_prazdniny_1_rocnik.pdf\">Writing for the holidays \/ 1st grade (CZ)<\/a><a href=\"http:\/\/www.comenia-script.com\/wp-content\/uploads\/2020\/11\/CS_prazdniny_1_rocnik.pdf\" class=\"wp-block-file__button wp-element-button\" download>Download<\/a><\/div>\n\n\n\n<div class=\"wp-block-file\"><a href=\"http:\/\/www.comenia-script.com\/wp-content\/uploads\/2020\/11\/CS_prazdniny_2_rocnik.pdf\">Writing for the holidays \/ 2nd grade (CZ)<\/a><a href=\"http:\/\/www.comenia-script.com\/wp-content\/uploads\/2020\/11\/CS_prazdniny_2_rocnik.pdf\" class=\"wp-block-file__button wp-element-button\" download>Download<\/a><\/div>\n\n\n\n<hr class=\"wp-block-separator has-css-opacity\"\/>\n\n\n\n<p><\/p>\n","protected":false},"excerpt":{"rendered":"<p>Files for teachers: Files for the public: Files for children:<\/p>\n","protected":false},"author":2,"featured_media":0,"parent":0,"menu_order":0,"comment_status":"closed","ping_status":"closed","template":"","meta":{"footnotes":""},"class_list":["post-1017","page","type-page","status-publish","hentry","entry"],"yoast_head":"<!-- This site is optimized with the Yoast SEO plugin v27.4 - https:\/\/yoast.com\/product\/yoast-seo-wordpress\/ -->\n<title>Download - Comenia Script\u00ae<\/title>\n<meta name=\"robots\" content=\"index, follow, max-snippet:-1, max-image-preview:large, max-video-preview:-1\" \/>\n<link rel=\"canonical\" href=\"https:\/\/www.comenia-script.com\/en\/ke-stazeni\/\" \/>\n<meta property=\"og:locale\" content=\"en_US\" \/>\n<meta property=\"og:type\" content=\"article\" \/>\n<meta property=\"og:title\" content=\"Download - Comenia Script\u00ae\" \/>\n<meta property=\"og:description\" content=\"Files for teachers: Files for the public: Files for children:\" \/>\n<meta property=\"og:url\" content=\"https:\/\/www.comenia-script.com\/en\/ke-stazeni\/\" \/>\n<meta property=\"og:site_name\" content=\"Comenia Script\u00ae\" \/>\n<meta property=\"article:modified_time\" content=\"2024-08-06T11:50:28+00:00\" \/>\n<meta property=\"og:image\" content=\"https:\/\/www.comenia-script.com\/wp-content\/uploads\/2020\/11\/Depositphotos_187648700_web.jpg\" \/>\n<meta name=\"twitter:card\" content=\"summary_large_image\" \/>\n<meta name=\"twitter:label1\" content=\"Est. reading time\" \/>\n\t<meta name=\"twitter:data1\" content=\"1 minute\" \/>\n<script type=\"application\/ld+json\" class=\"yoast-schema-graph\">{\"@context\":\"https:\\\/\\\/schema.org\",\"@graph\":[{\"@type\":\"WebPage\",\"@id\":\"https:\\\/\\\/www.comenia-script.com\\\/en\\\/ke-stazeni\\\/\",\"url\":\"https:\\\/\\\/www.comenia-script.com\\\/en\\\/ke-stazeni\\\/\",\"name\":\"Download - Comenia Script\u00ae\",\"isPartOf\":{\"@id\":\"https:\\\/\\\/www.comenia-script.com\\\/#website\"},\"primaryImageOfPage\":{\"@id\":\"https:\\\/\\\/www.comenia-script.com\\\/en\\\/ke-stazeni\\\/#primaryimage\"},\"image\":{\"@id\":\"https:\\\/\\\/www.comenia-script.com\\\/en\\\/ke-stazeni\\\/#primaryimage\"},\"thumbnailUrl\":\"https:\\\/\\\/www.comenia-script.com\\\/wp-content\\\/uploads\\\/2020\\\/11\\\/Depositphotos_187648700_web.jpg\",\"datePublished\":\"2020-11-06T12:21:16+00:00\",\"dateModified\":\"2024-08-06T11:50:28+00:00\",\"breadcrumb\":{\"@id\":\"https:\\\/\\\/www.comenia-script.com\\\/en\\\/ke-stazeni\\\/#breadcrumb\"},\"inLanguage\":\"en-US\",\"potentialAction\":[{\"@type\":\"ReadAction\",\"target\":[\"https:\\\/\\\/www.comenia-script.com\\\/en\\\/ke-stazeni\\\/\"]}]},{\"@type\":\"ImageObject\",\"inLanguage\":\"en-US\",\"@id\":\"https:\\\/\\\/www.comenia-script.com\\\/en\\\/ke-stazeni\\\/#primaryimage\",\"url\":\"https:\\\/\\\/www.comenia-script.com\\\/wp-content\\\/uploads\\\/2020\\\/11\\\/Depositphotos_187648700_web.jpg\",\"contentUrl\":\"https:\\\/\\\/www.comenia-script.com\\\/wp-content\\\/uploads\\\/2020\\\/11\\\/Depositphotos_187648700_web.jpg\"},{\"@type\":\"BreadcrumbList\",\"@id\":\"https:\\\/\\\/www.comenia-script.com\\\/en\\\/ke-stazeni\\\/#breadcrumb\",\"itemListElement\":[{\"@type\":\"ListItem\",\"position\":1,\"name\":\"Dom\u016f\",\"item\":\"https:\\\/\\\/www.comenia-script.com\\\/en\\\/\"},{\"@type\":\"ListItem\",\"position\":2,\"name\":\"Download\"}]},{\"@type\":\"WebSite\",\"@id\":\"https:\\\/\\\/www.comenia-script.com\\\/#website\",\"url\":\"https:\\\/\\\/www.comenia-script.com\\\/\",\"name\":\"Comenia Script\u00ae\",\"description\":\"psac\u00ed p\u00edsmo pro d\u011bti\",\"publisher\":{\"@id\":\"https:\\\/\\\/www.comenia-script.com\\\/#organization\"},\"potentialAction\":[{\"@type\":\"SearchAction\",\"target\":{\"@type\":\"EntryPoint\",\"urlTemplate\":\"https:\\\/\\\/www.comenia-script.com\\\/?s={search_term_string}\"},\"query-input\":{\"@type\":\"PropertyValueSpecification\",\"valueRequired\":true,\"valueName\":\"search_term_string\"}}],\"inLanguage\":\"en-US\"},{\"@type\":\"Organization\",\"@id\":\"https:\\\/\\\/www.comenia-script.com\\\/#organization\",\"name\":\"Comenia Script\u00ae\",\"url\":\"https:\\\/\\\/www.comenia-script.com\\\/\",\"logo\":{\"@type\":\"ImageObject\",\"inLanguage\":\"en-US\",\"@id\":\"https:\\\/\\\/www.comenia-script.com\\\/#\\\/schema\\\/logo\\\/image\\\/\",\"url\":\"https:\\\/\\\/www.comenia-script.com\\\/wp-content\\\/uploads\\\/2020\\\/11\\\/cropped-logo_CS_napis_03_54pxl_240.jpg\",\"contentUrl\":\"https:\\\/\\\/www.comenia-script.com\\\/wp-content\\\/uploads\\\/2020\\\/11\\\/cropped-logo_CS_napis_03_54pxl_240.jpg\",\"width\":275,\"height\":54,\"caption\":\"Comenia Script\u00ae\"},\"image\":{\"@id\":\"https:\\\/\\\/www.comenia-script.com\\\/#\\\/schema\\\/logo\\\/image\\\/\"},\"sameAs\":[\"https:\\\/\\\/cs.wikipedia.org\\\/wiki\\\/Comenia_Script\"]}]}<\/script>\n<!-- \/ Yoast SEO plugin. -->","yoast_head_json":{"title":"Download - Comenia Script\u00ae","robots":{"index":"index","follow":"follow","max-snippet":"max-snippet:-1","max-image-preview":"max-image-preview:large","max-video-preview":"max-video-preview:-1"},"canonical":"https:\/\/www.comenia-script.com\/en\/ke-stazeni\/","og_locale":"en_US","og_type":"article","og_title":"Download - Comenia Script\u00ae","og_description":"Files for teachers: Files for the public: Files for children:","og_url":"https:\/\/www.comenia-script.com\/en\/ke-stazeni\/","og_site_name":"Comenia Script\u00ae","article_modified_time":"2024-08-06T11:50:28+00:00","og_image":[{"url":"https:\/\/www.comenia-script.com\/wp-content\/uploads\/2020\/11\/Depositphotos_187648700_web.jpg","type":"","width":"","height":""}],"twitter_card":"summary_large_image","twitter_misc":{"Est. reading time":"1 minute"},"schema":{"@context":"https:\/\/schema.org","@graph":[{"@type":"WebPage","@id":"https:\/\/www.comenia-script.com\/en\/ke-stazeni\/","url":"https:\/\/www.comenia-script.com\/en\/ke-stazeni\/","name":"Download - Comenia Script\u00ae","isPartOf":{"@id":"https:\/\/www.comenia-script.com\/#website"},"primaryImageOfPage":{"@id":"https:\/\/www.comenia-script.com\/en\/ke-stazeni\/#primaryimage"},"image":{"@id":"https:\/\/www.comenia-script.com\/en\/ke-stazeni\/#primaryimage"},"thumbnailUrl":"https:\/\/www.comenia-script.com\/wp-content\/uploads\/2020\/11\/Depositphotos_187648700_web.jpg","datePublished":"2020-11-06T12:21:16+00:00","dateModified":"2024-08-06T11:50:28+00:00","breadcrumb":{"@id":"https:\/\/www.comenia-script.com\/en\/ke-stazeni\/#breadcrumb"},"inLanguage":"en-US","potentialAction":[{"@type":"ReadAction","target":["https:\/\/www.comenia-script.com\/en\/ke-stazeni\/"]}]},{"@type":"ImageObject","inLanguage":"en-US","@id":"https:\/\/www.comenia-script.com\/en\/ke-stazeni\/#primaryimage","url":"https:\/\/www.comenia-script.com\/wp-content\/uploads\/2020\/11\/Depositphotos_187648700_web.jpg","contentUrl":"https:\/\/www.comenia-script.com\/wp-content\/uploads\/2020\/11\/Depositphotos_187648700_web.jpg"},{"@type":"BreadcrumbList","@id":"https:\/\/www.comenia-script.com\/en\/ke-stazeni\/#breadcrumb","itemListElement":[{"@type":"ListItem","position":1,"name":"Dom\u016f","item":"https:\/\/www.comenia-script.com\/en\/"},{"@type":"ListItem","position":2,"name":"Download"}]},{"@type":"WebSite","@id":"https:\/\/www.comenia-script.com\/#website","url":"https:\/\/www.comenia-script.com\/","name":"Comenia Script\u00ae","description":"psac\u00ed p\u00edsmo pro d\u011bti","publisher":{"@id":"https:\/\/www.comenia-script.com\/#organization"},"potentialAction":[{"@type":"SearchAction","target":{"@type":"EntryPoint","urlTemplate":"https:\/\/www.comenia-script.com\/?s={search_term_string}"},"query-input":{"@type":"PropertyValueSpecification","valueRequired":true,"valueName":"search_term_string"}}],"inLanguage":"en-US"},{"@type":"Organization","@id":"https:\/\/www.comenia-script.com\/#organization","name":"Comenia Script\u00ae","url":"https:\/\/www.comenia-script.com\/","logo":{"@type":"ImageObject","inLanguage":"en-US","@id":"https:\/\/www.comenia-script.com\/#\/schema\/logo\/image\/","url":"https:\/\/www.comenia-script.com\/wp-content\/uploads\/2020\/11\/cropped-logo_CS_napis_03_54pxl_240.jpg","contentUrl":"https:\/\/www.comenia-script.com\/wp-content\/uploads\/2020\/11\/cropped-logo_CS_napis_03_54pxl_240.jpg","width":275,"height":54,"caption":"Comenia Script\u00ae"},"image":{"@id":"https:\/\/www.comenia-script.com\/#\/schema\/logo\/image\/"},"sameAs":["https:\/\/cs.wikipedia.org\/wiki\/Comenia_Script"]}]}},"jetpack_sharing_enabled":true,"_links":{"self":[{"href":"https:\/\/www.comenia-script.com\/en\/wp-json\/wp\/v2\/pages\/1017","targetHints":{"allow":["GET"]}}],"collection":[{"href":"https:\/\/www.comenia-script.com\/en\/wp-json\/wp\/v2\/pages"}],"about":[{"href":"https:\/\/www.comenia-script.com\/en\/wp-json\/wp\/v2\/types\/page"}],"author":[{"embeddable":true,"href":"https:\/\/www.comenia-script.com\/en\/wp-json\/wp\/v2\/users\/2"}],"replies":[{"embeddable":true,"href":"https:\/\/www.comenia-script.com\/en\/wp-json\/wp\/v2\/comments?post=1017"}],"version-history":[{"count":12,"href":"https:\/\/www.comenia-script.com\/en\/wp-json\/wp\/v2\/pages\/1017\/revisions"}],"predecessor-version":[{"id":3318,"href":"https:\/\/www.comenia-script.com\/en\/wp-json\/wp\/v2\/pages\/1017\/revisions\/3318"}],"wp:attachment":[{"href":"https:\/\/www.comenia-script.com\/en\/wp-json\/wp\/v2\/media?parent=1017"}],"curies":[{"name":"wp","href":"https:\/\/api.w.org\/{rel}","templated":true}]}}